{"id":325,"date":"2022-10-28T10:57:57","date_gmt":"2022-10-28T02:57:57","guid":{"rendered":"https:\/\/imm31ev9mx.onrocket.site\/?post_type=product&#038;p=325"},"modified":"2023-02-27T17:36:04","modified_gmt":"2023-02-27T09:36:04","slug":"radio-shuttle-racking","status":"publish","type":"product","link":"https:\/\/www.iwarehousing.com\/pt\/product\/radio-shuttle-racking\/","title":{"rendered":"Rack de transporte de r\u00e1dio"},"content":{"rendered":"<h2>Vis\u00e3o geral<\/h2>\n<p>Os sistemas de estantes por r\u00e1dio oferecem uma opera\u00e7\u00e3o compacta, eficiente e que economiza tempo. Um transportador de paletes, tamb\u00e9m conhecido como transportador de r\u00e1dio, \u00e9 um carrinho semiautom\u00e1tico que recebe comandos de um dispositivo m\u00f3vel. Ele coleta, transporta e carrega paletes em um sistema de estantes sem a necessidade de qualquer empilhadeira entrar nas \u00e1reas de coleta e descarga. Uma empilhadeira posiciona um carro no ponto de entrada de uma pista de estantes. Atrav\u00e9s de um controle remoto, todo o trabalho dentro do sistema de estantes \u00e9 feito pelo carro sem que a empilhadeira chegue \u00e0s vias de armazenamento. O risco de danos estruturais devido ao impacto da empilhadeira \u00e9 m\u00ednimo.<\/p>\n<p>Um sistema de estantes de transporte por r\u00e1dio pode ir fundo em espa\u00e7os baixos sem a necessidade de corredores internos, proporcionando um aumento de 75% na densidade de armazenamento em compara\u00e7\u00e3o com um sistema de estantes de fluxo de paletes. A atividade cont\u00ednua de carga e descarga \u00e9 mais eficiente com o menu autom\u00e1tico de programas no sistema controlador.<\/p>\n<p>Um sistema de estantes por r\u00e1dio \u00e9 ideal para itens com grande volume e alta rotatividade de estoque. Tamb\u00e9m \u00e9 adequado para armazenamento em baixas temperaturas, como armaz\u00e9ns de produtos qu\u00edmicos, c\u00e2maras frigor\u00edficas e armazenamento de alimentos congelados. Garanta seguran\u00e7a, desfrute de armazenamento de alta densidade, economize tempo e custos de m\u00e3o de obra com um sistema de racking Radio Shuttle.<\/p>\n<p>&nbsp;<\/p>\n<h2>Descri\u00e7\u00e3o<\/h2>\n<p>O \u00f4nibus recebe comandos de um dispositivo m\u00f3vel atrav\u00e9s de uma rede WiFi. Para as opera\u00e7\u00f5es de carregamento, uma empilhadeira convencional coloca a lan\u00e7adeira no n\u00edvel onde os materiais ser\u00e3o movimentados. Em seguida, o palete \u00e9 colocado na prateleira no ponto de entrada. A tarefa \u00e9 iniciada a partir do controlador e o \u00f4nibus pega e carrega o palete at\u00e9 o espa\u00e7o vazio mais profundo do n\u00edvel. Para a recupera\u00e7\u00e3o de paletes, o carro pega o primeiro palete que encontra na pista e o leva at\u00e9 o ponto de sa\u00edda. Uma empilhadeira retira o palete da lan\u00e7adeira e o processo \u00e9 repetido. Tarefas cont\u00ednuas de coleta e coloca\u00e7\u00e3o tamb\u00e9m podem ser pr\u00e9-programadas para um processo mais eficiente. Sensores de colis\u00e3o e paradas de emerg\u00eancia garantem uma opera\u00e7\u00e3o segura do \u00f4nibus. As baterias de l\u00edtio alimentam os carrinhos durante longas horas de atividade ininterrupta.<\/p>\n<p>&nbsp;<\/p>\n<h2>Principais pe\u00e7as e materiais<\/h2>\n<p>O sistema de estantes de paletes ou sistema de estantes via r\u00e1dio \u00e9 uma estrutura de estantes com 1 ou mais carrinhos motorizados (shuttles) controlados atrav\u00e9s de uma rede WIFI a partir de um dispositivo m\u00f3vel. Por seguran\u00e7a, o \u00f4nibus est\u00e1 equipado com bot\u00e3o de parada de emerg\u00eancia e sensores de colis\u00e3o. \u00c9 alimentado por uma bateria de l\u00edtio para longas horas de opera\u00e7\u00e3o ininterrupta.<\/p>\n<p>&nbsp;<\/p>\n<h2>Recursos e benef\u00edcios de um sistema de racking de r\u00e1dio<\/h2>\n<ul>\n<li>Armazenamento de alta densidade. N\u00e3o h\u00e1 corredores dentro do sistema de estantes e apenas uma altura limitada do v\u00e3o, maximizando o espa\u00e7o de armazenamento.<\/li>\n<li>Economiza espa\u00e7o. Os sensores de proximidade do vaiv\u00e9m minimizam os espa\u00e7os vazios entre paletes, aumentando o espa\u00e7o dispon\u00edvel, especialmente numa faixa profunda.<\/li>\n<li>Custos trabalhistas mais baixos. Os \u00f4nibus movimentam os paletes de forma independente, sem necessidade de empilhadeira para dentro das baias.<\/li>\n<li>Os \u00f4nibus se movem a 72 m\/min quando vazios e 36 m\/min quando carregados. Com um \u00fanico comando, o transportador de paletes pode encher ou esvaziar uma pista inteira.<\/li>\n<li>Suporta gerenciamento de estoque FIFO e LIFO.<\/li>\n<\/ul>\n<p>&nbsp;<\/p>\n<h2>Uso comum e aplicativos<\/h2>\n<ul>\n<li>Materiais de alto volume com intensa atividade de carga e descarga<\/li>\n<li>Ideal para armaz\u00e9ns de baixa temperatura onde a exposi\u00e7\u00e3o dos funcion\u00e1rios deve ser m\u00ednima<\/li>\n<\/ul>","protected":false},"excerpt":{"rendered":"<ul>\n<li>Solu\u00e7\u00e3o de armazenamento de alta densidade<\/li>\n<li>Carregar e descarregar mercadorias automaticamente por transportadores de paletes<\/li>\n<li>Melhorar a efici\u00eancia da opera\u00e7\u00e3o do armaz\u00e9m<\/li>\n<li>Reduzir os riscos de acidentes causados pelo impacto da empilhadeira<\/li>\n<li>Baixo custo de manuten\u00e7\u00e3o<\/li>\n<li>Especialmente adequado para armazenamento refrigerado<\/li>\n<\/ul>","protected":false},"featured_media":2318,"comment_status":"open","ping_status":"closed","template":"","meta":{"_seopress_robots_primary_cat":"","_seopress_titles_title":"","_seopress_titles_desc":"","_seopress_robots_index":""},"product_brand":[],"product_cat":[46],"product_tag":[50,51],"class_list":{"0":"post-325","1":"product","2":"type-product","3":"status-publish","4":"has-post-thumbnail","6":"product_cat-pallet-shuttle-racking","7":"product_tag-pallet-shuttle-racking","8":"product_tag-radio-shuttle-racking","10":"first","11":"instock","12":"shipping-taxable","13":"product-type-simple"},"yoast_head":"<!-- This site is optimized with the Yoast SEO plugin v26.5 - https:\/\/yoast.com\/wordpress\/plugins\/seo\/ -->\n<title>Radio Shuttle Racking - iWarehousing<\/title>\n<meta name=\"robots\" content=\"index, follow, max-snippet:-1, max-image-preview:large, max-video-preview:-1\" \/>\n<link rel=\"canonical\" href=\"https:\/\/www.iwarehousing.com\/pt\/product\/radio-shuttle-racking\/\" \/>\n<meta property=\"og:locale\" content=\"pt_PT\" \/>\n<meta property=\"og:type\" content=\"article\" \/>\n<meta property=\"og:title\" content=\"Radio Shuttle Racking - iWarehousing\" \/>\n<meta property=\"og:description\" content=\"High-density storage solution  Automatically load and unload goods by pallet shuttles  Improve the efficiency of warehouse operation  Reduce risks of accidents caused by impact of the forklift  Low maintenance cost  Especially suitable in cold storage\" \/>\n<meta property=\"og:url\" content=\"https:\/\/www.iwarehousing.com\/pt\/product\/radio-shuttle-racking\/\" \/>\n<meta property=\"og:site_name\" content=\"iWarehousing\" \/>\n<meta property=\"article:modified_time\" content=\"2023-02-27T09:36:04+00:00\" \/>\n<meta property=\"og:image\" content=\"https:\/\/www.iwarehousing.com\/wp-content\/uploads\/2022\/10\/radio-shuttle-racking-2.jpg\" \/>\n\t<meta property=\"og:image:width\" content=\"2000\" \/>\n\t<meta property=\"og:image:height\" content=\"1333\" \/>\n\t<meta property=\"og:image:type\" content=\"image\/jpeg\" \/>\n<meta name=\"twitter:card\" content=\"summary_large_image\" \/>\n<meta name=\"twitter:label1\" content=\"Est. reading time\" \/>\n\t<meta name=\"twitter:data1\" content=\"3 minutes\" \/>\n<script type=\"application\/ld+json\" class=\"yoast-schema-graph\">{\"@context\":\"https:\/\/schema.org\",\"@graph\":[{\"@type\":\"WebPage\",\"@id\":\"https:\/\/www.iwarehousing.com\/product\/radio-shuttle-racking\/\",\"url\":\"https:\/\/www.iwarehousing.com\/product\/radio-shuttle-racking\/\",\"name\":\"Radio Shuttle Racking - iWarehousing\",\"isPartOf\":{\"@id\":\"https:\/\/www.iwarehousing.com\/#website\"},\"primaryImageOfPage\":{\"@id\":\"https:\/\/www.iwarehousing.com\/product\/radio-shuttle-racking\/#primaryimage\"},\"image\":{\"@id\":\"https:\/\/www.iwarehousing.com\/product\/radio-shuttle-racking\/#primaryimage\"},\"thumbnailUrl\":\"https:\/\/www.iwarehousing.com\/wp-content\/uploads\/2022\/10\/radio-shuttle-racking-2.jpg\",\"datePublished\":\"2022-10-28T02:57:57+00:00\",\"dateModified\":\"2023-02-27T09:36:04+00:00\",\"breadcrumb\":{\"@id\":\"https:\/\/www.iwarehousing.com\/product\/radio-shuttle-racking\/#breadcrumb\"},\"inLanguage\":\"pt-PT\",\"potentialAction\":[{\"@type\":\"ReadAction\",\"target\":[\"https:\/\/www.iwarehousing.com\/product\/radio-shuttle-racking\/\"]}]},{\"@type\":\"ImageObject\",\"inLanguage\":\"pt-PT\",\"@id\":\"https:\/\/www.iwarehousing.com\/product\/radio-shuttle-racking\/#primaryimage\",\"url\":\"https:\/\/www.iwarehousing.com\/wp-content\/uploads\/2022\/10\/radio-shuttle-racking-2.jpg\",\"contentUrl\":\"https:\/\/www.iwarehousing.com\/wp-content\/uploads\/2022\/10\/radio-shuttle-racking-2.jpg\",\"width\":2000,\"height\":1333,\"caption\":\"radio shuttle racking 1\"},{\"@type\":\"BreadcrumbList\",\"@id\":\"https:\/\/www.iwarehousing.com\/product\/radio-shuttle-racking\/#breadcrumb\",\"itemListElement\":[{\"@type\":\"ListItem\",\"position\":1,\"name\":\"Home\",\"item\":\"https:\/\/www.iwarehousing.com\/\"},{\"@type\":\"ListItem\",\"position\":2,\"name\":\"Product\",\"item\":\"https:\/\/www.iwarehousing.com\/product\/\"},{\"@type\":\"ListItem\",\"position\":3,\"name\":\"Radio Shuttle Racking\"}]},{\"@type\":\"WebSite\",\"@id\":\"https:\/\/www.iwarehousing.com\/#website\",\"url\":\"https:\/\/www.iwarehousing.com\/\",\"name\":\"iWarehousing\",\"description\":\"Focus on warehousing equipments\",\"publisher\":{\"@id\":\"https:\/\/www.iwarehousing.com\/#organization\"},\"potentialAction\":[{\"@type\":\"SearchAction\",\"target\":{\"@type\":\"EntryPoint\",\"urlTemplate\":\"https:\/\/www.iwarehousing.com\/?s={search_term_string}\"},\"query-input\":{\"@type\":\"PropertyValueSpecification\",\"valueRequired\":true,\"valueName\":\"search_term_string\"}}],\"inLanguage\":\"pt-PT\"},{\"@type\":\"Organization\",\"@id\":\"https:\/\/www.iwarehousing.com\/#organization\",\"name\":\"iWarehousing\",\"url\":\"https:\/\/www.iwarehousing.com\/\",\"logo\":{\"@type\":\"ImageObject\",\"inLanguage\":\"pt-PT\",\"@id\":\"https:\/\/www.iwarehousing.com\/#\/schema\/logo\/image\/\",\"url\":\"https:\/\/www.iwarehousing.com\/wp-content\/uploads\/2022\/05\/iW-logo-no-tag-800pxREV2.png\",\"contentUrl\":\"https:\/\/www.iwarehousing.com\/wp-content\/uploads\/2022\/05\/iW-logo-no-tag-800pxREV2.png\",\"width\":1753,\"height\":490,\"caption\":\"iWarehousing\"},\"image\":{\"@id\":\"https:\/\/www.iwarehousing.com\/#\/schema\/logo\/image\/\"}}]}<\/script>\n<!-- \/ Yoast SEO plugin. -->","yoast_head_json":{"title":"Radio Shuttle Racking - iWarehousing","robots":{"index":"index","follow":"follow","max-snippet":"max-snippet:-1","max-image-preview":"max-image-preview:large","max-video-preview":"max-video-preview:-1"},"canonical":"https:\/\/www.iwarehousing.com\/pt\/product\/radio-shuttle-racking\/","og_locale":"pt_PT","og_type":"article","og_title":"Radio Shuttle Racking - iWarehousing","og_description":"High-density storage solution  Automatically load and unload goods by pallet shuttles  Improve the efficiency of warehouse operation  Reduce risks of accidents caused by impact of the forklift  Low maintenance cost  Especially suitable in cold storage","og_url":"https:\/\/www.iwarehousing.com\/pt\/product\/radio-shuttle-racking\/","og_site_name":"iWarehousing","article_modified_time":"2023-02-27T09:36:04+00:00","og_image":[{"width":2000,"height":1333,"url":"https:\/\/www.iwarehousing.com\/wp-content\/uploads\/2022\/10\/radio-shuttle-racking-2.jpg","type":"image\/jpeg"}],"twitter_card":"summary_large_image","twitter_misc":{"Est. reading time":"3 minutes"},"schema":{"@context":"https:\/\/schema.org","@graph":[{"@type":"WebPage","@id":"https:\/\/www.iwarehousing.com\/product\/radio-shuttle-racking\/","url":"https:\/\/www.iwarehousing.com\/product\/radio-shuttle-racking\/","name":"Radio Shuttle Racking - iWarehousing","isPartOf":{"@id":"https:\/\/www.iwarehousing.com\/#website"},"primaryImageOfPage":{"@id":"https:\/\/www.iwarehousing.com\/product\/radio-shuttle-racking\/#primaryimage"},"image":{"@id":"https:\/\/www.iwarehousing.com\/product\/radio-shuttle-racking\/#primaryimage"},"thumbnailUrl":"https:\/\/www.iwarehousing.com\/wp-content\/uploads\/2022\/10\/radio-shuttle-racking-2.jpg","datePublished":"2022-10-28T02:57:57+00:00","dateModified":"2023-02-27T09:36:04+00:00","breadcrumb":{"@id":"https:\/\/www.iwarehousing.com\/product\/radio-shuttle-racking\/#breadcrumb"},"inLanguage":"pt-PT","potentialAction":[{"@type":"ReadAction","target":["https:\/\/www.iwarehousing.com\/product\/radio-shuttle-racking\/"]}]},{"@type":"ImageObject","inLanguage":"pt-PT","@id":"https:\/\/www.iwarehousing.com\/product\/radio-shuttle-racking\/#primaryimage","url":"https:\/\/www.iwarehousing.com\/wp-content\/uploads\/2022\/10\/radio-shuttle-racking-2.jpg","contentUrl":"https:\/\/www.iwarehousing.com\/wp-content\/uploads\/2022\/10\/radio-shuttle-racking-2.jpg","width":2000,"height":1333,"caption":"radio shuttle racking 1"},{"@type":"BreadcrumbList","@id":"https:\/\/www.iwarehousing.com\/product\/radio-shuttle-racking\/#breadcrumb","itemListElement":[{"@type":"ListItem","position":1,"name":"Home","item":"https:\/\/www.iwarehousing.com\/"},{"@type":"ListItem","position":2,"name":"Product","item":"https:\/\/www.iwarehousing.com\/product\/"},{"@type":"ListItem","position":3,"name":"Radio Shuttle Racking"}]},{"@type":"WebSite","@id":"https:\/\/www.iwarehousing.com\/#website","url":"https:\/\/www.iwarehousing.com\/","name":"iWarehousing","description":"Focus on warehousing equipments","publisher":{"@id":"https:\/\/www.iwarehousing.com\/#organization"},"potentialAction":[{"@type":"SearchAction","target":{"@type":"EntryPoint","urlTemplate":"https:\/\/www.iwarehousing.com\/?s={search_term_string}"},"query-input":{"@type":"PropertyValueSpecification","valueRequired":true,"valueName":"search_term_string"}}],"inLanguage":"pt-PT"},{"@type":"Organization","@id":"https:\/\/www.iwarehousing.com\/#organization","name":"iWarehousing","url":"https:\/\/www.iwarehousing.com\/","logo":{"@type":"ImageObject","inLanguage":"pt-PT","@id":"https:\/\/www.iwarehousing.com\/#\/schema\/logo\/image\/","url":"https:\/\/www.iwarehousing.com\/wp-content\/uploads\/2022\/05\/iW-logo-no-tag-800pxREV2.png","contentUrl":"https:\/\/www.iwarehousing.com\/wp-content\/uploads\/2022\/05\/iW-logo-no-tag-800pxREV2.png","width":1753,"height":490,"caption":"iWarehousing"},"image":{"@id":"https:\/\/www.iwarehousing.com\/#\/schema\/logo\/image\/"}}]}},"_links":{"self":[{"href":"https:\/\/www.iwarehousing.com\/pt\/wp-json\/wp\/v2\/product\/325","targetHints":{"allow":["GET"]}}],"collection":[{"href":"https:\/\/www.iwarehousing.com\/pt\/wp-json\/wp\/v2\/product"}],"about":[{"href":"https:\/\/www.iwarehousing.com\/pt\/wp-json\/wp\/v2\/types\/product"}],"replies":[{"embeddable":true,"href":"https:\/\/www.iwarehousing.com\/pt\/wp-json\/wp\/v2\/comments?post=325"}],"wp:featuredmedia":[{"embeddable":true,"href":"https:\/\/www.iwarehousing.com\/pt\/wp-json\/wp\/v2\/media\/2318"}],"wp:attachment":[{"href":"https:\/\/www.iwarehousing.com\/pt\/wp-json\/wp\/v2\/media?parent=325"}],"wp:term":[{"taxonomy":"product_brand","embeddable":true,"href":"https:\/\/www.iwarehousing.com\/pt\/wp-json\/wp\/v2\/product_brand?post=325"},{"taxonomy":"product_cat","embeddable":true,"href":"https:\/\/www.iwarehousing.com\/pt\/wp-json\/wp\/v2\/product_cat?post=325"},{"taxonomy":"product_tag","embeddable":true,"href":"https:\/\/www.iwarehousing.com\/pt\/wp-json\/wp\/v2\/product_tag?post=325"}],"curies":[{"name":"wp","href":"https:\/\/api.w.org\/{rel}","templated":true}]}}