{"id":314,"date":"2022-10-27T09:59:14","date_gmt":"2022-10-27T01:59:14","guid":{"rendered":"https:\/\/imm31ev9mx.onrocket.site\/?post_type=product&#038;p=314"},"modified":"2023-02-27T17:42:37","modified_gmt":"2023-02-27T09:42:37","slug":"pallet-shuttle-racking-system","status":"publish","type":"product","link":"https:\/\/www.iwarehousing.com\/pt\/product\/pallet-shuttle-racking-system\/","title":{"rendered":"Sistema de estantes para transporte de paletes"},"content":{"rendered":"<p>O Pallet Shuttle Racking \u00e9 uma solu\u00e7\u00e3o de armazenamento semi-automatizada que usa carrinhos de transporte autoalimentados que podem mover os paletes automaticamente. \u00c9 adequado para armazenamento de alta rotatividade usando um sistema controlado remotamente.<\/p>\n<h2>Componentes de estantes de transporte de paletes<\/h2>\n<h3>Estrutura vertical<\/h3>\n<p>A estrutura com revestimento em p\u00f3 \u00e9 um dos componentes b\u00e1sicos das estantes de transporte de paletes, composta por 2 montantes, suportes horizontais e diagonais, placas de base e elementos de fixa\u00e7\u00e3o ao piso.<\/p>\n<h3>Feixe<\/h3>\n<p>Este \u00e9 um componente horizontal que une as arma\u00e7\u00f5es e suporta a carga. Em estantes de transporte de paletes, os trilhos s\u00e3o suportados nas vigas e os transportes se movem sobre os trilhos.<\/p>\n<h3>Suporte ferrovi\u00e1rio<\/h3>\n<p>Este \u00e9 o componente que suporta os trilhos met\u00e1licos. Os suportes externos s\u00e3o fixados na entrada e sa\u00edda dos montantes, enquanto os suportes internos s\u00e3o fixados nas vigas.<\/p>\n<h3>Trilho de transporte<\/h3>\n<p>O trilho de transporte est\u00e1 na viga. O transporte de paletes se move ao longo do trilho.<\/p>\n<h3>Orienta\u00e7\u00e3o de paletes<\/h3>\n<p>Fica no in\u00edcio e no fim de cada n\u00edvel para carregar e descarregar mercadorias e evitar que elas saiam da rota correta.<\/p>\n<h3>Resguardo ferrovi\u00e1rio<\/h3>\n<p>Fica no fim da faixa para informar ao transportador de paletes que ele deve parar quando estiver pr\u00f3ximo do fim.<\/p>\n<p>&nbsp;<\/p>\n<h2>Vantagens do sistema de estantes Pallet Shuttle<\/h2>\n<h3>Seguran\u00e7a<\/h3>\n<p>O carrinho de transporte \u00e9 equipado com sensores de posi\u00e7\u00e3o para evitar colis\u00f5es e reduzir erros.<\/p>\n<h3>Utiliza\u00e7\u00e3o do Espa\u00e7o<\/h3>\n<p>O sistema de estantes de pallet shuttle n\u00e3o tem corredores entre as faixas de estantes. \u00c9 um sistema de armazenamento de alta densidade.<\/p>\n<h3>Efici\u00eancia de tempo<\/h3>\n<p>O carrinho de transporte e a empilhadeira podem trabalhar simultaneamente para reduzir o tempo de carga ou descarga de paletes.<\/p>\n<h3>Custo-Amig\u00e1vel<\/h3>\n<p>O pallet shuttle racking pode reduzir a \u00e1rea do armaz\u00e9m e, consequentemente, reduzir os custos de terra. Para armazenamento a frio, o consumo de energia pode ser reduzido significativamente. Este sistema automatizado tamb\u00e9m reduz o n\u00famero de pessoal necess\u00e1rio para o manuseio de materiais.<\/p>\n<p>&nbsp;<\/p>\n<h2>Aplica\u00e7\u00f5es de estantes de transporte de paletes<\/h2>\n<ul>\n<li>Armaz\u00e9ns com atividade frequente de carga e descarga.<\/li>\n<li>Armaz\u00e9ns com n\u00famero reduzido de itens de produtos, mas alto volume de paletes para cada item.<\/li>\n<li>Armaz\u00e9ns com c\u00e2maras congeladas, pois podem economizar tempo e espa\u00e7o para carga e descarga de paletes.<\/li>\n<\/ul>","protected":false},"excerpt":{"rendered":"<ul>\n<li>Solu\u00e7\u00e3o de armazenamento de alta densidade<\/li>\n<li>Carregar e descarregar mercadorias automaticamente por transportadores de paletes<\/li>\n<li>Melhorar a efici\u00eancia da opera\u00e7\u00e3o do armaz\u00e9m<\/li>\n<li>Reduzir os riscos de acidentes causados pelo impacto da empilhadeira<\/li>\n<li>Baixo custo de manuten\u00e7\u00e3o<\/li>\n<li>Especialmente adequado para armazenamento refrigerado<\/li>\n<\/ul>","protected":false},"featured_media":2319,"comment_status":"open","ping_status":"closed","template":"","meta":{"_seopress_robots_primary_cat":"","_seopress_titles_title":"","_seopress_titles_desc":"","_seopress_robots_index":""},"product_brand":[],"product_cat":[46],"product_tag":[50,51],"class_list":{"0":"post-314","1":"product","2":"type-product","3":"status-publish","4":"has-post-thumbnail","6":"product_cat-pallet-shuttle-racking","7":"product_tag-pallet-shuttle-racking","8":"product_tag-radio-shuttle-racking","10":"first","11":"instock","12":"shipping-taxable","13":"product-type-simple"},"yoast_head":"<!-- This site is optimized with the Yoast SEO plugin v26.5 - https:\/\/yoast.com\/wordpress\/plugins\/seo\/ -->\n<title>Pallet Shuttle Racking System - iWarehousing<\/title>\n<meta name=\"robots\" content=\"index, follow, max-snippet:-1, max-image-preview:large, max-video-preview:-1\" \/>\n<link rel=\"canonical\" href=\"https:\/\/www.iwarehousing.com\/pt\/product\/pallet-shuttle-racking-system\/\" \/>\n<meta property=\"og:locale\" content=\"pt_PT\" \/>\n<meta property=\"og:type\" content=\"article\" \/>\n<meta property=\"og:title\" content=\"Pallet Shuttle Racking System - iWarehousing\" \/>\n<meta property=\"og:description\" content=\"High-density storage solution  Automatically load and unload goods by pallet shuttles  Improve the efficiency of warehouse operation  Reduce risks of accidents caused by impact of the forklift  Low maintenance cost  Especially suitable in cold storage\" \/>\n<meta property=\"og:url\" content=\"https:\/\/www.iwarehousing.com\/pt\/product\/pallet-shuttle-racking-system\/\" \/>\n<meta property=\"og:site_name\" content=\"iWarehousing\" \/>\n<meta property=\"article:modified_time\" content=\"2023-02-27T09:42:37+00:00\" \/>\n<meta property=\"og:image\" content=\"https:\/\/www.iwarehousing.com\/wp-content\/uploads\/2022\/10\/pallet-shuttle-racking-system-0.jpg\" \/>\n\t<meta property=\"og:image:width\" content=\"2000\" \/>\n\t<meta property=\"og:image:height\" content=\"1333\" \/>\n\t<meta property=\"og:image:type\" content=\"image\/jpeg\" \/>\n<meta name=\"twitter:card\" content=\"summary_large_image\" \/>\n<meta name=\"twitter:label1\" content=\"Est. reading time\" \/>\n\t<meta name=\"twitter:data1\" content=\"2 minutes\" \/>\n<script type=\"application\/ld+json\" class=\"yoast-schema-graph\">{\"@context\":\"https:\/\/schema.org\",\"@graph\":[{\"@type\":\"WebPage\",\"@id\":\"https:\/\/www.iwarehousing.com\/product\/pallet-shuttle-racking-system\/\",\"url\":\"https:\/\/www.iwarehousing.com\/product\/pallet-shuttle-racking-system\/\",\"name\":\"Pallet Shuttle Racking System - iWarehousing\",\"isPartOf\":{\"@id\":\"https:\/\/www.iwarehousing.com\/#website\"},\"primaryImageOfPage\":{\"@id\":\"https:\/\/www.iwarehousing.com\/product\/pallet-shuttle-racking-system\/#primaryimage\"},\"image\":{\"@id\":\"https:\/\/www.iwarehousing.com\/product\/pallet-shuttle-racking-system\/#primaryimage\"},\"thumbnailUrl\":\"https:\/\/www.iwarehousing.com\/wp-content\/uploads\/2022\/10\/pallet-shuttle-racking-system-0.jpg\",\"datePublished\":\"2022-10-27T01:59:14+00:00\",\"dateModified\":\"2023-02-27T09:42:37+00:00\",\"breadcrumb\":{\"@id\":\"https:\/\/www.iwarehousing.com\/product\/pallet-shuttle-racking-system\/#breadcrumb\"},\"inLanguage\":\"pt-PT\",\"potentialAction\":[{\"@type\":\"ReadAction\",\"target\":[\"https:\/\/www.iwarehousing.com\/product\/pallet-shuttle-racking-system\/\"]}]},{\"@type\":\"ImageObject\",\"inLanguage\":\"pt-PT\",\"@id\":\"https:\/\/www.iwarehousing.com\/product\/pallet-shuttle-racking-system\/#primaryimage\",\"url\":\"https:\/\/www.iwarehousing.com\/wp-content\/uploads\/2022\/10\/pallet-shuttle-racking-system-0.jpg\",\"contentUrl\":\"https:\/\/www.iwarehousing.com\/wp-content\/uploads\/2022\/10\/pallet-shuttle-racking-system-0.jpg\",\"width\":2000,\"height\":1333,\"caption\":\"pallet shuttle racking system 0\"},{\"@type\":\"BreadcrumbList\",\"@id\":\"https:\/\/www.iwarehousing.com\/product\/pallet-shuttle-racking-system\/#breadcrumb\",\"itemListElement\":[{\"@type\":\"ListItem\",\"position\":1,\"name\":\"Home\",\"item\":\"https:\/\/www.iwarehousing.com\/\"},{\"@type\":\"ListItem\",\"position\":2,\"name\":\"Product\",\"item\":\"https:\/\/www.iwarehousing.com\/product\/\"},{\"@type\":\"ListItem\",\"position\":3,\"name\":\"Pallet Shuttle Racking System\"}]},{\"@type\":\"WebSite\",\"@id\":\"https:\/\/www.iwarehousing.com\/#website\",\"url\":\"https:\/\/www.iwarehousing.com\/\",\"name\":\"iWarehousing\",\"description\":\"Focus on warehousing equipments\",\"publisher\":{\"@id\":\"https:\/\/www.iwarehousing.com\/#organization\"},\"potentialAction\":[{\"@type\":\"SearchAction\",\"target\":{\"@type\":\"EntryPoint\",\"urlTemplate\":\"https:\/\/www.iwarehousing.com\/?s={search_term_string}\"},\"query-input\":{\"@type\":\"PropertyValueSpecification\",\"valueRequired\":true,\"valueName\":\"search_term_string\"}}],\"inLanguage\":\"pt-PT\"},{\"@type\":\"Organization\",\"@id\":\"https:\/\/www.iwarehousing.com\/#organization\",\"name\":\"iWarehousing\",\"url\":\"https:\/\/www.iwarehousing.com\/\",\"logo\":{\"@type\":\"ImageObject\",\"inLanguage\":\"pt-PT\",\"@id\":\"https:\/\/www.iwarehousing.com\/#\/schema\/logo\/image\/\",\"url\":\"https:\/\/www.iwarehousing.com\/wp-content\/uploads\/2022\/05\/iW-logo-no-tag-800pxREV2.png\",\"contentUrl\":\"https:\/\/www.iwarehousing.com\/wp-content\/uploads\/2022\/05\/iW-logo-no-tag-800pxREV2.png\",\"width\":1753,\"height\":490,\"caption\":\"iWarehousing\"},\"image\":{\"@id\":\"https:\/\/www.iwarehousing.com\/#\/schema\/logo\/image\/\"}}]}<\/script>\n<!-- \/ Yoast SEO plugin. -->","yoast_head_json":{"title":"Pallet Shuttle Racking System - iWarehousing","robots":{"index":"index","follow":"follow","max-snippet":"max-snippet:-1","max-image-preview":"max-image-preview:large","max-video-preview":"max-video-preview:-1"},"canonical":"https:\/\/www.iwarehousing.com\/pt\/product\/pallet-shuttle-racking-system\/","og_locale":"pt_PT","og_type":"article","og_title":"Pallet Shuttle Racking System - iWarehousing","og_description":"High-density storage solution  Automatically load and unload goods by pallet shuttles  Improve the efficiency of warehouse operation  Reduce risks of accidents caused by impact of the forklift  Low maintenance cost  Especially suitable in cold storage","og_url":"https:\/\/www.iwarehousing.com\/pt\/product\/pallet-shuttle-racking-system\/","og_site_name":"iWarehousing","article_modified_time":"2023-02-27T09:42:37+00:00","og_image":[{"width":2000,"height":1333,"url":"https:\/\/www.iwarehousing.com\/wp-content\/uploads\/2022\/10\/pallet-shuttle-racking-system-0.jpg","type":"image\/jpeg"}],"twitter_card":"summary_large_image","twitter_misc":{"Est. reading time":"2 minutes"},"schema":{"@context":"https:\/\/schema.org","@graph":[{"@type":"WebPage","@id":"https:\/\/www.iwarehousing.com\/product\/pallet-shuttle-racking-system\/","url":"https:\/\/www.iwarehousing.com\/product\/pallet-shuttle-racking-system\/","name":"Pallet Shuttle Racking System - iWarehousing","isPartOf":{"@id":"https:\/\/www.iwarehousing.com\/#website"},"primaryImageOfPage":{"@id":"https:\/\/www.iwarehousing.com\/product\/pallet-shuttle-racking-system\/#primaryimage"},"image":{"@id":"https:\/\/www.iwarehousing.com\/product\/pallet-shuttle-racking-system\/#primaryimage"},"thumbnailUrl":"https:\/\/www.iwarehousing.com\/wp-content\/uploads\/2022\/10\/pallet-shuttle-racking-system-0.jpg","datePublished":"2022-10-27T01:59:14+00:00","dateModified":"2023-02-27T09:42:37+00:00","breadcrumb":{"@id":"https:\/\/www.iwarehousing.com\/product\/pallet-shuttle-racking-system\/#breadcrumb"},"inLanguage":"pt-PT","potentialAction":[{"@type":"ReadAction","target":["https:\/\/www.iwarehousing.com\/product\/pallet-shuttle-racking-system\/"]}]},{"@type":"ImageObject","inLanguage":"pt-PT","@id":"https:\/\/www.iwarehousing.com\/product\/pallet-shuttle-racking-system\/#primaryimage","url":"https:\/\/www.iwarehousing.com\/wp-content\/uploads\/2022\/10\/pallet-shuttle-racking-system-0.jpg","contentUrl":"https:\/\/www.iwarehousing.com\/wp-content\/uploads\/2022\/10\/pallet-shuttle-racking-system-0.jpg","width":2000,"height":1333,"caption":"pallet shuttle racking system 0"},{"@type":"BreadcrumbList","@id":"https:\/\/www.iwarehousing.com\/product\/pallet-shuttle-racking-system\/#breadcrumb","itemListElement":[{"@type":"ListItem","position":1,"name":"Home","item":"https:\/\/www.iwarehousing.com\/"},{"@type":"ListItem","position":2,"name":"Product","item":"https:\/\/www.iwarehousing.com\/product\/"},{"@type":"ListItem","position":3,"name":"Pallet Shuttle Racking System"}]},{"@type":"WebSite","@id":"https:\/\/www.iwarehousing.com\/#website","url":"https:\/\/www.iwarehousing.com\/","name":"iWarehousing","description":"Focus on warehousing equipments","publisher":{"@id":"https:\/\/www.iwarehousing.com\/#organization"},"potentialAction":[{"@type":"SearchAction","target":{"@type":"EntryPoint","urlTemplate":"https:\/\/www.iwarehousing.com\/?s={search_term_string}"},"query-input":{"@type":"PropertyValueSpecification","valueRequired":true,"valueName":"search_term_string"}}],"inLanguage":"pt-PT"},{"@type":"Organization","@id":"https:\/\/www.iwarehousing.com\/#organization","name":"iWarehousing","url":"https:\/\/www.iwarehousing.com\/","logo":{"@type":"ImageObject","inLanguage":"pt-PT","@id":"https:\/\/www.iwarehousing.com\/#\/schema\/logo\/image\/","url":"https:\/\/www.iwarehousing.com\/wp-content\/uploads\/2022\/05\/iW-logo-no-tag-800pxREV2.png","contentUrl":"https:\/\/www.iwarehousing.com\/wp-content\/uploads\/2022\/05\/iW-logo-no-tag-800pxREV2.png","width":1753,"height":490,"caption":"iWarehousing"},"image":{"@id":"https:\/\/www.iwarehousing.com\/#\/schema\/logo\/image\/"}}]}},"_links":{"self":[{"href":"https:\/\/www.iwarehousing.com\/pt\/wp-json\/wp\/v2\/product\/314","targetHints":{"allow":["GET"]}}],"collection":[{"href":"https:\/\/www.iwarehousing.com\/pt\/wp-json\/wp\/v2\/product"}],"about":[{"href":"https:\/\/www.iwarehousing.com\/pt\/wp-json\/wp\/v2\/types\/product"}],"replies":[{"embeddable":true,"href":"https:\/\/www.iwarehousing.com\/pt\/wp-json\/wp\/v2\/comments?post=314"}],"wp:featuredmedia":[{"embeddable":true,"href":"https:\/\/www.iwarehousing.com\/pt\/wp-json\/wp\/v2\/media\/2319"}],"wp:attachment":[{"href":"https:\/\/www.iwarehousing.com\/pt\/wp-json\/wp\/v2\/media?parent=314"}],"wp:term":[{"taxonomy":"product_brand","embeddable":true,"href":"https:\/\/www.iwarehousing.com\/pt\/wp-json\/wp\/v2\/product_brand?post=314"},{"taxonomy":"product_cat","embeddable":true,"href":"https:\/\/www.iwarehousing.com\/pt\/wp-json\/wp\/v2\/product_cat?post=314"},{"taxonomy":"product_tag","embeddable":true,"href":"https:\/\/www.iwarehousing.com\/pt\/wp-json\/wp\/v2\/product_tag?post=314"}],"curies":[{"name":"wp","href":"https:\/\/api.w.org\/{rel}","templated":true}]}}