{"id":191,"date":"2022-06-27T16:11:52","date_gmt":"2022-06-27T08:11:52","guid":{"rendered":"https:\/\/imm31ev9mx.onrocket.site\/?post_type=product&#038;p=191"},"modified":"2023-02-24T23:45:23","modified_gmt":"2023-02-24T15:45:23","slug":"galvanized-pallet-racking","status":"publish","type":"product","link":"https:\/\/www.iwarehousing.com\/pt\/product\/galvanized-pallet-racking\/","title":{"rendered":"Estantes de paletes galvanizadas"},"content":{"rendered":"<p>As estantes para paletes galvanizadas t\u00eam a mesma estrutura das normais <em><a href=\"https:\/\/www.iwarehousing.com\/pt\/product\/selective-pallet-racking\/\">estantes de paletes seletivas<\/a><\/em>, mas com superf\u00edcie revestida de zinco. As estantes normais de armaz\u00e9m s\u00e3o feitas de a\u00e7o carbono e a superf\u00edcie do a\u00e7o \u00e9 coberta por um p\u00f3 pl\u00e1stico especial. \u00c9 utiliz\u00e1vel na grande maioria dos ambientes. Embora em alguns ambientes especiais, como clima extremamente \u00famido, produtos qu\u00edmicos e umidade, as estantes normais com revestimento em p\u00f3 s\u00e3o f\u00e1ceis de enferrujar e corros\u00e3o. As estantes galvanizadas adaptam-se melhor a estes ambientes especiais.<\/p>\n<h2>O que \u00e9 galvaniza\u00e7\u00e3o<\/h2>\n<blockquote><p>A galvaniza\u00e7\u00e3o \u00e9 o processo de aplica\u00e7\u00e3o de um revestimento protetor de zinco ao a\u00e7o ou ferro, para evitar ferrugem.<\/p><\/blockquote>\n<p><a href=\"https:\/\/en.wikipedia.org\/wiki\/Galvanization\"><u>https:\/\/en.wikipedia.org\/wiki\/Galvanization<\/u><\/a><\/p>\n<h2>Diferen\u00e7as entre estantes de paletes galvanizadas e estantes de paletes com revestimento em p\u00f3<\/h2>\n<ul>\n<li>As estantes para paletes galvanizadas s\u00e3o feitas de a\u00e7o pr\u00e9-galvanizado mergulhado em uma camada protetora de zinco. O revestimento de zinco resiste a produtos qu\u00edmicos ou umidade, proporcionando prote\u00e7\u00e3o ao material.<\/li>\n<li>As estantes para paletes com revestimento em p\u00f3 s\u00e3o feitas de a\u00e7o carbono Q235B normal coberto por p\u00f3 magn\u00e9tico pl\u00e1stico. O revestimento em p\u00f3 fornece prote\u00e7\u00e3o ao material na maioria dos ambientes normais e moderadamente moderados.<\/li>\n<\/ul>\n<h2>Quando usar estantes de paletes galvanizadas<\/h2>\n<p>Nas aplica\u00e7\u00f5es de:<\/p>\n<ul>\n<li>Armazenamento ao ar livre<\/li>\n<li>Armazenamento de produtos qu\u00edmicos ou l\u00edquidos<\/li>\n<li>Armazenamento em ambiente \u00famido<\/li>\n<\/ul>","protected":false},"excerpt":{"rendered":"<ul>\n<li>Pode prevenir melhor ferrugem, corros\u00e3o e danos causados por ambientes especiais.<\/li>\n<li>Adequado para armazenamento ao ar livre<\/li>\n<li>Adequado para ambientes especiais como \u00famidos, produtos qu\u00edmicos, l\u00edquidos, etc.<\/li>\n<li>Custo acess\u00edvel<\/li>\n<li>Mais dur\u00e1vel que o revestimento em p\u00f3<\/li>\n<\/ul>","protected":false},"featured_media":2297,"comment_status":"open","ping_status":"closed","template":"","meta":{"_seopress_robots_primary_cat":"","_seopress_titles_title":"","_seopress_titles_desc":"","_seopress_robots_index":""},"product_brand":[],"product_cat":[30],"product_tag":[60,62,61,59],"class_list":{"0":"post-191","1":"product","2":"type-product","3":"status-publish","4":"has-post-thumbnail","6":"product_cat-pallet-racking","7":"product_tag-chemical-storage","8":"product_tag-humid-environment","9":"product_tag-liquid-storage","10":"product_tag-outdoor-storage","12":"first","13":"instock","14":"shipping-taxable","15":"product-type-simple"},"yoast_head":"<!-- This site is optimized with the Yoast SEO plugin v26.5 - https:\/\/yoast.com\/wordpress\/plugins\/seo\/ -->\n<title>Galvanized Pallet Racking - iWarehousing<\/title>\n<meta name=\"robots\" content=\"index, follow, max-snippet:-1, max-image-preview:large, max-video-preview:-1\" \/>\n<link rel=\"canonical\" href=\"https:\/\/www.iwarehousing.com\/pt\/product\/galvanized-pallet-racking\/\" \/>\n<meta property=\"og:locale\" content=\"pt_PT\" \/>\n<meta property=\"og:type\" content=\"article\" \/>\n<meta property=\"og:title\" content=\"Galvanized Pallet Racking - iWarehousing\" \/>\n<meta property=\"og:description\" content=\"Can better prevent rust, corrosion, and damage caused by special environment.  Suitable for outdoor storage  Suitable for special surroundings like moist, chemicals, liquids, etc.  Affordable cost  More durable than powder coating\" \/>\n<meta property=\"og:url\" content=\"https:\/\/www.iwarehousing.com\/pt\/product\/galvanized-pallet-racking\/\" \/>\n<meta property=\"og:site_name\" content=\"iWarehousing\" \/>\n<meta property=\"article:modified_time\" content=\"2023-02-24T15:45:23+00:00\" \/>\n<meta property=\"og:image\" content=\"https:\/\/www.iwarehousing.com\/wp-content\/uploads\/2022\/06\/galvanized-pallet-racking-0.jpg\" \/>\n\t<meta property=\"og:image:width\" content=\"2000\" \/>\n\t<meta property=\"og:image:height\" content=\"1334\" \/>\n\t<meta property=\"og:image:type\" content=\"image\/jpeg\" \/>\n<meta name=\"twitter:card\" content=\"summary_large_image\" \/>\n<meta name=\"twitter:label1\" content=\"Est. reading time\" \/>\n\t<meta name=\"twitter:data1\" content=\"1 minute\" \/>\n<script type=\"application\/ld+json\" class=\"yoast-schema-graph\">{\"@context\":\"https:\/\/schema.org\",\"@graph\":[{\"@type\":\"WebPage\",\"@id\":\"https:\/\/www.iwarehousing.com\/product\/galvanized-pallet-racking\/\",\"url\":\"https:\/\/www.iwarehousing.com\/product\/galvanized-pallet-racking\/\",\"name\":\"Galvanized Pallet Racking - iWarehousing\",\"isPartOf\":{\"@id\":\"https:\/\/www.iwarehousing.com\/#website\"},\"primaryImageOfPage\":{\"@id\":\"https:\/\/www.iwarehousing.com\/product\/galvanized-pallet-racking\/#primaryimage\"},\"image\":{\"@id\":\"https:\/\/www.iwarehousing.com\/product\/galvanized-pallet-racking\/#primaryimage\"},\"thumbnailUrl\":\"https:\/\/www.iwarehousing.com\/wp-content\/uploads\/2022\/06\/galvanized-pallet-racking-0.jpg\",\"datePublished\":\"2022-06-27T08:11:52+00:00\",\"dateModified\":\"2023-02-24T15:45:23+00:00\",\"breadcrumb\":{\"@id\":\"https:\/\/www.iwarehousing.com\/product\/galvanized-pallet-racking\/#breadcrumb\"},\"inLanguage\":\"pt-PT\",\"potentialAction\":[{\"@type\":\"ReadAction\",\"target\":[\"https:\/\/www.iwarehousing.com\/product\/galvanized-pallet-racking\/\"]}]},{\"@type\":\"ImageObject\",\"inLanguage\":\"pt-PT\",\"@id\":\"https:\/\/www.iwarehousing.com\/product\/galvanized-pallet-racking\/#primaryimage\",\"url\":\"https:\/\/www.iwarehousing.com\/wp-content\/uploads\/2022\/06\/galvanized-pallet-racking-0.jpg\",\"contentUrl\":\"https:\/\/www.iwarehousing.com\/wp-content\/uploads\/2022\/06\/galvanized-pallet-racking-0.jpg\",\"width\":2000,\"height\":1334,\"caption\":\"galvanized pallet racking\"},{\"@type\":\"BreadcrumbList\",\"@id\":\"https:\/\/www.iwarehousing.com\/product\/galvanized-pallet-racking\/#breadcrumb\",\"itemListElement\":[{\"@type\":\"ListItem\",\"position\":1,\"name\":\"Home\",\"item\":\"https:\/\/www.iwarehousing.com\/\"},{\"@type\":\"ListItem\",\"position\":2,\"name\":\"Product\",\"item\":\"https:\/\/www.iwarehousing.com\/product\/\"},{\"@type\":\"ListItem\",\"position\":3,\"name\":\"Galvanized Pallet Racking\"}]},{\"@type\":\"WebSite\",\"@id\":\"https:\/\/www.iwarehousing.com\/#website\",\"url\":\"https:\/\/www.iwarehousing.com\/\",\"name\":\"iWarehousing\",\"description\":\"Focus on warehousing equipments\",\"publisher\":{\"@id\":\"https:\/\/www.iwarehousing.com\/#organization\"},\"potentialAction\":[{\"@type\":\"SearchAction\",\"target\":{\"@type\":\"EntryPoint\",\"urlTemplate\":\"https:\/\/www.iwarehousing.com\/?s={search_term_string}\"},\"query-input\":{\"@type\":\"PropertyValueSpecification\",\"valueRequired\":true,\"valueName\":\"search_term_string\"}}],\"inLanguage\":\"pt-PT\"},{\"@type\":\"Organization\",\"@id\":\"https:\/\/www.iwarehousing.com\/#organization\",\"name\":\"iWarehousing\",\"url\":\"https:\/\/www.iwarehousing.com\/\",\"logo\":{\"@type\":\"ImageObject\",\"inLanguage\":\"pt-PT\",\"@id\":\"https:\/\/www.iwarehousing.com\/#\/schema\/logo\/image\/\",\"url\":\"https:\/\/www.iwarehousing.com\/wp-content\/uploads\/2022\/05\/iW-logo-no-tag-800pxREV2.png\",\"contentUrl\":\"https:\/\/www.iwarehousing.com\/wp-content\/uploads\/2022\/05\/iW-logo-no-tag-800pxREV2.png\",\"width\":1753,\"height\":490,\"caption\":\"iWarehousing\"},\"image\":{\"@id\":\"https:\/\/www.iwarehousing.com\/#\/schema\/logo\/image\/\"}}]}<\/script>\n<!-- \/ Yoast SEO plugin. -->","yoast_head_json":{"title":"Galvanized Pallet Racking - iWarehousing","robots":{"index":"index","follow":"follow","max-snippet":"max-snippet:-1","max-image-preview":"max-image-preview:large","max-video-preview":"max-video-preview:-1"},"canonical":"https:\/\/www.iwarehousing.com\/pt\/product\/galvanized-pallet-racking\/","og_locale":"pt_PT","og_type":"article","og_title":"Galvanized Pallet Racking - iWarehousing","og_description":"Can better prevent rust, corrosion, and damage caused by special environment.  Suitable for outdoor storage  Suitable for special surroundings like moist, chemicals, liquids, etc.  Affordable cost  More durable than powder coating","og_url":"https:\/\/www.iwarehousing.com\/pt\/product\/galvanized-pallet-racking\/","og_site_name":"iWarehousing","article_modified_time":"2023-02-24T15:45:23+00:00","og_image":[{"width":2000,"height":1334,"url":"https:\/\/www.iwarehousing.com\/wp-content\/uploads\/2022\/06\/galvanized-pallet-racking-0.jpg","type":"image\/jpeg"}],"twitter_card":"summary_large_image","twitter_misc":{"Est. reading time":"1 minute"},"schema":{"@context":"https:\/\/schema.org","@graph":[{"@type":"WebPage","@id":"https:\/\/www.iwarehousing.com\/product\/galvanized-pallet-racking\/","url":"https:\/\/www.iwarehousing.com\/product\/galvanized-pallet-racking\/","name":"Galvanized Pallet Racking - iWarehousing","isPartOf":{"@id":"https:\/\/www.iwarehousing.com\/#website"},"primaryImageOfPage":{"@id":"https:\/\/www.iwarehousing.com\/product\/galvanized-pallet-racking\/#primaryimage"},"image":{"@id":"https:\/\/www.iwarehousing.com\/product\/galvanized-pallet-racking\/#primaryimage"},"thumbnailUrl":"https:\/\/www.iwarehousing.com\/wp-content\/uploads\/2022\/06\/galvanized-pallet-racking-0.jpg","datePublished":"2022-06-27T08:11:52+00:00","dateModified":"2023-02-24T15:45:23+00:00","breadcrumb":{"@id":"https:\/\/www.iwarehousing.com\/product\/galvanized-pallet-racking\/#breadcrumb"},"inLanguage":"pt-PT","potentialAction":[{"@type":"ReadAction","target":["https:\/\/www.iwarehousing.com\/product\/galvanized-pallet-racking\/"]}]},{"@type":"ImageObject","inLanguage":"pt-PT","@id":"https:\/\/www.iwarehousing.com\/product\/galvanized-pallet-racking\/#primaryimage","url":"https:\/\/www.iwarehousing.com\/wp-content\/uploads\/2022\/06\/galvanized-pallet-racking-0.jpg","contentUrl":"https:\/\/www.iwarehousing.com\/wp-content\/uploads\/2022\/06\/galvanized-pallet-racking-0.jpg","width":2000,"height":1334,"caption":"galvanized pallet racking"},{"@type":"BreadcrumbList","@id":"https:\/\/www.iwarehousing.com\/product\/galvanized-pallet-racking\/#breadcrumb","itemListElement":[{"@type":"ListItem","position":1,"name":"Home","item":"https:\/\/www.iwarehousing.com\/"},{"@type":"ListItem","position":2,"name":"Product","item":"https:\/\/www.iwarehousing.com\/product\/"},{"@type":"ListItem","position":3,"name":"Galvanized Pallet Racking"}]},{"@type":"WebSite","@id":"https:\/\/www.iwarehousing.com\/#website","url":"https:\/\/www.iwarehousing.com\/","name":"iWarehousing","description":"Focus on warehousing equipments","publisher":{"@id":"https:\/\/www.iwarehousing.com\/#organization"},"potentialAction":[{"@type":"SearchAction","target":{"@type":"EntryPoint","urlTemplate":"https:\/\/www.iwarehousing.com\/?s={search_term_string}"},"query-input":{"@type":"PropertyValueSpecification","valueRequired":true,"valueName":"search_term_string"}}],"inLanguage":"pt-PT"},{"@type":"Organization","@id":"https:\/\/www.iwarehousing.com\/#organization","name":"iWarehousing","url":"https:\/\/www.iwarehousing.com\/","logo":{"@type":"ImageObject","inLanguage":"pt-PT","@id":"https:\/\/www.iwarehousing.com\/#\/schema\/logo\/image\/","url":"https:\/\/www.iwarehousing.com\/wp-content\/uploads\/2022\/05\/iW-logo-no-tag-800pxREV2.png","contentUrl":"https:\/\/www.iwarehousing.com\/wp-content\/uploads\/2022\/05\/iW-logo-no-tag-800pxREV2.png","width":1753,"height":490,"caption":"iWarehousing"},"image":{"@id":"https:\/\/www.iwarehousing.com\/#\/schema\/logo\/image\/"}}]}},"_links":{"self":[{"href":"https:\/\/www.iwarehousing.com\/pt\/wp-json\/wp\/v2\/product\/191","targetHints":{"allow":["GET"]}}],"collection":[{"href":"https:\/\/www.iwarehousing.com\/pt\/wp-json\/wp\/v2\/product"}],"about":[{"href":"https:\/\/www.iwarehousing.com\/pt\/wp-json\/wp\/v2\/types\/product"}],"replies":[{"embeddable":true,"href":"https:\/\/www.iwarehousing.com\/pt\/wp-json\/wp\/v2\/comments?post=191"}],"wp:featuredmedia":[{"embeddable":true,"href":"https:\/\/www.iwarehousing.com\/pt\/wp-json\/wp\/v2\/media\/2297"}],"wp:attachment":[{"href":"https:\/\/www.iwarehousing.com\/pt\/wp-json\/wp\/v2\/media?parent=191"}],"wp:term":[{"taxonomy":"product_brand","embeddable":true,"href":"https:\/\/www.iwarehousing.com\/pt\/wp-json\/wp\/v2\/product_brand?post=191"},{"taxonomy":"product_cat","embeddable":true,"href":"https:\/\/www.iwarehousing.com\/pt\/wp-json\/wp\/v2\/product_cat?post=191"},{"taxonomy":"product_tag","embeddable":true,"href":"https:\/\/www.iwarehousing.com\/pt\/wp-json\/wp\/v2\/product_tag?post=191"}],"curies":[{"name":"wp","href":"https:\/\/api.w.org\/{rel}","templated":true}]}}