{"id":190,"date":"2022-06-27T16:11:18","date_gmt":"2022-06-27T08:11:18","guid":{"rendered":"https:\/\/imm31ev9mx.onrocket.site\/?post_type=product&#038;p=190"},"modified":"2022-09-22T22:36:42","modified_gmt":"2022-09-22T14:36:42","slug":"double-deep-pallet-racking","status":"publish","type":"product","link":"https:\/\/www.iwarehousing.com\/pt\/product\/double-deep-pallet-racking\/","title":{"rendered":"Estante dupla profunda para paletes"},"content":{"rendered":"<h2>Caracter\u00edsticas do sistema de estantes de paletes de profundidade dupla<\/h2>\n<ol>\n<li>O Double Deep Pallet Racking System \u00e9 um upgrade do heavy duty pallet racking system, criado com estrutura simples e alta capacidade de armazenamento. \u00c9 adequado para armaz\u00e9ns com m\u00e9dia taxa de rotatividade de estoque e baixa taxa de retirada.<\/li>\n<li>Ele fornece a solu\u00e7\u00e3o de armazenamento que o racking de paletes comum n\u00e3o consegue fazer \u2013 o dobro do estoque do que o sistema de racking de paletes comum. Ele precisa ser equipado com empilhadeiras especiais para uso. A largura dos corredores de empilhadeiras geralmente precisa ser de at\u00e9 3,6 metros.<\/li>\n<li>Assim como o sistema de estantes drive-in, n\u00e3o \u00e9 muito conveniente acessar as mercadorias na fileira traseira. A opera\u00e7\u00e3o de acesso s\u00f3 pode ser realizada ap\u00f3s as mercadorias correspondentes na fileira frontal serem retiradas ou deslocadas. O acesso das mercadorias \u00e9 dif\u00edcil de ser o primeiro a entrar, primeiro a sair. Para melhorar a taxa de utiliza\u00e7\u00e3o do dep\u00f3sito, \u00e9 necess\u00e1rio considerar armazenar as prateleiras traseiras primeiro e, em seguida, armazenar as prateleiras dianteiras. Quando as mercadorias forem enviadas, tente remover as mercadorias nas fileiras dianteira e traseira ao mesmo tempo. Se houver muitos casos que n\u00e3o podem ser vendidos ao mesmo tempo, isso pode afetar a taxa de utiliza\u00e7\u00e3o do estoque.<\/li>\n<\/ol>\n<h2>Diferen\u00e7as entre o sistema de estantes de paletes de profundidade dupla e o sistema de estantes de paletes seletivas<\/h2>\n<p>As estantes s\u00e3o usadas para armazenar estoque no armaz\u00e9m. Temos todos os diferentes tipos de op\u00e7\u00f5es de estantes para serem aplicadas em nosso local de armazenamento. Voc\u00ea sempre pode configurar o sistema de estantes mais eficiente em seu armaz\u00e9m com base em suas necessidades espec\u00edficas. Quer voc\u00ea aplique um sistema de estantes de tipo \u00fanico ou um sistema de estantes combinado, todos eles podem ser calculados e personalizados. Os componentes da maioria dos sistemas de estantes para paletes incluem montantes, vigas, contraventamentos e suportes. Tudo isso funciona em conjunto para fornecer suporte de seguran\u00e7a de todo o sistema.<\/p>\n<p>O sistema de estantes de profundidade dupla \u00e9 atualizado do sistema de estantes de profundidade \u00fanica, eles s\u00e3o semelhantes na estrutura. A \u00fanica diferen\u00e7a \u00e9 que o sistema de estantes de profundidade dupla \u00e9 configurado com cada duas fileiras costas com costas, enquanto o sistema de profundidade \u00fanica, apenas uma fileira.<\/p>\n<h2>Coisas a considerar antes de escolher o sistema de estantes duplas profundas<\/h2>\n<h3>A densidade do armazenamento de mercadorias<\/h3>\n<p>No sistema de estantes de profundidade \u00fanica, os corredores para empilhadeiras s\u00e3o largos, portanto a densidade de armazenamento de mercadorias n\u00e3o \u00e9 alta e a taxa de utiliza\u00e7\u00e3o do espa\u00e7o deste sistema \u00e9 geralmente de cerca de 30% ~ 35%. Enquanto no sistema de estantes de profundidade dupla o corredor da empilhadeira \u00e9 estreito, portanto, a densidade de armazenamento \u00e9 alta e a taxa de utiliza\u00e7\u00e3o do espa\u00e7o \u00e9 relativamente alta, podendo atingir cerca de 45% a 60%.<\/p>\n<h3>Equipamento necess\u00e1rio para armazenar mercadorias<\/h3>\n<p>O sistema de estantes de profundidade \u00fanica tem um corredor relativamente largo, ent\u00e3o as empilhadeiras normais podem ser usadas neste sistema. Os corredores do sistema de estantes de profundidade dupla s\u00e3o mais estreitos, ent\u00e3o eles precisam ser equipados com empilhadeiras especiais que talvez tenham um custo maior.<\/p>\n<h3>Taxa de seletividade de mercadorias<\/h3>\n<p>No sistema de estantes de profundidade \u00fanica, a empilhadeira pode acessar livremente qualquer palete na estante. A seletividade deste sistema \u00e9 100%, que pode realizar a ordem de giro de mercadorias primeiro a entrar, primeiro a sair. E a opera\u00e7\u00e3o deste sistema \u00e9 muito conveniente e r\u00e1pida. O sistema de estantes de profundidade dupla n\u00e3o \u00e9 t\u00e3o conveniente porque as estantes de fileira dupla s\u00e3o configuradas juntas. Para recuperar as mercadorias do palete traseiro, a fileira frontal deve ser removida primeiro. Com uma seletividade de 50%, \u00e9 dif\u00edcil atingir a ordem de giro de mercadorias primeiro a entrar, primeiro a sair neste sistema. Mas a utiliza\u00e7\u00e3o do espa\u00e7o \u00e9 mais eficiente neste sistema.<\/p>\n<h3>Considere suas necessidades<\/h3>\n<p>Ao decidir qual sistema de estantes de paletes usar, as empresas devem primeiro coletar seus pr\u00f3prios requisitos para estantes e, em seguida, avaliar sua pr\u00f3pria estrutura e ambiente de dep\u00f3sito, para escolher o tipo de estante mais adequado. O sistema de estantes de profundidade \u00fanica \u00e9 atualmente um dos sistemas de estantes mais difundidos e amplamente utilizados, adequado para a maioria dos dep\u00f3sitos para armazenamento de mercadorias, alta taxa de seletividade de mercadorias, f\u00e1cil de operar. O sistema de estantes de profundidade dupla tem uma estrutura simples e alta capacidade de armazenamento, o que pode efetivamente aliviar os requisitos de armazenamento que as estantes de paletes comuns n\u00e3o podem atender. Este tipo de estante \u00e9 amplamente utilizado em tabaco, alimentos e bebidas, embalagens, ind\u00fastria de papel, ind\u00fastria de produtos pl\u00e1sticos e outras ind\u00fastrias. As especifica\u00e7\u00f5es de tamanho espec\u00edficas precisam ser determinadas por profissionais de acordo com as caracter\u00edsticas e requisitos dos produtos e dep\u00f3sitos da empresa.<\/p>","protected":false},"excerpt":{"rendered":"<p>O sistema de estantes de paletes de profundidade dupla \u00e9 amplamente utilizado em v\u00e1rias ind\u00fastrias, como fabrica\u00e7\u00e3o de papel, produtos pl\u00e1sticos, tabaco, alimentos, materiais de embalagem e outras ind\u00fastrias. O sistema de estantes de paletes de profundidade dupla adota quatro conjuntos de estantes para serem dispostos na mesma linha, com cada duas fileiras de costas uma para a outra, o que reduz efetivamente o corredor de estantes. Cada linha de estantes de armazenamento pode armazenar o dobro de paletes que o sistema de estantes de paletes simples pode fazer, ent\u00e3o a capacidade de armazenamento desse tipo de estante \u00e9 muito maior do que a do sistema de estantes de paletes comum. O uso desse sistema de estantes requer uma empilhadeira especial para se juntar. Para pegar as mercadorias na segunda fileira, as mercadorias na primeira fileira precisam ser retiradas para deixar a sala para a opera\u00e7\u00e3o.<\/p>","protected":false},"featured_media":271,"comment_status":"open","ping_status":"closed","template":"","meta":{"_seopress_robots_primary_cat":"","_seopress_titles_title":"","_seopress_titles_desc":"","_seopress_robots_index":""},"product_brand":[],"product_cat":[30],"product_tag":[],"class_list":{"0":"post-190","1":"product","2":"type-product","3":"status-publish","4":"has-post-thumbnail","6":"product_cat-pallet-racking","8":"first","9":"instock","10":"shipping-taxable","11":"product-type-simple"},"yoast_head":"<!-- This site is optimized with the Yoast SEO plugin v26.5 - https:\/\/yoast.com\/wordpress\/plugins\/seo\/ -->\n<title>Double Deep Pallet Racking - iWarehousing<\/title>\n<meta name=\"robots\" content=\"index, follow, max-snippet:-1, max-image-preview:large, max-video-preview:-1\" \/>\n<link rel=\"canonical\" href=\"https:\/\/www.iwarehousing.com\/pt\/product\/double-deep-pallet-racking\/\" \/>\n<meta property=\"og:locale\" content=\"pt_PT\" \/>\n<meta property=\"og:type\" content=\"article\" \/>\n<meta property=\"og:title\" content=\"Double Deep Pallet Racking - iWarehousing\" \/>\n<meta property=\"og:description\" content=\"Double-Deep Pallet Racking system is widely used in various industries, such as paper making, plastic products, tobacco, food, packaging materials and other industries. The Double-Deep Pallet Racking system adopts four sets of racks to be arranged in the same line, with each two rows stand back-to-back, which effectively reduces the racking aisle. Each storage racking line can store twice as many pallets as the single pallet racking system can do, so the storage capacity of this kind of racking is much higher than that of the ordinary pallet racking system. The use of this racking system requires a special forklift to join. To pick up the goods on the second row, the goods in the front row need to be taken away to leave the room for the operation.\" \/>\n<meta property=\"og:url\" content=\"https:\/\/www.iwarehousing.com\/pt\/product\/double-deep-pallet-racking\/\" \/>\n<meta property=\"og:site_name\" content=\"iWarehousing\" \/>\n<meta property=\"article:modified_time\" content=\"2022-09-22T14:36:42+00:00\" \/>\n<meta property=\"og:image\" content=\"https:\/\/www.iwarehousing.com\/wp-content\/uploads\/2022\/06\/double-deep-racking-1.jpeg\" \/>\n\t<meta property=\"og:image:width\" content=\"1170\" \/>\n\t<meta property=\"og:image:height\" content=\"908\" \/>\n\t<meta property=\"og:image:type\" content=\"image\/jpeg\" \/>\n<meta name=\"twitter:card\" content=\"summary_large_image\" \/>\n<meta name=\"twitter:label1\" content=\"Est. reading time\" \/>\n\t<meta name=\"twitter:data1\" content=\"3 minutes\" \/>\n<script type=\"application\/ld+json\" class=\"yoast-schema-graph\">{\"@context\":\"https:\/\/schema.org\",\"@graph\":[{\"@type\":\"WebPage\",\"@id\":\"https:\/\/www.iwarehousing.com\/product\/double-deep-pallet-racking\/\",\"url\":\"https:\/\/www.iwarehousing.com\/product\/double-deep-pallet-racking\/\",\"name\":\"Double Deep Pallet Racking - iWarehousing\",\"isPartOf\":{\"@id\":\"https:\/\/www.iwarehousing.com\/#website\"},\"primaryImageOfPage\":{\"@id\":\"https:\/\/www.iwarehousing.com\/product\/double-deep-pallet-racking\/#primaryimage\"},\"image\":{\"@id\":\"https:\/\/www.iwarehousing.com\/product\/double-deep-pallet-racking\/#primaryimage\"},\"thumbnailUrl\":\"https:\/\/www.iwarehousing.com\/wp-content\/uploads\/2022\/06\/double-deep-racking-1.jpeg\",\"datePublished\":\"2022-06-27T08:11:18+00:00\",\"dateModified\":\"2022-09-22T14:36:42+00:00\",\"breadcrumb\":{\"@id\":\"https:\/\/www.iwarehousing.com\/product\/double-deep-pallet-racking\/#breadcrumb\"},\"inLanguage\":\"pt-PT\",\"potentialAction\":[{\"@type\":\"ReadAction\",\"target\":[\"https:\/\/www.iwarehousing.com\/product\/double-deep-pallet-racking\/\"]}]},{\"@type\":\"ImageObject\",\"inLanguage\":\"pt-PT\",\"@id\":\"https:\/\/www.iwarehousing.com\/product\/double-deep-pallet-racking\/#primaryimage\",\"url\":\"https:\/\/www.iwarehousing.com\/wp-content\/uploads\/2022\/06\/double-deep-racking-1.jpeg\",\"contentUrl\":\"https:\/\/www.iwarehousing.com\/wp-content\/uploads\/2022\/06\/double-deep-racking-1.jpeg\",\"width\":1170,\"height\":908,\"caption\":\"double deep racking 1\"},{\"@type\":\"BreadcrumbList\",\"@id\":\"https:\/\/www.iwarehousing.com\/product\/double-deep-pallet-racking\/#breadcrumb\",\"itemListElement\":[{\"@type\":\"ListItem\",\"position\":1,\"name\":\"Home\",\"item\":\"https:\/\/www.iwarehousing.com\/\"},{\"@type\":\"ListItem\",\"position\":2,\"name\":\"Product\",\"item\":\"https:\/\/www.iwarehousing.com\/product\/\"},{\"@type\":\"ListItem\",\"position\":3,\"name\":\"Double Deep Pallet Racking\"}]},{\"@type\":\"WebSite\",\"@id\":\"https:\/\/www.iwarehousing.com\/#website\",\"url\":\"https:\/\/www.iwarehousing.com\/\",\"name\":\"iWarehousing\",\"description\":\"Focus on warehousing equipments\",\"publisher\":{\"@id\":\"https:\/\/www.iwarehousing.com\/#organization\"},\"potentialAction\":[{\"@type\":\"SearchAction\",\"target\":{\"@type\":\"EntryPoint\",\"urlTemplate\":\"https:\/\/www.iwarehousing.com\/?s={search_term_string}\"},\"query-input\":{\"@type\":\"PropertyValueSpecification\",\"valueRequired\":true,\"valueName\":\"search_term_string\"}}],\"inLanguage\":\"pt-PT\"},{\"@type\":\"Organization\",\"@id\":\"https:\/\/www.iwarehousing.com\/#organization\",\"name\":\"iWarehousing\",\"url\":\"https:\/\/www.iwarehousing.com\/\",\"logo\":{\"@type\":\"ImageObject\",\"inLanguage\":\"pt-PT\",\"@id\":\"https:\/\/www.iwarehousing.com\/#\/schema\/logo\/image\/\",\"url\":\"https:\/\/www.iwarehousing.com\/wp-content\/uploads\/2022\/05\/iW-logo-no-tag-800pxREV2.png\",\"contentUrl\":\"https:\/\/www.iwarehousing.com\/wp-content\/uploads\/2022\/05\/iW-logo-no-tag-800pxREV2.png\",\"width\":1753,\"height\":490,\"caption\":\"iWarehousing\"},\"image\":{\"@id\":\"https:\/\/www.iwarehousing.com\/#\/schema\/logo\/image\/\"}}]}<\/script>\n<!-- \/ Yoast SEO plugin. -->","yoast_head_json":{"title":"Double Deep Pallet Racking - iWarehousing","robots":{"index":"index","follow":"follow","max-snippet":"max-snippet:-1","max-image-preview":"max-image-preview:large","max-video-preview":"max-video-preview:-1"},"canonical":"https:\/\/www.iwarehousing.com\/pt\/product\/double-deep-pallet-racking\/","og_locale":"pt_PT","og_type":"article","og_title":"Double Deep Pallet Racking - iWarehousing","og_description":"Double-Deep Pallet Racking system is widely used in various industries, such as paper making, plastic products, tobacco, food, packaging materials and other industries. The Double-Deep Pallet Racking system adopts four sets of racks to be arranged in the same line, with each two rows stand back-to-back, which effectively reduces the racking aisle. Each storage racking line can store twice as many pallets as the single pallet racking system can do, so the storage capacity of this kind of racking is much higher than that of the ordinary pallet racking system. The use of this racking system requires a special forklift to join. To pick up the goods on the second row, the goods in the front row need to be taken away to leave the room for the operation.","og_url":"https:\/\/www.iwarehousing.com\/pt\/product\/double-deep-pallet-racking\/","og_site_name":"iWarehousing","article_modified_time":"2022-09-22T14:36:42+00:00","og_image":[{"width":1170,"height":908,"url":"https:\/\/www.iwarehousing.com\/wp-content\/uploads\/2022\/06\/double-deep-racking-1.jpeg","type":"image\/jpeg"}],"twitter_card":"summary_large_image","twitter_misc":{"Est. reading time":"3 minutes"},"schema":{"@context":"https:\/\/schema.org","@graph":[{"@type":"WebPage","@id":"https:\/\/www.iwarehousing.com\/product\/double-deep-pallet-racking\/","url":"https:\/\/www.iwarehousing.com\/product\/double-deep-pallet-racking\/","name":"Double Deep Pallet Racking - iWarehousing","isPartOf":{"@id":"https:\/\/www.iwarehousing.com\/#website"},"primaryImageOfPage":{"@id":"https:\/\/www.iwarehousing.com\/product\/double-deep-pallet-racking\/#primaryimage"},"image":{"@id":"https:\/\/www.iwarehousing.com\/product\/double-deep-pallet-racking\/#primaryimage"},"thumbnailUrl":"https:\/\/www.iwarehousing.com\/wp-content\/uploads\/2022\/06\/double-deep-racking-1.jpeg","datePublished":"2022-06-27T08:11:18+00:00","dateModified":"2022-09-22T14:36:42+00:00","breadcrumb":{"@id":"https:\/\/www.iwarehousing.com\/product\/double-deep-pallet-racking\/#breadcrumb"},"inLanguage":"pt-PT","potentialAction":[{"@type":"ReadAction","target":["https:\/\/www.iwarehousing.com\/product\/double-deep-pallet-racking\/"]}]},{"@type":"ImageObject","inLanguage":"pt-PT","@id":"https:\/\/www.iwarehousing.com\/product\/double-deep-pallet-racking\/#primaryimage","url":"https:\/\/www.iwarehousing.com\/wp-content\/uploads\/2022\/06\/double-deep-racking-1.jpeg","contentUrl":"https:\/\/www.iwarehousing.com\/wp-content\/uploads\/2022\/06\/double-deep-racking-1.jpeg","width":1170,"height":908,"caption":"double deep racking 1"},{"@type":"BreadcrumbList","@id":"https:\/\/www.iwarehousing.com\/product\/double-deep-pallet-racking\/#breadcrumb","itemListElement":[{"@type":"ListItem","position":1,"name":"Home","item":"https:\/\/www.iwarehousing.com\/"},{"@type":"ListItem","position":2,"name":"Product","item":"https:\/\/www.iwarehousing.com\/product\/"},{"@type":"ListItem","position":3,"name":"Double Deep Pallet Racking"}]},{"@type":"WebSite","@id":"https:\/\/www.iwarehousing.com\/#website","url":"https:\/\/www.iwarehousing.com\/","name":"iWarehousing","description":"Focus on warehousing equipments","publisher":{"@id":"https:\/\/www.iwarehousing.com\/#organization"},"potentialAction":[{"@type":"SearchAction","target":{"@type":"EntryPoint","urlTemplate":"https:\/\/www.iwarehousing.com\/?s={search_term_string}"},"query-input":{"@type":"PropertyValueSpecification","valueRequired":true,"valueName":"search_term_string"}}],"inLanguage":"pt-PT"},{"@type":"Organization","@id":"https:\/\/www.iwarehousing.com\/#organization","name":"iWarehousing","url":"https:\/\/www.iwarehousing.com\/","logo":{"@type":"ImageObject","inLanguage":"pt-PT","@id":"https:\/\/www.iwarehousing.com\/#\/schema\/logo\/image\/","url":"https:\/\/www.iwarehousing.com\/wp-content\/uploads\/2022\/05\/iW-logo-no-tag-800pxREV2.png","contentUrl":"https:\/\/www.iwarehousing.com\/wp-content\/uploads\/2022\/05\/iW-logo-no-tag-800pxREV2.png","width":1753,"height":490,"caption":"iWarehousing"},"image":{"@id":"https:\/\/www.iwarehousing.com\/#\/schema\/logo\/image\/"}}]}},"_links":{"self":[{"href":"https:\/\/www.iwarehousing.com\/pt\/wp-json\/wp\/v2\/product\/190","targetHints":{"allow":["GET"]}}],"collection":[{"href":"https:\/\/www.iwarehousing.com\/pt\/wp-json\/wp\/v2\/product"}],"about":[{"href":"https:\/\/www.iwarehousing.com\/pt\/wp-json\/wp\/v2\/types\/product"}],"replies":[{"embeddable":true,"href":"https:\/\/www.iwarehousing.com\/pt\/wp-json\/wp\/v2\/comments?post=190"}],"wp:featuredmedia":[{"embeddable":true,"href":"https:\/\/www.iwarehousing.com\/pt\/wp-json\/wp\/v2\/media\/271"}],"wp:attachment":[{"href":"https:\/\/www.iwarehousing.com\/pt\/wp-json\/wp\/v2\/media?parent=190"}],"wp:term":[{"taxonomy":"product_brand","embeddable":true,"href":"https:\/\/www.iwarehousing.com\/pt\/wp-json\/wp\/v2\/product_brand?post=190"},{"taxonomy":"product_cat","embeddable":true,"href":"https:\/\/www.iwarehousing.com\/pt\/wp-json\/wp\/v2\/product_cat?post=190"},{"taxonomy":"product_tag","embeddable":true,"href":"https:\/\/www.iwarehousing.com\/pt\/wp-json\/wp\/v2\/product_tag?post=190"}],"curies":[{"name":"wp","href":"https:\/\/api.w.org\/{rel}","templated":true}]}}