{"id":189,"date":"2022-06-27T16:10:44","date_gmt":"2022-06-27T08:10:44","guid":{"rendered":"https:\/\/imm31ev9mx.onrocket.site\/?post_type=product&#038;p=189"},"modified":"2023-03-30T16:16:54","modified_gmt":"2023-03-30T08:16:54","slug":"narrow-aisle-pallet-racking","status":"publish","type":"product","link":"https:\/\/www.iwarehousing.com\/pt\/product\/narrow-aisle-pallet-racking\/","title":{"rendered":"Estantes de paletes para corredores estreitos"},"content":{"rendered":"<p>As estantes para paletes de corredor estreito (VNA) s\u00e3o um tipo de sistema de estantes para paletes projetado para otimizar a utiliza\u00e7\u00e3o do espa\u00e7o do armaz\u00e9m. Geralmente \u00e9 usado em instala\u00e7\u00f5es com requisitos de armazenamento de alta densidade, onde o espa\u00e7o \u00e9 escasso. O sistema \u00e9 caracterizado por corredores mais estreitos do que os encontrados nos sistemas tradicionais de estantes de paletes, normalmente entre 1,6 e 2 metros de largura, da\u00ed o nome.<\/p>\n<p>Os corredores estreitos s\u00e3o poss\u00edveis gra\u00e7as ao uso de empilhadeiras especializadas, como empilhadeiras torre ou empilhadeiras retr\u00e1teis, projetadas para operar em espa\u00e7os confinados. Estes empilhadores t\u00eam a capacidade de levantar e colocar paletes em espa\u00e7os muito apertados, permitindo aproveitar ao m\u00e1ximo o espa\u00e7o vertical dispon\u00edvel no armaz\u00e9m.<\/p>\n<p>As pr\u00f3prias estantes para paletes s\u00e3o constru\u00eddas para serem muito altas, com v\u00e1rios n\u00edveis de armazenamento acess\u00edveis por empilhadeiras especializadas. O sistema pode ser configurado de diversas maneiras, incluindo alcance simples ou duplo, dependendo das necessidades espec\u00edficas da opera\u00e7\u00e3o do armaz\u00e9m.<\/p>\n<h2>Componentes do sistema de estantes VNA<\/h2>\n<p>Semelhante aos sistemas de estantes padr\u00e3o ou de corredor largo, os principais componentes usados para criar a estrutura incluem a estrutura, colunas e vigas. Al\u00e9m disso, a empilhadeira precisa ser guiada, o que pode ser na forma de orienta\u00e7\u00e3o mec\u00e2nica ou com fio. A orienta\u00e7\u00e3o mec\u00e2nica \u00e9 uma pista que percorre o exterior da estrutura e serve como barreira entre o caminh\u00e3o e a estrutura. O ar\u00edete delgado \u00e9 equipado com rodas rebat\u00edveis adicionais que correm ao longo da pista sem que o caminh\u00e3o entre em contato com a pista. A orienta\u00e7\u00e3o com fio consiste em um cabo eletromagn\u00e9tico fino que passa centralizado ao longo do piso do corredor e se conecta a um sensor do caminh\u00e3o para gui\u00e1-lo.<\/p>\n<h2>Por que escolher o rack VNA?<\/h2>\n<h3>Uso eficiente do espa\u00e7o<\/h3>\n<ul>\n<li>A maximiza\u00e7\u00e3o do espa\u00e7o vertical e do piso permite um aumento significativo na capacidade de armazenamento, at\u00e9 50% para algumas empresas;<\/li>\n<li>Acesso direto ao invent\u00e1rio;<\/li>\n<li>O estoque \u00e9 f\u00e1cil de encontrar, mesmo nas alturas de caminh\u00f5es profissionais, com acesso direto 100%;<\/li>\n<li>Ao aproveitar ao m\u00e1ximo o seu espa\u00e7o vertical, voc\u00ea pode armazenar mais paletes em uma \u00e1rea, reduzindo o custo de armazenamento por palete.<\/li>\n<\/ul>\n<h3>Aumentar a produtividade<\/h3>\n<ul>\n<li>Como os racks VNA utilizam caminh\u00f5es especializados mais r\u00e1pidos, os processos de coleta e carregamento podem ser realizados com seguran\u00e7a e efici\u00eancia;<\/li>\n<li>Como a empilhadeira \u00e9 guiada ao longo do corredor sem dire\u00e7\u00e3o manual, o risco de danos \u00e0 cremalheira \u00e9 significativamente reduzido, reduzindo assim a probabilidade de colis\u00e3o;<\/li>\n<li>O manuseio sofisticado e o \u201caten\u00e7\u00e3o\u201d em caminh\u00f5es de corredores estreitos aumentam a seguran\u00e7a dos trabalhadores que movimentam cargas.<\/li>\n<\/ul>\n<h2>Qual empilhadeira usar<\/h2>\n<div class=\"flex flex-grow flex-col gap-3\">\n<div class=\"min-h-[20px] flex flex-col items-start gap-4 whitespace-pre-wrap\">\n<div class=\"markdown prose w-full break-words dark:prose-invert light\">\n<p>Em um sistema de estantes de paletes para corredores estreitos, empilhadeiras especializadas s\u00e3o usadas para operar em corredores estreitos e maximizar o uso do espa\u00e7o. Existem dois tipos principais de empilhadeiras que s\u00e3o comumente usados em sistemas de estantes de paletes de corredores estreitos:<\/p>\n<h3>Caminh\u00f5es torre<\/h3>\n<p>Essas empilhadeiras possuem um mastro girat\u00f3rio que permite ao operador selecionar e colocar paletes em qualquer dire\u00e7\u00e3o, eliminando a necessidade de virar a empilhadeira no corredor estreito. Os caminh\u00f5es torre s\u00e3o ideais para corredores muito estreitos e podem operar em grandes alturas.<\/p>\n<h3>Caminh\u00f5es retr\u00e1teis girat\u00f3rios<\/h3>\n<p>Essas empilhadeiras possuem um mecanismo de alcance que pode se estender at\u00e9 as estantes de paletes para coletar e colocar paletes em posi\u00e7\u00f5es mais profundas. O mecanismo de alcance girat\u00f3rio permite ao operador colocar paletes em diversas posi\u00e7\u00f5es e \u00e9 ideal para armaz\u00e9ns com tamanhos variados de paletes.<\/p>\n<p>Ao escolher uma empilhadeira para um sistema de estantes de paletes em corredores estreitos, \u00e9 importante considerar fatores como largura do corredor, altura do teto, tamanho e peso do palete e conforto e seguran\u00e7a do operador. Recomenda-se consultar um especialista ou fabricante de empilhadeiras para determinar a melhor empilhadeira para suas necessidades espec\u00edficas de armaz\u00e9m.<\/p>\n<\/div>\n<\/div>\n<\/div>\n<p>&nbsp;<\/p>","protected":false},"excerpt":{"rendered":"<ul>\n<li>Corredor estreito<\/li>\n<li>Alta densidade de armazenamento<\/li>\n<li>Necessita de empilhadeiras especializadas<\/li>\n<li>Alta altura de rack dispon\u00edvel<\/li>\n<li>Boa seletividade<\/li>\n<\/ul>","protected":false},"featured_media":2399,"comment_status":"open","ping_status":"closed","template":"","meta":{"_seopress_robots_primary_cat":"","_seopress_titles_title":"","_seopress_titles_desc":"","_seopress_robots_index":""},"product_brand":[],"product_cat":[30],"product_tag":[],"class_list":{"0":"post-189","1":"product","2":"type-product","3":"status-publish","4":"has-post-thumbnail","6":"product_cat-pallet-racking","8":"first","9":"instock","10":"shipping-taxable","11":"product-type-simple"},"yoast_head":"<!-- This site is optimized with the Yoast SEO plugin v26.5 - https:\/\/yoast.com\/wordpress\/plugins\/seo\/ -->\n<title>Narrow Aisle Pallet Racking - iWarehousing<\/title>\n<meta name=\"robots\" content=\"index, follow, max-snippet:-1, max-image-preview:large, max-video-preview:-1\" \/>\n<link rel=\"canonical\" href=\"https:\/\/www.iwarehousing.com\/pt\/product\/narrow-aisle-pallet-racking\/\" \/>\n<meta property=\"og:locale\" content=\"pt_PT\" \/>\n<meta property=\"og:type\" content=\"article\" \/>\n<meta property=\"og:title\" content=\"Narrow Aisle Pallet Racking - iWarehousing\" \/>\n<meta property=\"og:description\" content=\"Narrow aisle  High storage density  Specialized lift trucks required  High rack height available  Good selectivity\" \/>\n<meta property=\"og:url\" content=\"https:\/\/www.iwarehousing.com\/pt\/product\/narrow-aisle-pallet-racking\/\" \/>\n<meta property=\"og:site_name\" content=\"iWarehousing\" \/>\n<meta property=\"article:modified_time\" content=\"2023-03-30T08:16:54+00:00\" \/>\n<meta property=\"og:image\" content=\"https:\/\/www.iwarehousing.com\/wp-content\/uploads\/2022\/06\/narrow-aisle-pallet-racking.jpg\" \/>\n\t<meta property=\"og:image:width\" content=\"2000\" \/>\n\t<meta property=\"og:image:height\" content=\"1333\" \/>\n\t<meta property=\"og:image:type\" content=\"image\/jpeg\" \/>\n<meta name=\"twitter:card\" content=\"summary_large_image\" \/>\n<meta name=\"twitter:label1\" content=\"Est. reading time\" \/>\n\t<meta name=\"twitter:data1\" content=\"3 minutes\" \/>\n<script type=\"application\/ld+json\" class=\"yoast-schema-graph\">{\"@context\":\"https:\/\/schema.org\",\"@graph\":[{\"@type\":\"WebPage\",\"@id\":\"https:\/\/www.iwarehousing.com\/product\/narrow-aisle-pallet-racking\/\",\"url\":\"https:\/\/www.iwarehousing.com\/product\/narrow-aisle-pallet-racking\/\",\"name\":\"Narrow Aisle Pallet Racking - iWarehousing\",\"isPartOf\":{\"@id\":\"https:\/\/www.iwarehousing.com\/#website\"},\"primaryImageOfPage\":{\"@id\":\"https:\/\/www.iwarehousing.com\/product\/narrow-aisle-pallet-racking\/#primaryimage\"},\"image\":{\"@id\":\"https:\/\/www.iwarehousing.com\/product\/narrow-aisle-pallet-racking\/#primaryimage\"},\"thumbnailUrl\":\"https:\/\/www.iwarehousing.com\/wp-content\/uploads\/2022\/06\/narrow-aisle-pallet-racking.jpg\",\"datePublished\":\"2022-06-27T08:10:44+00:00\",\"dateModified\":\"2023-03-30T08:16:54+00:00\",\"breadcrumb\":{\"@id\":\"https:\/\/www.iwarehousing.com\/product\/narrow-aisle-pallet-racking\/#breadcrumb\"},\"inLanguage\":\"pt-PT\",\"potentialAction\":[{\"@type\":\"ReadAction\",\"target\":[\"https:\/\/www.iwarehousing.com\/product\/narrow-aisle-pallet-racking\/\"]}]},{\"@type\":\"ImageObject\",\"inLanguage\":\"pt-PT\",\"@id\":\"https:\/\/www.iwarehousing.com\/product\/narrow-aisle-pallet-racking\/#primaryimage\",\"url\":\"https:\/\/www.iwarehousing.com\/wp-content\/uploads\/2022\/06\/narrow-aisle-pallet-racking.jpg\",\"contentUrl\":\"https:\/\/www.iwarehousing.com\/wp-content\/uploads\/2022\/06\/narrow-aisle-pallet-racking.jpg\",\"width\":2000,\"height\":1333,\"caption\":\"narrow aisle pallet racking\"},{\"@type\":\"BreadcrumbList\",\"@id\":\"https:\/\/www.iwarehousing.com\/product\/narrow-aisle-pallet-racking\/#breadcrumb\",\"itemListElement\":[{\"@type\":\"ListItem\",\"position\":1,\"name\":\"Home\",\"item\":\"https:\/\/www.iwarehousing.com\/\"},{\"@type\":\"ListItem\",\"position\":2,\"name\":\"Product\",\"item\":\"https:\/\/www.iwarehousing.com\/product\/\"},{\"@type\":\"ListItem\",\"position\":3,\"name\":\"Narrow Aisle Pallet Racking\"}]},{\"@type\":\"WebSite\",\"@id\":\"https:\/\/www.iwarehousing.com\/#website\",\"url\":\"https:\/\/www.iwarehousing.com\/\",\"name\":\"iWarehousing\",\"description\":\"Focus on warehousing equipments\",\"publisher\":{\"@id\":\"https:\/\/www.iwarehousing.com\/#organization\"},\"potentialAction\":[{\"@type\":\"SearchAction\",\"target\":{\"@type\":\"EntryPoint\",\"urlTemplate\":\"https:\/\/www.iwarehousing.com\/?s={search_term_string}\"},\"query-input\":{\"@type\":\"PropertyValueSpecification\",\"valueRequired\":true,\"valueName\":\"search_term_string\"}}],\"inLanguage\":\"pt-PT\"},{\"@type\":\"Organization\",\"@id\":\"https:\/\/www.iwarehousing.com\/#organization\",\"name\":\"iWarehousing\",\"url\":\"https:\/\/www.iwarehousing.com\/\",\"logo\":{\"@type\":\"ImageObject\",\"inLanguage\":\"pt-PT\",\"@id\":\"https:\/\/www.iwarehousing.com\/#\/schema\/logo\/image\/\",\"url\":\"https:\/\/www.iwarehousing.com\/wp-content\/uploads\/2022\/05\/iW-logo-no-tag-800pxREV2.png\",\"contentUrl\":\"https:\/\/www.iwarehousing.com\/wp-content\/uploads\/2022\/05\/iW-logo-no-tag-800pxREV2.png\",\"width\":1753,\"height\":490,\"caption\":\"iWarehousing\"},\"image\":{\"@id\":\"https:\/\/www.iwarehousing.com\/#\/schema\/logo\/image\/\"}}]}<\/script>\n<!-- \/ Yoast SEO plugin. -->","yoast_head_json":{"title":"Narrow Aisle Pallet Racking - iWarehousing","robots":{"index":"index","follow":"follow","max-snippet":"max-snippet:-1","max-image-preview":"max-image-preview:large","max-video-preview":"max-video-preview:-1"},"canonical":"https:\/\/www.iwarehousing.com\/pt\/product\/narrow-aisle-pallet-racking\/","og_locale":"pt_PT","og_type":"article","og_title":"Narrow Aisle Pallet Racking - iWarehousing","og_description":"Narrow aisle  High storage density  Specialized lift trucks required  High rack height available  Good selectivity","og_url":"https:\/\/www.iwarehousing.com\/pt\/product\/narrow-aisle-pallet-racking\/","og_site_name":"iWarehousing","article_modified_time":"2023-03-30T08:16:54+00:00","og_image":[{"width":2000,"height":1333,"url":"https:\/\/www.iwarehousing.com\/wp-content\/uploads\/2022\/06\/narrow-aisle-pallet-racking.jpg","type":"image\/jpeg"}],"twitter_card":"summary_large_image","twitter_misc":{"Est. reading time":"3 minutes"},"schema":{"@context":"https:\/\/schema.org","@graph":[{"@type":"WebPage","@id":"https:\/\/www.iwarehousing.com\/product\/narrow-aisle-pallet-racking\/","url":"https:\/\/www.iwarehousing.com\/product\/narrow-aisle-pallet-racking\/","name":"Narrow Aisle Pallet Racking - iWarehousing","isPartOf":{"@id":"https:\/\/www.iwarehousing.com\/#website"},"primaryImageOfPage":{"@id":"https:\/\/www.iwarehousing.com\/product\/narrow-aisle-pallet-racking\/#primaryimage"},"image":{"@id":"https:\/\/www.iwarehousing.com\/product\/narrow-aisle-pallet-racking\/#primaryimage"},"thumbnailUrl":"https:\/\/www.iwarehousing.com\/wp-content\/uploads\/2022\/06\/narrow-aisle-pallet-racking.jpg","datePublished":"2022-06-27T08:10:44+00:00","dateModified":"2023-03-30T08:16:54+00:00","breadcrumb":{"@id":"https:\/\/www.iwarehousing.com\/product\/narrow-aisle-pallet-racking\/#breadcrumb"},"inLanguage":"pt-PT","potentialAction":[{"@type":"ReadAction","target":["https:\/\/www.iwarehousing.com\/product\/narrow-aisle-pallet-racking\/"]}]},{"@type":"ImageObject","inLanguage":"pt-PT","@id":"https:\/\/www.iwarehousing.com\/product\/narrow-aisle-pallet-racking\/#primaryimage","url":"https:\/\/www.iwarehousing.com\/wp-content\/uploads\/2022\/06\/narrow-aisle-pallet-racking.jpg","contentUrl":"https:\/\/www.iwarehousing.com\/wp-content\/uploads\/2022\/06\/narrow-aisle-pallet-racking.jpg","width":2000,"height":1333,"caption":"narrow aisle pallet racking"},{"@type":"BreadcrumbList","@id":"https:\/\/www.iwarehousing.com\/product\/narrow-aisle-pallet-racking\/#breadcrumb","itemListElement":[{"@type":"ListItem","position":1,"name":"Home","item":"https:\/\/www.iwarehousing.com\/"},{"@type":"ListItem","position":2,"name":"Product","item":"https:\/\/www.iwarehousing.com\/product\/"},{"@type":"ListItem","position":3,"name":"Narrow Aisle Pallet Racking"}]},{"@type":"WebSite","@id":"https:\/\/www.iwarehousing.com\/#website","url":"https:\/\/www.iwarehousing.com\/","name":"iWarehousing","description":"Focus on warehousing equipments","publisher":{"@id":"https:\/\/www.iwarehousing.com\/#organization"},"potentialAction":[{"@type":"SearchAction","target":{"@type":"EntryPoint","urlTemplate":"https:\/\/www.iwarehousing.com\/?s={search_term_string}"},"query-input":{"@type":"PropertyValueSpecification","valueRequired":true,"valueName":"search_term_string"}}],"inLanguage":"pt-PT"},{"@type":"Organization","@id":"https:\/\/www.iwarehousing.com\/#organization","name":"iWarehousing","url":"https:\/\/www.iwarehousing.com\/","logo":{"@type":"ImageObject","inLanguage":"pt-PT","@id":"https:\/\/www.iwarehousing.com\/#\/schema\/logo\/image\/","url":"https:\/\/www.iwarehousing.com\/wp-content\/uploads\/2022\/05\/iW-logo-no-tag-800pxREV2.png","contentUrl":"https:\/\/www.iwarehousing.com\/wp-content\/uploads\/2022\/05\/iW-logo-no-tag-800pxREV2.png","width":1753,"height":490,"caption":"iWarehousing"},"image":{"@id":"https:\/\/www.iwarehousing.com\/#\/schema\/logo\/image\/"}}]}},"_links":{"self":[{"href":"https:\/\/www.iwarehousing.com\/pt\/wp-json\/wp\/v2\/product\/189","targetHints":{"allow":["GET"]}}],"collection":[{"href":"https:\/\/www.iwarehousing.com\/pt\/wp-json\/wp\/v2\/product"}],"about":[{"href":"https:\/\/www.iwarehousing.com\/pt\/wp-json\/wp\/v2\/types\/product"}],"replies":[{"embeddable":true,"href":"https:\/\/www.iwarehousing.com\/pt\/wp-json\/wp\/v2\/comments?post=189"}],"wp:featuredmedia":[{"embeddable":true,"href":"https:\/\/www.iwarehousing.com\/pt\/wp-json\/wp\/v2\/media\/2399"}],"wp:attachment":[{"href":"https:\/\/www.iwarehousing.com\/pt\/wp-json\/wp\/v2\/media?parent=189"}],"wp:term":[{"taxonomy":"product_brand","embeddable":true,"href":"https:\/\/www.iwarehousing.com\/pt\/wp-json\/wp\/v2\/product_brand?post=189"},{"taxonomy":"product_cat","embeddable":true,"href":"https:\/\/www.iwarehousing.com\/pt\/wp-json\/wp\/v2\/product_cat?post=189"},{"taxonomy":"product_tag","embeddable":true,"href":"https:\/\/www.iwarehousing.com\/pt\/wp-json\/wp\/v2\/product_tag?post=189"}],"curies":[{"name":"wp","href":"https:\/\/api.w.org\/{rel}","templated":true}]}}