{"id":184,"date":"2022-06-27T16:07:55","date_gmt":"2022-06-27T08:07:55","guid":{"rendered":"https:\/\/imm31ev9mx.onrocket.site\/?post_type=product&#038;p=184"},"modified":"2023-03-30T16:51:04","modified_gmt":"2023-03-30T08:51:04","slug":"schaefer-racking","status":"publish","type":"product","link":"https:\/\/www.iwarehousing.com\/pt\/product\/schaefer-racking\/","title":{"rendered":"Estantes Schaefer"},"content":{"rendered":"<h2>Caracter\u00edsticas das estantes de paletes Schaefer<\/h2>\n<h3>Design modular<\/h3>\n<p>As estantes convencionais Schaefer s\u00e3o um sistema modular, o que significa que podem ser customizadas para atender \u00e0s necessidades espec\u00edficas do seu armaz\u00e9m ou centro de distribui\u00e7\u00e3o.<\/p>\n<h3>Durabilidade<\/h3>\n<p>As estantes para paletes Schaefer s\u00e3o feitas de a\u00e7o de alta qualidade, projetadas para suportar cargas pesadas e manuseio brusco.<\/p>\n<h3>Flexibilidade<\/h3>\n<p>As estantes para paletes Schaefer s\u00e3o altamente flex\u00edveis e podem ser facilmente ajustadas ou reconfiguradas para acomodar altera\u00e7\u00f5es em seu estoque ou necessidades de armazenamento.<\/p>\n<h3>Seguran\u00e7a<\/h3>\n<p>As estantes para paletes Schaefer s\u00e3o projetadas pensando na seguran\u00e7a, com recursos como pinos de travamento, clipes de seguran\u00e7a e batentes de carga para evitar acidentes.<\/p>\n<h3>Utiliza\u00e7\u00e3o do Espa\u00e7o<\/h3>\n<p>As estantes para paletes Schaefer maximizam a utiliza\u00e7\u00e3o do espa\u00e7o do armaz\u00e9m, armazenando mercadorias verticalmente, liberando espa\u00e7o valioso.<\/p>\n<h3>Instala\u00e7\u00e3o f\u00e1cil<\/h3>\n<p>As estantes para paletes Schaefer s\u00e3o f\u00e1ceis de instalar, com interrup\u00e7\u00e3o m\u00ednima nas opera\u00e7\u00f5es do seu armaz\u00e9m.<\/p>\n<h3>Compatibilidade<\/h3>\n<p>As estantes para paletes Schaefer s\u00e3o compat\u00edveis com uma ampla gama de equipamentos de movimenta\u00e7\u00e3o de materiais, incluindo empilhadeiras e porta-paletes.<\/p>\n<p>&nbsp;<\/p>","protected":false},"excerpt":{"rendered":"<p>As estantes para paletes Schaefer s\u00e3o uma solu\u00e7\u00e3o de armazenamento dur\u00e1vel, flex\u00edvel e segura que pode ajud\u00e1-lo a otimizar a utiliza\u00e7\u00e3o do espa\u00e7o de armazenamento e agilizar suas opera\u00e7\u00f5es.<\/p>","protected":false},"featured_media":2397,"comment_status":"open","ping_status":"closed","template":"","meta":{"_seopress_robots_primary_cat":"","_seopress_titles_title":"","_seopress_titles_desc":"","_seopress_robots_index":""},"product_brand":[],"product_cat":[30],"product_tag":[],"class_list":{"0":"post-184","1":"product","2":"type-product","3":"status-publish","4":"has-post-thumbnail","6":"product_cat-pallet-racking","8":"first","9":"instock","10":"shipping-taxable","11":"product-type-simple"},"yoast_head":"<!-- This site is optimized with the Yoast SEO plugin v26.5 - https:\/\/yoast.com\/wordpress\/plugins\/seo\/ -->\n<title>Schaefer Racking - iWarehousing<\/title>\n<meta name=\"robots\" content=\"index, follow, max-snippet:-1, max-image-preview:large, max-video-preview:-1\" \/>\n<link rel=\"canonical\" href=\"https:\/\/www.iwarehousing.com\/pt\/product\/schaefer-racking\/\" \/>\n<meta property=\"og:locale\" content=\"pt_PT\" \/>\n<meta property=\"og:type\" content=\"article\" \/>\n<meta property=\"og:title\" content=\"Schaefer Racking - iWarehousing\" \/>\n<meta property=\"og:description\" content=\"Schaefer pallet racking is a durable, flexible, and safe storage solution that can help you optimize your warehouse space utilization and streamline your operations.\" \/>\n<meta property=\"og:url\" content=\"https:\/\/www.iwarehousing.com\/pt\/product\/schaefer-racking\/\" \/>\n<meta property=\"og:site_name\" content=\"iWarehousing\" \/>\n<meta property=\"article:modified_time\" content=\"2023-03-30T08:51:04+00:00\" \/>\n<meta property=\"og:image\" content=\"https:\/\/www.iwarehousing.com\/wp-content\/uploads\/2022\/06\/industrial-pallet-racking-2.jpg\" \/>\n\t<meta property=\"og:image:width\" content=\"2000\" \/>\n\t<meta property=\"og:image:height\" content=\"1339\" \/>\n\t<meta property=\"og:image:type\" content=\"image\/jpeg\" \/>\n<meta name=\"twitter:card\" content=\"summary_large_image\" \/>\n<meta name=\"twitter:label1\" content=\"Est. reading time\" \/>\n\t<meta name=\"twitter:data1\" content=\"1 minute\" \/>\n<script type=\"application\/ld+json\" class=\"yoast-schema-graph\">{\"@context\":\"https:\/\/schema.org\",\"@graph\":[{\"@type\":\"WebPage\",\"@id\":\"https:\/\/www.iwarehousing.com\/product\/schaefer-racking\/\",\"url\":\"https:\/\/www.iwarehousing.com\/product\/schaefer-racking\/\",\"name\":\"Schaefer Racking - iWarehousing\",\"isPartOf\":{\"@id\":\"https:\/\/www.iwarehousing.com\/#website\"},\"primaryImageOfPage\":{\"@id\":\"https:\/\/www.iwarehousing.com\/product\/schaefer-racking\/#primaryimage\"},\"image\":{\"@id\":\"https:\/\/www.iwarehousing.com\/product\/schaefer-racking\/#primaryimage\"},\"thumbnailUrl\":\"https:\/\/www.iwarehousing.com\/wp-content\/uploads\/2022\/06\/industrial-pallet-racking-2.jpg\",\"datePublished\":\"2022-06-27T08:07:55+00:00\",\"dateModified\":\"2023-03-30T08:51:04+00:00\",\"breadcrumb\":{\"@id\":\"https:\/\/www.iwarehousing.com\/product\/schaefer-racking\/#breadcrumb\"},\"inLanguage\":\"pt-PT\",\"potentialAction\":[{\"@type\":\"ReadAction\",\"target\":[\"https:\/\/www.iwarehousing.com\/product\/schaefer-racking\/\"]}]},{\"@type\":\"ImageObject\",\"inLanguage\":\"pt-PT\",\"@id\":\"https:\/\/www.iwarehousing.com\/product\/schaefer-racking\/#primaryimage\",\"url\":\"https:\/\/www.iwarehousing.com\/wp-content\/uploads\/2022\/06\/industrial-pallet-racking-2.jpg\",\"contentUrl\":\"https:\/\/www.iwarehousing.com\/wp-content\/uploads\/2022\/06\/industrial-pallet-racking-2.jpg\",\"width\":2000,\"height\":1339,\"caption\":\"industrial pallet racking 2\"},{\"@type\":\"BreadcrumbList\",\"@id\":\"https:\/\/www.iwarehousing.com\/product\/schaefer-racking\/#breadcrumb\",\"itemListElement\":[{\"@type\":\"ListItem\",\"position\":1,\"name\":\"Home\",\"item\":\"https:\/\/www.iwarehousing.com\/\"},{\"@type\":\"ListItem\",\"position\":2,\"name\":\"Product\",\"item\":\"https:\/\/www.iwarehousing.com\/product\/\"},{\"@type\":\"ListItem\",\"position\":3,\"name\":\"Schaefer Racking\"}]},{\"@type\":\"WebSite\",\"@id\":\"https:\/\/www.iwarehousing.com\/#website\",\"url\":\"https:\/\/www.iwarehousing.com\/\",\"name\":\"iWarehousing\",\"description\":\"Focus on warehousing equipments\",\"publisher\":{\"@id\":\"https:\/\/www.iwarehousing.com\/#organization\"},\"potentialAction\":[{\"@type\":\"SearchAction\",\"target\":{\"@type\":\"EntryPoint\",\"urlTemplate\":\"https:\/\/www.iwarehousing.com\/?s={search_term_string}\"},\"query-input\":{\"@type\":\"PropertyValueSpecification\",\"valueRequired\":true,\"valueName\":\"search_term_string\"}}],\"inLanguage\":\"pt-PT\"},{\"@type\":\"Organization\",\"@id\":\"https:\/\/www.iwarehousing.com\/#organization\",\"name\":\"iWarehousing\",\"url\":\"https:\/\/www.iwarehousing.com\/\",\"logo\":{\"@type\":\"ImageObject\",\"inLanguage\":\"pt-PT\",\"@id\":\"https:\/\/www.iwarehousing.com\/#\/schema\/logo\/image\/\",\"url\":\"https:\/\/www.iwarehousing.com\/wp-content\/uploads\/2022\/05\/iW-logo-no-tag-800pxREV2.png\",\"contentUrl\":\"https:\/\/www.iwarehousing.com\/wp-content\/uploads\/2022\/05\/iW-logo-no-tag-800pxREV2.png\",\"width\":1753,\"height\":490,\"caption\":\"iWarehousing\"},\"image\":{\"@id\":\"https:\/\/www.iwarehousing.com\/#\/schema\/logo\/image\/\"}}]}<\/script>\n<!-- \/ Yoast SEO plugin. -->","yoast_head_json":{"title":"Schaefer Racking - iWarehousing","robots":{"index":"index","follow":"follow","max-snippet":"max-snippet:-1","max-image-preview":"max-image-preview:large","max-video-preview":"max-video-preview:-1"},"canonical":"https:\/\/www.iwarehousing.com\/pt\/product\/schaefer-racking\/","og_locale":"pt_PT","og_type":"article","og_title":"Schaefer Racking - iWarehousing","og_description":"Schaefer pallet racking is a durable, flexible, and safe storage solution that can help you optimize your warehouse space utilization and streamline your operations.","og_url":"https:\/\/www.iwarehousing.com\/pt\/product\/schaefer-racking\/","og_site_name":"iWarehousing","article_modified_time":"2023-03-30T08:51:04+00:00","og_image":[{"width":2000,"height":1339,"url":"https:\/\/www.iwarehousing.com\/wp-content\/uploads\/2022\/06\/industrial-pallet-racking-2.jpg","type":"image\/jpeg"}],"twitter_card":"summary_large_image","twitter_misc":{"Est. reading time":"1 minute"},"schema":{"@context":"https:\/\/schema.org","@graph":[{"@type":"WebPage","@id":"https:\/\/www.iwarehousing.com\/product\/schaefer-racking\/","url":"https:\/\/www.iwarehousing.com\/product\/schaefer-racking\/","name":"Schaefer Racking - iWarehousing","isPartOf":{"@id":"https:\/\/www.iwarehousing.com\/#website"},"primaryImageOfPage":{"@id":"https:\/\/www.iwarehousing.com\/product\/schaefer-racking\/#primaryimage"},"image":{"@id":"https:\/\/www.iwarehousing.com\/product\/schaefer-racking\/#primaryimage"},"thumbnailUrl":"https:\/\/www.iwarehousing.com\/wp-content\/uploads\/2022\/06\/industrial-pallet-racking-2.jpg","datePublished":"2022-06-27T08:07:55+00:00","dateModified":"2023-03-30T08:51:04+00:00","breadcrumb":{"@id":"https:\/\/www.iwarehousing.com\/product\/schaefer-racking\/#breadcrumb"},"inLanguage":"pt-PT","potentialAction":[{"@type":"ReadAction","target":["https:\/\/www.iwarehousing.com\/product\/schaefer-racking\/"]}]},{"@type":"ImageObject","inLanguage":"pt-PT","@id":"https:\/\/www.iwarehousing.com\/product\/schaefer-racking\/#primaryimage","url":"https:\/\/www.iwarehousing.com\/wp-content\/uploads\/2022\/06\/industrial-pallet-racking-2.jpg","contentUrl":"https:\/\/www.iwarehousing.com\/wp-content\/uploads\/2022\/06\/industrial-pallet-racking-2.jpg","width":2000,"height":1339,"caption":"industrial pallet racking 2"},{"@type":"BreadcrumbList","@id":"https:\/\/www.iwarehousing.com\/product\/schaefer-racking\/#breadcrumb","itemListElement":[{"@type":"ListItem","position":1,"name":"Home","item":"https:\/\/www.iwarehousing.com\/"},{"@type":"ListItem","position":2,"name":"Product","item":"https:\/\/www.iwarehousing.com\/product\/"},{"@type":"ListItem","position":3,"name":"Schaefer Racking"}]},{"@type":"WebSite","@id":"https:\/\/www.iwarehousing.com\/#website","url":"https:\/\/www.iwarehousing.com\/","name":"iWarehousing","description":"Focus on warehousing equipments","publisher":{"@id":"https:\/\/www.iwarehousing.com\/#organization"},"potentialAction":[{"@type":"SearchAction","target":{"@type":"EntryPoint","urlTemplate":"https:\/\/www.iwarehousing.com\/?s={search_term_string}"},"query-input":{"@type":"PropertyValueSpecification","valueRequired":true,"valueName":"search_term_string"}}],"inLanguage":"pt-PT"},{"@type":"Organization","@id":"https:\/\/www.iwarehousing.com\/#organization","name":"iWarehousing","url":"https:\/\/www.iwarehousing.com\/","logo":{"@type":"ImageObject","inLanguage":"pt-PT","@id":"https:\/\/www.iwarehousing.com\/#\/schema\/logo\/image\/","url":"https:\/\/www.iwarehousing.com\/wp-content\/uploads\/2022\/05\/iW-logo-no-tag-800pxREV2.png","contentUrl":"https:\/\/www.iwarehousing.com\/wp-content\/uploads\/2022\/05\/iW-logo-no-tag-800pxREV2.png","width":1753,"height":490,"caption":"iWarehousing"},"image":{"@id":"https:\/\/www.iwarehousing.com\/#\/schema\/logo\/image\/"}}]}},"_links":{"self":[{"href":"https:\/\/www.iwarehousing.com\/pt\/wp-json\/wp\/v2\/product\/184","targetHints":{"allow":["GET"]}}],"collection":[{"href":"https:\/\/www.iwarehousing.com\/pt\/wp-json\/wp\/v2\/product"}],"about":[{"href":"https:\/\/www.iwarehousing.com\/pt\/wp-json\/wp\/v2\/types\/product"}],"replies":[{"embeddable":true,"href":"https:\/\/www.iwarehousing.com\/pt\/wp-json\/wp\/v2\/comments?post=184"}],"wp:featuredmedia":[{"embeddable":true,"href":"https:\/\/www.iwarehousing.com\/pt\/wp-json\/wp\/v2\/media\/2397"}],"wp:attachment":[{"href":"https:\/\/www.iwarehousing.com\/pt\/wp-json\/wp\/v2\/media?parent=184"}],"wp:term":[{"taxonomy":"product_brand","embeddable":true,"href":"https:\/\/www.iwarehousing.com\/pt\/wp-json\/wp\/v2\/product_brand?post=184"},{"taxonomy":"product_cat","embeddable":true,"href":"https:\/\/www.iwarehousing.com\/pt\/wp-json\/wp\/v2\/product_cat?post=184"},{"taxonomy":"product_tag","embeddable":true,"href":"https:\/\/www.iwarehousing.com\/pt\/wp-json\/wp\/v2\/product_tag?post=184"}],"curies":[{"name":"wp","href":"https:\/\/api.w.org\/{rel}","templated":true}]}}