{"id":181,"date":"2022-06-27T16:04:49","date_gmt":"2022-06-27T08:04:49","guid":{"rendered":"https:\/\/imm31ev9mx.onrocket.site\/?post_type=product&#038;p=181"},"modified":"2022-09-20T09:37:13","modified_gmt":"2022-09-20T01:37:13","slug":"warehouse-pallet-racking","status":"publish","type":"product","link":"https:\/\/www.iwarehousing.com\/pt\/product\/warehouse-pallet-racking\/","title":{"rendered":"Estantes de paletes para armaz\u00e9m"},"content":{"rendered":"<p>Estantes de paletes de armaz\u00e9m referem-se a um sistema que armazena coisas no topo de paletes de madeira ou pl\u00e1stico. De paletes leves a extrapesados, as estantes de paletes s\u00e3o a solu\u00e7\u00e3o de armazenamento mais comum para todos os produtos paletizados, pois aumentar\u00e3o suas capacidades de armazenamento. As estantes de paletes de armaz\u00e9m tamb\u00e9m permitem o acesso a cada palete no sistema para fornecer uma opera\u00e7\u00e3o r\u00e1pida de recupera\u00e7\u00e3o de paletes e podem ser usadas com qualquer tipo de empilhadeira, incluindo empilhadeiras de contrapeso e retr\u00e1teis.<\/p>\n<p>Oferecemos a maioria dos tipos e configura\u00e7\u00f5es de estantes de paletes de armaz\u00e9m que s\u00e3o frequentemente utilizadas em armaz\u00e9ns, enquanto <a href=\"https:\/\/www.iwarehousing.com\/pt\/product\/selective-pallet-racking\/\">estantes de paletes seletivas<\/a> \u00e9 o sistema mais comumente usado. Eles geralmente est\u00e3o em uma configura\u00e7\u00e3o \u201croll-formed\u201d ou \u201cestrutural\u201d. Eles geralmente s\u00e3o formados por montantes e um par de vigas para criar prateleiras que s\u00e3o projetadas para armazenar paletes. Este tipo de sistema geralmente requer menor investimento e tem boa acessibilidade entre todos os sistemas de estantes de paletes de dep\u00f3sito.<\/p>\n<h2>Vantagens do armazenamento de paletes em armaz\u00e9m<\/h2>\n<ul>\n<li>Baixo custo por posi\u00e7\u00e3o de palete<\/li>\n<\/ul>\n<p>O racking de paletes seletivo \u00e9 o tipo mais comum de racking de paletes e mant\u00e9m o menor custo inicial por palete em compara\u00e7\u00e3o a outros sistemas de racking de paletes. O baixo custo inicial torna o racking de paletes seletivo uma escolha ideal para uma ampla variedade de mercadorias para armazenamento em dep\u00f3sito.<\/p>\n<ul>\n<li>Seletividade total e acesso direto a cada palete<\/li>\n<\/ul>\n<p>O racking de paletes seletivo usa gerenciamento de invent\u00e1rio FIFO e fornece acesso oportuno \u00e0s posi\u00e7\u00f5es de paletes. As empilhadeiras podem acessar uma grande contagem de SKU que se ajusta \u00e0s demandas de mercado em mudan\u00e7a e aos requisitos de gerenciamento de invent\u00e1rio. A seletividade total permite que o centro de distribui\u00e7\u00e3o acompanhe as mudan\u00e7as na demanda do consumidor.<\/p>\n<ul>\n<li>Facilmente configurado para qualquer tamanho de carga<\/li>\n<\/ul>\n<p>Um armaz\u00e9m precisa que os tipos de SKU mudem com frequ\u00eancia e o armazenamento seletivo de paletes oferece a capacidade de ajustar as mudan\u00e7as conforme as demandas do mercado e do produto.<\/p>\n<ul>\n<li>Maximize o espa\u00e7o de armazenamento<\/li>\n<\/ul>\n<p>O sistema de armazenamento seletivo de estantes para paletes pode garantir que voc\u00ea possa usar o espa\u00e7o de armazenamento do seu armaz\u00e9m da forma mais eficiente poss\u00edvel.<\/p>\n<h2>Como projetar um sistema de estantes de paletes para armaz\u00e9m<\/h2>\n<ol>\n<li>Determine a largura da viga e a capacidade m\u00e1xima.<\/li>\n<\/ol>\n<p>Ao calcular a largura das vigas de estantes de paletes que voc\u00ea precisa, \u00e9 melhor adicionar algum espa\u00e7o entre os montantes de estantes de paletes e os paletes. Isso permite que os operadores de empilhadeiras tenham um pouco de espa\u00e7o enquanto movem mercadorias para dentro e para fora do sistema de estantes de paletes. Isso pode reduzir a quantidade de danos \u00e0s estantes de paletes e aumentar a efici\u00eancia do operador, j\u00e1 que eles n\u00e3o precisam diminuir a velocidade. Um projetista tamb\u00e9m precisa saber a capacidade de carga de um palete para que ele possa escolher o perfil da viga usando um sistema de estantes de paletes.<\/p>\n<ol start=\"2\">\n<li>Determine a profundidade que sua estante de paletes precisa ter.<\/li>\n<\/ol>\n<p>O pr\u00f3ximo passo \u00e9 pegar a profundidade da mercadoria que voc\u00ea est\u00e1 tentando armazenar, que foi calculada na primeira etapa, e adicionar cinco cent\u00edmetros de cada lado.<\/p>\n<ol start=\"3\">\n<li>Determine as dimens\u00f5es da sua estante de paletes.<\/li>\n<\/ol>\n<p>Ap\u00f3s as etapas 1 e 2, voc\u00ea pode fixar a profundidade, largura e altura do racking de paletes. Ent\u00e3o o engenheiro pode fazer o layout para o racking conforme a situa\u00e7\u00e3o do dep\u00f3sito.<\/p>\n<p>Coisas a considerar ao projetar um sistema de estantes de paletes para armaz\u00e9m<\/p>\n<h2>Ao projetar um sistema de estantes para paletes, certifique-se de considerar:<\/h2>\n<ul>\n<li>Densidade de armazenamento necess\u00e1ria.<\/li>\n<li>H\u00e1 espa\u00e7o dispon\u00edvel.<\/li>\n<li>Altura do edif\u00edcio<\/li>\n<li>Acessibilidade de invent\u00e1rio<\/li>\n<li>Requisitos de rota\u00e7\u00e3o<\/li>\n<li>Tamanho e peso do carregamento de paletes<\/li>\n<li>Custo de materiais e instala\u00e7\u00e3o<\/li>\n<\/ul>","protected":false},"excerpt":{"rendered":"<p>Warehouse pallet racking system can make efficient use of the storage space of warehouse to lay palletized goods. Pallet racking offers an effective pallet storage system which is compatible with all types and sizes of pallets. It can be adjusted easily and offers the most comprehensive components of the system. With 100% accessibility of your goods, you will have proper stock rotation and quick picking to increase work efficiency.<\/p>\n<p>If you are looking to use warehouse storage space more efficiently, a warehouse racking system maybe your best choice. Selective Pallet Racking Systems are industry standard and are currently most frequently used. It\u2019s compatible with all pallet types and sizes and can be used with any type of handling system. Its advantages are flexibility and versatility.<\/p>","protected":false},"featured_media":262,"comment_status":"open","ping_status":"closed","template":"","meta":{"_seopress_robots_primary_cat":"","_seopress_titles_title":"","_seopress_titles_desc":"","_seopress_robots_index":""},"product_brand":[],"product_cat":[30],"product_tag":[],"class_list":{"0":"post-181","1":"product","2":"type-product","3":"status-publish","4":"has-post-thumbnail","6":"product_cat-pallet-racking","8":"first","9":"instock","10":"shipping-taxable","11":"product-type-simple"},"yoast_head":"<!-- This site is optimized with the Yoast SEO plugin v26.5 - https:\/\/yoast.com\/wordpress\/plugins\/seo\/ -->\n<title>Warehouse Pallet Racking - iWarehousing<\/title>\n<meta name=\"robots\" content=\"index, follow, max-snippet:-1, max-image-preview:large, max-video-preview:-1\" \/>\n<link rel=\"canonical\" href=\"https:\/\/www.iwarehousing.com\/pt\/product\/warehouse-pallet-racking\/\" \/>\n<meta property=\"og:locale\" content=\"pt_PT\" \/>\n<meta property=\"og:type\" content=\"article\" \/>\n<meta property=\"og:title\" content=\"Warehouse Pallet Racking - iWarehousing\" \/>\n<meta property=\"og:description\" content=\"Warehouse pallet racking system can make efficient use of the storage space of warehouse to lay palletized goods. Pallet racking offers an effective pallet storage system which is compatible with all types and sizes of pallets. It can be adjusted easily and offers the most comprehensive components of the system. With 100% accessibility of your goods, you will have proper stock rotation and quick picking to increase work efficiency.  If you are looking to use warehouse storage space more efficiently, a warehouse racking system maybe your best choice. Selective Pallet Racking Systems are industry standard and are currently most frequently used. It\u2019s compatible with all pallet types and sizes and can be used with any type of handling system. Its advantages are flexibility and versatility.\" \/>\n<meta property=\"og:url\" content=\"https:\/\/www.iwarehousing.com\/pt\/product\/warehouse-pallet-racking\/\" \/>\n<meta property=\"og:site_name\" content=\"iWarehousing\" \/>\n<meta property=\"article:modified_time\" content=\"2022-09-20T01:37:13+00:00\" \/>\n<meta property=\"og:image\" content=\"https:\/\/www.iwarehousing.com\/wp-content\/uploads\/2022\/06\/Warehouse-Pallet-Racking-3.jpg\" \/>\n\t<meta property=\"og:image:width\" content=\"600\" \/>\n\t<meta property=\"og:image:height\" content=\"600\" \/>\n\t<meta property=\"og:image:type\" content=\"image\/jpeg\" \/>\n<meta name=\"twitter:card\" content=\"summary_large_image\" \/>\n<meta name=\"twitter:label1\" content=\"Est. reading time\" \/>\n\t<meta name=\"twitter:data1\" content=\"3 minutes\" \/>\n<script type=\"application\/ld+json\" class=\"yoast-schema-graph\">{\"@context\":\"https:\/\/schema.org\",\"@graph\":[{\"@type\":\"WebPage\",\"@id\":\"https:\/\/www.iwarehousing.com\/product\/warehouse-pallet-racking\/\",\"url\":\"https:\/\/www.iwarehousing.com\/product\/warehouse-pallet-racking\/\",\"name\":\"Warehouse Pallet Racking - iWarehousing\",\"isPartOf\":{\"@id\":\"https:\/\/www.iwarehousing.com\/#website\"},\"primaryImageOfPage\":{\"@id\":\"https:\/\/www.iwarehousing.com\/product\/warehouse-pallet-racking\/#primaryimage\"},\"image\":{\"@id\":\"https:\/\/www.iwarehousing.com\/product\/warehouse-pallet-racking\/#primaryimage\"},\"thumbnailUrl\":\"https:\/\/www.iwarehousing.com\/wp-content\/uploads\/2022\/06\/Warehouse-Pallet-Racking-3.jpg\",\"datePublished\":\"2022-06-27T08:04:49+00:00\",\"dateModified\":\"2022-09-20T01:37:13+00:00\",\"breadcrumb\":{\"@id\":\"https:\/\/www.iwarehousing.com\/product\/warehouse-pallet-racking\/#breadcrumb\"},\"inLanguage\":\"pt-PT\",\"potentialAction\":[{\"@type\":\"ReadAction\",\"target\":[\"https:\/\/www.iwarehousing.com\/product\/warehouse-pallet-racking\/\"]}]},{\"@type\":\"ImageObject\",\"inLanguage\":\"pt-PT\",\"@id\":\"https:\/\/www.iwarehousing.com\/product\/warehouse-pallet-racking\/#primaryimage\",\"url\":\"https:\/\/www.iwarehousing.com\/wp-content\/uploads\/2022\/06\/Warehouse-Pallet-Racking-3.jpg\",\"contentUrl\":\"https:\/\/www.iwarehousing.com\/wp-content\/uploads\/2022\/06\/Warehouse-Pallet-Racking-3.jpg\",\"width\":600,\"height\":600,\"caption\":\"warehouse pallet racking 3\"},{\"@type\":\"BreadcrumbList\",\"@id\":\"https:\/\/www.iwarehousing.com\/product\/warehouse-pallet-racking\/#breadcrumb\",\"itemListElement\":[{\"@type\":\"ListItem\",\"position\":1,\"name\":\"Home\",\"item\":\"https:\/\/www.iwarehousing.com\/\"},{\"@type\":\"ListItem\",\"position\":2,\"name\":\"Product\",\"item\":\"https:\/\/www.iwarehousing.com\/product\/\"},{\"@type\":\"ListItem\",\"position\":3,\"name\":\"Warehouse Pallet Racking\"}]},{\"@type\":\"WebSite\",\"@id\":\"https:\/\/www.iwarehousing.com\/#website\",\"url\":\"https:\/\/www.iwarehousing.com\/\",\"name\":\"iWarehousing\",\"description\":\"Focus on warehousing equipments\",\"publisher\":{\"@id\":\"https:\/\/www.iwarehousing.com\/#organization\"},\"potentialAction\":[{\"@type\":\"SearchAction\",\"target\":{\"@type\":\"EntryPoint\",\"urlTemplate\":\"https:\/\/www.iwarehousing.com\/?s={search_term_string}\"},\"query-input\":{\"@type\":\"PropertyValueSpecification\",\"valueRequired\":true,\"valueName\":\"search_term_string\"}}],\"inLanguage\":\"pt-PT\"},{\"@type\":\"Organization\",\"@id\":\"https:\/\/www.iwarehousing.com\/#organization\",\"name\":\"iWarehousing\",\"url\":\"https:\/\/www.iwarehousing.com\/\",\"logo\":{\"@type\":\"ImageObject\",\"inLanguage\":\"pt-PT\",\"@id\":\"https:\/\/www.iwarehousing.com\/#\/schema\/logo\/image\/\",\"url\":\"https:\/\/www.iwarehousing.com\/wp-content\/uploads\/2022\/05\/iW-logo-no-tag-800pxREV2.png\",\"contentUrl\":\"https:\/\/www.iwarehousing.com\/wp-content\/uploads\/2022\/05\/iW-logo-no-tag-800pxREV2.png\",\"width\":1753,\"height\":490,\"caption\":\"iWarehousing\"},\"image\":{\"@id\":\"https:\/\/www.iwarehousing.com\/#\/schema\/logo\/image\/\"}}]}<\/script>\n<!-- \/ Yoast SEO plugin. -->","yoast_head_json":{"title":"Warehouse Pallet Racking - iWarehousing","robots":{"index":"index","follow":"follow","max-snippet":"max-snippet:-1","max-image-preview":"max-image-preview:large","max-video-preview":"max-video-preview:-1"},"canonical":"https:\/\/www.iwarehousing.com\/pt\/product\/warehouse-pallet-racking\/","og_locale":"pt_PT","og_type":"article","og_title":"Warehouse Pallet Racking - iWarehousing","og_description":"Warehouse pallet racking system can make efficient use of the storage space of warehouse to lay palletized goods. Pallet racking offers an effective pallet storage system which is compatible with all types and sizes of pallets. It can be adjusted easily and offers the most comprehensive components of the system. With 100% accessibility of your goods, you will have proper stock rotation and quick picking to increase work efficiency.  If you are looking to use warehouse storage space more efficiently, a warehouse racking system maybe your best choice. Selective Pallet Racking Systems are industry standard and are currently most frequently used. It\u2019s compatible with all pallet types and sizes and can be used with any type of handling system. Its advantages are flexibility and versatility.","og_url":"https:\/\/www.iwarehousing.com\/pt\/product\/warehouse-pallet-racking\/","og_site_name":"iWarehousing","article_modified_time":"2022-09-20T01:37:13+00:00","og_image":[{"width":600,"height":600,"url":"https:\/\/www.iwarehousing.com\/wp-content\/uploads\/2022\/06\/Warehouse-Pallet-Racking-3.jpg","type":"image\/jpeg"}],"twitter_card":"summary_large_image","twitter_misc":{"Est. reading time":"3 minutes"},"schema":{"@context":"https:\/\/schema.org","@graph":[{"@type":"WebPage","@id":"https:\/\/www.iwarehousing.com\/product\/warehouse-pallet-racking\/","url":"https:\/\/www.iwarehousing.com\/product\/warehouse-pallet-racking\/","name":"Warehouse Pallet Racking - iWarehousing","isPartOf":{"@id":"https:\/\/www.iwarehousing.com\/#website"},"primaryImageOfPage":{"@id":"https:\/\/www.iwarehousing.com\/product\/warehouse-pallet-racking\/#primaryimage"},"image":{"@id":"https:\/\/www.iwarehousing.com\/product\/warehouse-pallet-racking\/#primaryimage"},"thumbnailUrl":"https:\/\/www.iwarehousing.com\/wp-content\/uploads\/2022\/06\/Warehouse-Pallet-Racking-3.jpg","datePublished":"2022-06-27T08:04:49+00:00","dateModified":"2022-09-20T01:37:13+00:00","breadcrumb":{"@id":"https:\/\/www.iwarehousing.com\/product\/warehouse-pallet-racking\/#breadcrumb"},"inLanguage":"pt-PT","potentialAction":[{"@type":"ReadAction","target":["https:\/\/www.iwarehousing.com\/product\/warehouse-pallet-racking\/"]}]},{"@type":"ImageObject","inLanguage":"pt-PT","@id":"https:\/\/www.iwarehousing.com\/product\/warehouse-pallet-racking\/#primaryimage","url":"https:\/\/www.iwarehousing.com\/wp-content\/uploads\/2022\/06\/Warehouse-Pallet-Racking-3.jpg","contentUrl":"https:\/\/www.iwarehousing.com\/wp-content\/uploads\/2022\/06\/Warehouse-Pallet-Racking-3.jpg","width":600,"height":600,"caption":"warehouse pallet racking 3"},{"@type":"BreadcrumbList","@id":"https:\/\/www.iwarehousing.com\/product\/warehouse-pallet-racking\/#breadcrumb","itemListElement":[{"@type":"ListItem","position":1,"name":"Home","item":"https:\/\/www.iwarehousing.com\/"},{"@type":"ListItem","position":2,"name":"Product","item":"https:\/\/www.iwarehousing.com\/product\/"},{"@type":"ListItem","position":3,"name":"Warehouse Pallet Racking"}]},{"@type":"WebSite","@id":"https:\/\/www.iwarehousing.com\/#website","url":"https:\/\/www.iwarehousing.com\/","name":"iWarehousing","description":"Focus on warehousing equipments","publisher":{"@id":"https:\/\/www.iwarehousing.com\/#organization"},"potentialAction":[{"@type":"SearchAction","target":{"@type":"EntryPoint","urlTemplate":"https:\/\/www.iwarehousing.com\/?s={search_term_string}"},"query-input":{"@type":"PropertyValueSpecification","valueRequired":true,"valueName":"search_term_string"}}],"inLanguage":"pt-PT"},{"@type":"Organization","@id":"https:\/\/www.iwarehousing.com\/#organization","name":"iWarehousing","url":"https:\/\/www.iwarehousing.com\/","logo":{"@type":"ImageObject","inLanguage":"pt-PT","@id":"https:\/\/www.iwarehousing.com\/#\/schema\/logo\/image\/","url":"https:\/\/www.iwarehousing.com\/wp-content\/uploads\/2022\/05\/iW-logo-no-tag-800pxREV2.png","contentUrl":"https:\/\/www.iwarehousing.com\/wp-content\/uploads\/2022\/05\/iW-logo-no-tag-800pxREV2.png","width":1753,"height":490,"caption":"iWarehousing"},"image":{"@id":"https:\/\/www.iwarehousing.com\/#\/schema\/logo\/image\/"}}]}},"_links":{"self":[{"href":"https:\/\/www.iwarehousing.com\/pt\/wp-json\/wp\/v2\/product\/181","targetHints":{"allow":["GET"]}}],"collection":[{"href":"https:\/\/www.iwarehousing.com\/pt\/wp-json\/wp\/v2\/product"}],"about":[{"href":"https:\/\/www.iwarehousing.com\/pt\/wp-json\/wp\/v2\/types\/product"}],"replies":[{"embeddable":true,"href":"https:\/\/www.iwarehousing.com\/pt\/wp-json\/wp\/v2\/comments?post=181"}],"wp:featuredmedia":[{"embeddable":true,"href":"https:\/\/www.iwarehousing.com\/pt\/wp-json\/wp\/v2\/media\/262"}],"wp:attachment":[{"href":"https:\/\/www.iwarehousing.com\/pt\/wp-json\/wp\/v2\/media?parent=181"}],"wp:term":[{"taxonomy":"product_brand","embeddable":true,"href":"https:\/\/www.iwarehousing.com\/pt\/wp-json\/wp\/v2\/product_brand?post=181"},{"taxonomy":"product_cat","embeddable":true,"href":"https:\/\/www.iwarehousing.com\/pt\/wp-json\/wp\/v2\/product_cat?post=181"},{"taxonomy":"product_tag","embeddable":true,"href":"https:\/\/www.iwarehousing.com\/pt\/wp-json\/wp\/v2\/product_tag?post=181"}],"curies":[{"name":"wp","href":"https:\/\/api.w.org\/{rel}","templated":true}]}}