{"id":180,"date":"2022-06-27T16:04:07","date_gmt":"2022-06-27T08:04:07","guid":{"rendered":"https:\/\/imm31ev9mx.onrocket.site\/?post_type=product&#038;p=180"},"modified":"2022-12-15T16:21:19","modified_gmt":"2022-12-15T08:21:19","slug":"dexion-pallet-racking","status":"publish","type":"product","link":"https:\/\/www.iwarehousing.com\/pt\/product\/dexion-pallet-racking\/","title":{"rendered":"Estantes de paletes Dexion"},"content":{"rendered":"<p>Com mais de 15 anos de experi\u00eancia na ind\u00fastria de armaz\u00e9ns, somos um fornecedor l\u00edder na China de sistemas de estantes para paletes. Estamos empenhados em oferecer as mais recentes inova\u00e7\u00f5es para garantir que nossos clientes tenham experi\u00eancias diferentes. Podemos atender \u00e0s suas necessidades n\u00e3o apenas na melhoria dos padr\u00f5es de seguran\u00e7a, completando a conformidade com todas as regulamenta\u00e7\u00f5es do setor, mas tamb\u00e9m na cria\u00e7\u00e3o de procedimentos simplificados para aumentar a produtividade dos funcion\u00e1rios.<\/p>\n<p>Oferecemos a maioria dos tipos e configura\u00e7\u00f5es que s\u00e3o frequentemente usados em armaz\u00e9ns, enquanto o sistema de estantes para paletes Dexion \u00e9 o sistema mais comumente usado. Eles geralmente est\u00e3o em uma configura\u00e7\u00e3o \u201cformada em rolo\u201d ou \u201cestrutural\u201d. Geralmente s\u00e3o formados por montantes e um par de vigas para criar prateleiras destinadas ao armazenamento de paletes. Este tipo de sistema muitas vezes requer menor investimento e tem boa acessibilidade.<\/p>\n<h2>O que podemos fazer<\/h2>\n<p>Projetaremos uma solu\u00e7\u00e3o de estantes para paletes que possa atender \u00e0s necessidades do seu neg\u00f3cio e otimizar o espa\u00e7o do seu armaz\u00e9m para atingir a capacidade m\u00e1xima de armazenamento.<\/p>\n<h3>Caracter\u00edsticas de design<\/h3>\n<p>Atrav\u00e9s do desenvolvimento de nossos produtos, nossos produtos possuem muitos recursos l\u00edderes, por exemplo, a conex\u00e3o Boltless. Nosso conector exclusivo pode se adaptar a qualquer peso e, ao mesmo tempo, manter o mais alto n\u00edvel de estabilidade.<\/p>\n<h3>Estantes de paletes flex\u00edveis<\/h3>\n<p>Atrav\u00e9s da consulta inicial, reuniremos os requisitos dos clientes, o que auxilia no projeto inicial. Isso nos permite produzir op\u00e7\u00f5es flex\u00edveis de sistemas de estantes para paletes que atendam \u00e0s suas necessidades. Estes incluem a gama dos nossos caixilhos e vigas, que podem ser alterados de acordo com diferentes alturas e cargas.<\/p>\n<h3>Prote\u00e7\u00e3o de racks<\/h3>\n<p>Adicionaremos prote\u00e7\u00e3o de estantes para garantir a seguran\u00e7a do seu investimento. A prote\u00e7\u00e3o das estantes ajuda a prolongar a vida \u00fatil do seu sistema de estantes. Fornecemos v\u00e1rios tipos de prote\u00e7\u00e3o para atender \u00e0s suas necessidades.<\/p>\n<h3>Disposi\u00e7\u00e3o<\/h3>\n<p>O Dexion Pallet Racking tem apenas um palete de profundidade, mas dois racks podem ser colocados costas com costas.<\/p>\n<h3>Acesso a paletes<\/h3>\n<p>As estantes para paletes Dexion proporcionam acesso direto a todos os paletes armazenados. Para linhas de produtos com baixo volume de giro, esse tipo de estante \u00e9 uma boa escolha.<\/p>\n<h3>Largura do corredor<\/h3>\n<p>A largura do corredor \u00e9 um fator importante para a capacidade de armazenamento de um sistema de estantes para paletes. A capacidade de armazenamento pode ser ajustada de acordo com o tipo de estante que voc\u00ea escolher. Corredores de largura estreita nem sempre equivalem a menores custos de armazenamento, embora possam levar a tempos de manuseio mais lentos, o que pode compensar os benef\u00edcios de um maior armazenamento.<\/p>","protected":false},"excerpt":{"rendered":"<p>As estantes para paletes s\u00e3o um sistema de armazenamento de manuseio amplamente utilizado, projetado para armazenar mercadorias em paletes. Existem muitos tipos diferentes de sistemas de estantes para paletes, todos os quais permitem o armazenamento de material paletizado em filas horizontais em v\u00e1rios n\u00edveis. Se voc\u00ea deseja usar o espa\u00e7o de armazenamento com mais efici\u00eancia, o Dexion Pallet Racking System talvez seja sua melhor escolha. As estantes para paletes Dexion s\u00e3o padr\u00e3o da ind\u00fastria e atualmente s\u00e3o usadas com mais frequ\u00eancia. \u00c9 compat\u00edvel com todos os tipos e tamanhos de paletes e pode ser utilizado com qualquer tipo de sistema de movimenta\u00e7\u00e3o. Suas vantagens s\u00e3o flexibilidade e versatilidade.<\/p>","protected":false},"featured_media":269,"comment_status":"open","ping_status":"closed","template":"","meta":{"_seopress_robots_primary_cat":"","_seopress_titles_title":"","_seopress_titles_desc":"","_seopress_robots_index":""},"product_brand":[],"product_cat":[30],"product_tag":[],"class_list":{"0":"post-180","1":"product","2":"type-product","3":"status-publish","4":"has-post-thumbnail","6":"product_cat-pallet-racking","8":"first","9":"instock","10":"shipping-taxable","11":"product-type-simple"},"yoast_head":"<!-- This site is optimized with the Yoast SEO plugin v26.5 - https:\/\/yoast.com\/wordpress\/plugins\/seo\/ -->\n<title>Dexion Pallet Racking - iWarehousing<\/title>\n<meta name=\"robots\" content=\"index, follow, max-snippet:-1, max-image-preview:large, max-video-preview:-1\" \/>\n<link rel=\"canonical\" href=\"https:\/\/www.iwarehousing.com\/pt\/product\/dexion-pallet-racking\/\" \/>\n<meta property=\"og:locale\" content=\"pt_PT\" \/>\n<meta property=\"og:type\" content=\"article\" \/>\n<meta property=\"og:title\" content=\"Dexion Pallet Racking - iWarehousing\" \/>\n<meta property=\"og:description\" content=\"Pallet racking is a widely used handling storage system designed to store goods on pallets. There are many different types of pallet racking systems, all of which allow storage of palletized material in horizontal rows at multiple levels. If you\u2019re looking to use storage space more efficiently, Dexion Pallet Racking System maybe your best choice. Dexion pallet racking is industry standard and is currently most frequently used. It\u2019s compatible with all pallet types and sizes and can be used with any type of handling system. Its advantages are flexibility and versatility.\" \/>\n<meta property=\"og:url\" content=\"https:\/\/www.iwarehousing.com\/pt\/product\/dexion-pallet-racking\/\" \/>\n<meta property=\"og:site_name\" content=\"iWarehousing\" \/>\n<meta property=\"article:modified_time\" content=\"2022-12-15T08:21:19+00:00\" \/>\n<meta property=\"og:image\" content=\"https:\/\/www.iwarehousing.com\/wp-content\/uploads\/2022\/06\/dexion-pallet-racking.png\" \/>\n\t<meta property=\"og:image:width\" content=\"800\" \/>\n\t<meta property=\"og:image:height\" content=\"600\" \/>\n\t<meta property=\"og:image:type\" content=\"image\/png\" \/>\n<meta name=\"twitter:card\" content=\"summary_large_image\" \/>\n<meta name=\"twitter:label1\" content=\"Est. reading time\" \/>\n\t<meta name=\"twitter:data1\" content=\"2 minutes\" \/>\n<script type=\"application\/ld+json\" class=\"yoast-schema-graph\">{\"@context\":\"https:\/\/schema.org\",\"@graph\":[{\"@type\":\"WebPage\",\"@id\":\"https:\/\/www.iwarehousing.com\/product\/dexion-pallet-racking\/\",\"url\":\"https:\/\/www.iwarehousing.com\/product\/dexion-pallet-racking\/\",\"name\":\"Dexion Pallet Racking - iWarehousing\",\"isPartOf\":{\"@id\":\"https:\/\/www.iwarehousing.com\/#website\"},\"primaryImageOfPage\":{\"@id\":\"https:\/\/www.iwarehousing.com\/product\/dexion-pallet-racking\/#primaryimage\"},\"image\":{\"@id\":\"https:\/\/www.iwarehousing.com\/product\/dexion-pallet-racking\/#primaryimage\"},\"thumbnailUrl\":\"https:\/\/www.iwarehousing.com\/wp-content\/uploads\/2022\/06\/dexion-pallet-racking.png\",\"datePublished\":\"2022-06-27T08:04:07+00:00\",\"dateModified\":\"2022-12-15T08:21:19+00:00\",\"breadcrumb\":{\"@id\":\"https:\/\/www.iwarehousing.com\/product\/dexion-pallet-racking\/#breadcrumb\"},\"inLanguage\":\"pt-PT\",\"potentialAction\":[{\"@type\":\"ReadAction\",\"target\":[\"https:\/\/www.iwarehousing.com\/product\/dexion-pallet-racking\/\"]}]},{\"@type\":\"ImageObject\",\"inLanguage\":\"pt-PT\",\"@id\":\"https:\/\/www.iwarehousing.com\/product\/dexion-pallet-racking\/#primaryimage\",\"url\":\"https:\/\/www.iwarehousing.com\/wp-content\/uploads\/2022\/06\/dexion-pallet-racking.png\",\"contentUrl\":\"https:\/\/www.iwarehousing.com\/wp-content\/uploads\/2022\/06\/dexion-pallet-racking.png\",\"width\":800,\"height\":600,\"caption\":\"dexion pallet racking\"},{\"@type\":\"BreadcrumbList\",\"@id\":\"https:\/\/www.iwarehousing.com\/product\/dexion-pallet-racking\/#breadcrumb\",\"itemListElement\":[{\"@type\":\"ListItem\",\"position\":1,\"name\":\"Home\",\"item\":\"https:\/\/www.iwarehousing.com\/\"},{\"@type\":\"ListItem\",\"position\":2,\"name\":\"Product\",\"item\":\"https:\/\/www.iwarehousing.com\/product\/\"},{\"@type\":\"ListItem\",\"position\":3,\"name\":\"Dexion Pallet Racking\"}]},{\"@type\":\"WebSite\",\"@id\":\"https:\/\/www.iwarehousing.com\/#website\",\"url\":\"https:\/\/www.iwarehousing.com\/\",\"name\":\"iWarehousing\",\"description\":\"Focus on warehousing equipments\",\"publisher\":{\"@id\":\"https:\/\/www.iwarehousing.com\/#organization\"},\"potentialAction\":[{\"@type\":\"SearchAction\",\"target\":{\"@type\":\"EntryPoint\",\"urlTemplate\":\"https:\/\/www.iwarehousing.com\/?s={search_term_string}\"},\"query-input\":{\"@type\":\"PropertyValueSpecification\",\"valueRequired\":true,\"valueName\":\"search_term_string\"}}],\"inLanguage\":\"pt-PT\"},{\"@type\":\"Organization\",\"@id\":\"https:\/\/www.iwarehousing.com\/#organization\",\"name\":\"iWarehousing\",\"url\":\"https:\/\/www.iwarehousing.com\/\",\"logo\":{\"@type\":\"ImageObject\",\"inLanguage\":\"pt-PT\",\"@id\":\"https:\/\/www.iwarehousing.com\/#\/schema\/logo\/image\/\",\"url\":\"https:\/\/www.iwarehousing.com\/wp-content\/uploads\/2022\/05\/iW-logo-no-tag-800pxREV2.png\",\"contentUrl\":\"https:\/\/www.iwarehousing.com\/wp-content\/uploads\/2022\/05\/iW-logo-no-tag-800pxREV2.png\",\"width\":1753,\"height\":490,\"caption\":\"iWarehousing\"},\"image\":{\"@id\":\"https:\/\/www.iwarehousing.com\/#\/schema\/logo\/image\/\"}}]}<\/script>\n<!-- \/ Yoast SEO plugin. -->","yoast_head_json":{"title":"Dexion Pallet Racking - iWarehousing","robots":{"index":"index","follow":"follow","max-snippet":"max-snippet:-1","max-image-preview":"max-image-preview:large","max-video-preview":"max-video-preview:-1"},"canonical":"https:\/\/www.iwarehousing.com\/pt\/product\/dexion-pallet-racking\/","og_locale":"pt_PT","og_type":"article","og_title":"Dexion Pallet Racking - iWarehousing","og_description":"Pallet racking is a widely used handling storage system designed to store goods on pallets. There are many different types of pallet racking systems, all of which allow storage of palletized material in horizontal rows at multiple levels. If you\u2019re looking to use storage space more efficiently, Dexion Pallet Racking System maybe your best choice. Dexion pallet racking is industry standard and is currently most frequently used. It\u2019s compatible with all pallet types and sizes and can be used with any type of handling system. Its advantages are flexibility and versatility.","og_url":"https:\/\/www.iwarehousing.com\/pt\/product\/dexion-pallet-racking\/","og_site_name":"iWarehousing","article_modified_time":"2022-12-15T08:21:19+00:00","og_image":[{"width":800,"height":600,"url":"https:\/\/www.iwarehousing.com\/wp-content\/uploads\/2022\/06\/dexion-pallet-racking.png","type":"image\/png"}],"twitter_card":"summary_large_image","twitter_misc":{"Est. reading time":"2 minutes"},"schema":{"@context":"https:\/\/schema.org","@graph":[{"@type":"WebPage","@id":"https:\/\/www.iwarehousing.com\/product\/dexion-pallet-racking\/","url":"https:\/\/www.iwarehousing.com\/product\/dexion-pallet-racking\/","name":"Dexion Pallet Racking - iWarehousing","isPartOf":{"@id":"https:\/\/www.iwarehousing.com\/#website"},"primaryImageOfPage":{"@id":"https:\/\/www.iwarehousing.com\/product\/dexion-pallet-racking\/#primaryimage"},"image":{"@id":"https:\/\/www.iwarehousing.com\/product\/dexion-pallet-racking\/#primaryimage"},"thumbnailUrl":"https:\/\/www.iwarehousing.com\/wp-content\/uploads\/2022\/06\/dexion-pallet-racking.png","datePublished":"2022-06-27T08:04:07+00:00","dateModified":"2022-12-15T08:21:19+00:00","breadcrumb":{"@id":"https:\/\/www.iwarehousing.com\/product\/dexion-pallet-racking\/#breadcrumb"},"inLanguage":"pt-PT","potentialAction":[{"@type":"ReadAction","target":["https:\/\/www.iwarehousing.com\/product\/dexion-pallet-racking\/"]}]},{"@type":"ImageObject","inLanguage":"pt-PT","@id":"https:\/\/www.iwarehousing.com\/product\/dexion-pallet-racking\/#primaryimage","url":"https:\/\/www.iwarehousing.com\/wp-content\/uploads\/2022\/06\/dexion-pallet-racking.png","contentUrl":"https:\/\/www.iwarehousing.com\/wp-content\/uploads\/2022\/06\/dexion-pallet-racking.png","width":800,"height":600,"caption":"dexion pallet racking"},{"@type":"BreadcrumbList","@id":"https:\/\/www.iwarehousing.com\/product\/dexion-pallet-racking\/#breadcrumb","itemListElement":[{"@type":"ListItem","position":1,"name":"Home","item":"https:\/\/www.iwarehousing.com\/"},{"@type":"ListItem","position":2,"name":"Product","item":"https:\/\/www.iwarehousing.com\/product\/"},{"@type":"ListItem","position":3,"name":"Dexion Pallet Racking"}]},{"@type":"WebSite","@id":"https:\/\/www.iwarehousing.com\/#website","url":"https:\/\/www.iwarehousing.com\/","name":"iWarehousing","description":"Focus on warehousing equipments","publisher":{"@id":"https:\/\/www.iwarehousing.com\/#organization"},"potentialAction":[{"@type":"SearchAction","target":{"@type":"EntryPoint","urlTemplate":"https:\/\/www.iwarehousing.com\/?s={search_term_string}"},"query-input":{"@type":"PropertyValueSpecification","valueRequired":true,"valueName":"search_term_string"}}],"inLanguage":"pt-PT"},{"@type":"Organization","@id":"https:\/\/www.iwarehousing.com\/#organization","name":"iWarehousing","url":"https:\/\/www.iwarehousing.com\/","logo":{"@type":"ImageObject","inLanguage":"pt-PT","@id":"https:\/\/www.iwarehousing.com\/#\/schema\/logo\/image\/","url":"https:\/\/www.iwarehousing.com\/wp-content\/uploads\/2022\/05\/iW-logo-no-tag-800pxREV2.png","contentUrl":"https:\/\/www.iwarehousing.com\/wp-content\/uploads\/2022\/05\/iW-logo-no-tag-800pxREV2.png","width":1753,"height":490,"caption":"iWarehousing"},"image":{"@id":"https:\/\/www.iwarehousing.com\/#\/schema\/logo\/image\/"}}]}},"_links":{"self":[{"href":"https:\/\/www.iwarehousing.com\/pt\/wp-json\/wp\/v2\/product\/180","targetHints":{"allow":["GET"]}}],"collection":[{"href":"https:\/\/www.iwarehousing.com\/pt\/wp-json\/wp\/v2\/product"}],"about":[{"href":"https:\/\/www.iwarehousing.com\/pt\/wp-json\/wp\/v2\/types\/product"}],"replies":[{"embeddable":true,"href":"https:\/\/www.iwarehousing.com\/pt\/wp-json\/wp\/v2\/comments?post=180"}],"wp:featuredmedia":[{"embeddable":true,"href":"https:\/\/www.iwarehousing.com\/pt\/wp-json\/wp\/v2\/media\/269"}],"wp:attachment":[{"href":"https:\/\/www.iwarehousing.com\/pt\/wp-json\/wp\/v2\/media?parent=180"}],"wp:term":[{"taxonomy":"product_brand","embeddable":true,"href":"https:\/\/www.iwarehousing.com\/pt\/wp-json\/wp\/v2\/product_brand?post=180"},{"taxonomy":"product_cat","embeddable":true,"href":"https:\/\/www.iwarehousing.com\/pt\/wp-json\/wp\/v2\/product_cat?post=180"},{"taxonomy":"product_tag","embeddable":true,"href":"https:\/\/www.iwarehousing.com\/pt\/wp-json\/wp\/v2\/product_tag?post=180"}],"curies":[{"name":"wp","href":"https:\/\/api.w.org\/{rel}","templated":true}]}}