{"id":173,"date":"2022-06-27T16:01:11","date_gmt":"2022-06-27T08:01:11","guid":{"rendered":"https:\/\/imm31ev9mx.onrocket.site\/?post_type=product&#038;p=173"},"modified":"2022-09-19T16:32:14","modified_gmt":"2022-09-19T08:32:14","slug":"selective-pallet-racking","status":"publish","type":"product","link":"https:\/\/www.iwarehousing.com\/pt\/product\/selective-pallet-racking\/","title":{"rendered":"Estantes seletivas de paletes"},"content":{"rendered":"<h2>Caracter\u00edsticas e benef\u00edcios<\/h2>\n<ul>\n<li>Estantes robustas, resistentes a impactos e eficientes para cargas pesadas.<\/li>\n<li>Fornece acesso a qualquer palete em qualquer lado do rack a qualquer momento<\/li>\n<li>Popular com invent\u00e1rios de giro r\u00e1pido. Suporta First-In First-Out (FIFO).<\/li>\n<li>Permite que diferentes tamanhos de empilhadeiras e transpaleteiras acessem itens de qualquer ponto do rack.<\/li>\n<li>Alta utiliza\u00e7\u00e3o \u2013 maximiza o uso do espa\u00e7o de armazenamento vertical.<\/li>\n<li>Use a\u00e7o laminado a quente Q235B robusto; sistema de estantes dur\u00e1vel, forte e resistente a impactos.<\/li>\n<\/ul>\n<h2>Uso comum e aplicativos<\/h2>\n<ul>\n<li>Mercadorias paletizadas que requerem manuseio com empilhadeiras<\/li>\n<li>Quando voc\u00ea precisa de acesso completo a qualquer palete a qualquer momento<\/li>\n<li>Quando voc\u00ea deseja um sistema de estantes mais flex\u00edvel<\/li>\n<\/ul>\n<h2>Principais pe\u00e7as e componentes<\/h2>\n<p>Uma estante de paletes seletiva tem 3 partes principais: estrutura vertical, vigas horizontais e plataforma.<\/p>\n<p>Um <strong>estrutura vertical<\/strong> inclui um par de postes verticais (ou montantes), 2 escoras horizontais e um conjunto de escoras diagonais. \u00c9 pr\u00e9-perfurado com furos de montagem aos quais vigas horizontais s\u00e3o enganchadas em intervalos de 3 polegadas.<\/p>\n<p><strong>Vigas horizontais<\/strong> s\u00e3o inseridos em furos pr\u00e9-perfurados nas colunas para formar um n\u00edvel de estante. Eles s\u00e3o presos \u00e0s colunas com ganchos para maior resist\u00eancia. A altura da viga pode ser ajustada em dist\u00e2ncias fixas para acomodar diferentes tamanhos de mercadorias.<\/p>\n<p><strong>Deck de arame<\/strong>, feito de arame de a\u00e7o soldado, \u00e9 colocado em cima das vigas para segurar mercadorias. Al\u00e9m disso, \u00e9 adicionado como medida de seguran\u00e7a para evitar que itens caiam atrav\u00e9s do racking. Tamb\u00e9m \u00e9 recomendado por inspetores de inc\u00eandio porque a \u00e1gua borrifada pode passar pelo deck de malha para os n\u00edveis mais baixos.<\/p>\n<p><strong>Acess\u00f3rios especiais<\/strong> tamb\u00e9m est\u00e3o dispon\u00edveis para seguran\u00e7a e para adi\u00e7\u00e3o de m\u00f3dulos a estantes existentes. Acess\u00f3rios de seguran\u00e7a e adaptabilidade incluem placas de p\u00e9, cal\u00e7os, prote\u00e7\u00e3o de estrutura (protege contra danos \u00e0 estrutura causados por equipamentos em movimento), espa\u00e7adores de fileira (se voc\u00ea precisar colocar 2 m\u00f3dulos de unidade de estantes de paletes costas com costas).<\/p>\n<h2>Esses elementos s\u00e3o necess\u00e1rios para avaliar um sistema de estantes para paletes:<\/h2>\n<ul>\n<li>Tamanho do rack (C*L*A)<\/li>\n<li>N\u00edveis de estantes<\/li>\n<li>Capacidade de carga necess\u00e1ria para cada n\u00edvel<\/li>\n<li>Desenho de layout do armaz\u00e9m<\/li>\n<\/ul>","protected":false},"excerpt":{"rendered":"<p><strong>Estantes seletivas para paletes<\/strong>, or to say conventional pallet racking, is the most popular and most hassle-free racking system. It is designed for mechanical storage of palletized goods using forklifts. Forklifts and moving equipment access goods along aisles on both sides of the racking. As such, it maximizes use ceiling height and allows easy access to individual pallets.<\/p>\n<p>This type of warehouse racking can be adjusted to fit different item sizes. It also allows addition of racking modules if you need to expand. This adaptable and adjustable pallet racking gives you a high-density storage with full access to products at all times.<\/p>\n<p>Whether you are looking for a racking solution for warehouses or logistic centers, for normal or frozen storage, for indoors or outdoors, selective pallet racking is the answer.<\/p>","protected":false},"featured_media":174,"comment_status":"open","ping_status":"closed","template":"","meta":{"_seopress_robots_primary_cat":"","_seopress_titles_title":"","_seopress_titles_desc":"","_seopress_robots_index":""},"product_brand":[],"product_cat":[30],"product_tag":[],"class_list":{"0":"post-173","1":"product","2":"type-product","3":"status-publish","4":"has-post-thumbnail","6":"product_cat-pallet-racking","8":"first","9":"instock","10":"shipping-taxable","11":"product-type-simple"},"yoast_head":"<!-- This site is optimized with the Yoast SEO plugin v26.5 - https:\/\/yoast.com\/wordpress\/plugins\/seo\/ -->\n<title>Selective Pallet Racking - iWarehousing<\/title>\n<meta name=\"robots\" content=\"index, follow, max-snippet:-1, max-image-preview:large, max-video-preview:-1\" \/>\n<link rel=\"canonical\" href=\"https:\/\/www.iwarehousing.com\/pt\/product\/selective-pallet-racking\/\" \/>\n<meta property=\"og:locale\" content=\"pt_PT\" \/>\n<meta property=\"og:type\" content=\"article\" \/>\n<meta property=\"og:title\" content=\"Selective Pallet Racking - iWarehousing\" \/>\n<meta property=\"og:description\" content=\"Selective pallet racking, or to say conventional pallet racking, is the most popular and most hassle-free racking system. It is designed for mechanical storage of palletized goods using forklifts. Forklifts and moving equipment access goods along aisles on both sides of the racking. As such, it maximizes use ceiling height and allows easy access to individual pallets.  This type of warehouse racking can be adjusted to fit different item sizes. It also allows addition of racking modules if you need to expand. This adaptable and adjustable pallet racking gives you a high-density storage with full access to products at all times.  Whether you are looking for a racking solution for warehouses or logistic centers, for normal or frozen storage, for indoors or outdoors, selective pallet racking is the answer.\" \/>\n<meta property=\"og:url\" content=\"https:\/\/www.iwarehousing.com\/pt\/product\/selective-pallet-racking\/\" \/>\n<meta property=\"og:site_name\" content=\"iWarehousing\" \/>\n<meta property=\"article:modified_time\" content=\"2022-09-19T08:32:14+00:00\" \/>\n<meta property=\"og:image\" content=\"https:\/\/www.iwarehousing.com\/wp-content\/uploads\/2022\/06\/pallet-racking-0.jpg\" \/>\n\t<meta property=\"og:image:width\" content=\"800\" \/>\n\t<meta property=\"og:image:height\" content=\"600\" \/>\n\t<meta property=\"og:image:type\" content=\"image\/jpeg\" \/>\n<meta name=\"twitter:card\" content=\"summary_large_image\" \/>\n<meta name=\"twitter:label1\" content=\"Est. reading time\" \/>\n\t<meta name=\"twitter:data1\" content=\"2 minutes\" \/>\n<script type=\"application\/ld+json\" class=\"yoast-schema-graph\">{\"@context\":\"https:\/\/schema.org\",\"@graph\":[{\"@type\":\"WebPage\",\"@id\":\"https:\/\/www.iwarehousing.com\/product\/selective-pallet-racking\/\",\"url\":\"https:\/\/www.iwarehousing.com\/product\/selective-pallet-racking\/\",\"name\":\"Selective Pallet Racking - iWarehousing\",\"isPartOf\":{\"@id\":\"https:\/\/www.iwarehousing.com\/#website\"},\"primaryImageOfPage\":{\"@id\":\"https:\/\/www.iwarehousing.com\/product\/selective-pallet-racking\/#primaryimage\"},\"image\":{\"@id\":\"https:\/\/www.iwarehousing.com\/product\/selective-pallet-racking\/#primaryimage\"},\"thumbnailUrl\":\"https:\/\/www.iwarehousing.com\/wp-content\/uploads\/2022\/06\/pallet-racking-0.jpg\",\"datePublished\":\"2022-06-27T08:01:11+00:00\",\"dateModified\":\"2022-09-19T08:32:14+00:00\",\"breadcrumb\":{\"@id\":\"https:\/\/www.iwarehousing.com\/product\/selective-pallet-racking\/#breadcrumb\"},\"inLanguage\":\"pt-PT\",\"potentialAction\":[{\"@type\":\"ReadAction\",\"target\":[\"https:\/\/www.iwarehousing.com\/product\/selective-pallet-racking\/\"]}]},{\"@type\":\"ImageObject\",\"inLanguage\":\"pt-PT\",\"@id\":\"https:\/\/www.iwarehousing.com\/product\/selective-pallet-racking\/#primaryimage\",\"url\":\"https:\/\/www.iwarehousing.com\/wp-content\/uploads\/2022\/06\/pallet-racking-0.jpg\",\"contentUrl\":\"https:\/\/www.iwarehousing.com\/wp-content\/uploads\/2022\/06\/pallet-racking-0.jpg\",\"width\":800,\"height\":600,\"caption\":\"pallet racking 0\"},{\"@type\":\"BreadcrumbList\",\"@id\":\"https:\/\/www.iwarehousing.com\/product\/selective-pallet-racking\/#breadcrumb\",\"itemListElement\":[{\"@type\":\"ListItem\",\"position\":1,\"name\":\"Home\",\"item\":\"https:\/\/www.iwarehousing.com\/\"},{\"@type\":\"ListItem\",\"position\":2,\"name\":\"Product\",\"item\":\"https:\/\/www.iwarehousing.com\/product\/\"},{\"@type\":\"ListItem\",\"position\":3,\"name\":\"Selective Pallet Racking\"}]},{\"@type\":\"WebSite\",\"@id\":\"https:\/\/www.iwarehousing.com\/#website\",\"url\":\"https:\/\/www.iwarehousing.com\/\",\"name\":\"iWarehousing\",\"description\":\"Focus on warehousing equipments\",\"publisher\":{\"@id\":\"https:\/\/www.iwarehousing.com\/#organization\"},\"potentialAction\":[{\"@type\":\"SearchAction\",\"target\":{\"@type\":\"EntryPoint\",\"urlTemplate\":\"https:\/\/www.iwarehousing.com\/?s={search_term_string}\"},\"query-input\":{\"@type\":\"PropertyValueSpecification\",\"valueRequired\":true,\"valueName\":\"search_term_string\"}}],\"inLanguage\":\"pt-PT\"},{\"@type\":\"Organization\",\"@id\":\"https:\/\/www.iwarehousing.com\/#organization\",\"name\":\"iWarehousing\",\"url\":\"https:\/\/www.iwarehousing.com\/\",\"logo\":{\"@type\":\"ImageObject\",\"inLanguage\":\"pt-PT\",\"@id\":\"https:\/\/www.iwarehousing.com\/#\/schema\/logo\/image\/\",\"url\":\"https:\/\/www.iwarehousing.com\/wp-content\/uploads\/2022\/05\/iW-logo-no-tag-800pxREV2.png\",\"contentUrl\":\"https:\/\/www.iwarehousing.com\/wp-content\/uploads\/2022\/05\/iW-logo-no-tag-800pxREV2.png\",\"width\":1753,\"height\":490,\"caption\":\"iWarehousing\"},\"image\":{\"@id\":\"https:\/\/www.iwarehousing.com\/#\/schema\/logo\/image\/\"}}]}<\/script>\n<!-- \/ Yoast SEO plugin. -->","yoast_head_json":{"title":"Selective Pallet Racking - iWarehousing","robots":{"index":"index","follow":"follow","max-snippet":"max-snippet:-1","max-image-preview":"max-image-preview:large","max-video-preview":"max-video-preview:-1"},"canonical":"https:\/\/www.iwarehousing.com\/pt\/product\/selective-pallet-racking\/","og_locale":"pt_PT","og_type":"article","og_title":"Selective Pallet Racking - iWarehousing","og_description":"Selective pallet racking, or to say conventional pallet racking, is the most popular and most hassle-free racking system. It is designed for mechanical storage of palletized goods using forklifts. Forklifts and moving equipment access goods along aisles on both sides of the racking. As such, it maximizes use ceiling height and allows easy access to individual pallets.  This type of warehouse racking can be adjusted to fit different item sizes. It also allows addition of racking modules if you need to expand. This adaptable and adjustable pallet racking gives you a high-density storage with full access to products at all times.  Whether you are looking for a racking solution for warehouses or logistic centers, for normal or frozen storage, for indoors or outdoors, selective pallet racking is the answer.","og_url":"https:\/\/www.iwarehousing.com\/pt\/product\/selective-pallet-racking\/","og_site_name":"iWarehousing","article_modified_time":"2022-09-19T08:32:14+00:00","og_image":[{"width":800,"height":600,"url":"https:\/\/www.iwarehousing.com\/wp-content\/uploads\/2022\/06\/pallet-racking-0.jpg","type":"image\/jpeg"}],"twitter_card":"summary_large_image","twitter_misc":{"Est. reading time":"2 minutes"},"schema":{"@context":"https:\/\/schema.org","@graph":[{"@type":"WebPage","@id":"https:\/\/www.iwarehousing.com\/product\/selective-pallet-racking\/","url":"https:\/\/www.iwarehousing.com\/product\/selective-pallet-racking\/","name":"Selective Pallet Racking - iWarehousing","isPartOf":{"@id":"https:\/\/www.iwarehousing.com\/#website"},"primaryImageOfPage":{"@id":"https:\/\/www.iwarehousing.com\/product\/selective-pallet-racking\/#primaryimage"},"image":{"@id":"https:\/\/www.iwarehousing.com\/product\/selective-pallet-racking\/#primaryimage"},"thumbnailUrl":"https:\/\/www.iwarehousing.com\/wp-content\/uploads\/2022\/06\/pallet-racking-0.jpg","datePublished":"2022-06-27T08:01:11+00:00","dateModified":"2022-09-19T08:32:14+00:00","breadcrumb":{"@id":"https:\/\/www.iwarehousing.com\/product\/selective-pallet-racking\/#breadcrumb"},"inLanguage":"pt-PT","potentialAction":[{"@type":"ReadAction","target":["https:\/\/www.iwarehousing.com\/product\/selective-pallet-racking\/"]}]},{"@type":"ImageObject","inLanguage":"pt-PT","@id":"https:\/\/www.iwarehousing.com\/product\/selective-pallet-racking\/#primaryimage","url":"https:\/\/www.iwarehousing.com\/wp-content\/uploads\/2022\/06\/pallet-racking-0.jpg","contentUrl":"https:\/\/www.iwarehousing.com\/wp-content\/uploads\/2022\/06\/pallet-racking-0.jpg","width":800,"height":600,"caption":"pallet racking 0"},{"@type":"BreadcrumbList","@id":"https:\/\/www.iwarehousing.com\/product\/selective-pallet-racking\/#breadcrumb","itemListElement":[{"@type":"ListItem","position":1,"name":"Home","item":"https:\/\/www.iwarehousing.com\/"},{"@type":"ListItem","position":2,"name":"Product","item":"https:\/\/www.iwarehousing.com\/product\/"},{"@type":"ListItem","position":3,"name":"Selective Pallet Racking"}]},{"@type":"WebSite","@id":"https:\/\/www.iwarehousing.com\/#website","url":"https:\/\/www.iwarehousing.com\/","name":"iWarehousing","description":"Focus on warehousing equipments","publisher":{"@id":"https:\/\/www.iwarehousing.com\/#organization"},"potentialAction":[{"@type":"SearchAction","target":{"@type":"EntryPoint","urlTemplate":"https:\/\/www.iwarehousing.com\/?s={search_term_string}"},"query-input":{"@type":"PropertyValueSpecification","valueRequired":true,"valueName":"search_term_string"}}],"inLanguage":"pt-PT"},{"@type":"Organization","@id":"https:\/\/www.iwarehousing.com\/#organization","name":"iWarehousing","url":"https:\/\/www.iwarehousing.com\/","logo":{"@type":"ImageObject","inLanguage":"pt-PT","@id":"https:\/\/www.iwarehousing.com\/#\/schema\/logo\/image\/","url":"https:\/\/www.iwarehousing.com\/wp-content\/uploads\/2022\/05\/iW-logo-no-tag-800pxREV2.png","contentUrl":"https:\/\/www.iwarehousing.com\/wp-content\/uploads\/2022\/05\/iW-logo-no-tag-800pxREV2.png","width":1753,"height":490,"caption":"iWarehousing"},"image":{"@id":"https:\/\/www.iwarehousing.com\/#\/schema\/logo\/image\/"}}]}},"_links":{"self":[{"href":"https:\/\/www.iwarehousing.com\/pt\/wp-json\/wp\/v2\/product\/173","targetHints":{"allow":["GET"]}}],"collection":[{"href":"https:\/\/www.iwarehousing.com\/pt\/wp-json\/wp\/v2\/product"}],"about":[{"href":"https:\/\/www.iwarehousing.com\/pt\/wp-json\/wp\/v2\/types\/product"}],"replies":[{"embeddable":true,"href":"https:\/\/www.iwarehousing.com\/pt\/wp-json\/wp\/v2\/comments?post=173"}],"wp:featuredmedia":[{"embeddable":true,"href":"https:\/\/www.iwarehousing.com\/pt\/wp-json\/wp\/v2\/media\/174"}],"wp:attachment":[{"href":"https:\/\/www.iwarehousing.com\/pt\/wp-json\/wp\/v2\/media?parent=173"}],"wp:term":[{"taxonomy":"product_brand","embeddable":true,"href":"https:\/\/www.iwarehousing.com\/pt\/wp-json\/wp\/v2\/product_brand?post=173"},{"taxonomy":"product_cat","embeddable":true,"href":"https:\/\/www.iwarehousing.com\/pt\/wp-json\/wp\/v2\/product_cat?post=173"},{"taxonomy":"product_tag","embeddable":true,"href":"https:\/\/www.iwarehousing.com\/pt\/wp-json\/wp\/v2\/product_tag?post=173"}],"curies":[{"name":"wp","href":"https:\/\/api.w.org\/{rel}","templated":true}]}}