{"id":325,"date":"2022-10-28T10:57:57","date_gmt":"2022-10-28T02:57:57","guid":{"rendered":"https:\/\/imm31ev9mx.onrocket.site\/?post_type=product&#038;p=325"},"modified":"2023-02-27T17:36:04","modified_gmt":"2023-02-27T09:36:04","slug":"radio-shuttle-racking","status":"publish","type":"product","link":"https:\/\/www.iwarehousing.com\/fr\/product\/radio-shuttle-racking\/","title":{"rendered":"Soutirage de la navette radio"},"content":{"rendered":"<h2>Aper\u00e7u<\/h2>\n<p>Les syst\u00e8mes de rayonnages \u00e0 navette radio offrent un fonctionnement compact, efficace et permettant de gagner du temps. Une navette palette, \u00e9galement appel\u00e9e navette radio, est un chariot semi-automatique qui re\u00e7oit des commandes d&#039;un appareil mobile. Il pr\u00e9l\u00e8ve, transporte et charge des palettes dans un syst\u00e8me de rayonnages sans avoir besoin d&#039;un chariot \u00e9l\u00e9vateur pour entrer dans les quais de pr\u00e9l\u00e8vement et de d\u00e9chargement. Un chariot \u00e9l\u00e9vateur positionne une navette au point d&#039;entr\u00e9e d&#039;une voie de rayonnage. Via une t\u00e9l\u00e9commande, tous les travaux \u00e0 l&#039;int\u00e9rieur du syst\u00e8me de rayonnage sont effectu\u00e9s par la navette sans que le chariot \u00e9l\u00e9vateur n&#039;atteigne l&#039;int\u00e9rieur des voies de stockage. Le risque de dommages structurels dus \u00e0 l\u2019impact d\u2019un chariot \u00e9l\u00e9vateur est minime.<\/p>\n<p>Un syst\u00e8me de rayonnage \u00e0 navette radio peut p\u00e9n\u00e9trer en profondeur dans des espaces de stockage faibles sans avoir besoin d&#039;all\u00e9es int\u00e9rieures, ce qui vous permet d&#039;augmenter la densit\u00e9 de stockage par rapport \u00e0 un syst\u00e8me de rayonnage \u00e0 flux de palettes. L&#039;activit\u00e9 continue de chargement et de d\u00e9chargement est plus efficace gr\u00e2ce au menu de programme automatique dans le syst\u00e8me de contr\u00f4le.<\/p>\n<p>Un syst\u00e8me de rayonnage \u00e0 navette radio est id\u00e9al pour les articles avec un volume important et une rotation des stocks \u00e9lev\u00e9e. Il convient \u00e9galement au stockage \u00e0 basse temp\u00e9rature comme les entrep\u00f4ts de produits chimiques, les chambres froides et le stockage de produits surgel\u00e9s. Garantissez la s\u00e9curit\u00e9, profitez d&#039;un stockage haute densit\u00e9, \u00e9conomisez du temps et des co\u00fbts de main-d&#039;\u0153uvre avec un syst\u00e8me de rayonnage Radio Shuttle.<\/p>\n<p>&nbsp;<\/p>\n<h2>Description<\/h2>\n<p>La navette re\u00e7oit les commandes d&#039;un appareil mobile via un r\u00e9seau WiFi. Pour les op\u00e9rations de chargement, un chariot \u00e9l\u00e9vateur classique place la navette au niveau o\u00f9 les mat\u00e9riaux seront manipul\u00e9s. Ensuite, la palette est plac\u00e9e sur l&#039;\u00e9tag\u00e8re au point d&#039;entr\u00e9e. La t\u00e2che est lanc\u00e9e depuis le contr\u00f4leur et la navette r\u00e9cup\u00e8re et transporte la palette jusqu&#039;\u00e0 l&#039;espace vide le plus profond du niveau. Pour la r\u00e9cup\u00e9ration des palettes, la navette r\u00e9cup\u00e8re la premi\u00e8re palette trouv\u00e9e dans le couloir et l&#039;emm\u00e8ne jusqu&#039;au point de sortie. Un chariot \u00e9l\u00e9vateur soul\u00e8ve la palette de la navette et le processus se r\u00e9p\u00e8te. Les t\u00e2ches continues de pr\u00e9l\u00e8vement et de placement peuvent \u00e9galement \u00eatre pr\u00e9programm\u00e9es pour un processus plus efficace. Les capteurs de collision et les arr\u00eats d\u2019urgence garantissent un fonctionnement s\u00fbr de la navette. Les batteries au lithium alimentent les chariots pendant de longues heures d&#039;activit\u00e9 ininterrompue.<\/p>\n<p>&nbsp;<\/p>\n<h2>Principales pi\u00e8ces et mat\u00e9riaux<\/h2>\n<p>Le syst\u00e8me de rayonnage \u00e0 palettes ou syst\u00e8me de rayonnage \u00e0 navette radio est une structure d&#039;\u00e9tag\u00e8res compos\u00e9e d&#039;un ou plusieurs chariots motoris\u00e9s (navettes) contr\u00f4l\u00e9s via un r\u00e9seau WIFI depuis un appareil mobile. Pour des raisons de s\u00e9curit\u00e9, la navette est \u00e9quip\u00e9e d&#039;un bouton d&#039;arr\u00eat d&#039;urgence et de capteurs de collision. Il est aliment\u00e9 par une batterie au lithium pour de longues heures de fonctionnement ininterrompu.<\/p>\n<p>&nbsp;<\/p>\n<h2>Caract\u00e9ristiques et avantages d&#039;un syst\u00e8me de rayonnage \u00e0 navette radio<\/h2>\n<ul>\n<li>Stockage haute densit\u00e9. Il n&#039;y a pas d&#039;all\u00e9e \u00e0 l&#039;int\u00e9rieur du syst\u00e8me de rayonnage et seulement une hauteur de baie limit\u00e9e, maximisant ainsi l&#039;espace de stockage.<\/li>\n<li>Gain de place. Les capteurs de proximit\u00e9 Shuttle minimisent les espaces vides entre les palettes, augmentant ainsi l&#039;espace disponible, en particulier dans les voies profondes.<\/li>\n<li>Co\u00fbts de main d\u2019\u0153uvre r\u00e9duits. Les navettes d\u00e9placent les palettes de mani\u00e8re ind\u00e9pendante, sans avoir besoin d&#039;un chariot \u00e9l\u00e9vateur \u00e0 l&#039;int\u00e9rieur des baies.<\/li>\n<li>Les navettes se d\u00e9placent \u00e0 72 m\/min \u00e0 vide et \u00e0 36 m\/min lorsqu&#039;elles sont charg\u00e9es. Avec une seule commande, la navette \u00e0 palettes peut remplir ou vider une voie enti\u00e8re.<\/li>\n<li>Prend en charge la gestion des stocks FIFO et LIFO.<\/li>\n<\/ul>\n<p>&nbsp;<\/p>\n<h2>Utilisation et applications courantes<\/h2>\n<ul>\n<li>Mat\u00e9riaux volumineux avec activit\u00e9 intensive de chargement et de d\u00e9chargement<\/li>\n<li>Id\u00e9al pour les entrep\u00f4ts \u00e0 basse temp\u00e9rature o\u00f9 l&#039;exposition des employ\u00e9s doit \u00eatre minimale<\/li>\n<\/ul>","protected":false},"excerpt":{"rendered":"<ul>\n<li>Solution de stockage haute densit\u00e9<\/li>\n<li>Chargement et d\u00e9chargement automatiques des marchandises par navettes palettes<\/li>\n<li>Am\u00e9liorer l\u2019efficacit\u00e9 du fonctionnement de l\u2019entrep\u00f4t<\/li>\n<li>R\u00e9duire les risques d\u2019accidents caus\u00e9s par l\u2019impact du chariot \u00e9l\u00e9vateur<\/li>\n<li>Faible co\u00fbt d&#039;entretien<\/li>\n<li>Particuli\u00e8rement adapt\u00e9 aux chambres froides<\/li>\n<\/ul>","protected":false},"featured_media":2318,"comment_status":"open","ping_status":"closed","template":"","meta":{"_seopress_robots_primary_cat":"","_seopress_titles_title":"","_seopress_titles_desc":"","_seopress_robots_index":""},"product_brand":[],"product_cat":[46],"product_tag":[50,51],"class_list":{"0":"post-325","1":"product","2":"type-product","3":"status-publish","4":"has-post-thumbnail","6":"product_cat-pallet-shuttle-racking","7":"product_tag-pallet-shuttle-racking","8":"product_tag-radio-shuttle-racking","10":"first","11":"instock","12":"shipping-taxable","13":"product-type-simple"},"yoast_head":"<!-- This site is optimized with the Yoast SEO plugin v26.5 - https:\/\/yoast.com\/wordpress\/plugins\/seo\/ -->\n<title>Radio Shuttle Racking - iWarehousing<\/title>\n<meta name=\"robots\" content=\"index, follow, max-snippet:-1, max-image-preview:large, max-video-preview:-1\" \/>\n<link rel=\"canonical\" href=\"https:\/\/www.iwarehousing.com\/fr\/product\/radio-shuttle-racking\/\" \/>\n<meta property=\"og:locale\" content=\"fr_FR\" \/>\n<meta property=\"og:type\" content=\"article\" \/>\n<meta property=\"og:title\" content=\"Radio Shuttle Racking - iWarehousing\" \/>\n<meta property=\"og:description\" content=\"High-density storage solution  Automatically load and unload goods by pallet shuttles  Improve the efficiency of warehouse operation  Reduce risks of accidents caused by impact of the forklift  Low maintenance cost  Especially suitable in cold storage\" \/>\n<meta property=\"og:url\" content=\"https:\/\/www.iwarehousing.com\/fr\/product\/radio-shuttle-racking\/\" \/>\n<meta property=\"og:site_name\" content=\"iWarehousing\" \/>\n<meta property=\"article:modified_time\" content=\"2023-02-27T09:36:04+00:00\" \/>\n<meta property=\"og:image\" content=\"https:\/\/www.iwarehousing.com\/wp-content\/uploads\/2022\/10\/radio-shuttle-racking-2.jpg\" \/>\n\t<meta property=\"og:image:width\" content=\"2000\" \/>\n\t<meta property=\"og:image:height\" content=\"1333\" \/>\n\t<meta property=\"og:image:type\" content=\"image\/jpeg\" \/>\n<meta name=\"twitter:card\" content=\"summary_large_image\" \/>\n<meta name=\"twitter:label1\" content=\"Est. reading time\" \/>\n\t<meta name=\"twitter:data1\" content=\"3 minutes\" \/>\n<script type=\"application\/ld+json\" class=\"yoast-schema-graph\">{\"@context\":\"https:\/\/schema.org\",\"@graph\":[{\"@type\":\"WebPage\",\"@id\":\"https:\/\/www.iwarehousing.com\/product\/radio-shuttle-racking\/\",\"url\":\"https:\/\/www.iwarehousing.com\/product\/radio-shuttle-racking\/\",\"name\":\"Radio Shuttle Racking - iWarehousing\",\"isPartOf\":{\"@id\":\"https:\/\/www.iwarehousing.com\/#website\"},\"primaryImageOfPage\":{\"@id\":\"https:\/\/www.iwarehousing.com\/product\/radio-shuttle-racking\/#primaryimage\"},\"image\":{\"@id\":\"https:\/\/www.iwarehousing.com\/product\/radio-shuttle-racking\/#primaryimage\"},\"thumbnailUrl\":\"https:\/\/www.iwarehousing.com\/wp-content\/uploads\/2022\/10\/radio-shuttle-racking-2.jpg\",\"datePublished\":\"2022-10-28T02:57:57+00:00\",\"dateModified\":\"2023-02-27T09:36:04+00:00\",\"breadcrumb\":{\"@id\":\"https:\/\/www.iwarehousing.com\/product\/radio-shuttle-racking\/#breadcrumb\"},\"inLanguage\":\"fr-FR\",\"potentialAction\":[{\"@type\":\"ReadAction\",\"target\":[\"https:\/\/www.iwarehousing.com\/product\/radio-shuttle-racking\/\"]}]},{\"@type\":\"ImageObject\",\"inLanguage\":\"fr-FR\",\"@id\":\"https:\/\/www.iwarehousing.com\/product\/radio-shuttle-racking\/#primaryimage\",\"url\":\"https:\/\/www.iwarehousing.com\/wp-content\/uploads\/2022\/10\/radio-shuttle-racking-2.jpg\",\"contentUrl\":\"https:\/\/www.iwarehousing.com\/wp-content\/uploads\/2022\/10\/radio-shuttle-racking-2.jpg\",\"width\":2000,\"height\":1333,\"caption\":\"radio shuttle racking 1\"},{\"@type\":\"BreadcrumbList\",\"@id\":\"https:\/\/www.iwarehousing.com\/product\/radio-shuttle-racking\/#breadcrumb\",\"itemListElement\":[{\"@type\":\"ListItem\",\"position\":1,\"name\":\"Home\",\"item\":\"https:\/\/www.iwarehousing.com\/\"},{\"@type\":\"ListItem\",\"position\":2,\"name\":\"Product\",\"item\":\"https:\/\/www.iwarehousing.com\/product\/\"},{\"@type\":\"ListItem\",\"position\":3,\"name\":\"Radio Shuttle Racking\"}]},{\"@type\":\"WebSite\",\"@id\":\"https:\/\/www.iwarehousing.com\/#website\",\"url\":\"https:\/\/www.iwarehousing.com\/\",\"name\":\"iWarehousing\",\"description\":\"Focus on warehousing equipments\",\"publisher\":{\"@id\":\"https:\/\/www.iwarehousing.com\/#organization\"},\"potentialAction\":[{\"@type\":\"SearchAction\",\"target\":{\"@type\":\"EntryPoint\",\"urlTemplate\":\"https:\/\/www.iwarehousing.com\/?s={search_term_string}\"},\"query-input\":{\"@type\":\"PropertyValueSpecification\",\"valueRequired\":true,\"valueName\":\"search_term_string\"}}],\"inLanguage\":\"fr-FR\"},{\"@type\":\"Organization\",\"@id\":\"https:\/\/www.iwarehousing.com\/#organization\",\"name\":\"iWarehousing\",\"url\":\"https:\/\/www.iwarehousing.com\/\",\"logo\":{\"@type\":\"ImageObject\",\"inLanguage\":\"fr-FR\",\"@id\":\"https:\/\/www.iwarehousing.com\/#\/schema\/logo\/image\/\",\"url\":\"https:\/\/www.iwarehousing.com\/wp-content\/uploads\/2022\/05\/iW-logo-no-tag-800pxREV2.png\",\"contentUrl\":\"https:\/\/www.iwarehousing.com\/wp-content\/uploads\/2022\/05\/iW-logo-no-tag-800pxREV2.png\",\"width\":1753,\"height\":490,\"caption\":\"iWarehousing\"},\"image\":{\"@id\":\"https:\/\/www.iwarehousing.com\/#\/schema\/logo\/image\/\"}}]}<\/script>\n<!-- \/ Yoast SEO plugin. -->","yoast_head_json":{"title":"Radio Shuttle Racking - iWarehousing","robots":{"index":"index","follow":"follow","max-snippet":"max-snippet:-1","max-image-preview":"max-image-preview:large","max-video-preview":"max-video-preview:-1"},"canonical":"https:\/\/www.iwarehousing.com\/fr\/product\/radio-shuttle-racking\/","og_locale":"fr_FR","og_type":"article","og_title":"Radio Shuttle Racking - iWarehousing","og_description":"High-density storage solution  Automatically load and unload goods by pallet shuttles  Improve the efficiency of warehouse operation  Reduce risks of accidents caused by impact of the forklift  Low maintenance cost  Especially suitable in cold storage","og_url":"https:\/\/www.iwarehousing.com\/fr\/product\/radio-shuttle-racking\/","og_site_name":"iWarehousing","article_modified_time":"2023-02-27T09:36:04+00:00","og_image":[{"width":2000,"height":1333,"url":"https:\/\/www.iwarehousing.com\/wp-content\/uploads\/2022\/10\/radio-shuttle-racking-2.jpg","type":"image\/jpeg"}],"twitter_card":"summary_large_image","twitter_misc":{"Est. reading time":"3 minutes"},"schema":{"@context":"https:\/\/schema.org","@graph":[{"@type":"WebPage","@id":"https:\/\/www.iwarehousing.com\/product\/radio-shuttle-racking\/","url":"https:\/\/www.iwarehousing.com\/product\/radio-shuttle-racking\/","name":"Radio Shuttle Racking - iWarehousing","isPartOf":{"@id":"https:\/\/www.iwarehousing.com\/#website"},"primaryImageOfPage":{"@id":"https:\/\/www.iwarehousing.com\/product\/radio-shuttle-racking\/#primaryimage"},"image":{"@id":"https:\/\/www.iwarehousing.com\/product\/radio-shuttle-racking\/#primaryimage"},"thumbnailUrl":"https:\/\/www.iwarehousing.com\/wp-content\/uploads\/2022\/10\/radio-shuttle-racking-2.jpg","datePublished":"2022-10-28T02:57:57+00:00","dateModified":"2023-02-27T09:36:04+00:00","breadcrumb":{"@id":"https:\/\/www.iwarehousing.com\/product\/radio-shuttle-racking\/#breadcrumb"},"inLanguage":"fr-FR","potentialAction":[{"@type":"ReadAction","target":["https:\/\/www.iwarehousing.com\/product\/radio-shuttle-racking\/"]}]},{"@type":"ImageObject","inLanguage":"fr-FR","@id":"https:\/\/www.iwarehousing.com\/product\/radio-shuttle-racking\/#primaryimage","url":"https:\/\/www.iwarehousing.com\/wp-content\/uploads\/2022\/10\/radio-shuttle-racking-2.jpg","contentUrl":"https:\/\/www.iwarehousing.com\/wp-content\/uploads\/2022\/10\/radio-shuttle-racking-2.jpg","width":2000,"height":1333,"caption":"radio shuttle racking 1"},{"@type":"BreadcrumbList","@id":"https:\/\/www.iwarehousing.com\/product\/radio-shuttle-racking\/#breadcrumb","itemListElement":[{"@type":"ListItem","position":1,"name":"Home","item":"https:\/\/www.iwarehousing.com\/"},{"@type":"ListItem","position":2,"name":"Product","item":"https:\/\/www.iwarehousing.com\/product\/"},{"@type":"ListItem","position":3,"name":"Radio Shuttle Racking"}]},{"@type":"WebSite","@id":"https:\/\/www.iwarehousing.com\/#website","url":"https:\/\/www.iwarehousing.com\/","name":"iWarehousing","description":"Focus on warehousing equipments","publisher":{"@id":"https:\/\/www.iwarehousing.com\/#organization"},"potentialAction":[{"@type":"SearchAction","target":{"@type":"EntryPoint","urlTemplate":"https:\/\/www.iwarehousing.com\/?s={search_term_string}"},"query-input":{"@type":"PropertyValueSpecification","valueRequired":true,"valueName":"search_term_string"}}],"inLanguage":"fr-FR"},{"@type":"Organization","@id":"https:\/\/www.iwarehousing.com\/#organization","name":"iWarehousing","url":"https:\/\/www.iwarehousing.com\/","logo":{"@type":"ImageObject","inLanguage":"fr-FR","@id":"https:\/\/www.iwarehousing.com\/#\/schema\/logo\/image\/","url":"https:\/\/www.iwarehousing.com\/wp-content\/uploads\/2022\/05\/iW-logo-no-tag-800pxREV2.png","contentUrl":"https:\/\/www.iwarehousing.com\/wp-content\/uploads\/2022\/05\/iW-logo-no-tag-800pxREV2.png","width":1753,"height":490,"caption":"iWarehousing"},"image":{"@id":"https:\/\/www.iwarehousing.com\/#\/schema\/logo\/image\/"}}]}},"_links":{"self":[{"href":"https:\/\/www.iwarehousing.com\/fr\/wp-json\/wp\/v2\/product\/325","targetHints":{"allow":["GET"]}}],"collection":[{"href":"https:\/\/www.iwarehousing.com\/fr\/wp-json\/wp\/v2\/product"}],"about":[{"href":"https:\/\/www.iwarehousing.com\/fr\/wp-json\/wp\/v2\/types\/product"}],"replies":[{"embeddable":true,"href":"https:\/\/www.iwarehousing.com\/fr\/wp-json\/wp\/v2\/comments?post=325"}],"wp:featuredmedia":[{"embeddable":true,"href":"https:\/\/www.iwarehousing.com\/fr\/wp-json\/wp\/v2\/media\/2318"}],"wp:attachment":[{"href":"https:\/\/www.iwarehousing.com\/fr\/wp-json\/wp\/v2\/media?parent=325"}],"wp:term":[{"taxonomy":"product_brand","embeddable":true,"href":"https:\/\/www.iwarehousing.com\/fr\/wp-json\/wp\/v2\/product_brand?post=325"},{"taxonomy":"product_cat","embeddable":true,"href":"https:\/\/www.iwarehousing.com\/fr\/wp-json\/wp\/v2\/product_cat?post=325"},{"taxonomy":"product_tag","embeddable":true,"href":"https:\/\/www.iwarehousing.com\/fr\/wp-json\/wp\/v2\/product_tag?post=325"}],"curies":[{"name":"wp","href":"https:\/\/api.w.org\/{rel}","templated":true}]}}