{"id":191,"date":"2022-06-27T16:11:52","date_gmt":"2022-06-27T08:11:52","guid":{"rendered":"https:\/\/imm31ev9mx.onrocket.site\/?post_type=product&#038;p=191"},"modified":"2023-02-24T23:45:23","modified_gmt":"2023-02-24T15:45:23","slug":"galvanized-pallet-racking","status":"publish","type":"product","link":"https:\/\/www.iwarehousing.com\/fr\/product\/galvanized-pallet-racking\/","title":{"rendered":"Rayonnage \u00e0 palettes galvanis\u00e9"},"content":{"rendered":"<p>Les rayonnages \u00e0 palettes galvanis\u00e9s ont la m\u00eame structure que les rayonnages \u00e0 palettes ordinaires <em><a href=\"https:\/\/www.iwarehousing.com\/fr\/product\/selective-pallet-racking\/\">rayonnage \u00e0 palettes s\u00e9lectif<\/a><\/em>, mais avec surface zingu\u00e9e. Les rayonnages d&#039;entrep\u00f4t ordinaires sont fabriqu\u00e9s en acier au carbone et la surface en acier est recouverte d&#039;une poudre plastique sp\u00e9ciale. Il est utilisable dans la grande majorit\u00e9 des environnements. Alors que dans certains environnements sp\u00e9ciaux comme le temps extr\u00eamement humide, les produits chimiques, l&#039;humidit\u00e9, les rayonnages \u00e0 palettes normaux \u00e0 rev\u00eatement en poudre sont faciles \u00e0 rouiller et \u00e0 corroder. Les rayonnages \u00e0 palettes galvanis\u00e9s s&#039;adaptent mieux \u00e0 ces environnements sp\u00e9ciaux.<\/p>\n<h2>Qu&#039;est-ce que la galvanisation<\/h2>\n<blockquote><p>La galvanisation est le processus d&#039;application d&#039;un rev\u00eatement protecteur de zinc sur l&#039;acier ou le fer, pour \u00e9viter la rouille.<\/p><\/blockquote>\n<p><a href=\"https:\/\/en.wikipedia.org\/wiki\/Galvanization\"><u>https:\/\/en.wikipedia.org\/wiki\/Galvanization<\/u><\/a><\/p>\n<h2>Diff\u00e9rences entre les rayonnages \u00e0 palettes galvanis\u00e9s et les rayonnages \u00e0 palettes enduits de poudre<\/h2>\n<ul>\n<li>Les rayonnages \u00e0 palettes galvanis\u00e9s sont fabriqu\u00e9s en acier pr\u00e9-galvanis\u00e9 tremp\u00e9 dans un rev\u00eatement de zinc protecteur. Le rev\u00eatement de zinc r\u00e9siste aux produits chimiques ou \u00e0 l&#039;humidit\u00e9 et offre ainsi une protection au mat\u00e9riau.<\/li>\n<li>Les rayonnages \u00e0 palettes \u00e0 rev\u00eatement en poudre sont fabriqu\u00e9s en acier au carbone Q235B ordinaire recouvert de poudre magn\u00e9tique en plastique. Le rev\u00eatement en poudre offre une bonne protection au mat\u00e9riau dans la plupart des environnements normaux et mod\u00e9r\u00e9ment mod\u00e9r\u00e9s.<\/li>\n<\/ul>\n<h2>Quand utiliser des rayonnages \u00e0 palettes galvanis\u00e9s<\/h2>\n<p>Dans les applications de :<\/p>\n<ul>\n<li>Rangement ext\u00e9rieur<\/li>\n<li>Stockage de produits chimiques ou liquides<\/li>\n<li>Stockage en milieu humide<\/li>\n<\/ul>","protected":false},"excerpt":{"rendered":"<ul>\n<li>Peut mieux pr\u00e9venir la rouille, la corrosion et les dommages caus\u00e9s par un environnement sp\u00e9cial.<\/li>\n<li>Convient pour le stockage ext\u00e9rieur<\/li>\n<li>Convient aux environnements sp\u00e9ciaux comme l&#039;humidit\u00e9, les produits chimiques, les liquides, etc.<\/li>\n<li>Co\u00fbt abordable<\/li>\n<li>Plus durable que le rev\u00eatement en poudre<\/li>\n<\/ul>","protected":false},"featured_media":2297,"comment_status":"open","ping_status":"closed","template":"","meta":{"_seopress_robots_primary_cat":"","_seopress_titles_title":"","_seopress_titles_desc":"","_seopress_robots_index":""},"product_brand":[],"product_cat":[30],"product_tag":[60,62,61,59],"class_list":{"0":"post-191","1":"product","2":"type-product","3":"status-publish","4":"has-post-thumbnail","6":"product_cat-pallet-racking","7":"product_tag-chemical-storage","8":"product_tag-humid-environment","9":"product_tag-liquid-storage","10":"product_tag-outdoor-storage","12":"first","13":"instock","14":"shipping-taxable","15":"product-type-simple"},"yoast_head":"<!-- This site is optimized with the Yoast SEO plugin v26.5 - https:\/\/yoast.com\/wordpress\/plugins\/seo\/ -->\n<title>Galvanized Pallet Racking - iWarehousing<\/title>\n<meta name=\"robots\" content=\"index, follow, max-snippet:-1, max-image-preview:large, max-video-preview:-1\" \/>\n<link rel=\"canonical\" href=\"https:\/\/www.iwarehousing.com\/fr\/product\/galvanized-pallet-racking\/\" \/>\n<meta property=\"og:locale\" content=\"fr_FR\" \/>\n<meta property=\"og:type\" content=\"article\" \/>\n<meta property=\"og:title\" content=\"Galvanized Pallet Racking - iWarehousing\" \/>\n<meta property=\"og:description\" content=\"Can better prevent rust, corrosion, and damage caused by special environment.  Suitable for outdoor storage  Suitable for special surroundings like moist, chemicals, liquids, etc.  Affordable cost  More durable than powder coating\" \/>\n<meta property=\"og:url\" content=\"https:\/\/www.iwarehousing.com\/fr\/product\/galvanized-pallet-racking\/\" \/>\n<meta property=\"og:site_name\" content=\"iWarehousing\" \/>\n<meta property=\"article:modified_time\" content=\"2023-02-24T15:45:23+00:00\" \/>\n<meta property=\"og:image\" content=\"https:\/\/www.iwarehousing.com\/wp-content\/uploads\/2022\/06\/galvanized-pallet-racking-0.jpg\" \/>\n\t<meta property=\"og:image:width\" content=\"2000\" \/>\n\t<meta property=\"og:image:height\" content=\"1334\" \/>\n\t<meta property=\"og:image:type\" content=\"image\/jpeg\" \/>\n<meta name=\"twitter:card\" content=\"summary_large_image\" \/>\n<meta name=\"twitter:label1\" content=\"Est. reading time\" \/>\n\t<meta name=\"twitter:data1\" content=\"1 minute\" \/>\n<script type=\"application\/ld+json\" class=\"yoast-schema-graph\">{\"@context\":\"https:\/\/schema.org\",\"@graph\":[{\"@type\":\"WebPage\",\"@id\":\"https:\/\/www.iwarehousing.com\/product\/galvanized-pallet-racking\/\",\"url\":\"https:\/\/www.iwarehousing.com\/product\/galvanized-pallet-racking\/\",\"name\":\"Galvanized Pallet Racking - iWarehousing\",\"isPartOf\":{\"@id\":\"https:\/\/www.iwarehousing.com\/#website\"},\"primaryImageOfPage\":{\"@id\":\"https:\/\/www.iwarehousing.com\/product\/galvanized-pallet-racking\/#primaryimage\"},\"image\":{\"@id\":\"https:\/\/www.iwarehousing.com\/product\/galvanized-pallet-racking\/#primaryimage\"},\"thumbnailUrl\":\"https:\/\/www.iwarehousing.com\/wp-content\/uploads\/2022\/06\/galvanized-pallet-racking-0.jpg\",\"datePublished\":\"2022-06-27T08:11:52+00:00\",\"dateModified\":\"2023-02-24T15:45:23+00:00\",\"breadcrumb\":{\"@id\":\"https:\/\/www.iwarehousing.com\/product\/galvanized-pallet-racking\/#breadcrumb\"},\"inLanguage\":\"fr-FR\",\"potentialAction\":[{\"@type\":\"ReadAction\",\"target\":[\"https:\/\/www.iwarehousing.com\/product\/galvanized-pallet-racking\/\"]}]},{\"@type\":\"ImageObject\",\"inLanguage\":\"fr-FR\",\"@id\":\"https:\/\/www.iwarehousing.com\/product\/galvanized-pallet-racking\/#primaryimage\",\"url\":\"https:\/\/www.iwarehousing.com\/wp-content\/uploads\/2022\/06\/galvanized-pallet-racking-0.jpg\",\"contentUrl\":\"https:\/\/www.iwarehousing.com\/wp-content\/uploads\/2022\/06\/galvanized-pallet-racking-0.jpg\",\"width\":2000,\"height\":1334,\"caption\":\"galvanized pallet racking\"},{\"@type\":\"BreadcrumbList\",\"@id\":\"https:\/\/www.iwarehousing.com\/product\/galvanized-pallet-racking\/#breadcrumb\",\"itemListElement\":[{\"@type\":\"ListItem\",\"position\":1,\"name\":\"Home\",\"item\":\"https:\/\/www.iwarehousing.com\/\"},{\"@type\":\"ListItem\",\"position\":2,\"name\":\"Product\",\"item\":\"https:\/\/www.iwarehousing.com\/product\/\"},{\"@type\":\"ListItem\",\"position\":3,\"name\":\"Galvanized Pallet Racking\"}]},{\"@type\":\"WebSite\",\"@id\":\"https:\/\/www.iwarehousing.com\/#website\",\"url\":\"https:\/\/www.iwarehousing.com\/\",\"name\":\"iWarehousing\",\"description\":\"Focus on warehousing equipments\",\"publisher\":{\"@id\":\"https:\/\/www.iwarehousing.com\/#organization\"},\"potentialAction\":[{\"@type\":\"SearchAction\",\"target\":{\"@type\":\"EntryPoint\",\"urlTemplate\":\"https:\/\/www.iwarehousing.com\/?s={search_term_string}\"},\"query-input\":{\"@type\":\"PropertyValueSpecification\",\"valueRequired\":true,\"valueName\":\"search_term_string\"}}],\"inLanguage\":\"fr-FR\"},{\"@type\":\"Organization\",\"@id\":\"https:\/\/www.iwarehousing.com\/#organization\",\"name\":\"iWarehousing\",\"url\":\"https:\/\/www.iwarehousing.com\/\",\"logo\":{\"@type\":\"ImageObject\",\"inLanguage\":\"fr-FR\",\"@id\":\"https:\/\/www.iwarehousing.com\/#\/schema\/logo\/image\/\",\"url\":\"https:\/\/www.iwarehousing.com\/wp-content\/uploads\/2022\/05\/iW-logo-no-tag-800pxREV2.png\",\"contentUrl\":\"https:\/\/www.iwarehousing.com\/wp-content\/uploads\/2022\/05\/iW-logo-no-tag-800pxREV2.png\",\"width\":1753,\"height\":490,\"caption\":\"iWarehousing\"},\"image\":{\"@id\":\"https:\/\/www.iwarehousing.com\/#\/schema\/logo\/image\/\"}}]}<\/script>\n<!-- \/ Yoast SEO plugin. -->","yoast_head_json":{"title":"Galvanized Pallet Racking - iWarehousing","robots":{"index":"index","follow":"follow","max-snippet":"max-snippet:-1","max-image-preview":"max-image-preview:large","max-video-preview":"max-video-preview:-1"},"canonical":"https:\/\/www.iwarehousing.com\/fr\/product\/galvanized-pallet-racking\/","og_locale":"fr_FR","og_type":"article","og_title":"Galvanized Pallet Racking - iWarehousing","og_description":"Can better prevent rust, corrosion, and damage caused by special environment.  Suitable for outdoor storage  Suitable for special surroundings like moist, chemicals, liquids, etc.  Affordable cost  More durable than powder coating","og_url":"https:\/\/www.iwarehousing.com\/fr\/product\/galvanized-pallet-racking\/","og_site_name":"iWarehousing","article_modified_time":"2023-02-24T15:45:23+00:00","og_image":[{"width":2000,"height":1334,"url":"https:\/\/www.iwarehousing.com\/wp-content\/uploads\/2022\/06\/galvanized-pallet-racking-0.jpg","type":"image\/jpeg"}],"twitter_card":"summary_large_image","twitter_misc":{"Est. reading time":"1 minute"},"schema":{"@context":"https:\/\/schema.org","@graph":[{"@type":"WebPage","@id":"https:\/\/www.iwarehousing.com\/product\/galvanized-pallet-racking\/","url":"https:\/\/www.iwarehousing.com\/product\/galvanized-pallet-racking\/","name":"Galvanized Pallet Racking - iWarehousing","isPartOf":{"@id":"https:\/\/www.iwarehousing.com\/#website"},"primaryImageOfPage":{"@id":"https:\/\/www.iwarehousing.com\/product\/galvanized-pallet-racking\/#primaryimage"},"image":{"@id":"https:\/\/www.iwarehousing.com\/product\/galvanized-pallet-racking\/#primaryimage"},"thumbnailUrl":"https:\/\/www.iwarehousing.com\/wp-content\/uploads\/2022\/06\/galvanized-pallet-racking-0.jpg","datePublished":"2022-06-27T08:11:52+00:00","dateModified":"2023-02-24T15:45:23+00:00","breadcrumb":{"@id":"https:\/\/www.iwarehousing.com\/product\/galvanized-pallet-racking\/#breadcrumb"},"inLanguage":"fr-FR","potentialAction":[{"@type":"ReadAction","target":["https:\/\/www.iwarehousing.com\/product\/galvanized-pallet-racking\/"]}]},{"@type":"ImageObject","inLanguage":"fr-FR","@id":"https:\/\/www.iwarehousing.com\/product\/galvanized-pallet-racking\/#primaryimage","url":"https:\/\/www.iwarehousing.com\/wp-content\/uploads\/2022\/06\/galvanized-pallet-racking-0.jpg","contentUrl":"https:\/\/www.iwarehousing.com\/wp-content\/uploads\/2022\/06\/galvanized-pallet-racking-0.jpg","width":2000,"height":1334,"caption":"galvanized pallet racking"},{"@type":"BreadcrumbList","@id":"https:\/\/www.iwarehousing.com\/product\/galvanized-pallet-racking\/#breadcrumb","itemListElement":[{"@type":"ListItem","position":1,"name":"Home","item":"https:\/\/www.iwarehousing.com\/"},{"@type":"ListItem","position":2,"name":"Product","item":"https:\/\/www.iwarehousing.com\/product\/"},{"@type":"ListItem","position":3,"name":"Galvanized Pallet Racking"}]},{"@type":"WebSite","@id":"https:\/\/www.iwarehousing.com\/#website","url":"https:\/\/www.iwarehousing.com\/","name":"iWarehousing","description":"Focus on warehousing equipments","publisher":{"@id":"https:\/\/www.iwarehousing.com\/#organization"},"potentialAction":[{"@type":"SearchAction","target":{"@type":"EntryPoint","urlTemplate":"https:\/\/www.iwarehousing.com\/?s={search_term_string}"},"query-input":{"@type":"PropertyValueSpecification","valueRequired":true,"valueName":"search_term_string"}}],"inLanguage":"fr-FR"},{"@type":"Organization","@id":"https:\/\/www.iwarehousing.com\/#organization","name":"iWarehousing","url":"https:\/\/www.iwarehousing.com\/","logo":{"@type":"ImageObject","inLanguage":"fr-FR","@id":"https:\/\/www.iwarehousing.com\/#\/schema\/logo\/image\/","url":"https:\/\/www.iwarehousing.com\/wp-content\/uploads\/2022\/05\/iW-logo-no-tag-800pxREV2.png","contentUrl":"https:\/\/www.iwarehousing.com\/wp-content\/uploads\/2022\/05\/iW-logo-no-tag-800pxREV2.png","width":1753,"height":490,"caption":"iWarehousing"},"image":{"@id":"https:\/\/www.iwarehousing.com\/#\/schema\/logo\/image\/"}}]}},"_links":{"self":[{"href":"https:\/\/www.iwarehousing.com\/fr\/wp-json\/wp\/v2\/product\/191","targetHints":{"allow":["GET"]}}],"collection":[{"href":"https:\/\/www.iwarehousing.com\/fr\/wp-json\/wp\/v2\/product"}],"about":[{"href":"https:\/\/www.iwarehousing.com\/fr\/wp-json\/wp\/v2\/types\/product"}],"replies":[{"embeddable":true,"href":"https:\/\/www.iwarehousing.com\/fr\/wp-json\/wp\/v2\/comments?post=191"}],"wp:featuredmedia":[{"embeddable":true,"href":"https:\/\/www.iwarehousing.com\/fr\/wp-json\/wp\/v2\/media\/2297"}],"wp:attachment":[{"href":"https:\/\/www.iwarehousing.com\/fr\/wp-json\/wp\/v2\/media?parent=191"}],"wp:term":[{"taxonomy":"product_brand","embeddable":true,"href":"https:\/\/www.iwarehousing.com\/fr\/wp-json\/wp\/v2\/product_brand?post=191"},{"taxonomy":"product_cat","embeddable":true,"href":"https:\/\/www.iwarehousing.com\/fr\/wp-json\/wp\/v2\/product_cat?post=191"},{"taxonomy":"product_tag","embeddable":true,"href":"https:\/\/www.iwarehousing.com\/fr\/wp-json\/wp\/v2\/product_tag?post=191"}],"curies":[{"name":"wp","href":"https:\/\/api.w.org\/{rel}","templated":true}]}}