{"id":190,"date":"2022-06-27T16:11:18","date_gmt":"2022-06-27T08:11:18","guid":{"rendered":"https:\/\/imm31ev9mx.onrocket.site\/?post_type=product&#038;p=190"},"modified":"2022-09-22T22:36:42","modified_gmt":"2022-09-22T14:36:42","slug":"double-deep-pallet-racking","status":"publish","type":"product","link":"https:\/\/www.iwarehousing.com\/fr\/product\/double-deep-pallet-racking\/","title":{"rendered":"Rayonnage \u00e0 palettes double profondeur"},"content":{"rendered":"<h2>Caract\u00e9ristiques du syst\u00e8me de rayonnage \u00e0 palettes \u00e0 double profondeur<\/h2>\n<ol>\n<li>Le syst\u00e8me de rayonnage \u00e0 palettes double profondeur est une mise \u00e0 niveau du syst\u00e8me de rayonnage \u00e0 palettes robuste, cr\u00e9\u00e9 avec une structure simple et une capacit\u00e9 de stockage \u00e9lev\u00e9e. Il convient aux entrep\u00f4ts avec un taux de rotation des stocks moyen et un faible taux de ramassage.<\/li>\n<li>Il fournit la solution de stockage que les rayonnages \u00e0 palettes ordinaires ne peuvent pas offrir : le double de l&#039;inventaire par rapport au syst\u00e8me de rayonnage \u00e0 palettes courant. Il doit \u00eatre \u00e9quip\u00e9 de chariots \u00e9l\u00e9vateurs sp\u00e9ciaux \u00e0 utiliser. La largeur des all\u00e9es des chariots \u00e9l\u00e9vateurs doit g\u00e9n\u00e9ralement atteindre 3,6 m\u00e8tres.<\/li>\n<li>Tout comme le syst\u00e8me de rayonnage drive-in, il n&#039;est pas tr\u00e8s pratique d&#039;acc\u00e9der aux marchandises dans la rang\u00e9e arri\u00e8re. L&#039;op\u00e9ration d&#039;acc\u00e8s ne peut \u00eatre effectu\u00e9e qu&#039;apr\u00e8s enl\u00e8vement ou d\u00e9placement des marchandises correspondantes au premier rang. L\u2019acc\u00e8s aux marchandises est difficile selon le principe du premier entr\u00e9, premier sorti. Afin d&#039;am\u00e9liorer le taux d&#039;utilisation de l&#039;entrep\u00f4t, il est n\u00e9cessaire d&#039;envisager d&#039;abord de stocker les racks arri\u00e8re, puis de stocker les racks avant. Lorsque les marchandises sont exp\u00e9di\u00e9es, essayez de retirer les marchandises des rang\u00e9es avant et arri\u00e8re en m\u00eame temps. S&#039;il y a trop de caisses qui ne peuvent pas \u00eatre vendues en m\u00eame temps, cela peut affecter le taux d&#039;utilisation des stocks.<\/li>\n<\/ol>\n<h2>Diff\u00e9rences entre le syst\u00e8me de rayonnage \u00e0 palettes \u00e0 double profondeur et le syst\u00e8me de rayonnage \u00e0 palettes s\u00e9lectif<\/h2>\n<p>Le rayonnage est utilis\u00e9 pour stocker les stocks dans l\u2019entrep\u00f4t. Nous disposons de diff\u00e9rents types d\u2019options de rayonnage \u00e0 appliquer dans notre lieu de stockage. Vous pouvez toujours configurer le syst\u00e8me de rayonnages le plus efficace dans votre entrep\u00f4t en fonction de vos besoins sp\u00e9cifiques. Que vous utilisiez un syst\u00e8me de rayonnage de type unique ou un syst\u00e8me de rayonnage combin\u00e9, tous peuvent \u00eatre calcul\u00e9s et personnalis\u00e9s. Les composants de la plupart des syst\u00e8mes de rayonnage \u00e0 palettes comprennent les montants, les poutres, les contreventements et les blots. Tous ces \u00e9l\u00e9ments fonctionnent ensemble pour fournir le support de s\u00e9curit\u00e9 de l\u2019ensemble du syst\u00e8me.<\/p>\n<p>Le syst\u00e8me de rayonnage \u00e0 double profondeur est am\u00e9lior\u00e9 \u00e0 partir du syst\u00e8me de rayonnage \u00e0 simple profondeur, leur structure est similaire. La seule diff\u00e9rence est que les syst\u00e8mes de rayonnage \u00e0 double profondeur sont configur\u00e9s avec deux rang\u00e9es dos \u00e0 dos, tandis que les syst\u00e8mes \u00e0 simple profondeur ne comportent qu&#039;une seule rang\u00e9e.<\/p>\n<h2>Points \u00e0 consid\u00e9rer avant de choisir un syst\u00e8me de rayonnage double profondeur<\/h2>\n<h3>La densit\u00e9 du stockage des marchandises<\/h3>\n<p>Dans le syst\u00e8me de rayonnages \u00e0 simple profondeur, les all\u00e9es pour les chariots \u00e9l\u00e9vateurs sont larges, de sorte que la densit\u00e9 de stockage des marchandises n&#039;est pas \u00e9lev\u00e9e et le taux d&#039;utilisation de l&#039;espace de ce syst\u00e8me est g\u00e9n\u00e9ralement d&#039;environ 30%~35%. Alors que dans le syst\u00e8me de rayonnages \u00e0 double profondeur, l&#039;all\u00e9e des chariots \u00e9l\u00e9vateurs est \u00e9troite, la densit\u00e9 de stockage est donc \u00e9lev\u00e9e et le taux d&#039;utilisation de l&#039;espace est relativement \u00e9lev\u00e9, pouvant atteindre environ 45% \u00e0 60%.<\/p>\n<h3>\u00c9quipement n\u00e9cessaire au stockage des marchandises<\/h3>\n<p>Le syst\u00e8me de rayonnage simple profondeur poss\u00e8de une all\u00e9e relativement large, de sorte que les chariots \u00e9l\u00e9vateurs normaux peuvent \u00eatre utilis\u00e9s dans ce syst\u00e8me. Les all\u00e9es du syst\u00e8me de rayonnages \u00e0 double profondeur sont plus \u00e9troites, elles doivent donc \u00eatre \u00e9quip\u00e9es de chariots \u00e9l\u00e9vateurs sp\u00e9ciaux dont le co\u00fbt peut \u00eatre plus \u00e9lev\u00e9.<\/p>\n<h3>Taux de s\u00e9lectivit\u00e9 des marchandises<\/h3>\n<p>Dans le syst\u00e8me de rayonnage \u00e0 simple profondeur, le chariot \u00e9l\u00e9vateur peut acc\u00e9der librement \u00e0 n&#039;importe quelle palette sur le rayonnage. La s\u00e9lectivit\u00e9 de ce syst\u00e8me est de 100%, ce qui permet de r\u00e9aliser la commande de chiffre d&#039;affaires des marchandises premier entr\u00e9, premier sorti. Et le fonctionnement de ce syst\u00e8me est tr\u00e8s pratique et rapide. Le syst\u00e8me de rayonnages \u00e0 double profondeur n\u2019est pas si pratique car les rayonnages \u00e0 double rang\u00e9e sont configur\u00e9s ensemble. Pour r\u00e9cup\u00e9rer les marchandises de la palette arri\u00e8re, la premi\u00e8re rang\u00e9e doit d&#039;abord \u00eatre retir\u00e9e. Avec une s\u00e9lectivit\u00e9 de 50%, il est difficile d&#039;obtenir un ordre de rotation des marchandises selon le premier entr\u00e9, premier sorti dans ce syst\u00e8me. Mais l&#039;utilisation de l&#039;espace est plus efficace dans ce syst\u00e8me.<\/p>\n<h3>Tenez compte de vos besoins<\/h3>\n<p>Lorsqu&#039;elles d\u00e9cident du syst\u00e8me de rayonnage \u00e0 palettes \u00e0 utiliser, les entreprises doivent d&#039;abord recueillir leurs propres exigences en mati\u00e8re de rayonnage, puis \u00e9valuer leur propre structure et environnement d&#039;entrep\u00f4t, afin de choisir le type de rayonnage le plus appropri\u00e9. Le syst\u00e8me de rayonnages \u00e0 simple profondeur est actuellement l&#039;un des syst\u00e8mes de rayonnages les plus r\u00e9pandus et les plus utilis\u00e9s, adapt\u00e9 \u00e0 la plupart des entrep\u00f4ts pour le stockage de marchandises, taux de s\u00e9lectivit\u00e9 des marchandises \u00e9lev\u00e9, facile \u00e0 utiliser. Le syst\u00e8me de rayonnage \u00e0 double profondeur a une structure simple et une capacit\u00e9 de stockage \u00e9lev\u00e9e, ce qui peut efficacement all\u00e9ger les exigences de stockage auxquelles les rayonnages \u00e0 palettes ordinaires ne peuvent pas r\u00e9pondre. Ce type de rayonnage est largement utilis\u00e9 dans les secteurs du tabac, de l&#039;alimentation et des boissons, de l&#039;emballage, de l&#039;industrie du papier, de l&#039;industrie des produits en plastique et d&#039;autres industries. Les sp\u00e9cifications de taille sp\u00e9cifiques doivent \u00eatre d\u00e9termin\u00e9es par des professionnels en fonction des caract\u00e9ristiques et des exigences des marchandises et des entrep\u00f4ts de l&#039;entreprise.<\/p>","protected":false},"excerpt":{"rendered":"<p>Le syst\u00e8me de rayonnage \u00e0 palettes \u00e0 double profondeur est largement utilis\u00e9 dans diverses industries, telles que la fabrication du papier, les produits en plastique, le tabac, l&#039;alimentation, les mat\u00e9riaux d&#039;emballage et d&#039;autres industries. Le syst\u00e8me de rayonnage \u00e0 palettes \u00e0 double profondeur adopte quatre ensembles de rayonnages \u00e0 disposer sur la m\u00eame ligne, avec deux rang\u00e9es chacune dos \u00e0 dos, ce qui r\u00e9duit efficacement l&#039;all\u00e9e de rayonnage. Chaque ligne de rayonnage de stockage peut stocker deux fois plus de palettes qu&#039;un syst\u00e8me de rayonnage \u00e0 palettes unique, de sorte que la capacit\u00e9 de stockage de ce type de rayonnage est beaucoup plus \u00e9lev\u00e9e que celle du syst\u00e8me de rayonnage \u00e0 palettes ordinaire. L&#039;utilisation de ce syst\u00e8me de rayonnage n\u00e9cessite l&#039;intervention d&#039;un chariot \u00e9l\u00e9vateur sp\u00e9cial. Pour r\u00e9cup\u00e9rer les marchandises de la deuxi\u00e8me rang\u00e9e, il faut enlever les marchandises de la premi\u00e8re rang\u00e9e pour laisser la place \u00e0 l&#039;op\u00e9ration.<\/p>","protected":false},"featured_media":271,"comment_status":"open","ping_status":"closed","template":"","meta":{"_seopress_robots_primary_cat":"","_seopress_titles_title":"","_seopress_titles_desc":"","_seopress_robots_index":""},"product_brand":[],"product_cat":[30],"product_tag":[],"class_list":{"0":"post-190","1":"product","2":"type-product","3":"status-publish","4":"has-post-thumbnail","6":"product_cat-pallet-racking","8":"first","9":"instock","10":"shipping-taxable","11":"product-type-simple"},"yoast_head":"<!-- This site is optimized with the Yoast SEO plugin v26.5 - https:\/\/yoast.com\/wordpress\/plugins\/seo\/ -->\n<title>Double Deep Pallet Racking - iWarehousing<\/title>\n<meta name=\"robots\" content=\"index, follow, max-snippet:-1, max-image-preview:large, max-video-preview:-1\" \/>\n<link rel=\"canonical\" href=\"https:\/\/www.iwarehousing.com\/fr\/product\/double-deep-pallet-racking\/\" \/>\n<meta property=\"og:locale\" content=\"fr_FR\" \/>\n<meta property=\"og:type\" content=\"article\" \/>\n<meta property=\"og:title\" content=\"Double Deep Pallet Racking - iWarehousing\" \/>\n<meta property=\"og:description\" content=\"Double-Deep Pallet Racking system is widely used in various industries, such as paper making, plastic products, tobacco, food, packaging materials and other industries. The Double-Deep Pallet Racking system adopts four sets of racks to be arranged in the same line, with each two rows stand back-to-back, which effectively reduces the racking aisle. Each storage racking line can store twice as many pallets as the single pallet racking system can do, so the storage capacity of this kind of racking is much higher than that of the ordinary pallet racking system. The use of this racking system requires a special forklift to join. To pick up the goods on the second row, the goods in the front row need to be taken away to leave the room for the operation.\" \/>\n<meta property=\"og:url\" content=\"https:\/\/www.iwarehousing.com\/fr\/product\/double-deep-pallet-racking\/\" \/>\n<meta property=\"og:site_name\" content=\"iWarehousing\" \/>\n<meta property=\"article:modified_time\" content=\"2022-09-22T14:36:42+00:00\" \/>\n<meta property=\"og:image\" content=\"https:\/\/www.iwarehousing.com\/wp-content\/uploads\/2022\/06\/double-deep-racking-1.jpeg\" \/>\n\t<meta property=\"og:image:width\" content=\"1170\" \/>\n\t<meta property=\"og:image:height\" content=\"908\" \/>\n\t<meta property=\"og:image:type\" content=\"image\/jpeg\" \/>\n<meta name=\"twitter:card\" content=\"summary_large_image\" \/>\n<meta name=\"twitter:label1\" content=\"Est. reading time\" \/>\n\t<meta name=\"twitter:data1\" content=\"3 minutes\" \/>\n<script type=\"application\/ld+json\" class=\"yoast-schema-graph\">{\"@context\":\"https:\/\/schema.org\",\"@graph\":[{\"@type\":\"WebPage\",\"@id\":\"https:\/\/www.iwarehousing.com\/product\/double-deep-pallet-racking\/\",\"url\":\"https:\/\/www.iwarehousing.com\/product\/double-deep-pallet-racking\/\",\"name\":\"Double Deep Pallet Racking - iWarehousing\",\"isPartOf\":{\"@id\":\"https:\/\/www.iwarehousing.com\/#website\"},\"primaryImageOfPage\":{\"@id\":\"https:\/\/www.iwarehousing.com\/product\/double-deep-pallet-racking\/#primaryimage\"},\"image\":{\"@id\":\"https:\/\/www.iwarehousing.com\/product\/double-deep-pallet-racking\/#primaryimage\"},\"thumbnailUrl\":\"https:\/\/www.iwarehousing.com\/wp-content\/uploads\/2022\/06\/double-deep-racking-1.jpeg\",\"datePublished\":\"2022-06-27T08:11:18+00:00\",\"dateModified\":\"2022-09-22T14:36:42+00:00\",\"breadcrumb\":{\"@id\":\"https:\/\/www.iwarehousing.com\/product\/double-deep-pallet-racking\/#breadcrumb\"},\"inLanguage\":\"fr-FR\",\"potentialAction\":[{\"@type\":\"ReadAction\",\"target\":[\"https:\/\/www.iwarehousing.com\/product\/double-deep-pallet-racking\/\"]}]},{\"@type\":\"ImageObject\",\"inLanguage\":\"fr-FR\",\"@id\":\"https:\/\/www.iwarehousing.com\/product\/double-deep-pallet-racking\/#primaryimage\",\"url\":\"https:\/\/www.iwarehousing.com\/wp-content\/uploads\/2022\/06\/double-deep-racking-1.jpeg\",\"contentUrl\":\"https:\/\/www.iwarehousing.com\/wp-content\/uploads\/2022\/06\/double-deep-racking-1.jpeg\",\"width\":1170,\"height\":908,\"caption\":\"double deep racking 1\"},{\"@type\":\"BreadcrumbList\",\"@id\":\"https:\/\/www.iwarehousing.com\/product\/double-deep-pallet-racking\/#breadcrumb\",\"itemListElement\":[{\"@type\":\"ListItem\",\"position\":1,\"name\":\"Home\",\"item\":\"https:\/\/www.iwarehousing.com\/\"},{\"@type\":\"ListItem\",\"position\":2,\"name\":\"Product\",\"item\":\"https:\/\/www.iwarehousing.com\/product\/\"},{\"@type\":\"ListItem\",\"position\":3,\"name\":\"Double Deep Pallet Racking\"}]},{\"@type\":\"WebSite\",\"@id\":\"https:\/\/www.iwarehousing.com\/#website\",\"url\":\"https:\/\/www.iwarehousing.com\/\",\"name\":\"iWarehousing\",\"description\":\"Focus on warehousing equipments\",\"publisher\":{\"@id\":\"https:\/\/www.iwarehousing.com\/#organization\"},\"potentialAction\":[{\"@type\":\"SearchAction\",\"target\":{\"@type\":\"EntryPoint\",\"urlTemplate\":\"https:\/\/www.iwarehousing.com\/?s={search_term_string}\"},\"query-input\":{\"@type\":\"PropertyValueSpecification\",\"valueRequired\":true,\"valueName\":\"search_term_string\"}}],\"inLanguage\":\"fr-FR\"},{\"@type\":\"Organization\",\"@id\":\"https:\/\/www.iwarehousing.com\/#organization\",\"name\":\"iWarehousing\",\"url\":\"https:\/\/www.iwarehousing.com\/\",\"logo\":{\"@type\":\"ImageObject\",\"inLanguage\":\"fr-FR\",\"@id\":\"https:\/\/www.iwarehousing.com\/#\/schema\/logo\/image\/\",\"url\":\"https:\/\/www.iwarehousing.com\/wp-content\/uploads\/2022\/05\/iW-logo-no-tag-800pxREV2.png\",\"contentUrl\":\"https:\/\/www.iwarehousing.com\/wp-content\/uploads\/2022\/05\/iW-logo-no-tag-800pxREV2.png\",\"width\":1753,\"height\":490,\"caption\":\"iWarehousing\"},\"image\":{\"@id\":\"https:\/\/www.iwarehousing.com\/#\/schema\/logo\/image\/\"}}]}<\/script>\n<!-- \/ Yoast SEO plugin. -->","yoast_head_json":{"title":"Double Deep Pallet Racking - iWarehousing","robots":{"index":"index","follow":"follow","max-snippet":"max-snippet:-1","max-image-preview":"max-image-preview:large","max-video-preview":"max-video-preview:-1"},"canonical":"https:\/\/www.iwarehousing.com\/fr\/product\/double-deep-pallet-racking\/","og_locale":"fr_FR","og_type":"article","og_title":"Double Deep Pallet Racking - iWarehousing","og_description":"Double-Deep Pallet Racking system is widely used in various industries, such as paper making, plastic products, tobacco, food, packaging materials and other industries. The Double-Deep Pallet Racking system adopts four sets of racks to be arranged in the same line, with each two rows stand back-to-back, which effectively reduces the racking aisle. Each storage racking line can store twice as many pallets as the single pallet racking system can do, so the storage capacity of this kind of racking is much higher than that of the ordinary pallet racking system. The use of this racking system requires a special forklift to join. To pick up the goods on the second row, the goods in the front row need to be taken away to leave the room for the operation.","og_url":"https:\/\/www.iwarehousing.com\/fr\/product\/double-deep-pallet-racking\/","og_site_name":"iWarehousing","article_modified_time":"2022-09-22T14:36:42+00:00","og_image":[{"width":1170,"height":908,"url":"https:\/\/www.iwarehousing.com\/wp-content\/uploads\/2022\/06\/double-deep-racking-1.jpeg","type":"image\/jpeg"}],"twitter_card":"summary_large_image","twitter_misc":{"Est. reading time":"3 minutes"},"schema":{"@context":"https:\/\/schema.org","@graph":[{"@type":"WebPage","@id":"https:\/\/www.iwarehousing.com\/product\/double-deep-pallet-racking\/","url":"https:\/\/www.iwarehousing.com\/product\/double-deep-pallet-racking\/","name":"Double Deep Pallet Racking - iWarehousing","isPartOf":{"@id":"https:\/\/www.iwarehousing.com\/#website"},"primaryImageOfPage":{"@id":"https:\/\/www.iwarehousing.com\/product\/double-deep-pallet-racking\/#primaryimage"},"image":{"@id":"https:\/\/www.iwarehousing.com\/product\/double-deep-pallet-racking\/#primaryimage"},"thumbnailUrl":"https:\/\/www.iwarehousing.com\/wp-content\/uploads\/2022\/06\/double-deep-racking-1.jpeg","datePublished":"2022-06-27T08:11:18+00:00","dateModified":"2022-09-22T14:36:42+00:00","breadcrumb":{"@id":"https:\/\/www.iwarehousing.com\/product\/double-deep-pallet-racking\/#breadcrumb"},"inLanguage":"fr-FR","potentialAction":[{"@type":"ReadAction","target":["https:\/\/www.iwarehousing.com\/product\/double-deep-pallet-racking\/"]}]},{"@type":"ImageObject","inLanguage":"fr-FR","@id":"https:\/\/www.iwarehousing.com\/product\/double-deep-pallet-racking\/#primaryimage","url":"https:\/\/www.iwarehousing.com\/wp-content\/uploads\/2022\/06\/double-deep-racking-1.jpeg","contentUrl":"https:\/\/www.iwarehousing.com\/wp-content\/uploads\/2022\/06\/double-deep-racking-1.jpeg","width":1170,"height":908,"caption":"double deep racking 1"},{"@type":"BreadcrumbList","@id":"https:\/\/www.iwarehousing.com\/product\/double-deep-pallet-racking\/#breadcrumb","itemListElement":[{"@type":"ListItem","position":1,"name":"Home","item":"https:\/\/www.iwarehousing.com\/"},{"@type":"ListItem","position":2,"name":"Product","item":"https:\/\/www.iwarehousing.com\/product\/"},{"@type":"ListItem","position":3,"name":"Double Deep Pallet Racking"}]},{"@type":"WebSite","@id":"https:\/\/www.iwarehousing.com\/#website","url":"https:\/\/www.iwarehousing.com\/","name":"iWarehousing","description":"Focus on warehousing equipments","publisher":{"@id":"https:\/\/www.iwarehousing.com\/#organization"},"potentialAction":[{"@type":"SearchAction","target":{"@type":"EntryPoint","urlTemplate":"https:\/\/www.iwarehousing.com\/?s={search_term_string}"},"query-input":{"@type":"PropertyValueSpecification","valueRequired":true,"valueName":"search_term_string"}}],"inLanguage":"fr-FR"},{"@type":"Organization","@id":"https:\/\/www.iwarehousing.com\/#organization","name":"iWarehousing","url":"https:\/\/www.iwarehousing.com\/","logo":{"@type":"ImageObject","inLanguage":"fr-FR","@id":"https:\/\/www.iwarehousing.com\/#\/schema\/logo\/image\/","url":"https:\/\/www.iwarehousing.com\/wp-content\/uploads\/2022\/05\/iW-logo-no-tag-800pxREV2.png","contentUrl":"https:\/\/www.iwarehousing.com\/wp-content\/uploads\/2022\/05\/iW-logo-no-tag-800pxREV2.png","width":1753,"height":490,"caption":"iWarehousing"},"image":{"@id":"https:\/\/www.iwarehousing.com\/#\/schema\/logo\/image\/"}}]}},"_links":{"self":[{"href":"https:\/\/www.iwarehousing.com\/fr\/wp-json\/wp\/v2\/product\/190","targetHints":{"allow":["GET"]}}],"collection":[{"href":"https:\/\/www.iwarehousing.com\/fr\/wp-json\/wp\/v2\/product"}],"about":[{"href":"https:\/\/www.iwarehousing.com\/fr\/wp-json\/wp\/v2\/types\/product"}],"replies":[{"embeddable":true,"href":"https:\/\/www.iwarehousing.com\/fr\/wp-json\/wp\/v2\/comments?post=190"}],"wp:featuredmedia":[{"embeddable":true,"href":"https:\/\/www.iwarehousing.com\/fr\/wp-json\/wp\/v2\/media\/271"}],"wp:attachment":[{"href":"https:\/\/www.iwarehousing.com\/fr\/wp-json\/wp\/v2\/media?parent=190"}],"wp:term":[{"taxonomy":"product_brand","embeddable":true,"href":"https:\/\/www.iwarehousing.com\/fr\/wp-json\/wp\/v2\/product_brand?post=190"},{"taxonomy":"product_cat","embeddable":true,"href":"https:\/\/www.iwarehousing.com\/fr\/wp-json\/wp\/v2\/product_cat?post=190"},{"taxonomy":"product_tag","embeddable":true,"href":"https:\/\/www.iwarehousing.com\/fr\/wp-json\/wp\/v2\/product_tag?post=190"}],"curies":[{"name":"wp","href":"https:\/\/api.w.org\/{rel}","templated":true}]}}