{"id":189,"date":"2022-06-27T16:10:44","date_gmt":"2022-06-27T08:10:44","guid":{"rendered":"https:\/\/imm31ev9mx.onrocket.site\/?post_type=product&#038;p=189"},"modified":"2023-03-30T16:16:54","modified_gmt":"2023-03-30T08:16:54","slug":"narrow-aisle-pallet-racking","status":"publish","type":"product","link":"https:\/\/www.iwarehousing.com\/fr\/product\/narrow-aisle-pallet-racking\/","title":{"rendered":"Rayonnage \u00e0 palettes pour all\u00e9es \u00e9troites"},"content":{"rendered":"<p>Le rayonnage \u00e0 palettes pour all\u00e9es \u00e9troites (VNA) est un type de syst\u00e8me de rayonnage \u00e0 palettes con\u00e7u pour optimiser l\u2019utilisation de l\u2019espace d\u2019entrep\u00f4t. Il est g\u00e9n\u00e9ralement utilis\u00e9 dans des installations ayant des besoins de stockage \u00e0 haute densit\u00e9, o\u00f9 l&#039;espace est limit\u00e9. Le syst\u00e8me se caract\u00e9rise par des all\u00e9es plus \u00e9troites que celles des syst\u00e8mes de rayonnages \u00e0 palettes traditionnels, g\u00e9n\u00e9ralement entre 1,6 et 2 m\u00e8tres de large, d&#039;o\u00f9 son nom.<\/p>\n<p>Les all\u00e9es \u00e9troites sont rendues possibles gr\u00e2ce \u00e0 l&#039;utilisation de chariots \u00e9l\u00e9vateurs sp\u00e9cialis\u00e9s, tels que des chariots \u00e0 tourelle ou des chariots \u00e0 m\u00e2t r\u00e9tractable, con\u00e7us pour fonctionner dans des espaces confin\u00e9s. Ces camions ont la capacit\u00e9 de soulever et de placer des palettes dans des espaces tr\u00e8s restreints, permettant ainsi une utilisation maximale de l&#039;espace vertical disponible dans l&#039;entrep\u00f4t.<\/p>\n<p>Le rayonnage \u00e0 palettes lui-m\u00eame est construit pour \u00eatre tr\u00e8s haut, avec plusieurs niveaux de stockage accessibles par les chariots \u00e9l\u00e9vateurs sp\u00e9cialis\u00e9s. Le syst\u00e8me peut \u00eatre configur\u00e9 de diff\u00e9rentes mani\u00e8res, notamment \u00e0 simple ou double port\u00e9e, en fonction des besoins sp\u00e9cifiques de l&#039;exploitation de l&#039;entrep\u00f4t.<\/p>\n<h2>Composants du syst\u00e8me de rayonnage VNA<\/h2>\n<p>Semblables aux syst\u00e8mes de rayonnages \u00e0 all\u00e9es standard ou larges, les principaux composants utilis\u00e9s pour cr\u00e9er la structure comprennent le cadre, les colonnes et les poutres. De plus, le chariot \u00e9l\u00e9vateur doit \u00eatre guid\u00e9, qui peut \u00eatre m\u00e9canique ou filaire. Le guidage m\u00e9canique est une piste qui longe l&#039;ext\u00e9rieur de la structure et sert de barri\u00e8re entre le camion et la structure. Le v\u00e9rin \u00e9lanc\u00e9 est \u00e9quip\u00e9 de roues relevables suppl\u00e9mentaires qui roulent le long de la chenille sans que le camion lui-m\u00eame n&#039;entre en contact avec la chenille. Le guidage filaire consiste en un mince c\u00e2ble \u00e9lectromagn\u00e9tique centr\u00e9 le long du sol de l&#039;all\u00e9e et connect\u00e9 \u00e0 un capteur de camion pour le guider.<\/p>\n<h2>Pourquoi choisir le rayonnage VNA ?<\/h2>\n<h3>Utilisation efficace de l&#039;espace<\/h3>\n<ul>\n<li>La maximisation de l&#039;espace au sol et vertical permet une augmentation significative de la capacit\u00e9 de stockage, jusqu&#039;\u00e0 50% pour certaines entreprises ;<\/li>\n<li>Acc\u00e8s direct \u00e0 l&#039;inventaire;<\/li>\n<li>L&#039;inventaire est facile \u00e0 trouver, m\u00eame \u00e0 hauteur des camions professionnels, avec un acc\u00e8s direct 100% ;<\/li>\n<li>En tirant le meilleur parti de votre espace vertical, vous pouvez stocker plus de palettes sur une seule surface au sol, r\u00e9duisant ainsi votre co\u00fbt de stockage par palette.<\/li>\n<\/ul>\n<h3>Augmentation de la productivit\u00e9<\/h3>\n<ul>\n<li>\u00c9tant donn\u00e9 que les racks VNA utilisent des camions sp\u00e9cialis\u00e9s plus rapides, les processus de pr\u00e9l\u00e8vement et de chargement peuvent \u00eatre effectu\u00e9s de mani\u00e8re s\u00fbre et efficace ;<\/li>\n<li>\u00c9tant donn\u00e9 que le chariot \u00e9l\u00e9vateur est guid\u00e9 le long de l&#039;all\u00e9e sans direction manuelle, le risque de dommages \u00e0 la cr\u00e9maill\u00e8re est consid\u00e9rablement r\u00e9duit, r\u00e9duisant ainsi le risque de collision ;<\/li>\n<li>Une manipulation sophistiqu\u00e9e et une \u00ab t\u00eate haute \u00bb sur les camions \u00e0 all\u00e9es \u00e9troites augmentent la s\u00e9curit\u00e9 des travailleurs d\u00e9pla\u00e7ant des charges.<\/li>\n<\/ul>\n<h2>Quel chariot \u00e9l\u00e9vateur utiliser<\/h2>\n<div class=\"flex flex-grow flex-col gap-3\">\n<div class=\"min-h-[20px] flex flex-col items-start gap-4 whitespace-pre-wrap\">\n<div class=\"markdown prose w-full break-words dark:prose-invert light\">\n<p>Dans un syst\u00e8me de rayonnage \u00e0 palettes \u00e0 all\u00e9es \u00e9troites, des chariots \u00e9l\u00e9vateurs sp\u00e9cialis\u00e9s sont utilis\u00e9s pour op\u00e9rer dans les all\u00e9es \u00e9troites et maximiser l\u2019utilisation de l\u2019espace. Il existe deux principaux types de chariots \u00e9l\u00e9vateurs couramment utilis\u00e9s dans les syst\u00e8mes de rayonnages \u00e0 palettes pour all\u00e9es \u00e9troites\u00a0:<\/p>\n<h3>Camions \u00e0 tourelle<\/h3>\n<p>Ces chariots \u00e9l\u00e9vateurs sont dot\u00e9s d&#039;un m\u00e2t rotatif qui permet \u00e0 l&#039;op\u00e9rateur de pr\u00e9lever et de placer les palettes dans les deux sens, \u00e9liminant ainsi le besoin de faire demi-tour au chariot \u00e9l\u00e9vateur dans l&#039;all\u00e9e \u00e9troite. Les chariots \u00e0 tourelle sont id\u00e9aux pour les all\u00e9es tr\u00e8s \u00e9troites et peuvent fonctionner \u00e0 de grandes hauteurs.<\/p>\n<h3>Chariots \u00e0 m\u00e2t r\u00e9tractable<\/h3>\n<p>Ces chariots \u00e9l\u00e9vateurs disposent d&#039;un m\u00e9canisme de port\u00e9e qui peut s&#039;\u00e9tendre dans le rayonnage \u00e0 palettes pour pr\u00e9lever et placer les palettes depuis des positions plus profondes. Le m\u00e9canisme de port\u00e9e pivotante permet \u00e0 l&#039;op\u00e9rateur de placer les palettes dans diverses positions et est id\u00e9al pour les entrep\u00f4ts comportant diff\u00e9rentes tailles de palettes.<\/p>\n<p>Lors du choix d&#039;un chariot \u00e9l\u00e9vateur pour un syst\u00e8me de rayonnages \u00e0 palettes \u00e0 all\u00e9es \u00e9troites, il est important de prendre en compte des facteurs tels que la largeur des all\u00e9es, la hauteur du plafond, la taille et le poids des palettes, ainsi que le confort et la s\u00e9curit\u00e9 de l&#039;op\u00e9rateur. Il est recommand\u00e9 de consulter un expert ou un fabricant de chariots \u00e9l\u00e9vateurs pour d\u00e9terminer le meilleur chariot \u00e9l\u00e9vateur pour les besoins sp\u00e9cifiques de votre entrep\u00f4t.<\/p>\n<\/div>\n<\/div>\n<\/div>\n<p>&nbsp;<\/p>","protected":false},"excerpt":{"rendered":"<ul>\n<li>All\u00e9e \u00e9troite<\/li>\n<li>Haute densit\u00e9 de stockage<\/li>\n<li>Chariots \u00e9l\u00e9vateurs sp\u00e9cialis\u00e9s requis<\/li>\n<li>Hauteur de rack \u00e9lev\u00e9e disponible<\/li>\n<li>Bonne s\u00e9lectivit\u00e9<\/li>\n<\/ul>","protected":false},"featured_media":2399,"comment_status":"open","ping_status":"closed","template":"","meta":{"_seopress_robots_primary_cat":"","_seopress_titles_title":"","_seopress_titles_desc":"","_seopress_robots_index":""},"product_brand":[],"product_cat":[30],"product_tag":[],"class_list":{"0":"post-189","1":"product","2":"type-product","3":"status-publish","4":"has-post-thumbnail","6":"product_cat-pallet-racking","8":"first","9":"instock","10":"shipping-taxable","11":"product-type-simple"},"yoast_head":"<!-- This site is optimized with the Yoast SEO plugin v26.5 - https:\/\/yoast.com\/wordpress\/plugins\/seo\/ -->\n<title>Narrow Aisle Pallet Racking - iWarehousing<\/title>\n<meta name=\"robots\" content=\"index, follow, max-snippet:-1, max-image-preview:large, max-video-preview:-1\" \/>\n<link rel=\"canonical\" href=\"https:\/\/www.iwarehousing.com\/fr\/product\/narrow-aisle-pallet-racking\/\" \/>\n<meta property=\"og:locale\" content=\"fr_FR\" \/>\n<meta property=\"og:type\" content=\"article\" \/>\n<meta property=\"og:title\" content=\"Narrow Aisle Pallet Racking - iWarehousing\" \/>\n<meta property=\"og:description\" content=\"Narrow aisle  High storage density  Specialized lift trucks required  High rack height available  Good selectivity\" \/>\n<meta property=\"og:url\" content=\"https:\/\/www.iwarehousing.com\/fr\/product\/narrow-aisle-pallet-racking\/\" \/>\n<meta property=\"og:site_name\" content=\"iWarehousing\" \/>\n<meta property=\"article:modified_time\" content=\"2023-03-30T08:16:54+00:00\" \/>\n<meta property=\"og:image\" content=\"https:\/\/www.iwarehousing.com\/wp-content\/uploads\/2022\/06\/narrow-aisle-pallet-racking.jpg\" \/>\n\t<meta property=\"og:image:width\" content=\"2000\" \/>\n\t<meta property=\"og:image:height\" content=\"1333\" \/>\n\t<meta property=\"og:image:type\" content=\"image\/jpeg\" \/>\n<meta name=\"twitter:card\" content=\"summary_large_image\" \/>\n<meta name=\"twitter:label1\" content=\"Est. reading time\" \/>\n\t<meta name=\"twitter:data1\" content=\"3 minutes\" \/>\n<script type=\"application\/ld+json\" class=\"yoast-schema-graph\">{\"@context\":\"https:\/\/schema.org\",\"@graph\":[{\"@type\":\"WebPage\",\"@id\":\"https:\/\/www.iwarehousing.com\/product\/narrow-aisle-pallet-racking\/\",\"url\":\"https:\/\/www.iwarehousing.com\/product\/narrow-aisle-pallet-racking\/\",\"name\":\"Narrow Aisle Pallet Racking - iWarehousing\",\"isPartOf\":{\"@id\":\"https:\/\/www.iwarehousing.com\/#website\"},\"primaryImageOfPage\":{\"@id\":\"https:\/\/www.iwarehousing.com\/product\/narrow-aisle-pallet-racking\/#primaryimage\"},\"image\":{\"@id\":\"https:\/\/www.iwarehousing.com\/product\/narrow-aisle-pallet-racking\/#primaryimage\"},\"thumbnailUrl\":\"https:\/\/www.iwarehousing.com\/wp-content\/uploads\/2022\/06\/narrow-aisle-pallet-racking.jpg\",\"datePublished\":\"2022-06-27T08:10:44+00:00\",\"dateModified\":\"2023-03-30T08:16:54+00:00\",\"breadcrumb\":{\"@id\":\"https:\/\/www.iwarehousing.com\/product\/narrow-aisle-pallet-racking\/#breadcrumb\"},\"inLanguage\":\"fr-FR\",\"potentialAction\":[{\"@type\":\"ReadAction\",\"target\":[\"https:\/\/www.iwarehousing.com\/product\/narrow-aisle-pallet-racking\/\"]}]},{\"@type\":\"ImageObject\",\"inLanguage\":\"fr-FR\",\"@id\":\"https:\/\/www.iwarehousing.com\/product\/narrow-aisle-pallet-racking\/#primaryimage\",\"url\":\"https:\/\/www.iwarehousing.com\/wp-content\/uploads\/2022\/06\/narrow-aisle-pallet-racking.jpg\",\"contentUrl\":\"https:\/\/www.iwarehousing.com\/wp-content\/uploads\/2022\/06\/narrow-aisle-pallet-racking.jpg\",\"width\":2000,\"height\":1333,\"caption\":\"narrow aisle pallet racking\"},{\"@type\":\"BreadcrumbList\",\"@id\":\"https:\/\/www.iwarehousing.com\/product\/narrow-aisle-pallet-racking\/#breadcrumb\",\"itemListElement\":[{\"@type\":\"ListItem\",\"position\":1,\"name\":\"Home\",\"item\":\"https:\/\/www.iwarehousing.com\/\"},{\"@type\":\"ListItem\",\"position\":2,\"name\":\"Product\",\"item\":\"https:\/\/www.iwarehousing.com\/product\/\"},{\"@type\":\"ListItem\",\"position\":3,\"name\":\"Narrow Aisle Pallet Racking\"}]},{\"@type\":\"WebSite\",\"@id\":\"https:\/\/www.iwarehousing.com\/#website\",\"url\":\"https:\/\/www.iwarehousing.com\/\",\"name\":\"iWarehousing\",\"description\":\"Focus on warehousing equipments\",\"publisher\":{\"@id\":\"https:\/\/www.iwarehousing.com\/#organization\"},\"potentialAction\":[{\"@type\":\"SearchAction\",\"target\":{\"@type\":\"EntryPoint\",\"urlTemplate\":\"https:\/\/www.iwarehousing.com\/?s={search_term_string}\"},\"query-input\":{\"@type\":\"PropertyValueSpecification\",\"valueRequired\":true,\"valueName\":\"search_term_string\"}}],\"inLanguage\":\"fr-FR\"},{\"@type\":\"Organization\",\"@id\":\"https:\/\/www.iwarehousing.com\/#organization\",\"name\":\"iWarehousing\",\"url\":\"https:\/\/www.iwarehousing.com\/\",\"logo\":{\"@type\":\"ImageObject\",\"inLanguage\":\"fr-FR\",\"@id\":\"https:\/\/www.iwarehousing.com\/#\/schema\/logo\/image\/\",\"url\":\"https:\/\/www.iwarehousing.com\/wp-content\/uploads\/2022\/05\/iW-logo-no-tag-800pxREV2.png\",\"contentUrl\":\"https:\/\/www.iwarehousing.com\/wp-content\/uploads\/2022\/05\/iW-logo-no-tag-800pxREV2.png\",\"width\":1753,\"height\":490,\"caption\":\"iWarehousing\"},\"image\":{\"@id\":\"https:\/\/www.iwarehousing.com\/#\/schema\/logo\/image\/\"}}]}<\/script>\n<!-- \/ Yoast SEO plugin. -->","yoast_head_json":{"title":"Narrow Aisle Pallet Racking - iWarehousing","robots":{"index":"index","follow":"follow","max-snippet":"max-snippet:-1","max-image-preview":"max-image-preview:large","max-video-preview":"max-video-preview:-1"},"canonical":"https:\/\/www.iwarehousing.com\/fr\/product\/narrow-aisle-pallet-racking\/","og_locale":"fr_FR","og_type":"article","og_title":"Narrow Aisle Pallet Racking - iWarehousing","og_description":"Narrow aisle  High storage density  Specialized lift trucks required  High rack height available  Good selectivity","og_url":"https:\/\/www.iwarehousing.com\/fr\/product\/narrow-aisle-pallet-racking\/","og_site_name":"iWarehousing","article_modified_time":"2023-03-30T08:16:54+00:00","og_image":[{"width":2000,"height":1333,"url":"https:\/\/www.iwarehousing.com\/wp-content\/uploads\/2022\/06\/narrow-aisle-pallet-racking.jpg","type":"image\/jpeg"}],"twitter_card":"summary_large_image","twitter_misc":{"Est. reading time":"3 minutes"},"schema":{"@context":"https:\/\/schema.org","@graph":[{"@type":"WebPage","@id":"https:\/\/www.iwarehousing.com\/product\/narrow-aisle-pallet-racking\/","url":"https:\/\/www.iwarehousing.com\/product\/narrow-aisle-pallet-racking\/","name":"Narrow Aisle Pallet Racking - iWarehousing","isPartOf":{"@id":"https:\/\/www.iwarehousing.com\/#website"},"primaryImageOfPage":{"@id":"https:\/\/www.iwarehousing.com\/product\/narrow-aisle-pallet-racking\/#primaryimage"},"image":{"@id":"https:\/\/www.iwarehousing.com\/product\/narrow-aisle-pallet-racking\/#primaryimage"},"thumbnailUrl":"https:\/\/www.iwarehousing.com\/wp-content\/uploads\/2022\/06\/narrow-aisle-pallet-racking.jpg","datePublished":"2022-06-27T08:10:44+00:00","dateModified":"2023-03-30T08:16:54+00:00","breadcrumb":{"@id":"https:\/\/www.iwarehousing.com\/product\/narrow-aisle-pallet-racking\/#breadcrumb"},"inLanguage":"fr-FR","potentialAction":[{"@type":"ReadAction","target":["https:\/\/www.iwarehousing.com\/product\/narrow-aisle-pallet-racking\/"]}]},{"@type":"ImageObject","inLanguage":"fr-FR","@id":"https:\/\/www.iwarehousing.com\/product\/narrow-aisle-pallet-racking\/#primaryimage","url":"https:\/\/www.iwarehousing.com\/wp-content\/uploads\/2022\/06\/narrow-aisle-pallet-racking.jpg","contentUrl":"https:\/\/www.iwarehousing.com\/wp-content\/uploads\/2022\/06\/narrow-aisle-pallet-racking.jpg","width":2000,"height":1333,"caption":"narrow aisle pallet racking"},{"@type":"BreadcrumbList","@id":"https:\/\/www.iwarehousing.com\/product\/narrow-aisle-pallet-racking\/#breadcrumb","itemListElement":[{"@type":"ListItem","position":1,"name":"Home","item":"https:\/\/www.iwarehousing.com\/"},{"@type":"ListItem","position":2,"name":"Product","item":"https:\/\/www.iwarehousing.com\/product\/"},{"@type":"ListItem","position":3,"name":"Narrow Aisle Pallet Racking"}]},{"@type":"WebSite","@id":"https:\/\/www.iwarehousing.com\/#website","url":"https:\/\/www.iwarehousing.com\/","name":"iWarehousing","description":"Focus on warehousing equipments","publisher":{"@id":"https:\/\/www.iwarehousing.com\/#organization"},"potentialAction":[{"@type":"SearchAction","target":{"@type":"EntryPoint","urlTemplate":"https:\/\/www.iwarehousing.com\/?s={search_term_string}"},"query-input":{"@type":"PropertyValueSpecification","valueRequired":true,"valueName":"search_term_string"}}],"inLanguage":"fr-FR"},{"@type":"Organization","@id":"https:\/\/www.iwarehousing.com\/#organization","name":"iWarehousing","url":"https:\/\/www.iwarehousing.com\/","logo":{"@type":"ImageObject","inLanguage":"fr-FR","@id":"https:\/\/www.iwarehousing.com\/#\/schema\/logo\/image\/","url":"https:\/\/www.iwarehousing.com\/wp-content\/uploads\/2022\/05\/iW-logo-no-tag-800pxREV2.png","contentUrl":"https:\/\/www.iwarehousing.com\/wp-content\/uploads\/2022\/05\/iW-logo-no-tag-800pxREV2.png","width":1753,"height":490,"caption":"iWarehousing"},"image":{"@id":"https:\/\/www.iwarehousing.com\/#\/schema\/logo\/image\/"}}]}},"_links":{"self":[{"href":"https:\/\/www.iwarehousing.com\/fr\/wp-json\/wp\/v2\/product\/189","targetHints":{"allow":["GET"]}}],"collection":[{"href":"https:\/\/www.iwarehousing.com\/fr\/wp-json\/wp\/v2\/product"}],"about":[{"href":"https:\/\/www.iwarehousing.com\/fr\/wp-json\/wp\/v2\/types\/product"}],"replies":[{"embeddable":true,"href":"https:\/\/www.iwarehousing.com\/fr\/wp-json\/wp\/v2\/comments?post=189"}],"wp:featuredmedia":[{"embeddable":true,"href":"https:\/\/www.iwarehousing.com\/fr\/wp-json\/wp\/v2\/media\/2399"}],"wp:attachment":[{"href":"https:\/\/www.iwarehousing.com\/fr\/wp-json\/wp\/v2\/media?parent=189"}],"wp:term":[{"taxonomy":"product_brand","embeddable":true,"href":"https:\/\/www.iwarehousing.com\/fr\/wp-json\/wp\/v2\/product_brand?post=189"},{"taxonomy":"product_cat","embeddable":true,"href":"https:\/\/www.iwarehousing.com\/fr\/wp-json\/wp\/v2\/product_cat?post=189"},{"taxonomy":"product_tag","embeddable":true,"href":"https:\/\/www.iwarehousing.com\/fr\/wp-json\/wp\/v2\/product_tag?post=189"}],"curies":[{"name":"wp","href":"https:\/\/api.w.org\/{rel}","templated":true}]}}