{"id":188,"date":"2022-06-27T16:10:11","date_gmt":"2022-06-27T08:10:11","guid":{"rendered":"https:\/\/imm31ev9mx.onrocket.site\/?post_type=product&#038;p=188"},"modified":"2023-03-30T12:18:37","modified_gmt":"2023-03-30T04:18:37","slug":"cold-storage-racking","status":"publish","type":"product","link":"https:\/\/www.iwarehousing.com\/fr\/product\/cold-storage-racking\/","title":{"rendered":"Rayonnage pour entrep\u00f4ts frigorifiques"},"content":{"rendered":"<h2>\u00c9l\u00e9ments \u00e0 consid\u00e9rer pour les rayonnages pour entrep\u00f4ts frigorifiques<\/h2>\n<article class=\"4ever-article\" data-clipboard-cangjie=\"[&quot;root&quot;,{&quot;copyFrom&quot;:1329378339},[&quot;p&quot;,{&quot;uuid&quot;:&quot;l0qg45pibbs47gznf6n&quot;,&quot;jc&quot;:&quot;justify&quot;},[&quot;span&quot;,{&quot;data-type&quot;:&quot;text&quot;},[&quot;span&quot;,{&quot;sz&quot;:12,&quot;szUnit&quot;:&quot;pt&quot;,&quot;data-type&quot;:&quot;leaf&quot;},&quot;We need to consider pallet weight and dimensions when designing the layout of a pallet racking system. The industry standard pallet size is 40\u201d x 48\u201d which fits for the majority of systems. Pallet size helps to determine system dimensions such as pallet racking depth or upright height.&quot;]]]]\" data-identifier-application__slash__x-cangjie-fragment=\"JTdCJTIya2xhc3MlMjIlM0ElMjJkb2N1bWVudCUyMiUyQyUyMmRhdGElMjIlM0ElN0IlN0QlMkMlMjJub2RlcyUyMiUzQSU1QiU3QiUyMmtsYXNzJTIyJTNBJTIyYmxvY2slMjIlMkMlMjJ0eXBlJTIyJTNBJTIycGFyYWdyYXBoJTIyJTJDJTIyZGF0YSUyMiUzQSU3QiUyMnV1aWQlMjIlM0ElMjJsMHFnNDVwaWJiczQ3Z3puZjZuJTIyJTJDJTIyamMlMjIlM0ElMjJqdXN0aWZ5JTIyJTdEJTJDJTIybm9kZXMlMjIlM0ElNUIlN0IlMjJrbGFzcyUyMiUzQSUyMnRleHQlMjIlMkMlMjJsZWF2ZXMlMjIlM0ElNUIlN0IlMjJrbGFzcyUyMiUzQSUyMmxlYWYlMjIlMkMlMjJ0ZXh0JTIyJTNBJTIyV2UlMjBuZWVkJTIwdG8lMjBjb25zaWRlciUyMHBhbGxldCUyMHdlaWdodCUyMGFuZCUyMGRpbWVuc2lvbnMlMjB3aGVuJTIwZGVzaWduaW5nJTIwdGhlJTIwbGF5b3V0JTIwb2YlMjBhJTIwcGFsbGV0JTIwcmFja2luZyUyMHN5c3RlbS4lMjBUaGUlMjBpbmR1c3RyeSUyMHN0YW5kYXJkJTIwcGFsbGV0JTIwc2l6ZSUyMGlzJTIwNDAlRTIlODAlOUQlMjB4JTIwNDglRTIlODAlOUQlMjB3aGljaCUyMGZpdHMlMjBmb3IlMjB0aGUlMjBtYWpvcml0eSUyMG9mJTIwc3lzdGVtcy4lMjBQYWxsZXQlMjBzaXplJTIwaGVscHMlMjB0byUyMGRldGVybWluZSUyMHN5c3RlbSUyMGRpbWVuc2lvbnMlMjBzdWNoJTIwYXMlMjBwYWxsZXQlMjByYWNraW5nJTIwZGVwdGglMjBvciUyMHVwcmlnaHQlMjBoZWlnaHQuJTIyJTJDJTIybWFya3MlMjIlM0ElNUIlN0IlMjJrbGFzcyUyMiUzQSUyMm1hcmslMjIlMkMlMjJ0eXBlJTIyJTNBJTIyc3olMjIlMkMlMjJkYXRhJTIyJTNBJTdCJTIydmFsdWUlMjIlM0ExMiUyQyUyMnN6VW5pdCUyMiUzQSUyMnB0JTIyJTdEJTdEJTVEJTdEJTVEJTdEJTVEJTdEJTVEJTdE\" data-identifier-application__slash__x-doc-key=\"LvBPlNP0WYQVqdG8\">\n<article class=\"4ever-article\" data-clipboard-cangjie=\"[&quot;root&quot;,{&quot;copyFrom&quot;:1329378339},[&quot;p&quot;,{},[&quot;span&quot;,{&quot;data-type&quot;:&quot;text&quot;},[&quot;span&quot;,{&quot;sz&quot;:12,&quot;szUnit&quot;:&quot;pt&quot;,&quot;data-type&quot;:&quot;leaf&quot;},&quot;Order of Inventory Retrieval: LIFO vs. FIFO&quot;]]]]\" data-identifier-application__slash__x-cangjie-fragment=\"JTdCJTIya2xhc3MlMjIlM0ElMjJkb2N1bWVudCUyMiUyQyUyMmRhdGElMjIlM0ElN0IlN0QlMkMlMjJub2RlcyUyMiUzQSU1QiU3QiUyMmtsYXNzJTIyJTNBJTIyYmxvY2slMjIlMkMlMjJ0eXBlJTIyJTNBJTIycGFyYWdyYXBoJTIyJTJDJTIyZGF0YSUyMiUzQSU3QiUyMnV1aWQlMjIlM0ElMjJsMHFnNDVwaTk2ZzVia29tNjhiJTIyJTJDJTIyamMlMjIlM0ElMjJqdXN0aWZ5JTIyJTdEJTJDJTIybm9kZXMlMjIlM0ElNUIlN0IlMjJrbGFzcyUyMiUzQSUyMnRleHQlMjIlMkMlMjJsZWF2ZXMlMjIlM0ElNUIlN0IlMjJrbGFzcyUyMiUzQSUyMmxlYWYlMjIlMkMlMjJ0ZXh0JTIyJTNBJTIyT3JkZXIlMjBvZiUyMEludmVudG9yeSUyMFJldHJpZXZhbCUzQSUyMExJRk8lMjB2cy4lMjBGSUZPJTIyJTJDJTIybWFya3MlMjIlM0ElNUIlN0IlMjJrbGFzcyUyMiUzQSUyMm1hcmslMjIlMkMlMjJ0eXBlJTIyJTNBJTIyc3olMjIlMkMlMjJkYXRhJTIyJTNBJTdCJTIydmFsdWUlMjIlM0ExMiUyQyUyMnN6VW5pdCUyMiUzQSUyMnB0JTIyJTdEJTdEJTVEJTdEJTVEJTdEJTVEJTdEJTVEJTdE\" data-identifier-application__slash__x-doc-key=\"LvBPlNP0WYQVqdG8\">\n<article class=\"4ever-article\" data-clipboard-cangjie=\"[&quot;root&quot;,{&quot;copyFrom&quot;:1329378339},[&quot;p&quot;,{&quot;uuid&quot;:&quot;l0qg45pi27u2iyo64lz&quot;,&quot;jc&quot;:&quot;left&quot;},[&quot;span&quot;,{&quot;data-type&quot;:&quot;text&quot;},[&quot;span&quot;,{&quot;bold&quot;:false,&quot;sz&quot;:12,&quot;szUnit&quot;:&quot;pt&quot;,&quot;data-type&quot;:&quot;leaf&quot;},&quot;Your system requires LIFO or FIFO, this is important to determine the type of pallet racking solution. If your products are date-sensitive, you will likely require a FIFO system. If your products are not date-sensitive, a LIFO system can be chosen.&quot;]]]]\" data-identifier-application__slash__x-cangjie-fragment=\"JTdCJTIya2xhc3MlMjIlM0ElMjJkb2N1bWVudCUyMiUyQyUyMmRhdGElMjIlM0ElN0IlN0QlMkMlMjJub2RlcyUyMiUzQSU1QiU3QiUyMmtsYXNzJTIyJTNBJTIyYmxvY2slMjIlMkMlMjJ0eXBlJTIyJTNBJTIycGFyYWdyYXBoJTIyJTJDJTIyZGF0YSUyMiUzQSU3QiUyMnV1aWQlMjIlM0ElMjJsMHFnNDVwaTI3dTJpeW82NGx6JTIyJTJDJTIyamMlMjIlM0ElMjJsZWZ0JTIyJTdEJTJDJTIybm9kZXMlMjIlM0ElNUIlN0IlMjJrbGFzcyUyMiUzQSUyMnRleHQlMjIlMkMlMjJsZWF2ZXMlMjIlM0ElNUIlN0IlMjJrbGFzcyUyMiUzQSUyMmxlYWYlMjIlMkMlMjJ0ZXh0JTIyJTNBJTIyWW91ciUyMHN5c3RlbSUyMHJlcXVpcmVzJTIwTElGTyUyMG9yJTIwRklGTyUyQyUyMHRoaXMlMjBpcyUyMGltcG9ydGFudCUyMHRvJTIwZGV0ZXJtaW5lJTIwdGhlJTIwdHlwZSUyMG9mJTIwcGFsbGV0JTIwcmFja2luZyUyMHNvbHV0aW9uLiUyMElmJTIweW91ciUyMHByb2R1Y3RzJTIwYXJlJTIwZGF0ZS1zZW5zaXRpdmUlMkMlMjB5b3UlMjB3aWxsJTIwbGlrZWx5JTIwcmVxdWlyZSUyMGElMjBGSUZPJTIwc3lzdGVtLiUyMElmJTIweW91ciUyMHByb2R1Y3RzJTIwYXJlJTIwbm90JTIwZGF0ZS1zZW5zaXRpdmUlMkMlMjBhJTIwTElGTyUyMHN5c3RlbSUyMGNhbiUyMGJlJTIwY2hvc2VuLiUyMiUyQyUyMm1hcmtzJTIyJTNBJTVCJTdCJTIya2xhc3MlMjIlM0ElMjJtYXJrJTIyJTJDJTIydHlwZSUyMiUzQSUyMmJvbGQlMjIlMkMlMjJkYXRhJTIyJTNBJTdCJTIydmFsdWUlMjIlM0FmYWxzZSU3RCU3RCUyQyU3QiUyMmtsYXNzJTIyJTNBJTIybWFyayUyMiUyQyUyMnR5cGUlMjIlM0ElMjJzeiUyMiUyQyUyMmRhdGElMjIlM0ElN0IlMjJ2YWx1ZSUyMiUzQTEyJTJDJTIyc3pVbml0JTIyJTNBJTIycHQlMjIlN0QlN0QlNUQlN0QlNUQlN0QlNUQlN0QlNUQlN0Q=\" data-identifier-application__slash__x-doc-key=\"LvBPlNP0WYQVqdG8\">\n<article class=\"4ever-article\" data-clipboard-cangjie=\"[&quot;root&quot;,{&quot;copyFrom&quot;:1329378339},[&quot;p&quot;,{},[&quot;span&quot;,{&quot;data-type&quot;:&quot;text&quot;},[&quot;span&quot;,{&quot;sz&quot;:12,&quot;szUnit&quot;:&quot;pt&quot;,&quot;data-type&quot;:&quot;leaf&quot;},&quot;Product  Accessibility Requirements&quot;]]]]\" data-identifier-application__slash__x-cangjie-fragment=\"JTdCJTIya2xhc3MlMjIlM0ElMjJkb2N1bWVudCUyMiUyQyUyMmRhdGElMjIlM0ElN0IlN0QlMkMlMjJub2RlcyUyMiUzQSU1QiU3QiUyMmtsYXNzJTIyJTNBJTIyYmxvY2slMjIlMkMlMjJ0eXBlJTIyJTNBJTIycGFyYWdyYXBoJTIyJTJDJTIyZGF0YSUyMiUzQSU3QiUyMnV1aWQlMjIlM0ElMjJsMHFnNDVwaTN5ZXN1eTkxMjMyJTIyJTJDJTIyamMlMjIlM0ElMjJqdXN0aWZ5JTIyJTdEJTJDJTIybm9kZXMlMjIlM0ElNUIlN0IlMjJrbGFzcyUyMiUzQSUyMnRleHQlMjIlMkMlMjJsZWF2ZXMlMjIlM0ElNUIlN0IlMjJrbGFzcyUyMiUzQSUyMmxlYWYlMjIlMkMlMjJ0ZXh0JTIyJTNBJTIyUHJvZHVjdCUyMCUyMEFjY2Vzc2liaWxpdHklMjBSZXF1aXJlbWVudHMlMjIlMkMlMjJtYXJrcyUyMiUzQSU1QiU3QiUyMmtsYXNzJTIyJTNBJTIybWFyayUyMiUyQyUyMnR5cGUlMjIlM0ElMjJzeiUyMiUyQyUyMmRhdGElMjIlM0ElN0IlMjJ2YWx1ZSUyMiUzQTEyJTJDJTIyc3pVbml0JTIyJTNBJTIycHQlMjIlN0QlN0QlNUQlN0QlNUQlN0QlNUQlN0QlNUQlN0Q=\" data-identifier-application__slash__x-doc-key=\"LvBPlNP0WYQVqdG8\">\n<article class=\"4ever-article\" data-clipboard-cangjie=\"[&quot;root&quot;,{&quot;copyFrom&quot;:1329378339},[&quot;p&quot;,{&quot;uuid&quot;:&quot;l0qg45pigdwdh8bqbzj&quot;,&quot;jc&quot;:&quot;justify&quot;},[&quot;span&quot;,{&quot;data-type&quot;:&quot;text&quot;},[&quot;span&quot;,{&quot;data-type&quot;:&quot;leaf&quot;},&quot;It is important to know whether your goods have a quicker turnaround time and need to be accessed more frequently or not. Product accessibility information can help decide which SKUs need to be stored closer to  receiving areas.&quot;]]]]\" data-identifier-application__slash__x-cangjie-fragment=\"JTdCJTIya2xhc3MlMjIlM0ElMjJkb2N1bWVudCUyMiUyQyUyMmRhdGElMjIlM0ElN0IlN0QlMkMlMjJub2RlcyUyMiUzQSU1QiU3QiUyMmtsYXNzJTIyJTNBJTIyYmxvY2slMjIlMkMlMjJ0eXBlJTIyJTNBJTIycGFyYWdyYXBoJTIyJTJDJTIyZGF0YSUyMiUzQSU3QiUyMnV1aWQlMjIlM0ElMjJsMHFnNDVwaWdkd2RoOGJxYnpqJTIyJTJDJTIyamMlMjIlM0ElMjJqdXN0aWZ5JTIyJTdEJTJDJTIybm9kZXMlMjIlM0ElNUIlN0IlMjJrbGFzcyUyMiUzQSUyMnRleHQlMjIlMkMlMjJsZWF2ZXMlMjIlM0ElNUIlN0IlMjJrbGFzcyUyMiUzQSUyMmxlYWYlMjIlMkMlMjJ0ZXh0JTIyJTNBJTIySXQlMjBpcyUyMGltcG9ydGFudCUyMHRvJTIwa25vdyUyMHdoZXRoZXIlMjB5b3VyJTIwZ29vZHMlMjBoYXZlJTIwYSUyMHF1aWNrZXIlMjB0dXJuYXJvdW5kJTIwdGltZSUyMGFuZCUyMG5lZWQlMjB0byUyMGJlJTIwYWNjZXNzZWQlMjBtb3JlJTIwZnJlcXVlbnRseSUyMG9yJTIwbm90LiUyMFByb2R1Y3QlMjBhY2Nlc3NpYmlsaXR5JTIwaW5mb3JtYXRpb24lMjBjYW4lMjBoZWxwJTIwZGVjaWRlJTIwd2hpY2glMjBTS1VzJTIwbmVlZCUyMHRvJTIwYmUlMjBzdG9yZWQlMjBjbG9zZXIlMjB0byUyMCUyMHJlY2VpdmluZyUyMGFyZWFzLiUyMiUyQyUyMm1hcmtzJTIyJTNBJTVCJTVEJTdEJTVEJTdEJTVEJTdEJTVEJTdE\" data-identifier-application__slash__x-doc-key=\"LvBPlNP0WYQVqdG8\">\n<article class=\"4ever-article\" data-clipboard-cangjie=\"[&quot;root&quot;,{&quot;copyFrom&quot;:1329378339},[&quot;p&quot;,{},[&quot;span&quot;,{&quot;data-type&quot;:&quot;text&quot;},[&quot;span&quot;,{&quot;sz&quot;:12,&quot;szUnit&quot;:&quot;pt&quot;,&quot;data-type&quot;:&quot;leaf&quot;},&quot;Material Handling Equipment &quot;]]]]\" data-identifier-application__slash__x-cangjie-fragment=\"JTdCJTIya2xhc3MlMjIlM0ElMjJkb2N1bWVudCUyMiUyQyUyMmRhdGElMjIlM0ElN0IlN0QlMkMlMjJub2RlcyUyMiUzQSU1QiU3QiUyMmtsYXNzJTIyJTNBJTIyYmxvY2slMjIlMkMlMjJ0eXBlJTIyJTNBJTIycGFyYWdyYXBoJTIyJTJDJTIyZGF0YSUyMiUzQSU3QiUyMnV1aWQlMjIlM0ElMjJsMHFnNDVwaW12YjgwY2E1aTFlJTIyJTJDJTIyamMlMjIlM0ElMjJqdXN0aWZ5JTIyJTdEJTJDJTIybm9kZXMlMjIlM0ElNUIlN0IlMjJrbGFzcyUyMiUzQSUyMnRleHQlMjIlMkMlMjJsZWF2ZXMlMjIlM0ElNUIlN0IlMjJrbGFzcyUyMiUzQSUyMmxlYWYlMjIlMkMlMjJ0ZXh0JTIyJTNBJTIyTWF0ZXJpYWwlMjBIYW5kbGluZyUyMEVxdWlwbWVudCUyMCUyMiUyQyUyMm1hcmtzJTIyJTNBJTVCJTdCJTIya2xhc3MlMjIlM0ElMjJtYXJrJTIyJTJDJTIydHlwZSUyMiUzQSUyMnN6JTIyJTJDJTIyZGF0YSUyMiUzQSU3QiUyMnZhbHVlJTIyJTNBMTIlMkMlMjJzelVuaXQlMjIlM0ElMjJwdCUyMiU3RCU3RCU1RCU3RCU1RCU3RCU1RCU3RCU1RCU3RA==\" data-identifier-application__slash__x-doc-key=\"LvBPlNP0WYQVqdG8\">\n<article class=\"4ever-article\" data-clipboard-cangjie=\"[&quot;root&quot;,{&quot;copyFrom&quot;:1329378339},[&quot;p&quot;,{&quot;uuid&quot;:&quot;l0qg45piwjnybjrarl&quot;,&quot;jc&quot;:&quot;justify&quot;},[&quot;span&quot;,{&quot;data-type&quot;:&quot;text&quot;},[&quot;span&quot;,{&quot;data-type&quot;:&quot;leaf&quot;},&quot;The type of material handling equipment used to handle pallets in your facility and its size is important to determine aisle width and the number of pallet racking rows.&quot;]]]]\" data-identifier-application__slash__x-cangjie-fragment=\"JTdCJTIya2xhc3MlMjIlM0ElMjJkb2N1bWVudCUyMiUyQyUyMmRhdGElMjIlM0ElN0IlN0QlMkMlMjJub2RlcyUyMiUzQSU1QiU3QiUyMmtsYXNzJTIyJTNBJTIyYmxvY2slMjIlMkMlMjJ0eXBlJTIyJTNBJTIycGFyYWdyYXBoJTIyJTJDJTIyZGF0YSUyMiUzQSU3QiUyMnV1aWQlMjIlM0ElMjJsMHFnNDVwaXdqbnlianJhcmwlMjIlMkMlMjJqYyUyMiUzQSUyMmp1c3RpZnklMjIlN0QlMkMlMjJub2RlcyUyMiUzQSU1QiU3QiUyMmtsYXNzJTIyJTNBJTIydGV4dCUyMiUyQyUyMmxlYXZlcyUyMiUzQSU1QiU3QiUyMmtsYXNzJTIyJTNBJTIybGVhZiUyMiUyQyUyMnRleHQlMjIlM0ElMjJUaGUlMjB0eXBlJTIwb2YlMjBtYXRlcmlhbCUyMGhhbmRsaW5nJTIwZXF1aXBtZW50JTIwdXNlZCUyMHRvJTIwaGFuZGxlJTIwcGFsbGV0cyUyMGluJTIweW91ciUyMGZhY2lsaXR5JTIwYW5kJTIwaXRzJTIwc2l6ZSUyMGlzJTIwaW1wb3J0YW50JTIwdG8lMjBkZXRlcm1pbmUlMjBhaXNsZSUyMHdpZHRoJTIwYW5kJTIwdGhlJTIwbnVtYmVyJTIwb2YlMjBwYWxsZXQlMjByYWNraW5nJTIwcm93cy4lMjIlMkMlMjJtYXJrcyUyMiUzQSU1QiU1RCU3RCU1RCU3RCU1RCU3RCU1RCU3RA==\" data-identifier-application__slash__x-doc-key=\"LvBPlNP0WYQVqdG8\">\n<h3>\u00c9cart de temp\u00e9rature<\/h3>\n<p>Le syst\u00e8me de stockage doit \u00eatre con\u00e7u pour r\u00e9sister aux basses temp\u00e9ratures de la chambre froide. Les mat\u00e9riaux utilis\u00e9s pour les supports de stockage et les \u00e9tag\u00e8res doivent \u00eatre s\u00e9lectionn\u00e9s de mani\u00e8re \u00e0 garantir qu&#039;ils peuvent r\u00e9sister \u00e0 la plage de temp\u00e9rature de la chambre froide.<\/p>\n<h3>Taille et poids du produit<\/h3>\n<p>Le syst\u00e8me de stockage doit \u00eatre con\u00e7u pour s&#039;adapter \u00e0 la taille et au poids des produits stock\u00e9s. Les dimensions des racks et des \u00e9tag\u00e8res doivent \u00eatre soigneusement planifi\u00e9es pour garantir que l&#039;espace est utilis\u00e9 efficacement et que les produits sont stock\u00e9s en toute s\u00e9curit\u00e9.<\/p>\n<h3>Accessibilit\u00e9<\/h3>\n<p>Le syst\u00e8me de stockage doit \u00eatre con\u00e7u pour permettre un acc\u00e8s facile aux produits. Cela peut impliquer l&#039;utilisation de diff\u00e9rents types de racks ou d&#039;\u00e9tag\u00e8res, ainsi que le placement des produits \u00e0 diff\u00e9rentes hauteurs pour garantir qu&#039;ils soient facilement accessibles.<\/p>\n<h3>Flux d&#039;air<\/h3>\n<p>Le syst\u00e8me de stockage doit \u00eatre con\u00e7u pour permettre une bonne circulation de l\u2019air dans la chambre froide. Ceci est essentiel pour maintenir les niveaux de temp\u00e9rature et d\u2019humidit\u00e9 souhait\u00e9s, ainsi que pour emp\u00eacher l\u2019accumulation de givre ou de condensation.<\/p>\n<h3>S\u00e9curit\u00e9<\/h3>\n<p>Le syst\u00e8me de stockage doit \u00eatre con\u00e7u dans un souci de s\u00e9curit\u00e9. Cela implique de s&#039;assurer que les casiers et les \u00e9tag\u00e8res sont solides et stables, que les produits sont stock\u00e9s en toute s\u00e9curit\u00e9 pour \u00e9viter les accidents ou les dommages, et qu&#039;il y a un \u00e9clairage ad\u00e9quat dans la chambre froide pour garantir que les travailleurs peuvent voir ce qu&#039;ils font.<\/p>\n<h3>Entretien<\/h3>\n<p>Le syst\u00e8me de stockage doit \u00eatre con\u00e7u pour permettre un entretien et un nettoyage faciles. Cela peut impliquer l\u2019utilisation de mat\u00e9riaux faciles \u00e0 nettoyer, ainsi que l\u2019utilisation de conceptions permettant un acc\u00e8s facile \u00e0 toutes les zones du syst\u00e8me de stockage.<\/p>\n<\/article>\n<\/article>\n<\/article>\n<\/article>\n<\/article>\n<\/article>\n<\/article>","protected":false},"excerpt":{"rendered":"<p>Choses \u00e0 consid\u00e9rer:<\/p>\n<ul>\n<li>\u00c9cart de temp\u00e9rature<\/li>\n<li>Taille et poids du produit<\/li>\n<li>Accessibilit\u00e9<\/li>\n<li>Flux d&#039;air<\/li>\n<li>S\u00e9curit\u00e9<\/li>\n<li>Entretien<\/li>\n<\/ul>","protected":false},"featured_media":2383,"comment_status":"open","ping_status":"closed","template":"","meta":{"_seopress_robots_primary_cat":"","_seopress_titles_title":"","_seopress_titles_desc":"","_seopress_robots_index":""},"product_brand":[],"product_cat":[30],"product_tag":[],"class_list":{"0":"post-188","1":"product","2":"type-product","3":"status-publish","4":"has-post-thumbnail","6":"product_cat-pallet-racking","8":"first","9":"instock","10":"shipping-taxable","11":"product-type-simple"},"yoast_head":"<!-- This site is optimized with the Yoast SEO plugin v26.5 - https:\/\/yoast.com\/wordpress\/plugins\/seo\/ -->\n<title>Cold Storage Racking - iWarehousing<\/title>\n<meta name=\"robots\" content=\"index, follow, max-snippet:-1, max-image-preview:large, max-video-preview:-1\" \/>\n<link rel=\"canonical\" href=\"https:\/\/www.iwarehousing.com\/fr\/product\/cold-storage-racking\/\" \/>\n<meta property=\"og:locale\" content=\"fr_FR\" \/>\n<meta property=\"og:type\" content=\"article\" \/>\n<meta property=\"og:title\" content=\"Cold Storage Racking - iWarehousing\" \/>\n<meta property=\"og:description\" content=\"Things to consider:   Temperature Range  Product Size and Weight  Accessibility  Airflow  Safety  Maintenance\" \/>\n<meta property=\"og:url\" content=\"https:\/\/www.iwarehousing.com\/fr\/product\/cold-storage-racking\/\" \/>\n<meta property=\"og:site_name\" content=\"iWarehousing\" \/>\n<meta property=\"article:modified_time\" content=\"2023-03-30T04:18:37+00:00\" \/>\n<meta property=\"og:image\" content=\"https:\/\/www.iwarehousing.com\/wp-content\/uploads\/2022\/06\/cold-storage-racking-0.jpg\" \/>\n\t<meta property=\"og:image:width\" content=\"2000\" \/>\n\t<meta property=\"og:image:height\" content=\"1335\" \/>\n\t<meta property=\"og:image:type\" content=\"image\/jpeg\" \/>\n<meta name=\"twitter:card\" content=\"summary_large_image\" \/>\n<meta name=\"twitter:label1\" content=\"Est. reading time\" \/>\n\t<meta name=\"twitter:data1\" content=\"1 minute\" \/>\n<script type=\"application\/ld+json\" class=\"yoast-schema-graph\">{\"@context\":\"https:\/\/schema.org\",\"@graph\":[{\"@type\":\"WebPage\",\"@id\":\"https:\/\/www.iwarehousing.com\/product\/cold-storage-racking\/\",\"url\":\"https:\/\/www.iwarehousing.com\/product\/cold-storage-racking\/\",\"name\":\"Cold Storage Racking - iWarehousing\",\"isPartOf\":{\"@id\":\"https:\/\/www.iwarehousing.com\/#website\"},\"primaryImageOfPage\":{\"@id\":\"https:\/\/www.iwarehousing.com\/product\/cold-storage-racking\/#primaryimage\"},\"image\":{\"@id\":\"https:\/\/www.iwarehousing.com\/product\/cold-storage-racking\/#primaryimage\"},\"thumbnailUrl\":\"https:\/\/www.iwarehousing.com\/wp-content\/uploads\/2022\/06\/cold-storage-racking-0.jpg\",\"datePublished\":\"2022-06-27T08:10:11+00:00\",\"dateModified\":\"2023-03-30T04:18:37+00:00\",\"breadcrumb\":{\"@id\":\"https:\/\/www.iwarehousing.com\/product\/cold-storage-racking\/#breadcrumb\"},\"inLanguage\":\"fr-FR\",\"potentialAction\":[{\"@type\":\"ReadAction\",\"target\":[\"https:\/\/www.iwarehousing.com\/product\/cold-storage-racking\/\"]}]},{\"@type\":\"ImageObject\",\"inLanguage\":\"fr-FR\",\"@id\":\"https:\/\/www.iwarehousing.com\/product\/cold-storage-racking\/#primaryimage\",\"url\":\"https:\/\/www.iwarehousing.com\/wp-content\/uploads\/2022\/06\/cold-storage-racking-0.jpg\",\"contentUrl\":\"https:\/\/www.iwarehousing.com\/wp-content\/uploads\/2022\/06\/cold-storage-racking-0.jpg\",\"width\":2000,\"height\":1335,\"caption\":\"cold storage racking\"},{\"@type\":\"BreadcrumbList\",\"@id\":\"https:\/\/www.iwarehousing.com\/product\/cold-storage-racking\/#breadcrumb\",\"itemListElement\":[{\"@type\":\"ListItem\",\"position\":1,\"name\":\"Home\",\"item\":\"https:\/\/www.iwarehousing.com\/\"},{\"@type\":\"ListItem\",\"position\":2,\"name\":\"Product\",\"item\":\"https:\/\/www.iwarehousing.com\/product\/\"},{\"@type\":\"ListItem\",\"position\":3,\"name\":\"Cold Storage Racking\"}]},{\"@type\":\"WebSite\",\"@id\":\"https:\/\/www.iwarehousing.com\/#website\",\"url\":\"https:\/\/www.iwarehousing.com\/\",\"name\":\"iWarehousing\",\"description\":\"Focus on warehousing equipments\",\"publisher\":{\"@id\":\"https:\/\/www.iwarehousing.com\/#organization\"},\"potentialAction\":[{\"@type\":\"SearchAction\",\"target\":{\"@type\":\"EntryPoint\",\"urlTemplate\":\"https:\/\/www.iwarehousing.com\/?s={search_term_string}\"},\"query-input\":{\"@type\":\"PropertyValueSpecification\",\"valueRequired\":true,\"valueName\":\"search_term_string\"}}],\"inLanguage\":\"fr-FR\"},{\"@type\":\"Organization\",\"@id\":\"https:\/\/www.iwarehousing.com\/#organization\",\"name\":\"iWarehousing\",\"url\":\"https:\/\/www.iwarehousing.com\/\",\"logo\":{\"@type\":\"ImageObject\",\"inLanguage\":\"fr-FR\",\"@id\":\"https:\/\/www.iwarehousing.com\/#\/schema\/logo\/image\/\",\"url\":\"https:\/\/www.iwarehousing.com\/wp-content\/uploads\/2022\/05\/iW-logo-no-tag-800pxREV2.png\",\"contentUrl\":\"https:\/\/www.iwarehousing.com\/wp-content\/uploads\/2022\/05\/iW-logo-no-tag-800pxREV2.png\",\"width\":1753,\"height\":490,\"caption\":\"iWarehousing\"},\"image\":{\"@id\":\"https:\/\/www.iwarehousing.com\/#\/schema\/logo\/image\/\"}}]}<\/script>\n<!-- \/ Yoast SEO plugin. -->","yoast_head_json":{"title":"Cold Storage Racking - iWarehousing","robots":{"index":"index","follow":"follow","max-snippet":"max-snippet:-1","max-image-preview":"max-image-preview:large","max-video-preview":"max-video-preview:-1"},"canonical":"https:\/\/www.iwarehousing.com\/fr\/product\/cold-storage-racking\/","og_locale":"fr_FR","og_type":"article","og_title":"Cold Storage Racking - iWarehousing","og_description":"Things to consider:   Temperature Range  Product Size and Weight  Accessibility  Airflow  Safety  Maintenance","og_url":"https:\/\/www.iwarehousing.com\/fr\/product\/cold-storage-racking\/","og_site_name":"iWarehousing","article_modified_time":"2023-03-30T04:18:37+00:00","og_image":[{"width":2000,"height":1335,"url":"https:\/\/www.iwarehousing.com\/wp-content\/uploads\/2022\/06\/cold-storage-racking-0.jpg","type":"image\/jpeg"}],"twitter_card":"summary_large_image","twitter_misc":{"Est. reading time":"1 minute"},"schema":{"@context":"https:\/\/schema.org","@graph":[{"@type":"WebPage","@id":"https:\/\/www.iwarehousing.com\/product\/cold-storage-racking\/","url":"https:\/\/www.iwarehousing.com\/product\/cold-storage-racking\/","name":"Cold Storage Racking - iWarehousing","isPartOf":{"@id":"https:\/\/www.iwarehousing.com\/#website"},"primaryImageOfPage":{"@id":"https:\/\/www.iwarehousing.com\/product\/cold-storage-racking\/#primaryimage"},"image":{"@id":"https:\/\/www.iwarehousing.com\/product\/cold-storage-racking\/#primaryimage"},"thumbnailUrl":"https:\/\/www.iwarehousing.com\/wp-content\/uploads\/2022\/06\/cold-storage-racking-0.jpg","datePublished":"2022-06-27T08:10:11+00:00","dateModified":"2023-03-30T04:18:37+00:00","breadcrumb":{"@id":"https:\/\/www.iwarehousing.com\/product\/cold-storage-racking\/#breadcrumb"},"inLanguage":"fr-FR","potentialAction":[{"@type":"ReadAction","target":["https:\/\/www.iwarehousing.com\/product\/cold-storage-racking\/"]}]},{"@type":"ImageObject","inLanguage":"fr-FR","@id":"https:\/\/www.iwarehousing.com\/product\/cold-storage-racking\/#primaryimage","url":"https:\/\/www.iwarehousing.com\/wp-content\/uploads\/2022\/06\/cold-storage-racking-0.jpg","contentUrl":"https:\/\/www.iwarehousing.com\/wp-content\/uploads\/2022\/06\/cold-storage-racking-0.jpg","width":2000,"height":1335,"caption":"cold storage racking"},{"@type":"BreadcrumbList","@id":"https:\/\/www.iwarehousing.com\/product\/cold-storage-racking\/#breadcrumb","itemListElement":[{"@type":"ListItem","position":1,"name":"Home","item":"https:\/\/www.iwarehousing.com\/"},{"@type":"ListItem","position":2,"name":"Product","item":"https:\/\/www.iwarehousing.com\/product\/"},{"@type":"ListItem","position":3,"name":"Cold Storage Racking"}]},{"@type":"WebSite","@id":"https:\/\/www.iwarehousing.com\/#website","url":"https:\/\/www.iwarehousing.com\/","name":"iWarehousing","description":"Focus on warehousing equipments","publisher":{"@id":"https:\/\/www.iwarehousing.com\/#organization"},"potentialAction":[{"@type":"SearchAction","target":{"@type":"EntryPoint","urlTemplate":"https:\/\/www.iwarehousing.com\/?s={search_term_string}"},"query-input":{"@type":"PropertyValueSpecification","valueRequired":true,"valueName":"search_term_string"}}],"inLanguage":"fr-FR"},{"@type":"Organization","@id":"https:\/\/www.iwarehousing.com\/#organization","name":"iWarehousing","url":"https:\/\/www.iwarehousing.com\/","logo":{"@type":"ImageObject","inLanguage":"fr-FR","@id":"https:\/\/www.iwarehousing.com\/#\/schema\/logo\/image\/","url":"https:\/\/www.iwarehousing.com\/wp-content\/uploads\/2022\/05\/iW-logo-no-tag-800pxREV2.png","contentUrl":"https:\/\/www.iwarehousing.com\/wp-content\/uploads\/2022\/05\/iW-logo-no-tag-800pxREV2.png","width":1753,"height":490,"caption":"iWarehousing"},"image":{"@id":"https:\/\/www.iwarehousing.com\/#\/schema\/logo\/image\/"}}]}},"_links":{"self":[{"href":"https:\/\/www.iwarehousing.com\/fr\/wp-json\/wp\/v2\/product\/188","targetHints":{"allow":["GET"]}}],"collection":[{"href":"https:\/\/www.iwarehousing.com\/fr\/wp-json\/wp\/v2\/product"}],"about":[{"href":"https:\/\/www.iwarehousing.com\/fr\/wp-json\/wp\/v2\/types\/product"}],"replies":[{"embeddable":true,"href":"https:\/\/www.iwarehousing.com\/fr\/wp-json\/wp\/v2\/comments?post=188"}],"wp:featuredmedia":[{"embeddable":true,"href":"https:\/\/www.iwarehousing.com\/fr\/wp-json\/wp\/v2\/media\/2383"}],"wp:attachment":[{"href":"https:\/\/www.iwarehousing.com\/fr\/wp-json\/wp\/v2\/media?parent=188"}],"wp:term":[{"taxonomy":"product_brand","embeddable":true,"href":"https:\/\/www.iwarehousing.com\/fr\/wp-json\/wp\/v2\/product_brand?post=188"},{"taxonomy":"product_cat","embeddable":true,"href":"https:\/\/www.iwarehousing.com\/fr\/wp-json\/wp\/v2\/product_cat?post=188"},{"taxonomy":"product_tag","embeddable":true,"href":"https:\/\/www.iwarehousing.com\/fr\/wp-json\/wp\/v2\/product_tag?post=188"}],"curies":[{"name":"wp","href":"https:\/\/api.w.org\/{rel}","templated":true}]}}