{"id":183,"date":"2022-06-27T16:06:53","date_gmt":"2022-06-27T08:06:53","guid":{"rendered":"https:\/\/imm31ev9mx.onrocket.site\/?post_type=product&#038;p=183"},"modified":"2023-03-30T15:41:18","modified_gmt":"2023-03-30T07:41:18","slug":"industrial-pallet-racking","status":"publish","type":"product","link":"https:\/\/www.iwarehousing.com\/fr\/product\/industrial-pallet-racking\/","title":{"rendered":"Rayonnage \u00e0 palettes industriel"},"content":{"rendered":"<p>Le rayonnage \u00e0 palettes industriel est un type de syst\u00e8me de stockage con\u00e7u pour contenir des palettes de marchandises ou de mat\u00e9riaux dans un entrep\u00f4t ou un environnement industriel. Il se compose g\u00e9n\u00e9ralement de colonnes verticales, de poutres horizontales et de renforts diagonaux assembl\u00e9s pour former une structure d&#039;\u00e9tag\u00e8res. Les palettes sont plac\u00e9es sur les poutres horizontales, qui sont r\u00e9glables pour s&#039;adapter \u00e0 diff\u00e9rentes tailles et poids de palettes. Les rayonnages \u00e0 palettes industriels sont une solution populaire pour optimiser l&#039;espace d&#039;entrep\u00f4t, am\u00e9liorer la gestion des stocks et augmenter la productivit\u00e9 dans les environnements industriels.<\/p>\n<h2>Les trois types de rayonnages \u00e0 palettes industriels les plus populaires<\/h2>\n<p><a href=\"https:\/\/www.iwarehousing.com\/fr\/product\/adjustable-pallet-racking\/\">Rayonnage \u00e0 palettes r\u00e9glable<\/a><\/p>\n<p><a href=\"https:\/\/www.iwarehousing.com\/fr\/product\/drive-in-pallet-racking\/\">Rayonnage \u00e0 palettes drive-in<\/a><\/p>\n<p><a href=\"https:\/\/www.iwarehousing.com\/fr\/product\/pallet-shuttle-racking-system\/\">Syst\u00e8me de rayonnage \u00e0 palettes<\/a><\/p>\n<h3>Les rayonnages \u00e0 palettes r\u00e9glables sont les plus populaires pour plusieurs raisons<\/h3>\n<ol>\n<li>Polyvalence : les rayonnages \u00e0 palettes r\u00e9glables sont une solution de stockage polyvalente qui peut s&#039;adapter \u00e0 diff\u00e9rentes tailles et poids de palettes, ce qui les rend adapt\u00e9s \u00e0 un large \u00e9ventail d&#039;industries et de types de produits.<\/li>\n<li>Accessibilit\u00e9\u00a0: gr\u00e2ce aux rayonnages \u00e0 palettes r\u00e9glables, chaque palette est accessible depuis l&#039;all\u00e9e, ce qui permet une pr\u00e9paration et un r\u00e9approvisionnement faciles et efficaces des marchandises. Cela en fait un choix id\u00e9al pour les entreprises qui doivent g\u00e9rer un grand nombre de produits diff\u00e9rents avec des num\u00e9ros SKU variables.<\/li>\n<li>Rentabilit\u00e9 : Compar\u00e9s \u00e0 d\u2019autres types de syst\u00e8mes de rayonnages, les rayonnages \u00e0 palettes r\u00e9glables sont g\u00e9n\u00e9ralement moins co\u00fbteux \u00e0 installer et \u00e0 entretenir. Il n\u00e9cessite un \u00e9quipement sp\u00e9cialis\u00e9 minimal et peut \u00eatre facilement assembl\u00e9 ou reconfigur\u00e9 pour s&#039;adapter \u00e0 l&#039;\u00e9volution des besoins de stockage.<\/li>\n<li>Utilisation de l&#039;espace\u00a0: les rayonnages \u00e0 palettes r\u00e9glables sont con\u00e7us pour maximiser l&#039;utilisation de l&#039;espace vertical dans un entrep\u00f4t ou une installation de stockage, permettant aux entreprises de stocker plus de stocks dans un encombrement r\u00e9duit.<\/li>\n<\/ol>","protected":false},"excerpt":{"rendered":"<ul>\n<li>Grande capacit\u00e9 de charge \u2013 manutention de marchandises lourdes<\/li>\n<li>\u00catre r\u00e9glable pour s&#039;adapter \u00e0 diff\u00e9rentes tailles et poids de palettes<\/li>\n<li>Construction en acier robuste et connexions robustes qui assurent la stabilit\u00e9 et la s\u00e9curit\u00e9<\/li>\n<li>Maximisez l\u2019utilisation de l\u2019espace disponible \u2013 une solution de stockage efficace et rentable<\/li>\n<\/ul>","protected":false},"featured_media":2395,"comment_status":"open","ping_status":"closed","template":"","meta":{"_seopress_robots_primary_cat":"","_seopress_titles_title":"","_seopress_titles_desc":"","_seopress_robots_index":""},"product_brand":[],"product_cat":[30],"product_tag":[],"class_list":{"0":"post-183","1":"product","2":"type-product","3":"status-publish","4":"has-post-thumbnail","6":"product_cat-pallet-racking","8":"first","9":"instock","10":"shipping-taxable","11":"product-type-simple"},"yoast_head":"<!-- This site is optimized with the Yoast SEO plugin v26.5 - https:\/\/yoast.com\/wordpress\/plugins\/seo\/ -->\n<title>Industrial Pallet Racking - iWarehousing<\/title>\n<meta name=\"robots\" content=\"index, follow, max-snippet:-1, max-image-preview:large, max-video-preview:-1\" \/>\n<link rel=\"canonical\" href=\"https:\/\/www.iwarehousing.com\/fr\/product\/industrial-pallet-racking\/\" \/>\n<meta property=\"og:locale\" content=\"fr_FR\" \/>\n<meta property=\"og:type\" content=\"article\" \/>\n<meta property=\"og:title\" content=\"Industrial Pallet Racking - iWarehousing\" \/>\n<meta property=\"og:description\" content=\"Large load capacity - handling heavy goods  Be adjustable to accommodate different pallet sizes and weights  Heavy-duty steel construction and robust connections that ensure stability and safety  Maximize the use of available space - an efficient and cost-effective storage solution\" \/>\n<meta property=\"og:url\" content=\"https:\/\/www.iwarehousing.com\/fr\/product\/industrial-pallet-racking\/\" \/>\n<meta property=\"og:site_name\" content=\"iWarehousing\" \/>\n<meta property=\"article:modified_time\" content=\"2023-03-30T07:41:18+00:00\" \/>\n<meta property=\"og:image\" content=\"https:\/\/www.iwarehousing.com\/wp-content\/uploads\/2022\/06\/industrial-pallet-racking-0.jpg\" \/>\n\t<meta property=\"og:image:width\" content=\"2000\" \/>\n\t<meta property=\"og:image:height\" content=\"1333\" \/>\n\t<meta property=\"og:image:type\" content=\"image\/jpeg\" \/>\n<meta name=\"twitter:card\" content=\"summary_large_image\" \/>\n<meta name=\"twitter:label1\" content=\"Est. reading time\" \/>\n\t<meta name=\"twitter:data1\" content=\"1 minute\" \/>\n<script type=\"application\/ld+json\" class=\"yoast-schema-graph\">{\"@context\":\"https:\/\/schema.org\",\"@graph\":[{\"@type\":\"WebPage\",\"@id\":\"https:\/\/www.iwarehousing.com\/product\/industrial-pallet-racking\/\",\"url\":\"https:\/\/www.iwarehousing.com\/product\/industrial-pallet-racking\/\",\"name\":\"Industrial Pallet Racking - iWarehousing\",\"isPartOf\":{\"@id\":\"https:\/\/www.iwarehousing.com\/#website\"},\"primaryImageOfPage\":{\"@id\":\"https:\/\/www.iwarehousing.com\/product\/industrial-pallet-racking\/#primaryimage\"},\"image\":{\"@id\":\"https:\/\/www.iwarehousing.com\/product\/industrial-pallet-racking\/#primaryimage\"},\"thumbnailUrl\":\"https:\/\/www.iwarehousing.com\/wp-content\/uploads\/2022\/06\/industrial-pallet-racking-0.jpg\",\"datePublished\":\"2022-06-27T08:06:53+00:00\",\"dateModified\":\"2023-03-30T07:41:18+00:00\",\"breadcrumb\":{\"@id\":\"https:\/\/www.iwarehousing.com\/product\/industrial-pallet-racking\/#breadcrumb\"},\"inLanguage\":\"fr-FR\",\"potentialAction\":[{\"@type\":\"ReadAction\",\"target\":[\"https:\/\/www.iwarehousing.com\/product\/industrial-pallet-racking\/\"]}]},{\"@type\":\"ImageObject\",\"inLanguage\":\"fr-FR\",\"@id\":\"https:\/\/www.iwarehousing.com\/product\/industrial-pallet-racking\/#primaryimage\",\"url\":\"https:\/\/www.iwarehousing.com\/wp-content\/uploads\/2022\/06\/industrial-pallet-racking-0.jpg\",\"contentUrl\":\"https:\/\/www.iwarehousing.com\/wp-content\/uploads\/2022\/06\/industrial-pallet-racking-0.jpg\",\"width\":2000,\"height\":1333,\"caption\":\"industrial pallet racking\"},{\"@type\":\"BreadcrumbList\",\"@id\":\"https:\/\/www.iwarehousing.com\/product\/industrial-pallet-racking\/#breadcrumb\",\"itemListElement\":[{\"@type\":\"ListItem\",\"position\":1,\"name\":\"Home\",\"item\":\"https:\/\/www.iwarehousing.com\/\"},{\"@type\":\"ListItem\",\"position\":2,\"name\":\"Product\",\"item\":\"https:\/\/www.iwarehousing.com\/product\/\"},{\"@type\":\"ListItem\",\"position\":3,\"name\":\"Industrial Pallet Racking\"}]},{\"@type\":\"WebSite\",\"@id\":\"https:\/\/www.iwarehousing.com\/#website\",\"url\":\"https:\/\/www.iwarehousing.com\/\",\"name\":\"iWarehousing\",\"description\":\"Focus on warehousing equipments\",\"publisher\":{\"@id\":\"https:\/\/www.iwarehousing.com\/#organization\"},\"potentialAction\":[{\"@type\":\"SearchAction\",\"target\":{\"@type\":\"EntryPoint\",\"urlTemplate\":\"https:\/\/www.iwarehousing.com\/?s={search_term_string}\"},\"query-input\":{\"@type\":\"PropertyValueSpecification\",\"valueRequired\":true,\"valueName\":\"search_term_string\"}}],\"inLanguage\":\"fr-FR\"},{\"@type\":\"Organization\",\"@id\":\"https:\/\/www.iwarehousing.com\/#organization\",\"name\":\"iWarehousing\",\"url\":\"https:\/\/www.iwarehousing.com\/\",\"logo\":{\"@type\":\"ImageObject\",\"inLanguage\":\"fr-FR\",\"@id\":\"https:\/\/www.iwarehousing.com\/#\/schema\/logo\/image\/\",\"url\":\"https:\/\/www.iwarehousing.com\/wp-content\/uploads\/2022\/05\/iW-logo-no-tag-800pxREV2.png\",\"contentUrl\":\"https:\/\/www.iwarehousing.com\/wp-content\/uploads\/2022\/05\/iW-logo-no-tag-800pxREV2.png\",\"width\":1753,\"height\":490,\"caption\":\"iWarehousing\"},\"image\":{\"@id\":\"https:\/\/www.iwarehousing.com\/#\/schema\/logo\/image\/\"}}]}<\/script>\n<!-- \/ Yoast SEO plugin. -->","yoast_head_json":{"title":"Industrial Pallet Racking - iWarehousing","robots":{"index":"index","follow":"follow","max-snippet":"max-snippet:-1","max-image-preview":"max-image-preview:large","max-video-preview":"max-video-preview:-1"},"canonical":"https:\/\/www.iwarehousing.com\/fr\/product\/industrial-pallet-racking\/","og_locale":"fr_FR","og_type":"article","og_title":"Industrial Pallet Racking - iWarehousing","og_description":"Large load capacity - handling heavy goods  Be adjustable to accommodate different pallet sizes and weights  Heavy-duty steel construction and robust connections that ensure stability and safety  Maximize the use of available space - an efficient and cost-effective storage solution","og_url":"https:\/\/www.iwarehousing.com\/fr\/product\/industrial-pallet-racking\/","og_site_name":"iWarehousing","article_modified_time":"2023-03-30T07:41:18+00:00","og_image":[{"width":2000,"height":1333,"url":"https:\/\/www.iwarehousing.com\/wp-content\/uploads\/2022\/06\/industrial-pallet-racking-0.jpg","type":"image\/jpeg"}],"twitter_card":"summary_large_image","twitter_misc":{"Est. reading time":"1 minute"},"schema":{"@context":"https:\/\/schema.org","@graph":[{"@type":"WebPage","@id":"https:\/\/www.iwarehousing.com\/product\/industrial-pallet-racking\/","url":"https:\/\/www.iwarehousing.com\/product\/industrial-pallet-racking\/","name":"Industrial Pallet Racking - iWarehousing","isPartOf":{"@id":"https:\/\/www.iwarehousing.com\/#website"},"primaryImageOfPage":{"@id":"https:\/\/www.iwarehousing.com\/product\/industrial-pallet-racking\/#primaryimage"},"image":{"@id":"https:\/\/www.iwarehousing.com\/product\/industrial-pallet-racking\/#primaryimage"},"thumbnailUrl":"https:\/\/www.iwarehousing.com\/wp-content\/uploads\/2022\/06\/industrial-pallet-racking-0.jpg","datePublished":"2022-06-27T08:06:53+00:00","dateModified":"2023-03-30T07:41:18+00:00","breadcrumb":{"@id":"https:\/\/www.iwarehousing.com\/product\/industrial-pallet-racking\/#breadcrumb"},"inLanguage":"fr-FR","potentialAction":[{"@type":"ReadAction","target":["https:\/\/www.iwarehousing.com\/product\/industrial-pallet-racking\/"]}]},{"@type":"ImageObject","inLanguage":"fr-FR","@id":"https:\/\/www.iwarehousing.com\/product\/industrial-pallet-racking\/#primaryimage","url":"https:\/\/www.iwarehousing.com\/wp-content\/uploads\/2022\/06\/industrial-pallet-racking-0.jpg","contentUrl":"https:\/\/www.iwarehousing.com\/wp-content\/uploads\/2022\/06\/industrial-pallet-racking-0.jpg","width":2000,"height":1333,"caption":"industrial pallet racking"},{"@type":"BreadcrumbList","@id":"https:\/\/www.iwarehousing.com\/product\/industrial-pallet-racking\/#breadcrumb","itemListElement":[{"@type":"ListItem","position":1,"name":"Home","item":"https:\/\/www.iwarehousing.com\/"},{"@type":"ListItem","position":2,"name":"Product","item":"https:\/\/www.iwarehousing.com\/product\/"},{"@type":"ListItem","position":3,"name":"Industrial Pallet Racking"}]},{"@type":"WebSite","@id":"https:\/\/www.iwarehousing.com\/#website","url":"https:\/\/www.iwarehousing.com\/","name":"iWarehousing","description":"Focus on warehousing equipments","publisher":{"@id":"https:\/\/www.iwarehousing.com\/#organization"},"potentialAction":[{"@type":"SearchAction","target":{"@type":"EntryPoint","urlTemplate":"https:\/\/www.iwarehousing.com\/?s={search_term_string}"},"query-input":{"@type":"PropertyValueSpecification","valueRequired":true,"valueName":"search_term_string"}}],"inLanguage":"fr-FR"},{"@type":"Organization","@id":"https:\/\/www.iwarehousing.com\/#organization","name":"iWarehousing","url":"https:\/\/www.iwarehousing.com\/","logo":{"@type":"ImageObject","inLanguage":"fr-FR","@id":"https:\/\/www.iwarehousing.com\/#\/schema\/logo\/image\/","url":"https:\/\/www.iwarehousing.com\/wp-content\/uploads\/2022\/05\/iW-logo-no-tag-800pxREV2.png","contentUrl":"https:\/\/www.iwarehousing.com\/wp-content\/uploads\/2022\/05\/iW-logo-no-tag-800pxREV2.png","width":1753,"height":490,"caption":"iWarehousing"},"image":{"@id":"https:\/\/www.iwarehousing.com\/#\/schema\/logo\/image\/"}}]}},"_links":{"self":[{"href":"https:\/\/www.iwarehousing.com\/fr\/wp-json\/wp\/v2\/product\/183","targetHints":{"allow":["GET"]}}],"collection":[{"href":"https:\/\/www.iwarehousing.com\/fr\/wp-json\/wp\/v2\/product"}],"about":[{"href":"https:\/\/www.iwarehousing.com\/fr\/wp-json\/wp\/v2\/types\/product"}],"replies":[{"embeddable":true,"href":"https:\/\/www.iwarehousing.com\/fr\/wp-json\/wp\/v2\/comments?post=183"}],"wp:featuredmedia":[{"embeddable":true,"href":"https:\/\/www.iwarehousing.com\/fr\/wp-json\/wp\/v2\/media\/2395"}],"wp:attachment":[{"href":"https:\/\/www.iwarehousing.com\/fr\/wp-json\/wp\/v2\/media?parent=183"}],"wp:term":[{"taxonomy":"product_brand","embeddable":true,"href":"https:\/\/www.iwarehousing.com\/fr\/wp-json\/wp\/v2\/product_brand?post=183"},{"taxonomy":"product_cat","embeddable":true,"href":"https:\/\/www.iwarehousing.com\/fr\/wp-json\/wp\/v2\/product_cat?post=183"},{"taxonomy":"product_tag","embeddable":true,"href":"https:\/\/www.iwarehousing.com\/fr\/wp-json\/wp\/v2\/product_tag?post=183"}],"curies":[{"name":"wp","href":"https:\/\/api.w.org\/{rel}","templated":true}]}}