{"id":180,"date":"2022-06-27T16:04:07","date_gmt":"2022-06-27T08:04:07","guid":{"rendered":"https:\/\/imm31ev9mx.onrocket.site\/?post_type=product&#038;p=180"},"modified":"2022-12-15T16:21:19","modified_gmt":"2022-12-15T08:21:19","slug":"dexion-pallet-racking","status":"publish","type":"product","link":"https:\/\/www.iwarehousing.com\/fr\/product\/dexion-pallet-racking\/","title":{"rendered":"Rayonnage \u00e0 palettes Dexion"},"content":{"rendered":"<p>Avec plus de 15 ans d&#039;exp\u00e9rience dans le secteur des entrep\u00f4ts, nous sommes l&#039;un des principaux fournisseurs en Chine de syst\u00e8mes de rayonnages \u00e0 palettes. Nous nous engageons \u00e0 offrir les derni\u00e8res innovations pour garantir que nos clients vivent une exp\u00e9rience diff\u00e9rente. Nous pouvons r\u00e9pondre \u00e0 vos besoins non seulement en am\u00e9liorant les normes de s\u00e9curit\u00e9 en compl\u00e9tant la conformit\u00e9 \u00e0 toutes les r\u00e9glementations de l&#039;industrie mais \u00e9galement en cr\u00e9ant des proc\u00e9dures simplifi\u00e9es pour augmenter la productivit\u00e9 des employ\u00e9s.<\/p>\n<p>Nous proposons la plupart des types et configurations fr\u00e9quemment utilis\u00e9s dans les entrep\u00f4ts, tandis que le syst\u00e8me de rayonnage \u00e0 palettes Dexion est le syst\u00e8me le plus couramment utilis\u00e9. Ils sont g\u00e9n\u00e9ralement dans une configuration \u00ab\u00a0lamin\u00e9e\u00a0\u00bb ou \u00ab\u00a0structurelle\u00a0\u00bb. Ils sont g\u00e9n\u00e9ralement form\u00e9s de montants et d\u2019une paire de poutres pour cr\u00e9er des \u00e9tag\u00e8res con\u00e7ues pour stocker des palettes. Ce type de syst\u00e8me n\u00e9cessite souvent un investissement moindre et pr\u00e9sente une bonne accessibilit\u00e9.<\/p>\n<h2>Ce que nous pouvons faire<\/h2>\n<p>Nous concevrons une solution de rayonnage \u00e0 palettes capable de r\u00e9pondre aux besoins de votre entreprise et d&#039;optimiser votre espace d&#039;entrep\u00f4t pour atteindre une capacit\u00e9 de stockage maximale.<\/p>\n<h3>Caract\u00e9ristiques de conception<\/h3>\n<p>Gr\u00e2ce \u00e0 notre d\u00e9veloppement de produits, nos produits poss\u00e8dent de nombreuses caract\u00e9ristiques de pointe, par exemple la connexion sans boulon. Notre connecteur unique peut s&#039;adapter \u00e0 n&#039;importe quel poids tout en conservant le plus haut niveau de stabilit\u00e9.<\/p>\n<h3>Rayonnage \u00e0 palettes flexible<\/h3>\n<p>Gr\u00e2ce \u00e0 la consultation initiale, nous recueillerons les exigences des clients, ce qui facilitera la conception initiale. Cela nous permet de produire des options flexibles de syst\u00e8me de rayonnage \u00e0 palettes qui peuvent r\u00e9pondre \u00e0 vos besoins. Ceux-ci incluent la gamme de nos cadres et poutres, qui peuvent \u00eatre modifi\u00e9s en fonction de diff\u00e9rentes hauteurs et charges.<\/p>\n<h3>Protection des rayonnages<\/h3>\n<p>Nous ajouterons une protection contre les rayonnages pour garantir la s\u00e9curit\u00e9 de votre investissement. La protection des rayonnages contribue \u00e0 prolonger la dur\u00e9e de vie de votre syst\u00e8me de rayonnages. Nous proposons de nombreux types de protection pour r\u00e9pondre \u00e0 vos besoins.<\/p>\n<h3>Mise en page<\/h3>\n<p>Les rayonnages \u00e0 palettes Dexion n&#039;ont qu&#039;une seule palette de profondeur, mais deux rayonnages peuvent \u00eatre plac\u00e9s dos \u00e0 dos.<\/p>\n<h3>Acc\u00e8s aux palettes<\/h3>\n<p>Les rayonnages \u00e0 palettes Dexion offrent un acc\u00e8s direct \u00e0 chaque palette stock\u00e9e. Pour les gammes de produits \u00e0 faible volume de rotation, ce type de rayonnage est un bon choix.<\/p>\n<h3>Largeur d&#039;all\u00e9e<\/h3>\n<p>La largeur des all\u00e9es est un facteur majeur pour la capacit\u00e9 de stockage d\u2019un syst\u00e8me de rayonnage \u00e0 palettes. La capacit\u00e9 de stockage peut \u00eatre ajust\u00e9e en fonction du type de rayonnage \u00e0 palettes que vous choisissez. Les all\u00e9es de largeur \u00e9troite ne sont pas toujours synonymes de co\u00fbts de stockage inf\u00e9rieurs, mais elles peuvent entra\u00eener des temps de manutention plus longs qui peuvent contrebalancer les avantages d&#039;un stockage plus important.<\/p>","protected":false},"excerpt":{"rendered":"<p>Le rayonnage \u00e0 palettes est un syst\u00e8me de stockage de manutention largement utilis\u00e9 con\u00e7u pour stocker des marchandises sur des palettes. Il existe de nombreux types diff\u00e9rents de syst\u00e8mes de rayonnages \u00e0 palettes, qui permettent tous le stockage de mat\u00e9riaux palettis\u00e9s en rang\u00e9es horizontales \u00e0 plusieurs niveaux. Si vous souhaitez utiliser l&#039;espace de stockage plus efficacement, le syst\u00e8me de rayonnage \u00e0 palettes Dexion est peut-\u00eatre votre meilleur choix. Les rayonnages \u00e0 palettes Dexion sont la norme de l\u2019industrie et sont actuellement les plus fr\u00e9quemment utilis\u00e9s. Il est compatible avec tous les types et tailles de palettes et peut \u00eatre utilis\u00e9 avec tout type de syst\u00e8me de manutention. Ses avantages sont la flexibilit\u00e9 et la polyvalence.<\/p>","protected":false},"featured_media":269,"comment_status":"open","ping_status":"closed","template":"","meta":{"_seopress_robots_primary_cat":"","_seopress_titles_title":"","_seopress_titles_desc":"","_seopress_robots_index":""},"product_brand":[],"product_cat":[30],"product_tag":[],"class_list":{"0":"post-180","1":"product","2":"type-product","3":"status-publish","4":"has-post-thumbnail","6":"product_cat-pallet-racking","8":"first","9":"instock","10":"shipping-taxable","11":"product-type-simple"},"yoast_head":"<!-- This site is optimized with the Yoast SEO plugin v26.5 - https:\/\/yoast.com\/wordpress\/plugins\/seo\/ -->\n<title>Dexion Pallet Racking - iWarehousing<\/title>\n<meta name=\"robots\" content=\"index, follow, max-snippet:-1, max-image-preview:large, max-video-preview:-1\" \/>\n<link rel=\"canonical\" href=\"https:\/\/www.iwarehousing.com\/fr\/product\/dexion-pallet-racking\/\" \/>\n<meta property=\"og:locale\" content=\"fr_FR\" \/>\n<meta property=\"og:type\" content=\"article\" \/>\n<meta property=\"og:title\" content=\"Dexion Pallet Racking - iWarehousing\" \/>\n<meta property=\"og:description\" content=\"Pallet racking is a widely used handling storage system designed to store goods on pallets. There are many different types of pallet racking systems, all of which allow storage of palletized material in horizontal rows at multiple levels. If you\u2019re looking to use storage space more efficiently, Dexion Pallet Racking System maybe your best choice. Dexion pallet racking is industry standard and is currently most frequently used. It\u2019s compatible with all pallet types and sizes and can be used with any type of handling system. Its advantages are flexibility and versatility.\" \/>\n<meta property=\"og:url\" content=\"https:\/\/www.iwarehousing.com\/fr\/product\/dexion-pallet-racking\/\" \/>\n<meta property=\"og:site_name\" content=\"iWarehousing\" \/>\n<meta property=\"article:modified_time\" content=\"2022-12-15T08:21:19+00:00\" \/>\n<meta property=\"og:image\" content=\"https:\/\/www.iwarehousing.com\/wp-content\/uploads\/2022\/06\/dexion-pallet-racking.png\" \/>\n\t<meta property=\"og:image:width\" content=\"800\" \/>\n\t<meta property=\"og:image:height\" content=\"600\" \/>\n\t<meta property=\"og:image:type\" content=\"image\/png\" \/>\n<meta name=\"twitter:card\" content=\"summary_large_image\" \/>\n<meta name=\"twitter:label1\" content=\"Est. reading time\" \/>\n\t<meta name=\"twitter:data1\" content=\"2 minutes\" \/>\n<script type=\"application\/ld+json\" class=\"yoast-schema-graph\">{\"@context\":\"https:\/\/schema.org\",\"@graph\":[{\"@type\":\"WebPage\",\"@id\":\"https:\/\/www.iwarehousing.com\/product\/dexion-pallet-racking\/\",\"url\":\"https:\/\/www.iwarehousing.com\/product\/dexion-pallet-racking\/\",\"name\":\"Dexion Pallet Racking - iWarehousing\",\"isPartOf\":{\"@id\":\"https:\/\/www.iwarehousing.com\/#website\"},\"primaryImageOfPage\":{\"@id\":\"https:\/\/www.iwarehousing.com\/product\/dexion-pallet-racking\/#primaryimage\"},\"image\":{\"@id\":\"https:\/\/www.iwarehousing.com\/product\/dexion-pallet-racking\/#primaryimage\"},\"thumbnailUrl\":\"https:\/\/www.iwarehousing.com\/wp-content\/uploads\/2022\/06\/dexion-pallet-racking.png\",\"datePublished\":\"2022-06-27T08:04:07+00:00\",\"dateModified\":\"2022-12-15T08:21:19+00:00\",\"breadcrumb\":{\"@id\":\"https:\/\/www.iwarehousing.com\/product\/dexion-pallet-racking\/#breadcrumb\"},\"inLanguage\":\"fr-FR\",\"potentialAction\":[{\"@type\":\"ReadAction\",\"target\":[\"https:\/\/www.iwarehousing.com\/product\/dexion-pallet-racking\/\"]}]},{\"@type\":\"ImageObject\",\"inLanguage\":\"fr-FR\",\"@id\":\"https:\/\/www.iwarehousing.com\/product\/dexion-pallet-racking\/#primaryimage\",\"url\":\"https:\/\/www.iwarehousing.com\/wp-content\/uploads\/2022\/06\/dexion-pallet-racking.png\",\"contentUrl\":\"https:\/\/www.iwarehousing.com\/wp-content\/uploads\/2022\/06\/dexion-pallet-racking.png\",\"width\":800,\"height\":600,\"caption\":\"dexion pallet racking\"},{\"@type\":\"BreadcrumbList\",\"@id\":\"https:\/\/www.iwarehousing.com\/product\/dexion-pallet-racking\/#breadcrumb\",\"itemListElement\":[{\"@type\":\"ListItem\",\"position\":1,\"name\":\"Home\",\"item\":\"https:\/\/www.iwarehousing.com\/\"},{\"@type\":\"ListItem\",\"position\":2,\"name\":\"Product\",\"item\":\"https:\/\/www.iwarehousing.com\/product\/\"},{\"@type\":\"ListItem\",\"position\":3,\"name\":\"Dexion Pallet Racking\"}]},{\"@type\":\"WebSite\",\"@id\":\"https:\/\/www.iwarehousing.com\/#website\",\"url\":\"https:\/\/www.iwarehousing.com\/\",\"name\":\"iWarehousing\",\"description\":\"Focus on warehousing equipments\",\"publisher\":{\"@id\":\"https:\/\/www.iwarehousing.com\/#organization\"},\"potentialAction\":[{\"@type\":\"SearchAction\",\"target\":{\"@type\":\"EntryPoint\",\"urlTemplate\":\"https:\/\/www.iwarehousing.com\/?s={search_term_string}\"},\"query-input\":{\"@type\":\"PropertyValueSpecification\",\"valueRequired\":true,\"valueName\":\"search_term_string\"}}],\"inLanguage\":\"fr-FR\"},{\"@type\":\"Organization\",\"@id\":\"https:\/\/www.iwarehousing.com\/#organization\",\"name\":\"iWarehousing\",\"url\":\"https:\/\/www.iwarehousing.com\/\",\"logo\":{\"@type\":\"ImageObject\",\"inLanguage\":\"fr-FR\",\"@id\":\"https:\/\/www.iwarehousing.com\/#\/schema\/logo\/image\/\",\"url\":\"https:\/\/www.iwarehousing.com\/wp-content\/uploads\/2022\/05\/iW-logo-no-tag-800pxREV2.png\",\"contentUrl\":\"https:\/\/www.iwarehousing.com\/wp-content\/uploads\/2022\/05\/iW-logo-no-tag-800pxREV2.png\",\"width\":1753,\"height\":490,\"caption\":\"iWarehousing\"},\"image\":{\"@id\":\"https:\/\/www.iwarehousing.com\/#\/schema\/logo\/image\/\"}}]}<\/script>\n<!-- \/ Yoast SEO plugin. -->","yoast_head_json":{"title":"Dexion Pallet Racking - iWarehousing","robots":{"index":"index","follow":"follow","max-snippet":"max-snippet:-1","max-image-preview":"max-image-preview:large","max-video-preview":"max-video-preview:-1"},"canonical":"https:\/\/www.iwarehousing.com\/fr\/product\/dexion-pallet-racking\/","og_locale":"fr_FR","og_type":"article","og_title":"Dexion Pallet Racking - iWarehousing","og_description":"Pallet racking is a widely used handling storage system designed to store goods on pallets. There are many different types of pallet racking systems, all of which allow storage of palletized material in horizontal rows at multiple levels. If you\u2019re looking to use storage space more efficiently, Dexion Pallet Racking System maybe your best choice. Dexion pallet racking is industry standard and is currently most frequently used. It\u2019s compatible with all pallet types and sizes and can be used with any type of handling system. Its advantages are flexibility and versatility.","og_url":"https:\/\/www.iwarehousing.com\/fr\/product\/dexion-pallet-racking\/","og_site_name":"iWarehousing","article_modified_time":"2022-12-15T08:21:19+00:00","og_image":[{"width":800,"height":600,"url":"https:\/\/www.iwarehousing.com\/wp-content\/uploads\/2022\/06\/dexion-pallet-racking.png","type":"image\/png"}],"twitter_card":"summary_large_image","twitter_misc":{"Est. reading time":"2 minutes"},"schema":{"@context":"https:\/\/schema.org","@graph":[{"@type":"WebPage","@id":"https:\/\/www.iwarehousing.com\/product\/dexion-pallet-racking\/","url":"https:\/\/www.iwarehousing.com\/product\/dexion-pallet-racking\/","name":"Dexion Pallet Racking - iWarehousing","isPartOf":{"@id":"https:\/\/www.iwarehousing.com\/#website"},"primaryImageOfPage":{"@id":"https:\/\/www.iwarehousing.com\/product\/dexion-pallet-racking\/#primaryimage"},"image":{"@id":"https:\/\/www.iwarehousing.com\/product\/dexion-pallet-racking\/#primaryimage"},"thumbnailUrl":"https:\/\/www.iwarehousing.com\/wp-content\/uploads\/2022\/06\/dexion-pallet-racking.png","datePublished":"2022-06-27T08:04:07+00:00","dateModified":"2022-12-15T08:21:19+00:00","breadcrumb":{"@id":"https:\/\/www.iwarehousing.com\/product\/dexion-pallet-racking\/#breadcrumb"},"inLanguage":"fr-FR","potentialAction":[{"@type":"ReadAction","target":["https:\/\/www.iwarehousing.com\/product\/dexion-pallet-racking\/"]}]},{"@type":"ImageObject","inLanguage":"fr-FR","@id":"https:\/\/www.iwarehousing.com\/product\/dexion-pallet-racking\/#primaryimage","url":"https:\/\/www.iwarehousing.com\/wp-content\/uploads\/2022\/06\/dexion-pallet-racking.png","contentUrl":"https:\/\/www.iwarehousing.com\/wp-content\/uploads\/2022\/06\/dexion-pallet-racking.png","width":800,"height":600,"caption":"dexion pallet racking"},{"@type":"BreadcrumbList","@id":"https:\/\/www.iwarehousing.com\/product\/dexion-pallet-racking\/#breadcrumb","itemListElement":[{"@type":"ListItem","position":1,"name":"Home","item":"https:\/\/www.iwarehousing.com\/"},{"@type":"ListItem","position":2,"name":"Product","item":"https:\/\/www.iwarehousing.com\/product\/"},{"@type":"ListItem","position":3,"name":"Dexion Pallet Racking"}]},{"@type":"WebSite","@id":"https:\/\/www.iwarehousing.com\/#website","url":"https:\/\/www.iwarehousing.com\/","name":"iWarehousing","description":"Focus on warehousing equipments","publisher":{"@id":"https:\/\/www.iwarehousing.com\/#organization"},"potentialAction":[{"@type":"SearchAction","target":{"@type":"EntryPoint","urlTemplate":"https:\/\/www.iwarehousing.com\/?s={search_term_string}"},"query-input":{"@type":"PropertyValueSpecification","valueRequired":true,"valueName":"search_term_string"}}],"inLanguage":"fr-FR"},{"@type":"Organization","@id":"https:\/\/www.iwarehousing.com\/#organization","name":"iWarehousing","url":"https:\/\/www.iwarehousing.com\/","logo":{"@type":"ImageObject","inLanguage":"fr-FR","@id":"https:\/\/www.iwarehousing.com\/#\/schema\/logo\/image\/","url":"https:\/\/www.iwarehousing.com\/wp-content\/uploads\/2022\/05\/iW-logo-no-tag-800pxREV2.png","contentUrl":"https:\/\/www.iwarehousing.com\/wp-content\/uploads\/2022\/05\/iW-logo-no-tag-800pxREV2.png","width":1753,"height":490,"caption":"iWarehousing"},"image":{"@id":"https:\/\/www.iwarehousing.com\/#\/schema\/logo\/image\/"}}]}},"_links":{"self":[{"href":"https:\/\/www.iwarehousing.com\/fr\/wp-json\/wp\/v2\/product\/180","targetHints":{"allow":["GET"]}}],"collection":[{"href":"https:\/\/www.iwarehousing.com\/fr\/wp-json\/wp\/v2\/product"}],"about":[{"href":"https:\/\/www.iwarehousing.com\/fr\/wp-json\/wp\/v2\/types\/product"}],"replies":[{"embeddable":true,"href":"https:\/\/www.iwarehousing.com\/fr\/wp-json\/wp\/v2\/comments?post=180"}],"wp:featuredmedia":[{"embeddable":true,"href":"https:\/\/www.iwarehousing.com\/fr\/wp-json\/wp\/v2\/media\/269"}],"wp:attachment":[{"href":"https:\/\/www.iwarehousing.com\/fr\/wp-json\/wp\/v2\/media?parent=180"}],"wp:term":[{"taxonomy":"product_brand","embeddable":true,"href":"https:\/\/www.iwarehousing.com\/fr\/wp-json\/wp\/v2\/product_brand?post=180"},{"taxonomy":"product_cat","embeddable":true,"href":"https:\/\/www.iwarehousing.com\/fr\/wp-json\/wp\/v2\/product_cat?post=180"},{"taxonomy":"product_tag","embeddable":true,"href":"https:\/\/www.iwarehousing.com\/fr\/wp-json\/wp\/v2\/product_tag?post=180"}],"curies":[{"name":"wp","href":"https:\/\/api.w.org\/{rel}","templated":true}]}}