{"id":385,"date":"2022-11-08T17:47:46","date_gmt":"2022-11-08T09:47:46","guid":{"rendered":"https:\/\/imm31ev9mx.onrocket.site\/?post_type=product&#038;p=385"},"modified":"2023-02-27T16:59:45","modified_gmt":"2023-02-27T08:59:45","slug":"cantilever-rack-for-panel","status":"publish","type":"product","link":"https:\/\/www.iwarehousing.com\/es\/product\/cantilever-rack-for-panel\/","title":{"rendered":"Estante voladizo para panel"},"content":{"rendered":"<p>Las estanter\u00edas cantilever son un tipo espec\u00edfico de sistema de almacenamiento en almac\u00e9n. Es ideal para almacenar art\u00edculos largos y de gran tama\u00f1o, como l\u00e1minas de metal, tuber\u00edas y paneles de madera. Se utilizan com\u00fanmente en talleres de carpinter\u00eda y almacenes de suministros de plomer\u00eda. Un conjunto de estanter\u00edas cantil\u00e9ver consta de dos montantes verticales, dos placas base, brazos y tirantes. Es apto tanto para uso interior como exterior.<\/p>\n<h2>Caracter\u00edsticas clave del bastidor voladizo para paneles<\/h2>\n<ul>\n<li>Totalmente personalizado con varios tama\u00f1os disponibles.<\/li>\n<li>Disponible en configuraciones de servicio liviano, mediano y pesado<\/li>\n<li>Los pasadores de bloqueo del brazo se utilizan para sujetar el brazo en posici\u00f3n vertical por seguridad.<\/li>\n<li>Componentes galvanizados en caliente disponibles para aplicaciones en exteriores.<\/li>\n<\/ul>\n<h2>Ventajas del bastidor voladizo para panel<\/h2>\n<ul>\n<li>F\u00e1cil de instalar y reconfigurar<\/li>\n<li>Se pueden agregar brazos adicionales para mayor almacenamiento de todas las formas y tama\u00f1os.<\/li>\n<li>Adecuado tanto para aplicaciones interiores como exteriores.<\/li>\n<li>Los sistemas se pueden dise\u00f1ar para satisfacer sus requisitos espec\u00edficos.<\/li>\n<li>Configuraciones de un solo lado y de doble lado disponibles<\/li>\n<\/ul>\n<h2>Componentes del bastidor voladizo para panel<\/h2>\n<p>Montantes: los montantes son la columna vertical que sostiene los brazos.<\/p>\n<p>Placa base: los montantes se conectan directamente a la base para soportar los montantes que soportan la mercanc\u00eda.<\/p>\n<p>Brazos: los brazos son las vigas horizontales que soportan la carga cuando se almacena.<\/p>\n<p>Tirantes: los tirantes conectan y sostienen los montantes.<\/p>","protected":false},"excerpt":{"rendered":"<ul>\n<li>Almacene y acceda a elementos largos como paneles, tuber\u00edas y materiales arquitect\u00f3nicos.<\/li>\n<li>Almacene y acceda a productos de formas irregulares, como carcasas de autom\u00f3viles y moldes de inyecci\u00f3n.<\/li>\n<li>Ahorra espacio de almacenamiento<\/li>\n<li>Tarea pesada<\/li>\n<li>Altura ajustable para adaptarse a los art\u00edculos.<\/li>\n<\/ul>","protected":false},"featured_media":2312,"comment_status":"open","ping_status":"closed","template":"","meta":{"_seopress_robots_primary_cat":"","_seopress_titles_title":"","_seopress_titles_desc":"","_seopress_robots_index":""},"product_brand":[],"product_cat":[54],"product_tag":[55,56],"class_list":{"0":"post-385","1":"product","2":"type-product","3":"status-publish","4":"has-post-thumbnail","6":"product_cat-cantilever-racking","7":"product_tag-cantilever-racking","8":"product_tag-long-item-storage","10":"first","11":"instock","12":"shipping-taxable","13":"product-type-simple"},"yoast_head":"<!-- This site is optimized with the Yoast SEO plugin v26.5 - https:\/\/yoast.com\/wordpress\/plugins\/seo\/ -->\n<title>Cantilever Rack for Panel - iWarehousing<\/title>\n<meta name=\"robots\" content=\"index, follow, max-snippet:-1, max-image-preview:large, max-video-preview:-1\" \/>\n<link rel=\"canonical\" href=\"https:\/\/www.iwarehousing.com\/es\/product\/cantilever-rack-for-panel\/\" \/>\n<meta property=\"og:locale\" content=\"es_ES\" \/>\n<meta property=\"og:type\" content=\"article\" \/>\n<meta property=\"og:title\" content=\"Cantilever Rack for Panel - iWarehousing\" \/>\n<meta property=\"og:description\" content=\"Store and access long items like panels, pipes, architectural materials  Store and access irregularly shaped products like car shell, injection mold  Save storage space  Heavy duty  Adjustable height to fit the items\" \/>\n<meta property=\"og:url\" content=\"https:\/\/www.iwarehousing.com\/es\/product\/cantilever-rack-for-panel\/\" \/>\n<meta property=\"og:site_name\" content=\"iWarehousing\" \/>\n<meta property=\"article:modified_time\" content=\"2023-02-27T08:59:45+00:00\" \/>\n<meta property=\"og:image\" content=\"https:\/\/www.iwarehousing.com\/wp-content\/uploads\/2022\/11\/cantilever-racking-for-panel-0.jpg\" \/>\n\t<meta property=\"og:image:width\" content=\"2000\" \/>\n\t<meta property=\"og:image:height\" content=\"621\" \/>\n\t<meta property=\"og:image:type\" content=\"image\/jpeg\" \/>\n<meta name=\"twitter:card\" content=\"summary_large_image\" \/>\n<meta name=\"twitter:label1\" content=\"Est. reading time\" \/>\n\t<meta name=\"twitter:data1\" content=\"1 minute\" \/>\n<script type=\"application\/ld+json\" class=\"yoast-schema-graph\">{\"@context\":\"https:\/\/schema.org\",\"@graph\":[{\"@type\":\"WebPage\",\"@id\":\"https:\/\/www.iwarehousing.com\/product\/cantilever-rack-for-panel\/\",\"url\":\"https:\/\/www.iwarehousing.com\/product\/cantilever-rack-for-panel\/\",\"name\":\"Cantilever Rack for Panel - iWarehousing\",\"isPartOf\":{\"@id\":\"https:\/\/www.iwarehousing.com\/#website\"},\"primaryImageOfPage\":{\"@id\":\"https:\/\/www.iwarehousing.com\/product\/cantilever-rack-for-panel\/#primaryimage\"},\"image\":{\"@id\":\"https:\/\/www.iwarehousing.com\/product\/cantilever-rack-for-panel\/#primaryimage\"},\"thumbnailUrl\":\"https:\/\/www.iwarehousing.com\/wp-content\/uploads\/2022\/11\/cantilever-racking-for-panel-0.jpg\",\"datePublished\":\"2022-11-08T09:47:46+00:00\",\"dateModified\":\"2023-02-27T08:59:45+00:00\",\"breadcrumb\":{\"@id\":\"https:\/\/www.iwarehousing.com\/product\/cantilever-rack-for-panel\/#breadcrumb\"},\"inLanguage\":\"es-ES\",\"potentialAction\":[{\"@type\":\"ReadAction\",\"target\":[\"https:\/\/www.iwarehousing.com\/product\/cantilever-rack-for-panel\/\"]}]},{\"@type\":\"ImageObject\",\"inLanguage\":\"es-ES\",\"@id\":\"https:\/\/www.iwarehousing.com\/product\/cantilever-rack-for-panel\/#primaryimage\",\"url\":\"https:\/\/www.iwarehousing.com\/wp-content\/uploads\/2022\/11\/cantilever-racking-for-panel-0.jpg\",\"contentUrl\":\"https:\/\/www.iwarehousing.com\/wp-content\/uploads\/2022\/11\/cantilever-racking-for-panel-0.jpg\",\"width\":2000,\"height\":621,\"caption\":\"cantilever racking for panel 0\"},{\"@type\":\"BreadcrumbList\",\"@id\":\"https:\/\/www.iwarehousing.com\/product\/cantilever-rack-for-panel\/#breadcrumb\",\"itemListElement\":[{\"@type\":\"ListItem\",\"position\":1,\"name\":\"Home\",\"item\":\"https:\/\/www.iwarehousing.com\/\"},{\"@type\":\"ListItem\",\"position\":2,\"name\":\"Product\",\"item\":\"https:\/\/www.iwarehousing.com\/product\/\"},{\"@type\":\"ListItem\",\"position\":3,\"name\":\"Cantilever Rack for Panel\"}]},{\"@type\":\"WebSite\",\"@id\":\"https:\/\/www.iwarehousing.com\/#website\",\"url\":\"https:\/\/www.iwarehousing.com\/\",\"name\":\"iWarehousing\",\"description\":\"Focus on warehousing equipments\",\"publisher\":{\"@id\":\"https:\/\/www.iwarehousing.com\/#organization\"},\"potentialAction\":[{\"@type\":\"SearchAction\",\"target\":{\"@type\":\"EntryPoint\",\"urlTemplate\":\"https:\/\/www.iwarehousing.com\/?s={search_term_string}\"},\"query-input\":{\"@type\":\"PropertyValueSpecification\",\"valueRequired\":true,\"valueName\":\"search_term_string\"}}],\"inLanguage\":\"es-ES\"},{\"@type\":\"Organization\",\"@id\":\"https:\/\/www.iwarehousing.com\/#organization\",\"name\":\"iWarehousing\",\"url\":\"https:\/\/www.iwarehousing.com\/\",\"logo\":{\"@type\":\"ImageObject\",\"inLanguage\":\"es-ES\",\"@id\":\"https:\/\/www.iwarehousing.com\/#\/schema\/logo\/image\/\",\"url\":\"https:\/\/www.iwarehousing.com\/wp-content\/uploads\/2022\/05\/iW-logo-no-tag-800pxREV2.png\",\"contentUrl\":\"https:\/\/www.iwarehousing.com\/wp-content\/uploads\/2022\/05\/iW-logo-no-tag-800pxREV2.png\",\"width\":1753,\"height\":490,\"caption\":\"iWarehousing\"},\"image\":{\"@id\":\"https:\/\/www.iwarehousing.com\/#\/schema\/logo\/image\/\"}}]}<\/script>\n<!-- \/ Yoast SEO plugin. -->","yoast_head_json":{"title":"Cantilever Rack for Panel - iWarehousing","robots":{"index":"index","follow":"follow","max-snippet":"max-snippet:-1","max-image-preview":"max-image-preview:large","max-video-preview":"max-video-preview:-1"},"canonical":"https:\/\/www.iwarehousing.com\/es\/product\/cantilever-rack-for-panel\/","og_locale":"es_ES","og_type":"article","og_title":"Cantilever Rack for Panel - iWarehousing","og_description":"Store and access long items like panels, pipes, architectural materials  Store and access irregularly shaped products like car shell, injection mold  Save storage space  Heavy duty  Adjustable height to fit the items","og_url":"https:\/\/www.iwarehousing.com\/es\/product\/cantilever-rack-for-panel\/","og_site_name":"iWarehousing","article_modified_time":"2023-02-27T08:59:45+00:00","og_image":[{"width":2000,"height":621,"url":"https:\/\/www.iwarehousing.com\/wp-content\/uploads\/2022\/11\/cantilever-racking-for-panel-0.jpg","type":"image\/jpeg"}],"twitter_card":"summary_large_image","twitter_misc":{"Est. reading time":"1 minute"},"schema":{"@context":"https:\/\/schema.org","@graph":[{"@type":"WebPage","@id":"https:\/\/www.iwarehousing.com\/product\/cantilever-rack-for-panel\/","url":"https:\/\/www.iwarehousing.com\/product\/cantilever-rack-for-panel\/","name":"Cantilever Rack for Panel - iWarehousing","isPartOf":{"@id":"https:\/\/www.iwarehousing.com\/#website"},"primaryImageOfPage":{"@id":"https:\/\/www.iwarehousing.com\/product\/cantilever-rack-for-panel\/#primaryimage"},"image":{"@id":"https:\/\/www.iwarehousing.com\/product\/cantilever-rack-for-panel\/#primaryimage"},"thumbnailUrl":"https:\/\/www.iwarehousing.com\/wp-content\/uploads\/2022\/11\/cantilever-racking-for-panel-0.jpg","datePublished":"2022-11-08T09:47:46+00:00","dateModified":"2023-02-27T08:59:45+00:00","breadcrumb":{"@id":"https:\/\/www.iwarehousing.com\/product\/cantilever-rack-for-panel\/#breadcrumb"},"inLanguage":"es-ES","potentialAction":[{"@type":"ReadAction","target":["https:\/\/www.iwarehousing.com\/product\/cantilever-rack-for-panel\/"]}]},{"@type":"ImageObject","inLanguage":"es-ES","@id":"https:\/\/www.iwarehousing.com\/product\/cantilever-rack-for-panel\/#primaryimage","url":"https:\/\/www.iwarehousing.com\/wp-content\/uploads\/2022\/11\/cantilever-racking-for-panel-0.jpg","contentUrl":"https:\/\/www.iwarehousing.com\/wp-content\/uploads\/2022\/11\/cantilever-racking-for-panel-0.jpg","width":2000,"height":621,"caption":"cantilever racking for panel 0"},{"@type":"BreadcrumbList","@id":"https:\/\/www.iwarehousing.com\/product\/cantilever-rack-for-panel\/#breadcrumb","itemListElement":[{"@type":"ListItem","position":1,"name":"Home","item":"https:\/\/www.iwarehousing.com\/"},{"@type":"ListItem","position":2,"name":"Product","item":"https:\/\/www.iwarehousing.com\/product\/"},{"@type":"ListItem","position":3,"name":"Cantilever Rack for Panel"}]},{"@type":"WebSite","@id":"https:\/\/www.iwarehousing.com\/#website","url":"https:\/\/www.iwarehousing.com\/","name":"iWarehousing","description":"Focus on warehousing equipments","publisher":{"@id":"https:\/\/www.iwarehousing.com\/#organization"},"potentialAction":[{"@type":"SearchAction","target":{"@type":"EntryPoint","urlTemplate":"https:\/\/www.iwarehousing.com\/?s={search_term_string}"},"query-input":{"@type":"PropertyValueSpecification","valueRequired":true,"valueName":"search_term_string"}}],"inLanguage":"es-ES"},{"@type":"Organization","@id":"https:\/\/www.iwarehousing.com\/#organization","name":"iWarehousing","url":"https:\/\/www.iwarehousing.com\/","logo":{"@type":"ImageObject","inLanguage":"es-ES","@id":"https:\/\/www.iwarehousing.com\/#\/schema\/logo\/image\/","url":"https:\/\/www.iwarehousing.com\/wp-content\/uploads\/2022\/05\/iW-logo-no-tag-800pxREV2.png","contentUrl":"https:\/\/www.iwarehousing.com\/wp-content\/uploads\/2022\/05\/iW-logo-no-tag-800pxREV2.png","width":1753,"height":490,"caption":"iWarehousing"},"image":{"@id":"https:\/\/www.iwarehousing.com\/#\/schema\/logo\/image\/"}}]}},"_links":{"self":[{"href":"https:\/\/www.iwarehousing.com\/es\/wp-json\/wp\/v2\/product\/385","targetHints":{"allow":["GET"]}}],"collection":[{"href":"https:\/\/www.iwarehousing.com\/es\/wp-json\/wp\/v2\/product"}],"about":[{"href":"https:\/\/www.iwarehousing.com\/es\/wp-json\/wp\/v2\/types\/product"}],"replies":[{"embeddable":true,"href":"https:\/\/www.iwarehousing.com\/es\/wp-json\/wp\/v2\/comments?post=385"}],"wp:featuredmedia":[{"embeddable":true,"href":"https:\/\/www.iwarehousing.com\/es\/wp-json\/wp\/v2\/media\/2312"}],"wp:attachment":[{"href":"https:\/\/www.iwarehousing.com\/es\/wp-json\/wp\/v2\/media?parent=385"}],"wp:term":[{"taxonomy":"product_brand","embeddable":true,"href":"https:\/\/www.iwarehousing.com\/es\/wp-json\/wp\/v2\/product_brand?post=385"},{"taxonomy":"product_cat","embeddable":true,"href":"https:\/\/www.iwarehousing.com\/es\/wp-json\/wp\/v2\/product_cat?post=385"},{"taxonomy":"product_tag","embeddable":true,"href":"https:\/\/www.iwarehousing.com\/es\/wp-json\/wp\/v2\/product_tag?post=385"}],"curies":[{"name":"wp","href":"https:\/\/api.w.org\/{rel}","templated":true}]}}