{"id":325,"date":"2022-10-28T10:57:57","date_gmt":"2022-10-28T02:57:57","guid":{"rendered":"https:\/\/imm31ev9mx.onrocket.site\/?post_type=product&#038;p=325"},"modified":"2023-02-27T17:36:04","modified_gmt":"2023-02-27T09:36:04","slug":"radio-shuttle-racking","status":"publish","type":"product","link":"https:\/\/www.iwarehousing.com\/es\/product\/radio-shuttle-racking\/","title":{"rendered":"Estanter\u00edas para lanzaderas de radio"},"content":{"rendered":"<h2>Descripci\u00f3n general<\/h2>\n<p>Los sistemas de estanter\u00edas por radio ofrecen un funcionamiento compacto, eficiente y que ahorra tiempo. Un pallet shuttle, tambi\u00e9n conocido como radioshuttle, es un carro semiautom\u00e1tico que recibe \u00f3rdenes de un dispositivo m\u00f3vil. Recoge, transporta y carga palets dentro de un sistema de estanter\u00edas sin necesidad de que ninguna carretilla elevadora entre en los muelles de recogida y descarga. Una carretilla elevadora posiciona una lanzadera en el punto de entrada de una v\u00eda de estanter\u00edas. A trav\u00e9s de un control remoto, todo el trabajo dentro del sistema de estanter\u00edas lo realiza el carro sin que la carretilla elevadora llegue al interior de las v\u00edas de almacenamiento. El riesgo de da\u00f1o estructural por el impacto del montacargas es m\u00ednimo.<\/p>\n<p>Un sistema de estanter\u00edas con lanzadera por radio puede profundizar en espacios libres de bah\u00edas bajas sin necesidad de pasillos interiores, lo que le brinda un aumento de 75% en la densidad de almacenamiento en comparaci\u00f3n con un sistema de estanter\u00edas de flujo de paletas. La actividad continua de carga y descarga es m\u00e1s eficiente con el men\u00fa de programa autom\u00e1tico en el sistema controlador.<\/p>\n<p>Un sistema de estanter\u00edas con lanzadera por radio es ideal para art\u00edculos con gran volumen y una alta rotaci\u00f3n de inventario. Tambi\u00e9n es adecuado para el almacenamiento a baja temperatura, como almacenes de productos qu\u00edmicos, c\u00e1maras frigor\u00edficas y almacenamiento de alimentos congelados. Garantice la seguridad, disfrute de un almacenamiento de alta densidad, ahorre tiempo y costos de mano de obra con un Sistema de Estanter\u00eda Radio Shuttle.<\/p>\n<p>&nbsp;<\/p>\n<h2>Descripci\u00f3n<\/h2>\n<p>El transbordador recibe comandos desde un dispositivo m\u00f3vil a trav\u00e9s de una red WiFi. Para las operaciones de carga, una carretilla elevadora convencional coloca el carro en el nivel donde se manipular\u00e1n los materiales. Luego, el palet se coloca en el estante en el punto de entrada. La tarea se inicia desde el controlador y el transbordador recoge y transporta el palet hasta el espacio vac\u00edo m\u00e1s profundo del nivel. Para la recuperaci\u00f3n de pal\u00e9s, el transbordador recoge el primer pal\u00e9 que encuentra en la calle y lo lleva al punto de salida. Una carretilla elevadora levanta el palet del carro y se repite el proceso. Las tareas continuas de pick &amp; place tambi\u00e9n se pueden preprogramar para un proceso m\u00e1s eficiente. Los sensores de colisi\u00f3n y las paradas de emergencia garantizan un funcionamiento seguro del transbordador. Las bater\u00edas de litio alimentan los carros durante largas horas de actividad ininterrumpida.<\/p>\n<p>&nbsp;<\/p>\n<h2>Piezas y materiales principales<\/h2>\n<p>El sistema de estanter\u00edas tarimas o sistema de estanter\u00edas radio lanzadera es una estructura de estanter\u00eda con 1 o m\u00e1s carros motorizados (lanzaderas) controlados a trav\u00e9s de una red WIFI desde un dispositivo m\u00f3vil. Por seguridad, el transbordador est\u00e1 equipado con un bot\u00f3n de parada de emergencia y sensores de colisi\u00f3n. Est\u00e1 alimentado por una bater\u00eda de litio para largas horas de funcionamiento ininterrumpido.<\/p>\n<p>&nbsp;<\/p>\n<h2>Caracter\u00edsticas y beneficios de un sistema de estanter\u00edas por radio lanzadera<\/h2>\n<ul>\n<li>Almacenamiento de alta densidad. No hay pasillos dentro del sistema de estanter\u00edas y solo una altura de bah\u00eda limitada, lo que maximiza el espacio de almacenamiento.<\/li>\n<li>Ahorra espacio. Los sensores de proximidad del transbordador minimizan los espacios vac\u00edos entre palets aumentando el espacio disponible, especialmente en un carril profundo.<\/li>\n<li>Menores costos laborales. Las lanzaderas mueven los palets de forma independiente, sin necesidad de carretilla elevadora, hasta el interior de las naves.<\/li>\n<li>Las lanzaderas se mueven a 72 m\/min cuando est\u00e1n vac\u00edas y a 36 m\/min cuando est\u00e1n cargadas. Con un solo comando, el transportador de paletas puede llenar o vaciar un carril completo.<\/li>\n<li>Admite la gesti\u00f3n de inventario FIFO y LIFO.<\/li>\n<\/ul>\n<p>&nbsp;<\/p>\n<h2>Uso y aplicaciones comunes<\/h2>\n<ul>\n<li>Materiales de gran volumen con actividad intensiva de carga y descarga.<\/li>\n<li>Ideal para almacenes de baja temperatura donde la exposici\u00f3n de los empleados debe ser m\u00ednima<\/li>\n<\/ul>","protected":false},"excerpt":{"rendered":"<ul>\n<li>Soluci\u00f3n de almacenamiento de alta densidad<\/li>\n<li>Carga y descarga autom\u00e1tica de mercanc\u00edas mediante lanzaderas para palets<\/li>\n<li>Mejorar la eficiencia de la operaci\u00f3n del almac\u00e9n.<\/li>\n<li>Reducir riesgos de accidentes provocados por impacto de la carretilla elevadora<\/li>\n<li>Bajo costo de mantenimiento<\/li>\n<li>Especialmente indicado en c\u00e1maras frigor\u00edficas.<\/li>\n<\/ul>","protected":false},"featured_media":2318,"comment_status":"open","ping_status":"closed","template":"","meta":{"_seopress_robots_primary_cat":"","_seopress_titles_title":"","_seopress_titles_desc":"","_seopress_robots_index":""},"product_brand":[],"product_cat":[46],"product_tag":[50,51],"class_list":{"0":"post-325","1":"product","2":"type-product","3":"status-publish","4":"has-post-thumbnail","6":"product_cat-pallet-shuttle-racking","7":"product_tag-pallet-shuttle-racking","8":"product_tag-radio-shuttle-racking","10":"first","11":"instock","12":"shipping-taxable","13":"product-type-simple"},"yoast_head":"<!-- This site is optimized with the Yoast SEO plugin v26.5 - https:\/\/yoast.com\/wordpress\/plugins\/seo\/ -->\n<title>Radio Shuttle Racking - iWarehousing<\/title>\n<meta name=\"robots\" content=\"index, follow, max-snippet:-1, max-image-preview:large, max-video-preview:-1\" \/>\n<link rel=\"canonical\" href=\"https:\/\/www.iwarehousing.com\/es\/product\/radio-shuttle-racking\/\" \/>\n<meta property=\"og:locale\" content=\"es_ES\" \/>\n<meta property=\"og:type\" content=\"article\" \/>\n<meta property=\"og:title\" content=\"Radio Shuttle Racking - iWarehousing\" \/>\n<meta property=\"og:description\" content=\"High-density storage solution  Automatically load and unload goods by pallet shuttles  Improve the efficiency of warehouse operation  Reduce risks of accidents caused by impact of the forklift  Low maintenance cost  Especially suitable in cold storage\" \/>\n<meta property=\"og:url\" content=\"https:\/\/www.iwarehousing.com\/es\/product\/radio-shuttle-racking\/\" \/>\n<meta property=\"og:site_name\" content=\"iWarehousing\" \/>\n<meta property=\"article:modified_time\" content=\"2023-02-27T09:36:04+00:00\" \/>\n<meta property=\"og:image\" content=\"https:\/\/www.iwarehousing.com\/wp-content\/uploads\/2022\/10\/radio-shuttle-racking-2.jpg\" \/>\n\t<meta property=\"og:image:width\" content=\"2000\" \/>\n\t<meta property=\"og:image:height\" content=\"1333\" \/>\n\t<meta property=\"og:image:type\" content=\"image\/jpeg\" \/>\n<meta name=\"twitter:card\" content=\"summary_large_image\" \/>\n<meta name=\"twitter:label1\" content=\"Est. reading time\" \/>\n\t<meta name=\"twitter:data1\" content=\"3 minutes\" \/>\n<script type=\"application\/ld+json\" class=\"yoast-schema-graph\">{\"@context\":\"https:\/\/schema.org\",\"@graph\":[{\"@type\":\"WebPage\",\"@id\":\"https:\/\/www.iwarehousing.com\/product\/radio-shuttle-racking\/\",\"url\":\"https:\/\/www.iwarehousing.com\/product\/radio-shuttle-racking\/\",\"name\":\"Radio Shuttle Racking - iWarehousing\",\"isPartOf\":{\"@id\":\"https:\/\/www.iwarehousing.com\/#website\"},\"primaryImageOfPage\":{\"@id\":\"https:\/\/www.iwarehousing.com\/product\/radio-shuttle-racking\/#primaryimage\"},\"image\":{\"@id\":\"https:\/\/www.iwarehousing.com\/product\/radio-shuttle-racking\/#primaryimage\"},\"thumbnailUrl\":\"https:\/\/www.iwarehousing.com\/wp-content\/uploads\/2022\/10\/radio-shuttle-racking-2.jpg\",\"datePublished\":\"2022-10-28T02:57:57+00:00\",\"dateModified\":\"2023-02-27T09:36:04+00:00\",\"breadcrumb\":{\"@id\":\"https:\/\/www.iwarehousing.com\/product\/radio-shuttle-racking\/#breadcrumb\"},\"inLanguage\":\"es-ES\",\"potentialAction\":[{\"@type\":\"ReadAction\",\"target\":[\"https:\/\/www.iwarehousing.com\/product\/radio-shuttle-racking\/\"]}]},{\"@type\":\"ImageObject\",\"inLanguage\":\"es-ES\",\"@id\":\"https:\/\/www.iwarehousing.com\/product\/radio-shuttle-racking\/#primaryimage\",\"url\":\"https:\/\/www.iwarehousing.com\/wp-content\/uploads\/2022\/10\/radio-shuttle-racking-2.jpg\",\"contentUrl\":\"https:\/\/www.iwarehousing.com\/wp-content\/uploads\/2022\/10\/radio-shuttle-racking-2.jpg\",\"width\":2000,\"height\":1333,\"caption\":\"radio shuttle racking 1\"},{\"@type\":\"BreadcrumbList\",\"@id\":\"https:\/\/www.iwarehousing.com\/product\/radio-shuttle-racking\/#breadcrumb\",\"itemListElement\":[{\"@type\":\"ListItem\",\"position\":1,\"name\":\"Home\",\"item\":\"https:\/\/www.iwarehousing.com\/\"},{\"@type\":\"ListItem\",\"position\":2,\"name\":\"Product\",\"item\":\"https:\/\/www.iwarehousing.com\/product\/\"},{\"@type\":\"ListItem\",\"position\":3,\"name\":\"Radio Shuttle Racking\"}]},{\"@type\":\"WebSite\",\"@id\":\"https:\/\/www.iwarehousing.com\/#website\",\"url\":\"https:\/\/www.iwarehousing.com\/\",\"name\":\"iWarehousing\",\"description\":\"Focus on warehousing equipments\",\"publisher\":{\"@id\":\"https:\/\/www.iwarehousing.com\/#organization\"},\"potentialAction\":[{\"@type\":\"SearchAction\",\"target\":{\"@type\":\"EntryPoint\",\"urlTemplate\":\"https:\/\/www.iwarehousing.com\/?s={search_term_string}\"},\"query-input\":{\"@type\":\"PropertyValueSpecification\",\"valueRequired\":true,\"valueName\":\"search_term_string\"}}],\"inLanguage\":\"es-ES\"},{\"@type\":\"Organization\",\"@id\":\"https:\/\/www.iwarehousing.com\/#organization\",\"name\":\"iWarehousing\",\"url\":\"https:\/\/www.iwarehousing.com\/\",\"logo\":{\"@type\":\"ImageObject\",\"inLanguage\":\"es-ES\",\"@id\":\"https:\/\/www.iwarehousing.com\/#\/schema\/logo\/image\/\",\"url\":\"https:\/\/www.iwarehousing.com\/wp-content\/uploads\/2022\/05\/iW-logo-no-tag-800pxREV2.png\",\"contentUrl\":\"https:\/\/www.iwarehousing.com\/wp-content\/uploads\/2022\/05\/iW-logo-no-tag-800pxREV2.png\",\"width\":1753,\"height\":490,\"caption\":\"iWarehousing\"},\"image\":{\"@id\":\"https:\/\/www.iwarehousing.com\/#\/schema\/logo\/image\/\"}}]}<\/script>\n<!-- \/ Yoast SEO plugin. -->","yoast_head_json":{"title":"Radio Shuttle Racking - iWarehousing","robots":{"index":"index","follow":"follow","max-snippet":"max-snippet:-1","max-image-preview":"max-image-preview:large","max-video-preview":"max-video-preview:-1"},"canonical":"https:\/\/www.iwarehousing.com\/es\/product\/radio-shuttle-racking\/","og_locale":"es_ES","og_type":"article","og_title":"Radio Shuttle Racking - iWarehousing","og_description":"High-density storage solution  Automatically load and unload goods by pallet shuttles  Improve the efficiency of warehouse operation  Reduce risks of accidents caused by impact of the forklift  Low maintenance cost  Especially suitable in cold storage","og_url":"https:\/\/www.iwarehousing.com\/es\/product\/radio-shuttle-racking\/","og_site_name":"iWarehousing","article_modified_time":"2023-02-27T09:36:04+00:00","og_image":[{"width":2000,"height":1333,"url":"https:\/\/www.iwarehousing.com\/wp-content\/uploads\/2022\/10\/radio-shuttle-racking-2.jpg","type":"image\/jpeg"}],"twitter_card":"summary_large_image","twitter_misc":{"Est. reading time":"3 minutes"},"schema":{"@context":"https:\/\/schema.org","@graph":[{"@type":"WebPage","@id":"https:\/\/www.iwarehousing.com\/product\/radio-shuttle-racking\/","url":"https:\/\/www.iwarehousing.com\/product\/radio-shuttle-racking\/","name":"Radio Shuttle Racking - iWarehousing","isPartOf":{"@id":"https:\/\/www.iwarehousing.com\/#website"},"primaryImageOfPage":{"@id":"https:\/\/www.iwarehousing.com\/product\/radio-shuttle-racking\/#primaryimage"},"image":{"@id":"https:\/\/www.iwarehousing.com\/product\/radio-shuttle-racking\/#primaryimage"},"thumbnailUrl":"https:\/\/www.iwarehousing.com\/wp-content\/uploads\/2022\/10\/radio-shuttle-racking-2.jpg","datePublished":"2022-10-28T02:57:57+00:00","dateModified":"2023-02-27T09:36:04+00:00","breadcrumb":{"@id":"https:\/\/www.iwarehousing.com\/product\/radio-shuttle-racking\/#breadcrumb"},"inLanguage":"es-ES","potentialAction":[{"@type":"ReadAction","target":["https:\/\/www.iwarehousing.com\/product\/radio-shuttle-racking\/"]}]},{"@type":"ImageObject","inLanguage":"es-ES","@id":"https:\/\/www.iwarehousing.com\/product\/radio-shuttle-racking\/#primaryimage","url":"https:\/\/www.iwarehousing.com\/wp-content\/uploads\/2022\/10\/radio-shuttle-racking-2.jpg","contentUrl":"https:\/\/www.iwarehousing.com\/wp-content\/uploads\/2022\/10\/radio-shuttle-racking-2.jpg","width":2000,"height":1333,"caption":"radio shuttle racking 1"},{"@type":"BreadcrumbList","@id":"https:\/\/www.iwarehousing.com\/product\/radio-shuttle-racking\/#breadcrumb","itemListElement":[{"@type":"ListItem","position":1,"name":"Home","item":"https:\/\/www.iwarehousing.com\/"},{"@type":"ListItem","position":2,"name":"Product","item":"https:\/\/www.iwarehousing.com\/product\/"},{"@type":"ListItem","position":3,"name":"Radio Shuttle Racking"}]},{"@type":"WebSite","@id":"https:\/\/www.iwarehousing.com\/#website","url":"https:\/\/www.iwarehousing.com\/","name":"iWarehousing","description":"Focus on warehousing equipments","publisher":{"@id":"https:\/\/www.iwarehousing.com\/#organization"},"potentialAction":[{"@type":"SearchAction","target":{"@type":"EntryPoint","urlTemplate":"https:\/\/www.iwarehousing.com\/?s={search_term_string}"},"query-input":{"@type":"PropertyValueSpecification","valueRequired":true,"valueName":"search_term_string"}}],"inLanguage":"es-ES"},{"@type":"Organization","@id":"https:\/\/www.iwarehousing.com\/#organization","name":"iWarehousing","url":"https:\/\/www.iwarehousing.com\/","logo":{"@type":"ImageObject","inLanguage":"es-ES","@id":"https:\/\/www.iwarehousing.com\/#\/schema\/logo\/image\/","url":"https:\/\/www.iwarehousing.com\/wp-content\/uploads\/2022\/05\/iW-logo-no-tag-800pxREV2.png","contentUrl":"https:\/\/www.iwarehousing.com\/wp-content\/uploads\/2022\/05\/iW-logo-no-tag-800pxREV2.png","width":1753,"height":490,"caption":"iWarehousing"},"image":{"@id":"https:\/\/www.iwarehousing.com\/#\/schema\/logo\/image\/"}}]}},"_links":{"self":[{"href":"https:\/\/www.iwarehousing.com\/es\/wp-json\/wp\/v2\/product\/325","targetHints":{"allow":["GET"]}}],"collection":[{"href":"https:\/\/www.iwarehousing.com\/es\/wp-json\/wp\/v2\/product"}],"about":[{"href":"https:\/\/www.iwarehousing.com\/es\/wp-json\/wp\/v2\/types\/product"}],"replies":[{"embeddable":true,"href":"https:\/\/www.iwarehousing.com\/es\/wp-json\/wp\/v2\/comments?post=325"}],"wp:featuredmedia":[{"embeddable":true,"href":"https:\/\/www.iwarehousing.com\/es\/wp-json\/wp\/v2\/media\/2318"}],"wp:attachment":[{"href":"https:\/\/www.iwarehousing.com\/es\/wp-json\/wp\/v2\/media?parent=325"}],"wp:term":[{"taxonomy":"product_brand","embeddable":true,"href":"https:\/\/www.iwarehousing.com\/es\/wp-json\/wp\/v2\/product_brand?post=325"},{"taxonomy":"product_cat","embeddable":true,"href":"https:\/\/www.iwarehousing.com\/es\/wp-json\/wp\/v2\/product_cat?post=325"},{"taxonomy":"product_tag","embeddable":true,"href":"https:\/\/www.iwarehousing.com\/es\/wp-json\/wp\/v2\/product_tag?post=325"}],"curies":[{"name":"wp","href":"https:\/\/api.w.org\/{rel}","templated":true}]}}