{"id":314,"date":"2022-10-27T09:59:14","date_gmt":"2022-10-27T01:59:14","guid":{"rendered":"https:\/\/imm31ev9mx.onrocket.site\/?post_type=product&#038;p=314"},"modified":"2023-02-27T17:42:37","modified_gmt":"2023-02-27T09:42:37","slug":"pallet-shuttle-racking-system","status":"publish","type":"product","link":"https:\/\/www.iwarehousing.com\/es\/product\/pallet-shuttle-racking-system\/","title":{"rendered":"Sistema de estanter\u00edas para paletas"},"content":{"rendered":"<p>Las estanter\u00edas para pal\u00e9s son una soluci\u00f3n de almacenamiento semiautom\u00e1tica que utiliza carros lanzadera autoalimentados que pueden mover los pal\u00e9s autom\u00e1ticamente. Es adecuado para almacenamiento de alta rotaci\u00f3n mediante el uso de un sistema de control remoto.<\/p>\n<h2>Componentes de las estanter\u00edas Pallet Shuttle<\/h2>\n<h3>marco vertical<\/h3>\n<p>El marco con recubrimiento en polvo es uno de los componentes b\u00e1sicos de las estanter\u00edas para pal\u00e9s y se compone de 2 montantes, tirantes horizontales y diagonales, placas base y elementos de fijaci\u00f3n al suelo.<\/p>\n<h3>Haz<\/h3>\n<p>Se trata de un componente horizontal que une los marcos y soporta la carga. En las estanter\u00edas para paletas los carriles se apoyan en las vigas y los carros se desplazan sobre los carriles.<\/p>\n<h3>Soporte de carril<\/h3>\n<p>Este es el componente que soporta los rieles met\u00e1licos. Los soportes externos se fijan en la entrada y salida de los montantes, mientras que los soportes internos se fijan en las vigas.<\/p>\n<h3>Tren lanzadera<\/h3>\n<p>El carril lanzadera est\u00e1 sobre la viga. El transportador de paletas se mueve a lo largo del carril.<\/p>\n<h3>Guiado de palets<\/h3>\n<p>Est\u00e1 al inicio y al final de cada nivel para cargar y descargar mercanc\u00edas y evitar que se salgan de su ruta correcta.<\/p>\n<h3>Tope de carril<\/h3>\n<p>Est\u00e1 al final del carril para avisar al transbordador de paletas que se detenga cuando est\u00e9 cerca del final.<\/p>\n<p>&nbsp;<\/p>\n<h2>Ventajas del sistema de estanter\u00edas Pallet Shuttle<\/h2>\n<h3>Seguridad<\/h3>\n<p>El carro lanzadera est\u00e1 equipado con sensores de posici\u00f3n para evitar colisiones y reducir errores.<\/p>\n<h3>Utilizaci\u00f3n del espacio<\/h3>\n<p>El sistema de estanter\u00edas paletizadoras no tiene pasillos entre calles de estanter\u00edas. Es un sistema de almacenamiento de alta densidad.<\/p>\n<h3>Eficiencia de tiempo<\/h3>\n<p>El carro lanzadera y la carretilla elevadora pueden funcionar simult\u00e1neamente para reducir el tiempo de carga o descarga de palets.<\/p>\n<h3>Amigable con los costos<\/h3>\n<p>Las estanter\u00edas para pal\u00e9s pueden reducir la superficie del almac\u00e9n y, en consecuencia, reducir los costes de suelo. Para el almacenamiento en fr\u00edo, el consumo de energ\u00eda se puede reducir significativamente. Este sistema automatizado tambi\u00e9n reduce la cantidad de personal necesario para el manejo de materiales.<\/p>\n<p>&nbsp;<\/p>\n<h2>Aplicaciones de las estanter\u00edas Pallet Shuttle<\/h2>\n<ul>\n<li>Naves con actividad frecuente de carga y descarga.<\/li>\n<li>Almacenes con un n\u00famero reducido de art\u00edculos de producto, pero un gran volumen de palets por cada art\u00edculo.<\/li>\n<li>Almacenes con salas de congelados ya que permite ahorrar tiempo y espacio en la carga y descarga de pallets.<\/li>\n<\/ul>","protected":false},"excerpt":{"rendered":"<ul>\n<li>Soluci\u00f3n de almacenamiento de alta densidad<\/li>\n<li>Carga y descarga autom\u00e1tica de mercanc\u00edas mediante lanzaderas para palets<\/li>\n<li>Mejorar la eficiencia de la operaci\u00f3n del almac\u00e9n.<\/li>\n<li>Reducir riesgos de accidentes provocados por impacto de la carretilla elevadora<\/li>\n<li>Bajo costo de mantenimiento<\/li>\n<li>Especialmente indicado en c\u00e1maras frigor\u00edficas.<\/li>\n<\/ul>","protected":false},"featured_media":2319,"comment_status":"open","ping_status":"closed","template":"","meta":{"_seopress_robots_primary_cat":"","_seopress_titles_title":"","_seopress_titles_desc":"","_seopress_robots_index":""},"product_brand":[],"product_cat":[46],"product_tag":[50,51],"class_list":{"0":"post-314","1":"product","2":"type-product","3":"status-publish","4":"has-post-thumbnail","6":"product_cat-pallet-shuttle-racking","7":"product_tag-pallet-shuttle-racking","8":"product_tag-radio-shuttle-racking","10":"first","11":"instock","12":"shipping-taxable","13":"product-type-simple"},"yoast_head":"<!-- This site is optimized with the Yoast SEO plugin v26.5 - https:\/\/yoast.com\/wordpress\/plugins\/seo\/ -->\n<title>Pallet Shuttle Racking System - iWarehousing<\/title>\n<meta name=\"robots\" content=\"index, follow, max-snippet:-1, max-image-preview:large, max-video-preview:-1\" \/>\n<link rel=\"canonical\" href=\"https:\/\/www.iwarehousing.com\/es\/product\/pallet-shuttle-racking-system\/\" \/>\n<meta property=\"og:locale\" content=\"es_ES\" \/>\n<meta property=\"og:type\" content=\"article\" \/>\n<meta property=\"og:title\" content=\"Pallet Shuttle Racking System - iWarehousing\" \/>\n<meta property=\"og:description\" content=\"High-density storage solution  Automatically load and unload goods by pallet shuttles  Improve the efficiency of warehouse operation  Reduce risks of accidents caused by impact of the forklift  Low maintenance cost  Especially suitable in cold storage\" \/>\n<meta property=\"og:url\" content=\"https:\/\/www.iwarehousing.com\/es\/product\/pallet-shuttle-racking-system\/\" \/>\n<meta property=\"og:site_name\" content=\"iWarehousing\" \/>\n<meta property=\"article:modified_time\" content=\"2023-02-27T09:42:37+00:00\" \/>\n<meta property=\"og:image\" content=\"https:\/\/www.iwarehousing.com\/wp-content\/uploads\/2022\/10\/pallet-shuttle-racking-system-0.jpg\" \/>\n\t<meta property=\"og:image:width\" content=\"2000\" \/>\n\t<meta property=\"og:image:height\" content=\"1333\" \/>\n\t<meta property=\"og:image:type\" content=\"image\/jpeg\" \/>\n<meta name=\"twitter:card\" content=\"summary_large_image\" \/>\n<meta name=\"twitter:label1\" content=\"Est. reading time\" \/>\n\t<meta name=\"twitter:data1\" content=\"2 minutes\" \/>\n<script type=\"application\/ld+json\" class=\"yoast-schema-graph\">{\"@context\":\"https:\/\/schema.org\",\"@graph\":[{\"@type\":\"WebPage\",\"@id\":\"https:\/\/www.iwarehousing.com\/product\/pallet-shuttle-racking-system\/\",\"url\":\"https:\/\/www.iwarehousing.com\/product\/pallet-shuttle-racking-system\/\",\"name\":\"Pallet Shuttle Racking System - iWarehousing\",\"isPartOf\":{\"@id\":\"https:\/\/www.iwarehousing.com\/#website\"},\"primaryImageOfPage\":{\"@id\":\"https:\/\/www.iwarehousing.com\/product\/pallet-shuttle-racking-system\/#primaryimage\"},\"image\":{\"@id\":\"https:\/\/www.iwarehousing.com\/product\/pallet-shuttle-racking-system\/#primaryimage\"},\"thumbnailUrl\":\"https:\/\/www.iwarehousing.com\/wp-content\/uploads\/2022\/10\/pallet-shuttle-racking-system-0.jpg\",\"datePublished\":\"2022-10-27T01:59:14+00:00\",\"dateModified\":\"2023-02-27T09:42:37+00:00\",\"breadcrumb\":{\"@id\":\"https:\/\/www.iwarehousing.com\/product\/pallet-shuttle-racking-system\/#breadcrumb\"},\"inLanguage\":\"es-ES\",\"potentialAction\":[{\"@type\":\"ReadAction\",\"target\":[\"https:\/\/www.iwarehousing.com\/product\/pallet-shuttle-racking-system\/\"]}]},{\"@type\":\"ImageObject\",\"inLanguage\":\"es-ES\",\"@id\":\"https:\/\/www.iwarehousing.com\/product\/pallet-shuttle-racking-system\/#primaryimage\",\"url\":\"https:\/\/www.iwarehousing.com\/wp-content\/uploads\/2022\/10\/pallet-shuttle-racking-system-0.jpg\",\"contentUrl\":\"https:\/\/www.iwarehousing.com\/wp-content\/uploads\/2022\/10\/pallet-shuttle-racking-system-0.jpg\",\"width\":2000,\"height\":1333,\"caption\":\"pallet shuttle racking system 0\"},{\"@type\":\"BreadcrumbList\",\"@id\":\"https:\/\/www.iwarehousing.com\/product\/pallet-shuttle-racking-system\/#breadcrumb\",\"itemListElement\":[{\"@type\":\"ListItem\",\"position\":1,\"name\":\"Home\",\"item\":\"https:\/\/www.iwarehousing.com\/\"},{\"@type\":\"ListItem\",\"position\":2,\"name\":\"Product\",\"item\":\"https:\/\/www.iwarehousing.com\/product\/\"},{\"@type\":\"ListItem\",\"position\":3,\"name\":\"Pallet Shuttle Racking System\"}]},{\"@type\":\"WebSite\",\"@id\":\"https:\/\/www.iwarehousing.com\/#website\",\"url\":\"https:\/\/www.iwarehousing.com\/\",\"name\":\"iWarehousing\",\"description\":\"Focus on warehousing equipments\",\"publisher\":{\"@id\":\"https:\/\/www.iwarehousing.com\/#organization\"},\"potentialAction\":[{\"@type\":\"SearchAction\",\"target\":{\"@type\":\"EntryPoint\",\"urlTemplate\":\"https:\/\/www.iwarehousing.com\/?s={search_term_string}\"},\"query-input\":{\"@type\":\"PropertyValueSpecification\",\"valueRequired\":true,\"valueName\":\"search_term_string\"}}],\"inLanguage\":\"es-ES\"},{\"@type\":\"Organization\",\"@id\":\"https:\/\/www.iwarehousing.com\/#organization\",\"name\":\"iWarehousing\",\"url\":\"https:\/\/www.iwarehousing.com\/\",\"logo\":{\"@type\":\"ImageObject\",\"inLanguage\":\"es-ES\",\"@id\":\"https:\/\/www.iwarehousing.com\/#\/schema\/logo\/image\/\",\"url\":\"https:\/\/www.iwarehousing.com\/wp-content\/uploads\/2022\/05\/iW-logo-no-tag-800pxREV2.png\",\"contentUrl\":\"https:\/\/www.iwarehousing.com\/wp-content\/uploads\/2022\/05\/iW-logo-no-tag-800pxREV2.png\",\"width\":1753,\"height\":490,\"caption\":\"iWarehousing\"},\"image\":{\"@id\":\"https:\/\/www.iwarehousing.com\/#\/schema\/logo\/image\/\"}}]}<\/script>\n<!-- \/ Yoast SEO plugin. -->","yoast_head_json":{"title":"Pallet Shuttle Racking System - iWarehousing","robots":{"index":"index","follow":"follow","max-snippet":"max-snippet:-1","max-image-preview":"max-image-preview:large","max-video-preview":"max-video-preview:-1"},"canonical":"https:\/\/www.iwarehousing.com\/es\/product\/pallet-shuttle-racking-system\/","og_locale":"es_ES","og_type":"article","og_title":"Pallet Shuttle Racking System - iWarehousing","og_description":"High-density storage solution  Automatically load and unload goods by pallet shuttles  Improve the efficiency of warehouse operation  Reduce risks of accidents caused by impact of the forklift  Low maintenance cost  Especially suitable in cold storage","og_url":"https:\/\/www.iwarehousing.com\/es\/product\/pallet-shuttle-racking-system\/","og_site_name":"iWarehousing","article_modified_time":"2023-02-27T09:42:37+00:00","og_image":[{"width":2000,"height":1333,"url":"https:\/\/www.iwarehousing.com\/wp-content\/uploads\/2022\/10\/pallet-shuttle-racking-system-0.jpg","type":"image\/jpeg"}],"twitter_card":"summary_large_image","twitter_misc":{"Est. reading time":"2 minutes"},"schema":{"@context":"https:\/\/schema.org","@graph":[{"@type":"WebPage","@id":"https:\/\/www.iwarehousing.com\/product\/pallet-shuttle-racking-system\/","url":"https:\/\/www.iwarehousing.com\/product\/pallet-shuttle-racking-system\/","name":"Pallet Shuttle Racking System - iWarehousing","isPartOf":{"@id":"https:\/\/www.iwarehousing.com\/#website"},"primaryImageOfPage":{"@id":"https:\/\/www.iwarehousing.com\/product\/pallet-shuttle-racking-system\/#primaryimage"},"image":{"@id":"https:\/\/www.iwarehousing.com\/product\/pallet-shuttle-racking-system\/#primaryimage"},"thumbnailUrl":"https:\/\/www.iwarehousing.com\/wp-content\/uploads\/2022\/10\/pallet-shuttle-racking-system-0.jpg","datePublished":"2022-10-27T01:59:14+00:00","dateModified":"2023-02-27T09:42:37+00:00","breadcrumb":{"@id":"https:\/\/www.iwarehousing.com\/product\/pallet-shuttle-racking-system\/#breadcrumb"},"inLanguage":"es-ES","potentialAction":[{"@type":"ReadAction","target":["https:\/\/www.iwarehousing.com\/product\/pallet-shuttle-racking-system\/"]}]},{"@type":"ImageObject","inLanguage":"es-ES","@id":"https:\/\/www.iwarehousing.com\/product\/pallet-shuttle-racking-system\/#primaryimage","url":"https:\/\/www.iwarehousing.com\/wp-content\/uploads\/2022\/10\/pallet-shuttle-racking-system-0.jpg","contentUrl":"https:\/\/www.iwarehousing.com\/wp-content\/uploads\/2022\/10\/pallet-shuttle-racking-system-0.jpg","width":2000,"height":1333,"caption":"pallet shuttle racking system 0"},{"@type":"BreadcrumbList","@id":"https:\/\/www.iwarehousing.com\/product\/pallet-shuttle-racking-system\/#breadcrumb","itemListElement":[{"@type":"ListItem","position":1,"name":"Home","item":"https:\/\/www.iwarehousing.com\/"},{"@type":"ListItem","position":2,"name":"Product","item":"https:\/\/www.iwarehousing.com\/product\/"},{"@type":"ListItem","position":3,"name":"Pallet Shuttle Racking System"}]},{"@type":"WebSite","@id":"https:\/\/www.iwarehousing.com\/#website","url":"https:\/\/www.iwarehousing.com\/","name":"iWarehousing","description":"Focus on warehousing equipments","publisher":{"@id":"https:\/\/www.iwarehousing.com\/#organization"},"potentialAction":[{"@type":"SearchAction","target":{"@type":"EntryPoint","urlTemplate":"https:\/\/www.iwarehousing.com\/?s={search_term_string}"},"query-input":{"@type":"PropertyValueSpecification","valueRequired":true,"valueName":"search_term_string"}}],"inLanguage":"es-ES"},{"@type":"Organization","@id":"https:\/\/www.iwarehousing.com\/#organization","name":"iWarehousing","url":"https:\/\/www.iwarehousing.com\/","logo":{"@type":"ImageObject","inLanguage":"es-ES","@id":"https:\/\/www.iwarehousing.com\/#\/schema\/logo\/image\/","url":"https:\/\/www.iwarehousing.com\/wp-content\/uploads\/2022\/05\/iW-logo-no-tag-800pxREV2.png","contentUrl":"https:\/\/www.iwarehousing.com\/wp-content\/uploads\/2022\/05\/iW-logo-no-tag-800pxREV2.png","width":1753,"height":490,"caption":"iWarehousing"},"image":{"@id":"https:\/\/www.iwarehousing.com\/#\/schema\/logo\/image\/"}}]}},"_links":{"self":[{"href":"https:\/\/www.iwarehousing.com\/es\/wp-json\/wp\/v2\/product\/314","targetHints":{"allow":["GET"]}}],"collection":[{"href":"https:\/\/www.iwarehousing.com\/es\/wp-json\/wp\/v2\/product"}],"about":[{"href":"https:\/\/www.iwarehousing.com\/es\/wp-json\/wp\/v2\/types\/product"}],"replies":[{"embeddable":true,"href":"https:\/\/www.iwarehousing.com\/es\/wp-json\/wp\/v2\/comments?post=314"}],"wp:featuredmedia":[{"embeddable":true,"href":"https:\/\/www.iwarehousing.com\/es\/wp-json\/wp\/v2\/media\/2319"}],"wp:attachment":[{"href":"https:\/\/www.iwarehousing.com\/es\/wp-json\/wp\/v2\/media?parent=314"}],"wp:term":[{"taxonomy":"product_brand","embeddable":true,"href":"https:\/\/www.iwarehousing.com\/es\/wp-json\/wp\/v2\/product_brand?post=314"},{"taxonomy":"product_cat","embeddable":true,"href":"https:\/\/www.iwarehousing.com\/es\/wp-json\/wp\/v2\/product_cat?post=314"},{"taxonomy":"product_tag","embeddable":true,"href":"https:\/\/www.iwarehousing.com\/es\/wp-json\/wp\/v2\/product_tag?post=314"}],"curies":[{"name":"wp","href":"https:\/\/api.w.org\/{rel}","templated":true}]}}