{"id":299,"date":"2022-10-20T23:01:47","date_gmt":"2022-10-20T15:01:47","guid":{"rendered":"https:\/\/imm31ev9mx.onrocket.site\/?post_type=product&#038;p=299"},"modified":"2023-06-10T17:24:08","modified_gmt":"2023-06-10T09:24:08","slug":"drive-in-pallet-racking","status":"publish","type":"product","link":"https:\/\/www.iwarehousing.com\/es\/product\/drive-in-pallet-racking\/","title":{"rendered":"Estanter\u00edas para paletas drive-in"},"content":{"rendered":"<p><strong>Conducir en estanter\u00edas para palets<\/strong> Es adecuado para almacenar grandes cantidades de productos iguales o similares. Tambi\u00e9n es muy adecuado para el almacenamiento de productos congelados o cualquier otro almacenamiento donde el coste por metro cuadrado sea elevado. Esto se debe a que las estanter\u00edas compactas drive-in no necesitan pasillos, aprovechando as\u00ed al m\u00e1ximo el espacio del almac\u00e9n.<\/p>\n<h2>Ventajas de las estanter\u00edas paletizadas drive-in<\/h2>\n<ul>\n<li>Almacenamiento de paletas de alta densidad<\/li>\n<li>Ya sea primero en entrar, primero en salir (FIFO) o primero en entrar, \u00faltimo en salir (FILO)<\/li>\n<li>Se requieren menos accesorios.<\/li>\n<li>Ideal para productos de r\u00e1pido movimiento o productos con una larga vida \u00fatil y rotaci\u00f3n de stock limitada.<\/li>\n<li>No se requiere equipo de manipulaci\u00f3n de materiales especializado.<\/li>\n<\/ul>\n<h2>Beneficios del accionamiento en estanter\u00edas paletizadas<\/h2>\n<h3>Almacenamiento de alta densidad<\/h3>\n<p>El rack para paletas drive-in es un sistema de rack de alta densidad que se puede dise\u00f1ar seg\u00fan el espacio para maximizar la capacidad de almacenamiento. Los montacargas pueden ingresar al sistema para cargar paletas que no necesitan pasillos. Esto significa que se pueden almacenar m\u00e1s palets en una estanter\u00eda compacta drive-in que en una estanter\u00eda selectiva del mismo tama\u00f1o.<\/p>\n<h3>Adecuado para \u00e1reas no convencionales<\/h3>\n<p>Las estanter\u00edas para paletas drive-in le permiten utilizar cada espacio de su almac\u00e9n, ya que las estanter\u00edas para paletas drive-in requieren acceso frontal solo a un lado del sistema y se pueden usar para maximizar la capacidad de almacenamiento de un espacio que antes no se pod\u00eda utilizar.<\/p>\n<h3>Protecci\u00f3n del producto<\/h3>\n<p>Como solo se puede acceder a unos pocos pal\u00e9s desde la parte frontal del sistema, el resto de los pal\u00e9s se almacenan detr\u00e1s de ellos. Esto puede proteger las paletas de posibles da\u00f1os causados por colisiones de montacargas.<\/p>\n<h3>Altamente personalizable<\/h3>\n<p>Las estanter\u00edas para pal\u00e9s drive-in se pueden dise\u00f1ar y personalizar para adaptarse a cualquier espacio u operaci\u00f3n de almacenamiento. Las estanter\u00edas para pal\u00e9s drive in no solo proporcionan almacenamiento de alta densidad con un \u00fanico punto de acceso, sino que tambi\u00e9n pueden dise\u00f1arse para tener puntos de entrada consecutivos donde se pueda acceder a las estanter\u00edas desde ambos lados.<\/p>\n<h2>Principales aplicaciones del accionamiento en estanter\u00edas paletizadas<\/h2>\n<h3>Las estanter\u00edas para pallets drive in pueden ser tu soluci\u00f3n ideal si:<\/h3>\n<ul>\n<li>El espacio de su almac\u00e9n es limitado y espera aumentar la capacidad de almacenamiento sin necesidad de ampliar el edificio.<\/li>\n<li>Almacenas un gran n\u00famero de palets de baja rotaci\u00f3n del mismo stock.<\/li>\n<li>La rotaci\u00f3n r\u00e1pida no es esencial.<\/li>\n<li>El inventario est\u00e1 congelado y usted busca reducir el consumo de energ\u00eda.<\/li>\n<li>El acceso directo a cada palet no es importante.<\/li>\n<\/ul>\n<h2>Cosas a considerar al dise\u00f1ar un sistema de estanter\u00edas para paletas drive-in.<\/h2>\n<h3>Objetivo<\/h3>\n<p>Al elegir un sistema de estanter\u00edas para pal\u00e9s drive-in, considere si su almac\u00e9n est\u00e1 dise\u00f1ado para proporcionar el m\u00e1ximo almacenamiento o para aumentar la eficiencia. Centr\u00e1ndose en el objetivo tendr\u00e1 un mejor aprovechamiento del espacio o un funcionamiento eficiente. Si desea ofrecer almacenamiento a largo plazo a sus clientes, debe centrarse en la utilizaci\u00f3n del espacio.<\/p>\n<h3>Volumen de salida<\/h3>\n<p>El tama\u00f1o del almac\u00e9n determina la producci\u00f3n de productos por d\u00eda. A la hora de seleccionar un sistema de estanter\u00edas compactas drive-in, hay que centrarse en la distribuci\u00f3n del almac\u00e9n. Es necesario prestar especial atenci\u00f3n a los pasillos, puertas y t\u00faneles para evitar colisiones con las carretillas elevadoras durante la carga y descarga de mercanc\u00edas.<\/p>\n<h3>Equipo de manejo de materiales<\/h3>\n<p>El equipo de manipulaci\u00f3n de materiales es muy importante para la carga y descarga diaria. Es especialmente importante tener en cuenta la carretilla elevadora que se va a utilizar. Se pueden tener en cuenta medidas espec\u00edficas al dise\u00f1ar un sistema de estanter\u00edas drive-in.<\/p>\n<h3>\u00c1rea<\/h3>\n<p>A la hora de dise\u00f1ar un sistema de estanter\u00edas compactas drive-in, tenga en cuenta las medidas espec\u00edficas de su almac\u00e9n. Preste especial atenci\u00f3n al ancho y alto de las estanter\u00edas que desea dise\u00f1ar. Como regla normal, debe agregar 12 pulgadas en la parte superior y en los lados para el acceso del montacargas.<\/p>\n<h3>Presupuesto<\/h3>\n<p>Si su presupuesto es limitado, puede elegir un sistema de estanter\u00edas paletizadas drive-in, ya que puede ofrecerle un uso eficiente del espacio de almacenamiento y permitir una futura expansi\u00f3n.<\/p>\n<h3>Mantenimiento<\/h3>\n<p>Dado que las carretillas elevadoras entran y salen regularmente del sistema de estanter\u00edas para pal\u00e9s, es inevitable que se produzcan da\u00f1os. Puede solucionar este asunto mediante el mantenimiento y la protecci\u00f3n, espec\u00edficamente el riel de tierra, el protector vertical de acero y las barreras de los bastidores finales.<\/p>","protected":false},"excerpt":{"rendered":"<ul>\n<li>Almacenamiento de paletas de alta densidad<\/li>\n<li>Se requieren menos accesorios<\/li>\n<li>Ya sea FIFO o FILO<\/li>\n<li>Ideal para productos de r\u00e1pido movimiento o productos con una vida \u00fatil prolongada y rotaci\u00f3n de existencias limitada<\/li>\n<li>No se requiere equipo de manipulaci\u00f3n de materiales especializado<\/li>\n<\/ul>","protected":false},"featured_media":2430,"comment_status":"open","ping_status":"closed","template":"","meta":{"_seopress_robots_primary_cat":"","_seopress_titles_title":"","_seopress_titles_desc":"","_seopress_robots_index":""},"product_brand":[],"product_cat":[31],"product_tag":[40,42,41,43],"class_list":{"0":"post-299","1":"product","2":"type-product","3":"status-publish","4":"has-post-thumbnail","6":"product_cat-drive-in-racking","7":"product_tag-drive-in-racking","8":"product_tag-fifo","9":"product_tag-high-density-storage","10":"product_tag-lifo","12":"first","13":"instock","14":"shipping-taxable","15":"product-type-simple"},"yoast_head":"<!-- This site is optimized with the Yoast SEO plugin v26.5 - https:\/\/yoast.com\/wordpress\/plugins\/seo\/ -->\n<title>Drive-in Pallet Racking - iWarehousing<\/title>\n<meta name=\"robots\" content=\"index, follow, max-snippet:-1, max-image-preview:large, max-video-preview:-1\" \/>\n<link rel=\"canonical\" href=\"https:\/\/www.iwarehousing.com\/es\/product\/drive-in-pallet-racking\/\" \/>\n<meta property=\"og:locale\" content=\"es_ES\" \/>\n<meta property=\"og:type\" content=\"article\" \/>\n<meta property=\"og:title\" content=\"Drive-in Pallet Racking - iWarehousing\" \/>\n<meta property=\"og:description\" content=\"High density pallet storage  Fewer accessories required  Either FIFO or FILO  Ideal for fast moving products or products with a long shelf life and limited stock rotation  No specialized material handling equipment required\" \/>\n<meta property=\"og:url\" content=\"https:\/\/www.iwarehousing.com\/es\/product\/drive-in-pallet-racking\/\" \/>\n<meta property=\"og:site_name\" content=\"iWarehousing\" \/>\n<meta property=\"article:modified_time\" content=\"2023-06-10T09:24:08+00:00\" \/>\n<meta property=\"og:image\" content=\"https:\/\/www.iwarehousing.com\/wp-content\/uploads\/2022\/10\/drive_in_pallet_racking_banner_2-1.jpg\" \/>\n\t<meta property=\"og:image:width\" content=\"1449\" \/>\n\t<meta property=\"og:image:height\" content=\"550\" \/>\n\t<meta property=\"og:image:type\" content=\"image\/jpeg\" \/>\n<meta name=\"twitter:card\" content=\"summary_large_image\" \/>\n<meta name=\"twitter:label1\" content=\"Est. reading time\" \/>\n\t<meta name=\"twitter:data1\" content=\"3 minutes\" \/>\n<script type=\"application\/ld+json\" class=\"yoast-schema-graph\">{\"@context\":\"https:\/\/schema.org\",\"@graph\":[{\"@type\":\"WebPage\",\"@id\":\"https:\/\/www.iwarehousing.com\/product\/drive-in-pallet-racking\/\",\"url\":\"https:\/\/www.iwarehousing.com\/product\/drive-in-pallet-racking\/\",\"name\":\"Drive-in Pallet Racking - iWarehousing\",\"isPartOf\":{\"@id\":\"https:\/\/www.iwarehousing.com\/#website\"},\"primaryImageOfPage\":{\"@id\":\"https:\/\/www.iwarehousing.com\/product\/drive-in-pallet-racking\/#primaryimage\"},\"image\":{\"@id\":\"https:\/\/www.iwarehousing.com\/product\/drive-in-pallet-racking\/#primaryimage\"},\"thumbnailUrl\":\"https:\/\/www.iwarehousing.com\/wp-content\/uploads\/2022\/10\/drive_in_pallet_racking_banner_2-1.jpg\",\"datePublished\":\"2022-10-20T15:01:47+00:00\",\"dateModified\":\"2023-06-10T09:24:08+00:00\",\"breadcrumb\":{\"@id\":\"https:\/\/www.iwarehousing.com\/product\/drive-in-pallet-racking\/#breadcrumb\"},\"inLanguage\":\"es-ES\",\"potentialAction\":[{\"@type\":\"ReadAction\",\"target\":[\"https:\/\/www.iwarehousing.com\/product\/drive-in-pallet-racking\/\"]}]},{\"@type\":\"ImageObject\",\"inLanguage\":\"es-ES\",\"@id\":\"https:\/\/www.iwarehousing.com\/product\/drive-in-pallet-racking\/#primaryimage\",\"url\":\"https:\/\/www.iwarehousing.com\/wp-content\/uploads\/2022\/10\/drive_in_pallet_racking_banner_2-1.jpg\",\"contentUrl\":\"https:\/\/www.iwarehousing.com\/wp-content\/uploads\/2022\/10\/drive_in_pallet_racking_banner_2-1.jpg\",\"width\":1449,\"height\":550,\"caption\":\"drive in pallet racking - iWarehousing\"},{\"@type\":\"BreadcrumbList\",\"@id\":\"https:\/\/www.iwarehousing.com\/product\/drive-in-pallet-racking\/#breadcrumb\",\"itemListElement\":[{\"@type\":\"ListItem\",\"position\":1,\"name\":\"Home\",\"item\":\"https:\/\/www.iwarehousing.com\/\"},{\"@type\":\"ListItem\",\"position\":2,\"name\":\"Product\",\"item\":\"https:\/\/www.iwarehousing.com\/product\/\"},{\"@type\":\"ListItem\",\"position\":3,\"name\":\"Drive-in Pallet Racking\"}]},{\"@type\":\"WebSite\",\"@id\":\"https:\/\/www.iwarehousing.com\/#website\",\"url\":\"https:\/\/www.iwarehousing.com\/\",\"name\":\"iWarehousing\",\"description\":\"Focus on warehousing equipments\",\"publisher\":{\"@id\":\"https:\/\/www.iwarehousing.com\/#organization\"},\"potentialAction\":[{\"@type\":\"SearchAction\",\"target\":{\"@type\":\"EntryPoint\",\"urlTemplate\":\"https:\/\/www.iwarehousing.com\/?s={search_term_string}\"},\"query-input\":{\"@type\":\"PropertyValueSpecification\",\"valueRequired\":true,\"valueName\":\"search_term_string\"}}],\"inLanguage\":\"es-ES\"},{\"@type\":\"Organization\",\"@id\":\"https:\/\/www.iwarehousing.com\/#organization\",\"name\":\"iWarehousing\",\"url\":\"https:\/\/www.iwarehousing.com\/\",\"logo\":{\"@type\":\"ImageObject\",\"inLanguage\":\"es-ES\",\"@id\":\"https:\/\/www.iwarehousing.com\/#\/schema\/logo\/image\/\",\"url\":\"https:\/\/www.iwarehousing.com\/wp-content\/uploads\/2022\/05\/iW-logo-no-tag-800pxREV2.png\",\"contentUrl\":\"https:\/\/www.iwarehousing.com\/wp-content\/uploads\/2022\/05\/iW-logo-no-tag-800pxREV2.png\",\"width\":1753,\"height\":490,\"caption\":\"iWarehousing\"},\"image\":{\"@id\":\"https:\/\/www.iwarehousing.com\/#\/schema\/logo\/image\/\"}}]}<\/script>\n<!-- \/ Yoast SEO plugin. -->","yoast_head_json":{"title":"Drive-in Pallet Racking - iWarehousing","robots":{"index":"index","follow":"follow","max-snippet":"max-snippet:-1","max-image-preview":"max-image-preview:large","max-video-preview":"max-video-preview:-1"},"canonical":"https:\/\/www.iwarehousing.com\/es\/product\/drive-in-pallet-racking\/","og_locale":"es_ES","og_type":"article","og_title":"Drive-in Pallet Racking - iWarehousing","og_description":"High density pallet storage  Fewer accessories required  Either FIFO or FILO  Ideal for fast moving products or products with a long shelf life and limited stock rotation  No specialized material handling equipment required","og_url":"https:\/\/www.iwarehousing.com\/es\/product\/drive-in-pallet-racking\/","og_site_name":"iWarehousing","article_modified_time":"2023-06-10T09:24:08+00:00","og_image":[{"width":1449,"height":550,"url":"https:\/\/www.iwarehousing.com\/wp-content\/uploads\/2022\/10\/drive_in_pallet_racking_banner_2-1.jpg","type":"image\/jpeg"}],"twitter_card":"summary_large_image","twitter_misc":{"Est. reading time":"3 minutes"},"schema":{"@context":"https:\/\/schema.org","@graph":[{"@type":"WebPage","@id":"https:\/\/www.iwarehousing.com\/product\/drive-in-pallet-racking\/","url":"https:\/\/www.iwarehousing.com\/product\/drive-in-pallet-racking\/","name":"Drive-in Pallet Racking - iWarehousing","isPartOf":{"@id":"https:\/\/www.iwarehousing.com\/#website"},"primaryImageOfPage":{"@id":"https:\/\/www.iwarehousing.com\/product\/drive-in-pallet-racking\/#primaryimage"},"image":{"@id":"https:\/\/www.iwarehousing.com\/product\/drive-in-pallet-racking\/#primaryimage"},"thumbnailUrl":"https:\/\/www.iwarehousing.com\/wp-content\/uploads\/2022\/10\/drive_in_pallet_racking_banner_2-1.jpg","datePublished":"2022-10-20T15:01:47+00:00","dateModified":"2023-06-10T09:24:08+00:00","breadcrumb":{"@id":"https:\/\/www.iwarehousing.com\/product\/drive-in-pallet-racking\/#breadcrumb"},"inLanguage":"es-ES","potentialAction":[{"@type":"ReadAction","target":["https:\/\/www.iwarehousing.com\/product\/drive-in-pallet-racking\/"]}]},{"@type":"ImageObject","inLanguage":"es-ES","@id":"https:\/\/www.iwarehousing.com\/product\/drive-in-pallet-racking\/#primaryimage","url":"https:\/\/www.iwarehousing.com\/wp-content\/uploads\/2022\/10\/drive_in_pallet_racking_banner_2-1.jpg","contentUrl":"https:\/\/www.iwarehousing.com\/wp-content\/uploads\/2022\/10\/drive_in_pallet_racking_banner_2-1.jpg","width":1449,"height":550,"caption":"drive in pallet racking - iWarehousing"},{"@type":"BreadcrumbList","@id":"https:\/\/www.iwarehousing.com\/product\/drive-in-pallet-racking\/#breadcrumb","itemListElement":[{"@type":"ListItem","position":1,"name":"Home","item":"https:\/\/www.iwarehousing.com\/"},{"@type":"ListItem","position":2,"name":"Product","item":"https:\/\/www.iwarehousing.com\/product\/"},{"@type":"ListItem","position":3,"name":"Drive-in Pallet Racking"}]},{"@type":"WebSite","@id":"https:\/\/www.iwarehousing.com\/#website","url":"https:\/\/www.iwarehousing.com\/","name":"iWarehousing","description":"Focus on warehousing equipments","publisher":{"@id":"https:\/\/www.iwarehousing.com\/#organization"},"potentialAction":[{"@type":"SearchAction","target":{"@type":"EntryPoint","urlTemplate":"https:\/\/www.iwarehousing.com\/?s={search_term_string}"},"query-input":{"@type":"PropertyValueSpecification","valueRequired":true,"valueName":"search_term_string"}}],"inLanguage":"es-ES"},{"@type":"Organization","@id":"https:\/\/www.iwarehousing.com\/#organization","name":"iWarehousing","url":"https:\/\/www.iwarehousing.com\/","logo":{"@type":"ImageObject","inLanguage":"es-ES","@id":"https:\/\/www.iwarehousing.com\/#\/schema\/logo\/image\/","url":"https:\/\/www.iwarehousing.com\/wp-content\/uploads\/2022\/05\/iW-logo-no-tag-800pxREV2.png","contentUrl":"https:\/\/www.iwarehousing.com\/wp-content\/uploads\/2022\/05\/iW-logo-no-tag-800pxREV2.png","width":1753,"height":490,"caption":"iWarehousing"},"image":{"@id":"https:\/\/www.iwarehousing.com\/#\/schema\/logo\/image\/"}}]}},"_links":{"self":[{"href":"https:\/\/www.iwarehousing.com\/es\/wp-json\/wp\/v2\/product\/299","targetHints":{"allow":["GET"]}}],"collection":[{"href":"https:\/\/www.iwarehousing.com\/es\/wp-json\/wp\/v2\/product"}],"about":[{"href":"https:\/\/www.iwarehousing.com\/es\/wp-json\/wp\/v2\/types\/product"}],"replies":[{"embeddable":true,"href":"https:\/\/www.iwarehousing.com\/es\/wp-json\/wp\/v2\/comments?post=299"}],"wp:featuredmedia":[{"embeddable":true,"href":"https:\/\/www.iwarehousing.com\/es\/wp-json\/wp\/v2\/media\/2430"}],"wp:attachment":[{"href":"https:\/\/www.iwarehousing.com\/es\/wp-json\/wp\/v2\/media?parent=299"}],"wp:term":[{"taxonomy":"product_brand","embeddable":true,"href":"https:\/\/www.iwarehousing.com\/es\/wp-json\/wp\/v2\/product_brand?post=299"},{"taxonomy":"product_cat","embeddable":true,"href":"https:\/\/www.iwarehousing.com\/es\/wp-json\/wp\/v2\/product_cat?post=299"},{"taxonomy":"product_tag","embeddable":true,"href":"https:\/\/www.iwarehousing.com\/es\/wp-json\/wp\/v2\/product_tag?post=299"}],"curies":[{"name":"wp","href":"https:\/\/api.w.org\/{rel}","templated":true}]}}