{"id":191,"date":"2022-06-27T16:11:52","date_gmt":"2022-06-27T08:11:52","guid":{"rendered":"https:\/\/imm31ev9mx.onrocket.site\/?post_type=product&#038;p=191"},"modified":"2023-02-24T23:45:23","modified_gmt":"2023-02-24T15:45:23","slug":"galvanized-pallet-racking","status":"publish","type":"product","link":"https:\/\/www.iwarehousing.com\/es\/product\/galvanized-pallet-racking\/","title":{"rendered":"Estanter\u00edas para paletas galvanizadas"},"content":{"rendered":"<p>Las estanter\u00edas para paletas galvanizadas tienen la misma estructura que las normales. <em><a href=\"https:\/\/www.iwarehousing.com\/es\/product\/selective-pallet-racking\/\">estanter\u00edas selectivas para palets<\/a><\/em>, pero con superficie recubierta de zinc. Las estanter\u00edas de almac\u00e9n habituales est\u00e1n fabricadas con acero al carbono y la superficie de acero est\u00e1 cubierta con un polvo pl\u00e1stico especial. Es utilizable en la gran mayor\u00eda de entornos. Mientras que en algunos entornos especiales, como climas extremadamente h\u00famedos, productos qu\u00edmicos y humedad, las estanter\u00edas para paletas con recubrimiento en polvo normales son f\u00e1ciles de oxidar y corroer. Las estanter\u00edas para pal\u00e9s galvanizadas se adaptan mejor a estos entornos especiales.<\/p>\n<h2>\u00bfQu\u00e9 es la galvanizaci\u00f3n?<\/h2>\n<blockquote><p>La galvanizaci\u00f3n es el proceso de aplicar una capa protectora de zinc al acero o hierro para evitar la oxidaci\u00f3n.<\/p><\/blockquote>\n<p><a href=\"https:\/\/en.wikipedia.org\/wiki\/Galvanization\"><u>https:\/\/en.wikipedia.org\/wiki\/Galvanization<\/u><\/a><\/p>\n<h2>Diferencias entre estanter\u00edas para pal\u00e9s galvanizadas y estanter\u00edas para pal\u00e9s con recubrimiento en polvo<\/h2>\n<ul>\n<li>Las estanter\u00edas para paletas galvanizadas est\u00e1n hechas de acero pregalvanizado sumergido en una capa protectora de zinc. El revestimiento de zinc resiste los productos qu\u00edmicos o la humedad, por lo que proporciona protecci\u00f3n al material.<\/li>\n<li>Las estanter\u00edas para paletas con recubrimiento en polvo est\u00e1n fabricadas con acero al carbono normal Q235B cubierto con polvo magn\u00e9tico pl\u00e1stico. El recubrimiento en polvo brinda protecci\u00f3n al material en la mayor\u00eda de los ambientes normales y moderadamente moderados.<\/li>\n<\/ul>\n<h2>Cu\u00e1ndo utilizar estanter\u00edas para paletas galvanizadas<\/h2>\n<p>En las aplicaciones de:<\/p>\n<ul>\n<li>Almacenamiento al aire libre<\/li>\n<li>Almacenamiento de productos qu\u00edmicos o l\u00edquidos.<\/li>\n<li>Almacenamiento en un ambiente h\u00famedo.<\/li>\n<\/ul>","protected":false},"excerpt":{"rendered":"<ul>\n<li>Puede prevenir mejor el \u00f3xido, la corrosi\u00f3n y los da\u00f1os causados por un entorno especial.<\/li>\n<li>Adecuado para almacenamiento al aire libre<\/li>\n<li>Adecuado para entornos especiales como humedad, productos qu\u00edmicos, l\u00edquidos, etc.<\/li>\n<li>Costo asequible<\/li>\n<li>M\u00e1s duradero que el recubrimiento en polvo<\/li>\n<\/ul>","protected":false},"featured_media":2297,"comment_status":"open","ping_status":"closed","template":"","meta":{"_seopress_robots_primary_cat":"","_seopress_titles_title":"","_seopress_titles_desc":"","_seopress_robots_index":""},"product_brand":[],"product_cat":[30],"product_tag":[60,62,61,59],"class_list":{"0":"post-191","1":"product","2":"type-product","3":"status-publish","4":"has-post-thumbnail","6":"product_cat-pallet-racking","7":"product_tag-chemical-storage","8":"product_tag-humid-environment","9":"product_tag-liquid-storage","10":"product_tag-outdoor-storage","12":"first","13":"instock","14":"shipping-taxable","15":"product-type-simple"},"yoast_head":"<!-- This site is optimized with the Yoast SEO plugin v26.5 - https:\/\/yoast.com\/wordpress\/plugins\/seo\/ -->\n<title>Galvanized Pallet Racking - iWarehousing<\/title>\n<meta name=\"robots\" content=\"index, follow, max-snippet:-1, max-image-preview:large, max-video-preview:-1\" \/>\n<link rel=\"canonical\" href=\"https:\/\/www.iwarehousing.com\/es\/product\/galvanized-pallet-racking\/\" \/>\n<meta property=\"og:locale\" content=\"es_ES\" \/>\n<meta property=\"og:type\" content=\"article\" \/>\n<meta property=\"og:title\" content=\"Galvanized Pallet Racking - iWarehousing\" \/>\n<meta property=\"og:description\" content=\"Can better prevent rust, corrosion, and damage caused by special environment.  Suitable for outdoor storage  Suitable for special surroundings like moist, chemicals, liquids, etc.  Affordable cost  More durable than powder coating\" \/>\n<meta property=\"og:url\" content=\"https:\/\/www.iwarehousing.com\/es\/product\/galvanized-pallet-racking\/\" \/>\n<meta property=\"og:site_name\" content=\"iWarehousing\" \/>\n<meta property=\"article:modified_time\" content=\"2023-02-24T15:45:23+00:00\" \/>\n<meta property=\"og:image\" content=\"https:\/\/www.iwarehousing.com\/wp-content\/uploads\/2022\/06\/galvanized-pallet-racking-0.jpg\" \/>\n\t<meta property=\"og:image:width\" content=\"2000\" \/>\n\t<meta property=\"og:image:height\" content=\"1334\" \/>\n\t<meta property=\"og:image:type\" content=\"image\/jpeg\" \/>\n<meta name=\"twitter:card\" content=\"summary_large_image\" \/>\n<meta name=\"twitter:label1\" content=\"Est. reading time\" \/>\n\t<meta name=\"twitter:data1\" content=\"1 minute\" \/>\n<script type=\"application\/ld+json\" class=\"yoast-schema-graph\">{\"@context\":\"https:\/\/schema.org\",\"@graph\":[{\"@type\":\"WebPage\",\"@id\":\"https:\/\/www.iwarehousing.com\/product\/galvanized-pallet-racking\/\",\"url\":\"https:\/\/www.iwarehousing.com\/product\/galvanized-pallet-racking\/\",\"name\":\"Galvanized Pallet Racking - iWarehousing\",\"isPartOf\":{\"@id\":\"https:\/\/www.iwarehousing.com\/#website\"},\"primaryImageOfPage\":{\"@id\":\"https:\/\/www.iwarehousing.com\/product\/galvanized-pallet-racking\/#primaryimage\"},\"image\":{\"@id\":\"https:\/\/www.iwarehousing.com\/product\/galvanized-pallet-racking\/#primaryimage\"},\"thumbnailUrl\":\"https:\/\/www.iwarehousing.com\/wp-content\/uploads\/2022\/06\/galvanized-pallet-racking-0.jpg\",\"datePublished\":\"2022-06-27T08:11:52+00:00\",\"dateModified\":\"2023-02-24T15:45:23+00:00\",\"breadcrumb\":{\"@id\":\"https:\/\/www.iwarehousing.com\/product\/galvanized-pallet-racking\/#breadcrumb\"},\"inLanguage\":\"es-ES\",\"potentialAction\":[{\"@type\":\"ReadAction\",\"target\":[\"https:\/\/www.iwarehousing.com\/product\/galvanized-pallet-racking\/\"]}]},{\"@type\":\"ImageObject\",\"inLanguage\":\"es-ES\",\"@id\":\"https:\/\/www.iwarehousing.com\/product\/galvanized-pallet-racking\/#primaryimage\",\"url\":\"https:\/\/www.iwarehousing.com\/wp-content\/uploads\/2022\/06\/galvanized-pallet-racking-0.jpg\",\"contentUrl\":\"https:\/\/www.iwarehousing.com\/wp-content\/uploads\/2022\/06\/galvanized-pallet-racking-0.jpg\",\"width\":2000,\"height\":1334,\"caption\":\"galvanized pallet racking\"},{\"@type\":\"BreadcrumbList\",\"@id\":\"https:\/\/www.iwarehousing.com\/product\/galvanized-pallet-racking\/#breadcrumb\",\"itemListElement\":[{\"@type\":\"ListItem\",\"position\":1,\"name\":\"Home\",\"item\":\"https:\/\/www.iwarehousing.com\/\"},{\"@type\":\"ListItem\",\"position\":2,\"name\":\"Product\",\"item\":\"https:\/\/www.iwarehousing.com\/product\/\"},{\"@type\":\"ListItem\",\"position\":3,\"name\":\"Galvanized Pallet Racking\"}]},{\"@type\":\"WebSite\",\"@id\":\"https:\/\/www.iwarehousing.com\/#website\",\"url\":\"https:\/\/www.iwarehousing.com\/\",\"name\":\"iWarehousing\",\"description\":\"Focus on warehousing equipments\",\"publisher\":{\"@id\":\"https:\/\/www.iwarehousing.com\/#organization\"},\"potentialAction\":[{\"@type\":\"SearchAction\",\"target\":{\"@type\":\"EntryPoint\",\"urlTemplate\":\"https:\/\/www.iwarehousing.com\/?s={search_term_string}\"},\"query-input\":{\"@type\":\"PropertyValueSpecification\",\"valueRequired\":true,\"valueName\":\"search_term_string\"}}],\"inLanguage\":\"es-ES\"},{\"@type\":\"Organization\",\"@id\":\"https:\/\/www.iwarehousing.com\/#organization\",\"name\":\"iWarehousing\",\"url\":\"https:\/\/www.iwarehousing.com\/\",\"logo\":{\"@type\":\"ImageObject\",\"inLanguage\":\"es-ES\",\"@id\":\"https:\/\/www.iwarehousing.com\/#\/schema\/logo\/image\/\",\"url\":\"https:\/\/www.iwarehousing.com\/wp-content\/uploads\/2022\/05\/iW-logo-no-tag-800pxREV2.png\",\"contentUrl\":\"https:\/\/www.iwarehousing.com\/wp-content\/uploads\/2022\/05\/iW-logo-no-tag-800pxREV2.png\",\"width\":1753,\"height\":490,\"caption\":\"iWarehousing\"},\"image\":{\"@id\":\"https:\/\/www.iwarehousing.com\/#\/schema\/logo\/image\/\"}}]}<\/script>\n<!-- \/ Yoast SEO plugin. -->","yoast_head_json":{"title":"Galvanized Pallet Racking - iWarehousing","robots":{"index":"index","follow":"follow","max-snippet":"max-snippet:-1","max-image-preview":"max-image-preview:large","max-video-preview":"max-video-preview:-1"},"canonical":"https:\/\/www.iwarehousing.com\/es\/product\/galvanized-pallet-racking\/","og_locale":"es_ES","og_type":"article","og_title":"Galvanized Pallet Racking - iWarehousing","og_description":"Can better prevent rust, corrosion, and damage caused by special environment.  Suitable for outdoor storage  Suitable for special surroundings like moist, chemicals, liquids, etc.  Affordable cost  More durable than powder coating","og_url":"https:\/\/www.iwarehousing.com\/es\/product\/galvanized-pallet-racking\/","og_site_name":"iWarehousing","article_modified_time":"2023-02-24T15:45:23+00:00","og_image":[{"width":2000,"height":1334,"url":"https:\/\/www.iwarehousing.com\/wp-content\/uploads\/2022\/06\/galvanized-pallet-racking-0.jpg","type":"image\/jpeg"}],"twitter_card":"summary_large_image","twitter_misc":{"Est. reading time":"1 minute"},"schema":{"@context":"https:\/\/schema.org","@graph":[{"@type":"WebPage","@id":"https:\/\/www.iwarehousing.com\/product\/galvanized-pallet-racking\/","url":"https:\/\/www.iwarehousing.com\/product\/galvanized-pallet-racking\/","name":"Galvanized Pallet Racking - iWarehousing","isPartOf":{"@id":"https:\/\/www.iwarehousing.com\/#website"},"primaryImageOfPage":{"@id":"https:\/\/www.iwarehousing.com\/product\/galvanized-pallet-racking\/#primaryimage"},"image":{"@id":"https:\/\/www.iwarehousing.com\/product\/galvanized-pallet-racking\/#primaryimage"},"thumbnailUrl":"https:\/\/www.iwarehousing.com\/wp-content\/uploads\/2022\/06\/galvanized-pallet-racking-0.jpg","datePublished":"2022-06-27T08:11:52+00:00","dateModified":"2023-02-24T15:45:23+00:00","breadcrumb":{"@id":"https:\/\/www.iwarehousing.com\/product\/galvanized-pallet-racking\/#breadcrumb"},"inLanguage":"es-ES","potentialAction":[{"@type":"ReadAction","target":["https:\/\/www.iwarehousing.com\/product\/galvanized-pallet-racking\/"]}]},{"@type":"ImageObject","inLanguage":"es-ES","@id":"https:\/\/www.iwarehousing.com\/product\/galvanized-pallet-racking\/#primaryimage","url":"https:\/\/www.iwarehousing.com\/wp-content\/uploads\/2022\/06\/galvanized-pallet-racking-0.jpg","contentUrl":"https:\/\/www.iwarehousing.com\/wp-content\/uploads\/2022\/06\/galvanized-pallet-racking-0.jpg","width":2000,"height":1334,"caption":"galvanized pallet racking"},{"@type":"BreadcrumbList","@id":"https:\/\/www.iwarehousing.com\/product\/galvanized-pallet-racking\/#breadcrumb","itemListElement":[{"@type":"ListItem","position":1,"name":"Home","item":"https:\/\/www.iwarehousing.com\/"},{"@type":"ListItem","position":2,"name":"Product","item":"https:\/\/www.iwarehousing.com\/product\/"},{"@type":"ListItem","position":3,"name":"Galvanized Pallet Racking"}]},{"@type":"WebSite","@id":"https:\/\/www.iwarehousing.com\/#website","url":"https:\/\/www.iwarehousing.com\/","name":"iWarehousing","description":"Focus on warehousing equipments","publisher":{"@id":"https:\/\/www.iwarehousing.com\/#organization"},"potentialAction":[{"@type":"SearchAction","target":{"@type":"EntryPoint","urlTemplate":"https:\/\/www.iwarehousing.com\/?s={search_term_string}"},"query-input":{"@type":"PropertyValueSpecification","valueRequired":true,"valueName":"search_term_string"}}],"inLanguage":"es-ES"},{"@type":"Organization","@id":"https:\/\/www.iwarehousing.com\/#organization","name":"iWarehousing","url":"https:\/\/www.iwarehousing.com\/","logo":{"@type":"ImageObject","inLanguage":"es-ES","@id":"https:\/\/www.iwarehousing.com\/#\/schema\/logo\/image\/","url":"https:\/\/www.iwarehousing.com\/wp-content\/uploads\/2022\/05\/iW-logo-no-tag-800pxREV2.png","contentUrl":"https:\/\/www.iwarehousing.com\/wp-content\/uploads\/2022\/05\/iW-logo-no-tag-800pxREV2.png","width":1753,"height":490,"caption":"iWarehousing"},"image":{"@id":"https:\/\/www.iwarehousing.com\/#\/schema\/logo\/image\/"}}]}},"_links":{"self":[{"href":"https:\/\/www.iwarehousing.com\/es\/wp-json\/wp\/v2\/product\/191","targetHints":{"allow":["GET"]}}],"collection":[{"href":"https:\/\/www.iwarehousing.com\/es\/wp-json\/wp\/v2\/product"}],"about":[{"href":"https:\/\/www.iwarehousing.com\/es\/wp-json\/wp\/v2\/types\/product"}],"replies":[{"embeddable":true,"href":"https:\/\/www.iwarehousing.com\/es\/wp-json\/wp\/v2\/comments?post=191"}],"wp:featuredmedia":[{"embeddable":true,"href":"https:\/\/www.iwarehousing.com\/es\/wp-json\/wp\/v2\/media\/2297"}],"wp:attachment":[{"href":"https:\/\/www.iwarehousing.com\/es\/wp-json\/wp\/v2\/media?parent=191"}],"wp:term":[{"taxonomy":"product_brand","embeddable":true,"href":"https:\/\/www.iwarehousing.com\/es\/wp-json\/wp\/v2\/product_brand?post=191"},{"taxonomy":"product_cat","embeddable":true,"href":"https:\/\/www.iwarehousing.com\/es\/wp-json\/wp\/v2\/product_cat?post=191"},{"taxonomy":"product_tag","embeddable":true,"href":"https:\/\/www.iwarehousing.com\/es\/wp-json\/wp\/v2\/product_tag?post=191"}],"curies":[{"name":"wp","href":"https:\/\/api.w.org\/{rel}","templated":true}]}}