{"id":190,"date":"2022-06-27T16:11:18","date_gmt":"2022-06-27T08:11:18","guid":{"rendered":"https:\/\/imm31ev9mx.onrocket.site\/?post_type=product&#038;p=190"},"modified":"2022-09-22T22:36:42","modified_gmt":"2022-09-22T14:36:42","slug":"double-deep-pallet-racking","status":"publish","type":"product","link":"https:\/\/www.iwarehousing.com\/es\/product\/double-deep-pallet-racking\/","title":{"rendered":"Estanter\u00edas para paletas de doble profundidad"},"content":{"rendered":"<h2>Caracter\u00edsticas del sistema de estanter\u00edas para paletas de doble profundidad<\/h2>\n<ol>\n<li>El sistema de estanter\u00edas para paletas de doble profundidad es una actualizaci\u00f3n del sistema de estanter\u00edas para paletas de alta resistencia, creado con una estructura simple y una alta capacidad de almacenamiento. Es adecuado para almacenes con una tasa de rotaci\u00f3n de inventario media y una tasa de recolecci\u00f3n baja.<\/li>\n<li>Proporciona la soluci\u00f3n de almacenamiento que las estanter\u00edas para pal\u00e9s comunes no pueden ofrecer: el doble de inventario que el sistema de estanter\u00edas para pal\u00e9s com\u00fan. Necesita estar equipado con montacargas especiales para su uso. El ancho de los pasillos para carretillas elevadoras generalmente debe ser de hasta 3,6 metros.<\/li>\n<li>Al igual que el sistema de estanter\u00edas drive-in, no resulta muy c\u00f3modo acceder a la mercanc\u00eda de la \u00faltima fila. La operaci\u00f3n de acceso s\u00f3lo podr\u00e1 realizarse despu\u00e9s de retirar o trasladar la mercanc\u00eda correspondiente de la primera fila. El acceso de mercanc\u00edas es complicado siendo el primero en entrar, primero en salir. Para mejorar la tasa de utilizaci\u00f3n del almac\u00e9n, es necesario considerar almacenar primero los bastidores traseros y luego almacenar los bastidores delanteros. Cuando se env\u00eden los productos, intente retirar los productos de las filas delantera y trasera al mismo tiempo. Si hay demasiadas cajas que no se pueden vender a la vez, puede afectar la tasa de utilizaci\u00f3n del inventario.<\/li>\n<\/ol>\n<h2>Diferencias entre sistema de paletizaci\u00f3n de doble profundidad y sistema de paletizaci\u00f3n selectiva<\/h2>\n<p>Las estanter\u00edas se utilizan para almacenar el inventario en el almac\u00e9n. Disponemos de todo tipo de opciones de estanter\u00edas para aplicar en nuestro lugar de almacenamiento. Siempre podr\u00e1 configurar el sistema de estanter\u00edas m\u00e1s eficiente en su almac\u00e9n en funci\u00f3n de sus necesidades espec\u00edficas. Ya sea que aplique un sistema de estanter\u00edas de un solo tipo o un sistema de estanter\u00edas combinado, todos ellos se pueden calcular y personalizar. Los componentes de la mayor\u00eda de los sistemas de estanter\u00edas para paletas incluyen montantes, vigas, refuerzos y soportes. Todo esto trabaja en conjunto para proporcionar el soporte de seguridad de todo el sistema.<\/p>\n<p>El sistema de estanter\u00edas de doble profundidad es una actualizaci\u00f3n del sistema de estanter\u00edas de una sola profundidad y son similares en estructura. La \u00fanica diferencia es que los sistemas de estanter\u00edas de doble profundidad est\u00e1n configurados con dos filas consecutivas, mientras que los sistemas de profundidad simple, solo una fila.<\/p>\n<h2>Cosas a considerar antes de elegir un sistema de estanter\u00edas de doble profundidad<\/h2>\n<h3>La densidad del almacenamiento de mercanc\u00edas<\/h3>\n<p>En el sistema de estanter\u00edas de una sola profundidad, los pasillos para los montacargas son anchos, por lo que la densidad de almacenamiento de mercanc\u00edas no es alta y la tasa de utilizaci\u00f3n del espacio de este sistema es generalmente de aproximadamente 30%~35%. Mientras que en el sistema de estanter\u00edas de doble profundidad, el pasillo del montacargas es estrecho, por lo tanto, la densidad de almacenamiento es alta y la tasa de utilizaci\u00f3n del espacio es relativamente alta, que puede alcanzar entre 45% y 60%.<\/p>\n<h3>Equipo necesario para almacenar mercanc\u00edas<\/h3>\n<p>El sistema de estanter\u00edas de una sola profundidad tiene un pasillo relativamente ancho, por lo que en este sistema se pueden utilizar carretillas elevadoras normales. Los pasillos de las estanter\u00edas de doble fondo son m\u00e1s estrechos, por lo que es necesario equiparlos con carretillas elevadoras especiales que pueden suponer un coste mayor.<\/p>\n<h3>Tasa de selectividad de bienes<\/h3>\n<p>En el sistema de estanter\u00edas de un solo fondo, la carretilla elevadora puede acceder libremente a cualquier palet de la estanter\u00eda. La selectividad de este sistema es 100%, que puede realizar el orden de rotaci\u00f3n de mercanc\u00edas de primero en entrar, primero en salir. Y el funcionamiento de este sistema es muy c\u00f3modo y r\u00e1pido. El sistema de estanter\u00edas de doble profundidad no es tan conveniente porque las estanter\u00edas de doble fila est\u00e1n configuradas juntas. Para recuperar la mercanc\u00eda del palet trasero, primero se debe retirar la fila delantera. Con una selectividad de 50%, es dif\u00edcil lograr un orden de rotaci\u00f3n de mercanc\u00edas primero en entrar, primero en salir en este sistema. Pero la utilizaci\u00f3n del espacio es m\u00e1s eficiente en este sistema.<\/p>\n<h3>Considere sus necesidades<\/h3>\n<p>Al decidir qu\u00e9 sistema de estanter\u00edas para paletas utilizar, las empresas primero deben recopilar sus propios requisitos de estanter\u00edas y luego evaluar la estructura y el entorno de su propio almac\u00e9n, para elegir el tipo de estanter\u00eda m\u00e1s adecuado. El sistema de estanter\u00edas de una sola profundidad es actualmente uno de los sistemas de estanter\u00edas m\u00e1s extendidos y utilizados, adecuado para la mayor\u00eda de los almacenes para el almacenamiento de mercanc\u00edas, alta tasa de selectividad de mercanc\u00edas y f\u00e1cil de operar. El sistema de estanter\u00edas de doble profundidad tiene una estructura simple y una alta capacidad de almacenamiento, lo que puede aliviar de manera efectiva los requisitos de almacenamiento que las estanter\u00edas para paletas comunes no pueden cumplir. Este tipo de estanter\u00edas se utiliza ampliamente en la industria del tabaco, alimentos y bebidas, embalaje, industria del papel, industria de productos pl\u00e1sticos y otras industrias. Las especificaciones de tama\u00f1o espec\u00edficas deben ser determinadas por profesionales de acuerdo con las caracter\u00edsticas y requisitos de los bienes y almacenes de la empresa.<\/p>","protected":false},"excerpt":{"rendered":"<p>El sistema de estanter\u00edas para paletas de doble profundidad se usa ampliamente en diversas industrias, como la fabricaci\u00f3n de papel, productos pl\u00e1sticos, tabaco, alimentos, materiales de embalaje y otras industrias. El sistema de estanter\u00edas para paletas de doble profundidad adopta cuatro conjuntos de estanter\u00edas que se disponen en la misma l\u00ednea, con dos filas cada una colocadas espalda con espalda, lo que reduce efectivamente el pasillo de estanter\u00edas. Cada l\u00ednea de estanter\u00edas de almacenamiento puede almacenar el doble de palets que el sistema de estanter\u00edas de paletizaci\u00f3n simple, por lo que la capacidad de almacenamiento de este tipo de estanter\u00edas es mucho mayor que la del sistema de estanter\u00edas de paletizaci\u00f3n normal. El uso de este sistema de estanter\u00edas requiere de una carretilla elevadora especial para su uni\u00f3n. Para recoger los productos de la segunda fila, es necesario retirar los productos de la primera fila para salir de la sala de operaci\u00f3n.<\/p>","protected":false},"featured_media":271,"comment_status":"open","ping_status":"closed","template":"","meta":{"_seopress_robots_primary_cat":"","_seopress_titles_title":"","_seopress_titles_desc":"","_seopress_robots_index":""},"product_brand":[],"product_cat":[30],"product_tag":[],"class_list":{"0":"post-190","1":"product","2":"type-product","3":"status-publish","4":"has-post-thumbnail","6":"product_cat-pallet-racking","8":"first","9":"instock","10":"shipping-taxable","11":"product-type-simple"},"yoast_head":"<!-- This site is optimized with the Yoast SEO plugin v26.5 - https:\/\/yoast.com\/wordpress\/plugins\/seo\/ -->\n<title>Double Deep Pallet Racking - iWarehousing<\/title>\n<meta name=\"robots\" content=\"index, follow, max-snippet:-1, max-image-preview:large, max-video-preview:-1\" \/>\n<link rel=\"canonical\" href=\"https:\/\/www.iwarehousing.com\/es\/product\/double-deep-pallet-racking\/\" \/>\n<meta property=\"og:locale\" content=\"es_ES\" \/>\n<meta property=\"og:type\" content=\"article\" \/>\n<meta property=\"og:title\" content=\"Double Deep Pallet Racking - iWarehousing\" \/>\n<meta property=\"og:description\" content=\"Double-Deep Pallet Racking system is widely used in various industries, such as paper making, plastic products, tobacco, food, packaging materials and other industries. The Double-Deep Pallet Racking system adopts four sets of racks to be arranged in the same line, with each two rows stand back-to-back, which effectively reduces the racking aisle. Each storage racking line can store twice as many pallets as the single pallet racking system can do, so the storage capacity of this kind of racking is much higher than that of the ordinary pallet racking system. The use of this racking system requires a special forklift to join. To pick up the goods on the second row, the goods in the front row need to be taken away to leave the room for the operation.\" \/>\n<meta property=\"og:url\" content=\"https:\/\/www.iwarehousing.com\/es\/product\/double-deep-pallet-racking\/\" \/>\n<meta property=\"og:site_name\" content=\"iWarehousing\" \/>\n<meta property=\"article:modified_time\" content=\"2022-09-22T14:36:42+00:00\" \/>\n<meta property=\"og:image\" content=\"https:\/\/www.iwarehousing.com\/wp-content\/uploads\/2022\/06\/double-deep-racking-1.jpeg\" \/>\n\t<meta property=\"og:image:width\" content=\"1170\" \/>\n\t<meta property=\"og:image:height\" content=\"908\" \/>\n\t<meta property=\"og:image:type\" content=\"image\/jpeg\" \/>\n<meta name=\"twitter:card\" content=\"summary_large_image\" \/>\n<meta name=\"twitter:label1\" content=\"Est. reading time\" \/>\n\t<meta name=\"twitter:data1\" content=\"3 minutes\" \/>\n<script type=\"application\/ld+json\" class=\"yoast-schema-graph\">{\"@context\":\"https:\/\/schema.org\",\"@graph\":[{\"@type\":\"WebPage\",\"@id\":\"https:\/\/www.iwarehousing.com\/product\/double-deep-pallet-racking\/\",\"url\":\"https:\/\/www.iwarehousing.com\/product\/double-deep-pallet-racking\/\",\"name\":\"Double Deep Pallet Racking - iWarehousing\",\"isPartOf\":{\"@id\":\"https:\/\/www.iwarehousing.com\/#website\"},\"primaryImageOfPage\":{\"@id\":\"https:\/\/www.iwarehousing.com\/product\/double-deep-pallet-racking\/#primaryimage\"},\"image\":{\"@id\":\"https:\/\/www.iwarehousing.com\/product\/double-deep-pallet-racking\/#primaryimage\"},\"thumbnailUrl\":\"https:\/\/www.iwarehousing.com\/wp-content\/uploads\/2022\/06\/double-deep-racking-1.jpeg\",\"datePublished\":\"2022-06-27T08:11:18+00:00\",\"dateModified\":\"2022-09-22T14:36:42+00:00\",\"breadcrumb\":{\"@id\":\"https:\/\/www.iwarehousing.com\/product\/double-deep-pallet-racking\/#breadcrumb\"},\"inLanguage\":\"es-ES\",\"potentialAction\":[{\"@type\":\"ReadAction\",\"target\":[\"https:\/\/www.iwarehousing.com\/product\/double-deep-pallet-racking\/\"]}]},{\"@type\":\"ImageObject\",\"inLanguage\":\"es-ES\",\"@id\":\"https:\/\/www.iwarehousing.com\/product\/double-deep-pallet-racking\/#primaryimage\",\"url\":\"https:\/\/www.iwarehousing.com\/wp-content\/uploads\/2022\/06\/double-deep-racking-1.jpeg\",\"contentUrl\":\"https:\/\/www.iwarehousing.com\/wp-content\/uploads\/2022\/06\/double-deep-racking-1.jpeg\",\"width\":1170,\"height\":908,\"caption\":\"double deep racking 1\"},{\"@type\":\"BreadcrumbList\",\"@id\":\"https:\/\/www.iwarehousing.com\/product\/double-deep-pallet-racking\/#breadcrumb\",\"itemListElement\":[{\"@type\":\"ListItem\",\"position\":1,\"name\":\"Home\",\"item\":\"https:\/\/www.iwarehousing.com\/\"},{\"@type\":\"ListItem\",\"position\":2,\"name\":\"Product\",\"item\":\"https:\/\/www.iwarehousing.com\/product\/\"},{\"@type\":\"ListItem\",\"position\":3,\"name\":\"Double Deep Pallet Racking\"}]},{\"@type\":\"WebSite\",\"@id\":\"https:\/\/www.iwarehousing.com\/#website\",\"url\":\"https:\/\/www.iwarehousing.com\/\",\"name\":\"iWarehousing\",\"description\":\"Focus on warehousing equipments\",\"publisher\":{\"@id\":\"https:\/\/www.iwarehousing.com\/#organization\"},\"potentialAction\":[{\"@type\":\"SearchAction\",\"target\":{\"@type\":\"EntryPoint\",\"urlTemplate\":\"https:\/\/www.iwarehousing.com\/?s={search_term_string}\"},\"query-input\":{\"@type\":\"PropertyValueSpecification\",\"valueRequired\":true,\"valueName\":\"search_term_string\"}}],\"inLanguage\":\"es-ES\"},{\"@type\":\"Organization\",\"@id\":\"https:\/\/www.iwarehousing.com\/#organization\",\"name\":\"iWarehousing\",\"url\":\"https:\/\/www.iwarehousing.com\/\",\"logo\":{\"@type\":\"ImageObject\",\"inLanguage\":\"es-ES\",\"@id\":\"https:\/\/www.iwarehousing.com\/#\/schema\/logo\/image\/\",\"url\":\"https:\/\/www.iwarehousing.com\/wp-content\/uploads\/2022\/05\/iW-logo-no-tag-800pxREV2.png\",\"contentUrl\":\"https:\/\/www.iwarehousing.com\/wp-content\/uploads\/2022\/05\/iW-logo-no-tag-800pxREV2.png\",\"width\":1753,\"height\":490,\"caption\":\"iWarehousing\"},\"image\":{\"@id\":\"https:\/\/www.iwarehousing.com\/#\/schema\/logo\/image\/\"}}]}<\/script>\n<!-- \/ Yoast SEO plugin. -->","yoast_head_json":{"title":"Double Deep Pallet Racking - iWarehousing","robots":{"index":"index","follow":"follow","max-snippet":"max-snippet:-1","max-image-preview":"max-image-preview:large","max-video-preview":"max-video-preview:-1"},"canonical":"https:\/\/www.iwarehousing.com\/es\/product\/double-deep-pallet-racking\/","og_locale":"es_ES","og_type":"article","og_title":"Double Deep Pallet Racking - iWarehousing","og_description":"Double-Deep Pallet Racking system is widely used in various industries, such as paper making, plastic products, tobacco, food, packaging materials and other industries. The Double-Deep Pallet Racking system adopts four sets of racks to be arranged in the same line, with each two rows stand back-to-back, which effectively reduces the racking aisle. Each storage racking line can store twice as many pallets as the single pallet racking system can do, so the storage capacity of this kind of racking is much higher than that of the ordinary pallet racking system. The use of this racking system requires a special forklift to join. To pick up the goods on the second row, the goods in the front row need to be taken away to leave the room for the operation.","og_url":"https:\/\/www.iwarehousing.com\/es\/product\/double-deep-pallet-racking\/","og_site_name":"iWarehousing","article_modified_time":"2022-09-22T14:36:42+00:00","og_image":[{"width":1170,"height":908,"url":"https:\/\/www.iwarehousing.com\/wp-content\/uploads\/2022\/06\/double-deep-racking-1.jpeg","type":"image\/jpeg"}],"twitter_card":"summary_large_image","twitter_misc":{"Est. reading time":"3 minutes"},"schema":{"@context":"https:\/\/schema.org","@graph":[{"@type":"WebPage","@id":"https:\/\/www.iwarehousing.com\/product\/double-deep-pallet-racking\/","url":"https:\/\/www.iwarehousing.com\/product\/double-deep-pallet-racking\/","name":"Double Deep Pallet Racking - iWarehousing","isPartOf":{"@id":"https:\/\/www.iwarehousing.com\/#website"},"primaryImageOfPage":{"@id":"https:\/\/www.iwarehousing.com\/product\/double-deep-pallet-racking\/#primaryimage"},"image":{"@id":"https:\/\/www.iwarehousing.com\/product\/double-deep-pallet-racking\/#primaryimage"},"thumbnailUrl":"https:\/\/www.iwarehousing.com\/wp-content\/uploads\/2022\/06\/double-deep-racking-1.jpeg","datePublished":"2022-06-27T08:11:18+00:00","dateModified":"2022-09-22T14:36:42+00:00","breadcrumb":{"@id":"https:\/\/www.iwarehousing.com\/product\/double-deep-pallet-racking\/#breadcrumb"},"inLanguage":"es-ES","potentialAction":[{"@type":"ReadAction","target":["https:\/\/www.iwarehousing.com\/product\/double-deep-pallet-racking\/"]}]},{"@type":"ImageObject","inLanguage":"es-ES","@id":"https:\/\/www.iwarehousing.com\/product\/double-deep-pallet-racking\/#primaryimage","url":"https:\/\/www.iwarehousing.com\/wp-content\/uploads\/2022\/06\/double-deep-racking-1.jpeg","contentUrl":"https:\/\/www.iwarehousing.com\/wp-content\/uploads\/2022\/06\/double-deep-racking-1.jpeg","width":1170,"height":908,"caption":"double deep racking 1"},{"@type":"BreadcrumbList","@id":"https:\/\/www.iwarehousing.com\/product\/double-deep-pallet-racking\/#breadcrumb","itemListElement":[{"@type":"ListItem","position":1,"name":"Home","item":"https:\/\/www.iwarehousing.com\/"},{"@type":"ListItem","position":2,"name":"Product","item":"https:\/\/www.iwarehousing.com\/product\/"},{"@type":"ListItem","position":3,"name":"Double Deep Pallet Racking"}]},{"@type":"WebSite","@id":"https:\/\/www.iwarehousing.com\/#website","url":"https:\/\/www.iwarehousing.com\/","name":"iWarehousing","description":"Focus on warehousing equipments","publisher":{"@id":"https:\/\/www.iwarehousing.com\/#organization"},"potentialAction":[{"@type":"SearchAction","target":{"@type":"EntryPoint","urlTemplate":"https:\/\/www.iwarehousing.com\/?s={search_term_string}"},"query-input":{"@type":"PropertyValueSpecification","valueRequired":true,"valueName":"search_term_string"}}],"inLanguage":"es-ES"},{"@type":"Organization","@id":"https:\/\/www.iwarehousing.com\/#organization","name":"iWarehousing","url":"https:\/\/www.iwarehousing.com\/","logo":{"@type":"ImageObject","inLanguage":"es-ES","@id":"https:\/\/www.iwarehousing.com\/#\/schema\/logo\/image\/","url":"https:\/\/www.iwarehousing.com\/wp-content\/uploads\/2022\/05\/iW-logo-no-tag-800pxREV2.png","contentUrl":"https:\/\/www.iwarehousing.com\/wp-content\/uploads\/2022\/05\/iW-logo-no-tag-800pxREV2.png","width":1753,"height":490,"caption":"iWarehousing"},"image":{"@id":"https:\/\/www.iwarehousing.com\/#\/schema\/logo\/image\/"}}]}},"_links":{"self":[{"href":"https:\/\/www.iwarehousing.com\/es\/wp-json\/wp\/v2\/product\/190","targetHints":{"allow":["GET"]}}],"collection":[{"href":"https:\/\/www.iwarehousing.com\/es\/wp-json\/wp\/v2\/product"}],"about":[{"href":"https:\/\/www.iwarehousing.com\/es\/wp-json\/wp\/v2\/types\/product"}],"replies":[{"embeddable":true,"href":"https:\/\/www.iwarehousing.com\/es\/wp-json\/wp\/v2\/comments?post=190"}],"wp:featuredmedia":[{"embeddable":true,"href":"https:\/\/www.iwarehousing.com\/es\/wp-json\/wp\/v2\/media\/271"}],"wp:attachment":[{"href":"https:\/\/www.iwarehousing.com\/es\/wp-json\/wp\/v2\/media?parent=190"}],"wp:term":[{"taxonomy":"product_brand","embeddable":true,"href":"https:\/\/www.iwarehousing.com\/es\/wp-json\/wp\/v2\/product_brand?post=190"},{"taxonomy":"product_cat","embeddable":true,"href":"https:\/\/www.iwarehousing.com\/es\/wp-json\/wp\/v2\/product_cat?post=190"},{"taxonomy":"product_tag","embeddable":true,"href":"https:\/\/www.iwarehousing.com\/es\/wp-json\/wp\/v2\/product_tag?post=190"}],"curies":[{"name":"wp","href":"https:\/\/api.w.org\/{rel}","templated":true}]}}