{"id":189,"date":"2022-06-27T16:10:44","date_gmt":"2022-06-27T08:10:44","guid":{"rendered":"https:\/\/imm31ev9mx.onrocket.site\/?post_type=product&#038;p=189"},"modified":"2023-03-30T16:16:54","modified_gmt":"2023-03-30T08:16:54","slug":"narrow-aisle-pallet-racking","status":"publish","type":"product","link":"https:\/\/www.iwarehousing.com\/es\/product\/narrow-aisle-pallet-racking\/","title":{"rendered":"Estanter\u00edas para paletas de pasillo estrecho"},"content":{"rendered":"<p>Las estanter\u00edas para pal\u00e9s de pasillo estrecho (VNA) son un tipo de sistema de estanter\u00edas para pal\u00e9s dise\u00f1ado para optimizar el uso del espacio del almac\u00e9n. Se utilizan normalmente en instalaciones con requisitos de almacenamiento de alta densidad, donde el espacio es un bien escaso. El sistema se caracteriza por pasillos m\u00e1s estrechos que los que se encuentran en los sistemas de estanter\u00edas para pal\u00e9s tradicionales, normalmente de entre 1,6 y 2 metros de ancho, de ah\u00ed el nombre.<\/p>\n<p>Los pasillos estrechos son posibles gracias al uso de carretillas elevadoras especializadas, como carretillas de torreta o carretillas retr\u00e1ctiles giratorias, que est\u00e1n dise\u00f1adas para operar en espacios reducidos. Estas carretillas tienen la capacidad de levantar y colocar pal\u00e9s en espacios muy reducidos, lo que permite el m\u00e1ximo uso del espacio vertical disponible en el almac\u00e9n.<\/p>\n<p>Las estanter\u00edas para pal\u00e9s est\u00e1n construidas para ser muy altas, con m\u00faltiples niveles de almacenamiento a los que se puede acceder mediante carretillas elevadoras especializadas. El sistema se puede configurar de diversas maneras, incluido el alcance simple o doble, seg\u00fan las necesidades espec\u00edficas de la operaci\u00f3n del almac\u00e9n.<\/p>\n<h2>Componentes del sistema de estanter\u00edas VNA<\/h2>\n<p>De manera similar a los sistemas de estanter\u00edas est\u00e1ndar o de pasillos anchos, los componentes principales que se utilizan para crear la estructura incluyen el marco, las columnas y las vigas. Adem\u00e1s, la carretilla elevadora debe guiarse, lo que puede hacerse en forma de gu\u00eda mec\u00e1nica o cableada. La gu\u00eda mec\u00e1nica es una pista que corre a lo largo del exterior de la estructura y sirve como barrera entre la carretilla y la estructura. El cilindro delgado est\u00e1 equipado con ruedas abatibles adicionales que corren a lo largo de la pista sin que la carretilla entre en contacto con la pista. La gu\u00eda cableada consiste en un cable electromagn\u00e9tico delgado que corre centrado a lo largo del piso del pasillo y se conecta a un sensor de la carretilla para guiarla.<\/p>\n<h2>\u00bfPor qu\u00e9 elegir estanter\u00edas VNA?<\/h2>\n<h3>Uso eficiente del espacio<\/h3>\n<ul>\n<li>La maximizaci\u00f3n del espacio en el piso y en la vertical permite un aumento significativo en la capacidad de almacenamiento, hasta 50% para algunas empresas;<\/li>\n<li>Acceso directo al inventario;<\/li>\n<li>El inventario es f\u00e1cil de encontrar, incluso en las alturas de los camiones profesionales, con acceso directo a 100%;<\/li>\n<li>Al aprovechar al m\u00e1ximo su espacio vertical, puede almacenar m\u00e1s pallets en una sola superficie, lo que reduce el costo de almacenamiento por pallet.<\/li>\n<\/ul>\n<h3>Aumentar la productividad<\/h3>\n<ul>\n<li>Debido a que los racks VNA utilizan camiones especializados m\u00e1s r\u00e1pidos, los procesos de picking y carga se pueden realizar de forma segura y eficiente;<\/li>\n<li>Dado que la carretilla elevadora se gu\u00eda a lo largo del pasillo sin direcci\u00f3n manual, el riesgo de da\u00f1ar las estanter\u00edas se reduce significativamente, lo que reduce la probabilidad de una colisi\u00f3n;<\/li>\n<li>El manejo sofisticado y la \u201cprecauci\u00f3n\u201d en carretillas de pasillo estrecho aumentan la seguridad de los trabajadores que mueven cargas.<\/li>\n<\/ul>\n<h2>\u00bfQu\u00e9 carretilla elevadora utilizar?<\/h2>\n<div class=\"flex flex-grow flex-col gap-3\">\n<div class=\"min-h-[20px] flex flex-col items-start gap-4 whitespace-pre-wrap\">\n<div class=\"markdown prose w-full break-words dark:prose-invert light\">\n<p>En un sistema de estanter\u00edas para pal\u00e9s de pasillo estrecho, se utilizan carretillas elevadoras especializadas para operar en los pasillos estrechos y maximizar el uso del espacio. Hay dos tipos principales de carretillas elevadoras que se utilizan com\u00fanmente en los sistemas de estanter\u00edas para pal\u00e9s de pasillo estrecho:<\/p>\n<h3>Camiones de torreta<\/h3>\n<p>Estas carretillas elevadoras tienen un m\u00e1stil giratorio que permite al operador recoger y colocar pal\u00e9s en cualquier direcci\u00f3n, eliminando la necesidad de girar la carretilla elevadora en el pasillo estrecho. Las carretillas de torreta son ideales para pasillos muy estrechos y pueden operar a grandes alturas.<\/p>\n<h3>Carretillas retr\u00e1ctiles con plataforma giratoria<\/h3>\n<p>Estas carretillas elevadoras tienen un mecanismo de alcance que puede extenderse hasta el interior de las estanter\u00edas para pal\u00e9s para recoger y colocar pal\u00e9s desde posiciones m\u00e1s profundas. El mecanismo de alcance oscilante permite al operador colocar pal\u00e9s en una variedad de posiciones y es ideal para almacenes con pal\u00e9s de distintos tama\u00f1os.<\/p>\n<p>Al elegir una carretilla elevadora para un sistema de estanter\u00edas para pal\u00e9s de pasillo estrecho, es importante tener en cuenta factores como el ancho del pasillo, la altura del techo, el tama\u00f1o y el peso de los pal\u00e9s, y la comodidad y seguridad del operador. Se recomienda consultar con un experto o fabricante de carretillas elevadoras para determinar cu\u00e1l es la mejor carretilla elevadora para los requisitos espec\u00edficos de su almac\u00e9n.<\/p>\n<\/div>\n<\/div>\n<\/div>\n<p>&nbsp;<\/p>","protected":false},"excerpt":{"rendered":"<ul>\n<li>Pasillo estrecho<\/li>\n<li>Alta densidad de almacenamiento<\/li>\n<li>Se requieren carretillas elevadoras especializadas<\/li>\n<li>Altura de rack alta disponible<\/li>\n<li>Buena selectividad<\/li>\n<\/ul>","protected":false},"featured_media":2399,"comment_status":"open","ping_status":"closed","template":"","meta":{"_seopress_robots_primary_cat":"","_seopress_titles_title":"","_seopress_titles_desc":"","_seopress_robots_index":""},"product_brand":[],"product_cat":[30],"product_tag":[],"class_list":{"0":"post-189","1":"product","2":"type-product","3":"status-publish","4":"has-post-thumbnail","6":"product_cat-pallet-racking","8":"first","9":"instock","10":"shipping-taxable","11":"product-type-simple"},"yoast_head":"<!-- This site is optimized with the Yoast SEO plugin v26.5 - https:\/\/yoast.com\/wordpress\/plugins\/seo\/ -->\n<title>Narrow Aisle Pallet Racking - iWarehousing<\/title>\n<meta name=\"robots\" content=\"index, follow, max-snippet:-1, max-image-preview:large, max-video-preview:-1\" \/>\n<link rel=\"canonical\" href=\"https:\/\/www.iwarehousing.com\/es\/product\/narrow-aisle-pallet-racking\/\" \/>\n<meta property=\"og:locale\" content=\"es_ES\" \/>\n<meta property=\"og:type\" content=\"article\" \/>\n<meta property=\"og:title\" content=\"Narrow Aisle Pallet Racking - iWarehousing\" \/>\n<meta property=\"og:description\" content=\"Narrow aisle  High storage density  Specialized lift trucks required  High rack height available  Good selectivity\" \/>\n<meta property=\"og:url\" content=\"https:\/\/www.iwarehousing.com\/es\/product\/narrow-aisle-pallet-racking\/\" \/>\n<meta property=\"og:site_name\" content=\"iWarehousing\" \/>\n<meta property=\"article:modified_time\" content=\"2023-03-30T08:16:54+00:00\" \/>\n<meta property=\"og:image\" content=\"https:\/\/www.iwarehousing.com\/wp-content\/uploads\/2022\/06\/narrow-aisle-pallet-racking.jpg\" \/>\n\t<meta property=\"og:image:width\" content=\"2000\" \/>\n\t<meta property=\"og:image:height\" content=\"1333\" \/>\n\t<meta property=\"og:image:type\" content=\"image\/jpeg\" \/>\n<meta name=\"twitter:card\" content=\"summary_large_image\" \/>\n<meta name=\"twitter:label1\" content=\"Est. reading time\" \/>\n\t<meta name=\"twitter:data1\" content=\"3 minutes\" \/>\n<script type=\"application\/ld+json\" class=\"yoast-schema-graph\">{\"@context\":\"https:\/\/schema.org\",\"@graph\":[{\"@type\":\"WebPage\",\"@id\":\"https:\/\/www.iwarehousing.com\/product\/narrow-aisle-pallet-racking\/\",\"url\":\"https:\/\/www.iwarehousing.com\/product\/narrow-aisle-pallet-racking\/\",\"name\":\"Narrow Aisle Pallet Racking - iWarehousing\",\"isPartOf\":{\"@id\":\"https:\/\/www.iwarehousing.com\/#website\"},\"primaryImageOfPage\":{\"@id\":\"https:\/\/www.iwarehousing.com\/product\/narrow-aisle-pallet-racking\/#primaryimage\"},\"image\":{\"@id\":\"https:\/\/www.iwarehousing.com\/product\/narrow-aisle-pallet-racking\/#primaryimage\"},\"thumbnailUrl\":\"https:\/\/www.iwarehousing.com\/wp-content\/uploads\/2022\/06\/narrow-aisle-pallet-racking.jpg\",\"datePublished\":\"2022-06-27T08:10:44+00:00\",\"dateModified\":\"2023-03-30T08:16:54+00:00\",\"breadcrumb\":{\"@id\":\"https:\/\/www.iwarehousing.com\/product\/narrow-aisle-pallet-racking\/#breadcrumb\"},\"inLanguage\":\"es-ES\",\"potentialAction\":[{\"@type\":\"ReadAction\",\"target\":[\"https:\/\/www.iwarehousing.com\/product\/narrow-aisle-pallet-racking\/\"]}]},{\"@type\":\"ImageObject\",\"inLanguage\":\"es-ES\",\"@id\":\"https:\/\/www.iwarehousing.com\/product\/narrow-aisle-pallet-racking\/#primaryimage\",\"url\":\"https:\/\/www.iwarehousing.com\/wp-content\/uploads\/2022\/06\/narrow-aisle-pallet-racking.jpg\",\"contentUrl\":\"https:\/\/www.iwarehousing.com\/wp-content\/uploads\/2022\/06\/narrow-aisle-pallet-racking.jpg\",\"width\":2000,\"height\":1333,\"caption\":\"narrow aisle pallet racking\"},{\"@type\":\"BreadcrumbList\",\"@id\":\"https:\/\/www.iwarehousing.com\/product\/narrow-aisle-pallet-racking\/#breadcrumb\",\"itemListElement\":[{\"@type\":\"ListItem\",\"position\":1,\"name\":\"Home\",\"item\":\"https:\/\/www.iwarehousing.com\/\"},{\"@type\":\"ListItem\",\"position\":2,\"name\":\"Product\",\"item\":\"https:\/\/www.iwarehousing.com\/product\/\"},{\"@type\":\"ListItem\",\"position\":3,\"name\":\"Narrow Aisle Pallet Racking\"}]},{\"@type\":\"WebSite\",\"@id\":\"https:\/\/www.iwarehousing.com\/#website\",\"url\":\"https:\/\/www.iwarehousing.com\/\",\"name\":\"iWarehousing\",\"description\":\"Focus on warehousing equipments\",\"publisher\":{\"@id\":\"https:\/\/www.iwarehousing.com\/#organization\"},\"potentialAction\":[{\"@type\":\"SearchAction\",\"target\":{\"@type\":\"EntryPoint\",\"urlTemplate\":\"https:\/\/www.iwarehousing.com\/?s={search_term_string}\"},\"query-input\":{\"@type\":\"PropertyValueSpecification\",\"valueRequired\":true,\"valueName\":\"search_term_string\"}}],\"inLanguage\":\"es-ES\"},{\"@type\":\"Organization\",\"@id\":\"https:\/\/www.iwarehousing.com\/#organization\",\"name\":\"iWarehousing\",\"url\":\"https:\/\/www.iwarehousing.com\/\",\"logo\":{\"@type\":\"ImageObject\",\"inLanguage\":\"es-ES\",\"@id\":\"https:\/\/www.iwarehousing.com\/#\/schema\/logo\/image\/\",\"url\":\"https:\/\/www.iwarehousing.com\/wp-content\/uploads\/2022\/05\/iW-logo-no-tag-800pxREV2.png\",\"contentUrl\":\"https:\/\/www.iwarehousing.com\/wp-content\/uploads\/2022\/05\/iW-logo-no-tag-800pxREV2.png\",\"width\":1753,\"height\":490,\"caption\":\"iWarehousing\"},\"image\":{\"@id\":\"https:\/\/www.iwarehousing.com\/#\/schema\/logo\/image\/\"}}]}<\/script>\n<!-- \/ Yoast SEO plugin. -->","yoast_head_json":{"title":"Narrow Aisle Pallet Racking - iWarehousing","robots":{"index":"index","follow":"follow","max-snippet":"max-snippet:-1","max-image-preview":"max-image-preview:large","max-video-preview":"max-video-preview:-1"},"canonical":"https:\/\/www.iwarehousing.com\/es\/product\/narrow-aisle-pallet-racking\/","og_locale":"es_ES","og_type":"article","og_title":"Narrow Aisle Pallet Racking - iWarehousing","og_description":"Narrow aisle  High storage density  Specialized lift trucks required  High rack height available  Good selectivity","og_url":"https:\/\/www.iwarehousing.com\/es\/product\/narrow-aisle-pallet-racking\/","og_site_name":"iWarehousing","article_modified_time":"2023-03-30T08:16:54+00:00","og_image":[{"width":2000,"height":1333,"url":"https:\/\/www.iwarehousing.com\/wp-content\/uploads\/2022\/06\/narrow-aisle-pallet-racking.jpg","type":"image\/jpeg"}],"twitter_card":"summary_large_image","twitter_misc":{"Est. reading time":"3 minutes"},"schema":{"@context":"https:\/\/schema.org","@graph":[{"@type":"WebPage","@id":"https:\/\/www.iwarehousing.com\/product\/narrow-aisle-pallet-racking\/","url":"https:\/\/www.iwarehousing.com\/product\/narrow-aisle-pallet-racking\/","name":"Narrow Aisle Pallet Racking - iWarehousing","isPartOf":{"@id":"https:\/\/www.iwarehousing.com\/#website"},"primaryImageOfPage":{"@id":"https:\/\/www.iwarehousing.com\/product\/narrow-aisle-pallet-racking\/#primaryimage"},"image":{"@id":"https:\/\/www.iwarehousing.com\/product\/narrow-aisle-pallet-racking\/#primaryimage"},"thumbnailUrl":"https:\/\/www.iwarehousing.com\/wp-content\/uploads\/2022\/06\/narrow-aisle-pallet-racking.jpg","datePublished":"2022-06-27T08:10:44+00:00","dateModified":"2023-03-30T08:16:54+00:00","breadcrumb":{"@id":"https:\/\/www.iwarehousing.com\/product\/narrow-aisle-pallet-racking\/#breadcrumb"},"inLanguage":"es-ES","potentialAction":[{"@type":"ReadAction","target":["https:\/\/www.iwarehousing.com\/product\/narrow-aisle-pallet-racking\/"]}]},{"@type":"ImageObject","inLanguage":"es-ES","@id":"https:\/\/www.iwarehousing.com\/product\/narrow-aisle-pallet-racking\/#primaryimage","url":"https:\/\/www.iwarehousing.com\/wp-content\/uploads\/2022\/06\/narrow-aisle-pallet-racking.jpg","contentUrl":"https:\/\/www.iwarehousing.com\/wp-content\/uploads\/2022\/06\/narrow-aisle-pallet-racking.jpg","width":2000,"height":1333,"caption":"narrow aisle pallet racking"},{"@type":"BreadcrumbList","@id":"https:\/\/www.iwarehousing.com\/product\/narrow-aisle-pallet-racking\/#breadcrumb","itemListElement":[{"@type":"ListItem","position":1,"name":"Home","item":"https:\/\/www.iwarehousing.com\/"},{"@type":"ListItem","position":2,"name":"Product","item":"https:\/\/www.iwarehousing.com\/product\/"},{"@type":"ListItem","position":3,"name":"Narrow Aisle Pallet Racking"}]},{"@type":"WebSite","@id":"https:\/\/www.iwarehousing.com\/#website","url":"https:\/\/www.iwarehousing.com\/","name":"iWarehousing","description":"Focus on warehousing equipments","publisher":{"@id":"https:\/\/www.iwarehousing.com\/#organization"},"potentialAction":[{"@type":"SearchAction","target":{"@type":"EntryPoint","urlTemplate":"https:\/\/www.iwarehousing.com\/?s={search_term_string}"},"query-input":{"@type":"PropertyValueSpecification","valueRequired":true,"valueName":"search_term_string"}}],"inLanguage":"es-ES"},{"@type":"Organization","@id":"https:\/\/www.iwarehousing.com\/#organization","name":"iWarehousing","url":"https:\/\/www.iwarehousing.com\/","logo":{"@type":"ImageObject","inLanguage":"es-ES","@id":"https:\/\/www.iwarehousing.com\/#\/schema\/logo\/image\/","url":"https:\/\/www.iwarehousing.com\/wp-content\/uploads\/2022\/05\/iW-logo-no-tag-800pxREV2.png","contentUrl":"https:\/\/www.iwarehousing.com\/wp-content\/uploads\/2022\/05\/iW-logo-no-tag-800pxREV2.png","width":1753,"height":490,"caption":"iWarehousing"},"image":{"@id":"https:\/\/www.iwarehousing.com\/#\/schema\/logo\/image\/"}}]}},"_links":{"self":[{"href":"https:\/\/www.iwarehousing.com\/es\/wp-json\/wp\/v2\/product\/189","targetHints":{"allow":["GET"]}}],"collection":[{"href":"https:\/\/www.iwarehousing.com\/es\/wp-json\/wp\/v2\/product"}],"about":[{"href":"https:\/\/www.iwarehousing.com\/es\/wp-json\/wp\/v2\/types\/product"}],"replies":[{"embeddable":true,"href":"https:\/\/www.iwarehousing.com\/es\/wp-json\/wp\/v2\/comments?post=189"}],"wp:featuredmedia":[{"embeddable":true,"href":"https:\/\/www.iwarehousing.com\/es\/wp-json\/wp\/v2\/media\/2399"}],"wp:attachment":[{"href":"https:\/\/www.iwarehousing.com\/es\/wp-json\/wp\/v2\/media?parent=189"}],"wp:term":[{"taxonomy":"product_brand","embeddable":true,"href":"https:\/\/www.iwarehousing.com\/es\/wp-json\/wp\/v2\/product_brand?post=189"},{"taxonomy":"product_cat","embeddable":true,"href":"https:\/\/www.iwarehousing.com\/es\/wp-json\/wp\/v2\/product_cat?post=189"},{"taxonomy":"product_tag","embeddable":true,"href":"https:\/\/www.iwarehousing.com\/es\/wp-json\/wp\/v2\/product_tag?post=189"}],"curies":[{"name":"wp","href":"https:\/\/api.w.org\/{rel}","templated":true}]}}