{"id":183,"date":"2022-06-27T16:06:53","date_gmt":"2022-06-27T08:06:53","guid":{"rendered":"https:\/\/imm31ev9mx.onrocket.site\/?post_type=product&#038;p=183"},"modified":"2023-03-30T15:41:18","modified_gmt":"2023-03-30T07:41:18","slug":"industrial-pallet-racking","status":"publish","type":"product","link":"https:\/\/www.iwarehousing.com\/es\/product\/industrial-pallet-racking\/","title":{"rendered":"Estanter\u00edas industriales para paletas"},"content":{"rendered":"<p>Las estanter\u00edas industriales para paletas son un tipo de sistema de almacenamiento dise\u00f1ado para contener paletas de mercanc\u00edas o materiales en un almac\u00e9n o entorno industrial. Por lo general, consta de columnas verticales, vigas horizontales y tirantes diagonales que se ensamblan para formar una estructura de estanter\u00eda. Los pal\u00e9s se colocan sobre las vigas horizontales, que son ajustables para adaptarse a diferentes tama\u00f1os y pesos de pal\u00e9s. Las estanter\u00edas industriales para paletas son una soluci\u00f3n popular para optimizar el espacio del almac\u00e9n, mejorar la gesti\u00f3n del inventario y aumentar la productividad en entornos industriales.<\/p>\n<h2>Los tres tipos m\u00e1s populares de estanter\u00edas industriales para paletas<\/h2>\n<p><a href=\"https:\/\/www.iwarehousing.com\/es\/product\/adjustable-pallet-racking\/\">Estanter\u00edas para paletas ajustables<\/a><\/p>\n<p><a href=\"https:\/\/www.iwarehousing.com\/es\/product\/drive-in-pallet-racking\/\">Estanter\u00edas para paletas drive-in<\/a><\/p>\n<p><a href=\"https:\/\/www.iwarehousing.com\/es\/product\/pallet-shuttle-racking-system\/\">Sistema de estanter\u00edas para paletas<\/a><\/p>\n<h3>Las estanter\u00edas para paletas ajustables son las m\u00e1s populares por varias razones<\/h3>\n<ol>\n<li>Versatilidad: las estanter\u00edas para paletas ajustables son una soluci\u00f3n de almacenamiento vers\u00e1til que puede acomodar diferentes tama\u00f1os y pesos de paletas, lo que las hace adecuadas para una amplia gama de industrias y tipos de productos.<\/li>\n<li>Accesibilidad: con estanter\u00edas para pal\u00e9s ajustables, se puede acceder a cada pal\u00e9 desde el pasillo, lo que permite una preparaci\u00f3n y reposici\u00f3n de mercanc\u00edas sencilla y eficiente. Esto lo convierte en una opci\u00f3n ideal para empresas que necesitan gestionar una gran cantidad de productos diferentes con distintos n\u00fameros de SKU.<\/li>\n<li>Rentabilidad: En comparaci\u00f3n con otros tipos de sistemas de estanter\u00edas, las estanter\u00edas para paletas ajustables son generalmente menos costosas de instalar y mantener. Requiere un equipo especializado m\u00ednimo y se puede ensamblar o reconfigurar f\u00e1cilmente para adaptarse a las necesidades cambiantes de almacenamiento.<\/li>\n<li>Utilizaci\u00f3n del espacio: las estanter\u00edas para paletas ajustables est\u00e1n dise\u00f1adas para maximizar el uso del espacio vertical en un almac\u00e9n o instalaci\u00f3n de almacenamiento, lo que permite a las empresas almacenar m\u00e1s inventario en un espacio m\u00e1s peque\u00f1o.<\/li>\n<\/ol>","protected":false},"excerpt":{"rendered":"<ul>\n<li>Gran capacidad de carga: manipulaci\u00f3n de mercanc\u00edas pesadas<\/li>\n<li>Ser ajustable para adaptarse a diferentes tama\u00f1os y pesos de paletas.<\/li>\n<li>Construcci\u00f3n de acero resistente y conexiones robustas que garantizan estabilidad y seguridad.<\/li>\n<li>Maximice el uso del espacio disponible: una soluci\u00f3n de almacenamiento eficiente y rentable<\/li>\n<\/ul>","protected":false},"featured_media":2395,"comment_status":"open","ping_status":"closed","template":"","meta":{"_seopress_robots_primary_cat":"","_seopress_titles_title":"","_seopress_titles_desc":"","_seopress_robots_index":""},"product_brand":[],"product_cat":[30],"product_tag":[],"class_list":{"0":"post-183","1":"product","2":"type-product","3":"status-publish","4":"has-post-thumbnail","6":"product_cat-pallet-racking","8":"first","9":"instock","10":"shipping-taxable","11":"product-type-simple"},"yoast_head":"<!-- This site is optimized with the Yoast SEO plugin v26.5 - https:\/\/yoast.com\/wordpress\/plugins\/seo\/ -->\n<title>Industrial Pallet Racking - iWarehousing<\/title>\n<meta name=\"robots\" content=\"index, follow, max-snippet:-1, max-image-preview:large, max-video-preview:-1\" \/>\n<link rel=\"canonical\" href=\"https:\/\/www.iwarehousing.com\/es\/product\/industrial-pallet-racking\/\" \/>\n<meta property=\"og:locale\" content=\"es_ES\" \/>\n<meta property=\"og:type\" content=\"article\" \/>\n<meta property=\"og:title\" content=\"Industrial Pallet Racking - iWarehousing\" \/>\n<meta property=\"og:description\" content=\"Large load capacity - handling heavy goods  Be adjustable to accommodate different pallet sizes and weights  Heavy-duty steel construction and robust connections that ensure stability and safety  Maximize the use of available space - an efficient and cost-effective storage solution\" \/>\n<meta property=\"og:url\" content=\"https:\/\/www.iwarehousing.com\/es\/product\/industrial-pallet-racking\/\" \/>\n<meta property=\"og:site_name\" content=\"iWarehousing\" \/>\n<meta property=\"article:modified_time\" content=\"2023-03-30T07:41:18+00:00\" \/>\n<meta property=\"og:image\" content=\"https:\/\/www.iwarehousing.com\/wp-content\/uploads\/2022\/06\/industrial-pallet-racking-0.jpg\" \/>\n\t<meta property=\"og:image:width\" content=\"2000\" \/>\n\t<meta property=\"og:image:height\" content=\"1333\" \/>\n\t<meta property=\"og:image:type\" content=\"image\/jpeg\" \/>\n<meta name=\"twitter:card\" content=\"summary_large_image\" \/>\n<meta name=\"twitter:label1\" content=\"Est. reading time\" \/>\n\t<meta name=\"twitter:data1\" content=\"1 minute\" \/>\n<script type=\"application\/ld+json\" class=\"yoast-schema-graph\">{\"@context\":\"https:\/\/schema.org\",\"@graph\":[{\"@type\":\"WebPage\",\"@id\":\"https:\/\/www.iwarehousing.com\/product\/industrial-pallet-racking\/\",\"url\":\"https:\/\/www.iwarehousing.com\/product\/industrial-pallet-racking\/\",\"name\":\"Industrial Pallet Racking - iWarehousing\",\"isPartOf\":{\"@id\":\"https:\/\/www.iwarehousing.com\/#website\"},\"primaryImageOfPage\":{\"@id\":\"https:\/\/www.iwarehousing.com\/product\/industrial-pallet-racking\/#primaryimage\"},\"image\":{\"@id\":\"https:\/\/www.iwarehousing.com\/product\/industrial-pallet-racking\/#primaryimage\"},\"thumbnailUrl\":\"https:\/\/www.iwarehousing.com\/wp-content\/uploads\/2022\/06\/industrial-pallet-racking-0.jpg\",\"datePublished\":\"2022-06-27T08:06:53+00:00\",\"dateModified\":\"2023-03-30T07:41:18+00:00\",\"breadcrumb\":{\"@id\":\"https:\/\/www.iwarehousing.com\/product\/industrial-pallet-racking\/#breadcrumb\"},\"inLanguage\":\"es-ES\",\"potentialAction\":[{\"@type\":\"ReadAction\",\"target\":[\"https:\/\/www.iwarehousing.com\/product\/industrial-pallet-racking\/\"]}]},{\"@type\":\"ImageObject\",\"inLanguage\":\"es-ES\",\"@id\":\"https:\/\/www.iwarehousing.com\/product\/industrial-pallet-racking\/#primaryimage\",\"url\":\"https:\/\/www.iwarehousing.com\/wp-content\/uploads\/2022\/06\/industrial-pallet-racking-0.jpg\",\"contentUrl\":\"https:\/\/www.iwarehousing.com\/wp-content\/uploads\/2022\/06\/industrial-pallet-racking-0.jpg\",\"width\":2000,\"height\":1333,\"caption\":\"industrial pallet racking\"},{\"@type\":\"BreadcrumbList\",\"@id\":\"https:\/\/www.iwarehousing.com\/product\/industrial-pallet-racking\/#breadcrumb\",\"itemListElement\":[{\"@type\":\"ListItem\",\"position\":1,\"name\":\"Home\",\"item\":\"https:\/\/www.iwarehousing.com\/\"},{\"@type\":\"ListItem\",\"position\":2,\"name\":\"Product\",\"item\":\"https:\/\/www.iwarehousing.com\/product\/\"},{\"@type\":\"ListItem\",\"position\":3,\"name\":\"Industrial Pallet Racking\"}]},{\"@type\":\"WebSite\",\"@id\":\"https:\/\/www.iwarehousing.com\/#website\",\"url\":\"https:\/\/www.iwarehousing.com\/\",\"name\":\"iWarehousing\",\"description\":\"Focus on warehousing equipments\",\"publisher\":{\"@id\":\"https:\/\/www.iwarehousing.com\/#organization\"},\"potentialAction\":[{\"@type\":\"SearchAction\",\"target\":{\"@type\":\"EntryPoint\",\"urlTemplate\":\"https:\/\/www.iwarehousing.com\/?s={search_term_string}\"},\"query-input\":{\"@type\":\"PropertyValueSpecification\",\"valueRequired\":true,\"valueName\":\"search_term_string\"}}],\"inLanguage\":\"es-ES\"},{\"@type\":\"Organization\",\"@id\":\"https:\/\/www.iwarehousing.com\/#organization\",\"name\":\"iWarehousing\",\"url\":\"https:\/\/www.iwarehousing.com\/\",\"logo\":{\"@type\":\"ImageObject\",\"inLanguage\":\"es-ES\",\"@id\":\"https:\/\/www.iwarehousing.com\/#\/schema\/logo\/image\/\",\"url\":\"https:\/\/www.iwarehousing.com\/wp-content\/uploads\/2022\/05\/iW-logo-no-tag-800pxREV2.png\",\"contentUrl\":\"https:\/\/www.iwarehousing.com\/wp-content\/uploads\/2022\/05\/iW-logo-no-tag-800pxREV2.png\",\"width\":1753,\"height\":490,\"caption\":\"iWarehousing\"},\"image\":{\"@id\":\"https:\/\/www.iwarehousing.com\/#\/schema\/logo\/image\/\"}}]}<\/script>\n<!-- \/ Yoast SEO plugin. -->","yoast_head_json":{"title":"Industrial Pallet Racking - iWarehousing","robots":{"index":"index","follow":"follow","max-snippet":"max-snippet:-1","max-image-preview":"max-image-preview:large","max-video-preview":"max-video-preview:-1"},"canonical":"https:\/\/www.iwarehousing.com\/es\/product\/industrial-pallet-racking\/","og_locale":"es_ES","og_type":"article","og_title":"Industrial Pallet Racking - iWarehousing","og_description":"Large load capacity - handling heavy goods  Be adjustable to accommodate different pallet sizes and weights  Heavy-duty steel construction and robust connections that ensure stability and safety  Maximize the use of available space - an efficient and cost-effective storage solution","og_url":"https:\/\/www.iwarehousing.com\/es\/product\/industrial-pallet-racking\/","og_site_name":"iWarehousing","article_modified_time":"2023-03-30T07:41:18+00:00","og_image":[{"width":2000,"height":1333,"url":"https:\/\/www.iwarehousing.com\/wp-content\/uploads\/2022\/06\/industrial-pallet-racking-0.jpg","type":"image\/jpeg"}],"twitter_card":"summary_large_image","twitter_misc":{"Est. reading time":"1 minute"},"schema":{"@context":"https:\/\/schema.org","@graph":[{"@type":"WebPage","@id":"https:\/\/www.iwarehousing.com\/product\/industrial-pallet-racking\/","url":"https:\/\/www.iwarehousing.com\/product\/industrial-pallet-racking\/","name":"Industrial Pallet Racking - iWarehousing","isPartOf":{"@id":"https:\/\/www.iwarehousing.com\/#website"},"primaryImageOfPage":{"@id":"https:\/\/www.iwarehousing.com\/product\/industrial-pallet-racking\/#primaryimage"},"image":{"@id":"https:\/\/www.iwarehousing.com\/product\/industrial-pallet-racking\/#primaryimage"},"thumbnailUrl":"https:\/\/www.iwarehousing.com\/wp-content\/uploads\/2022\/06\/industrial-pallet-racking-0.jpg","datePublished":"2022-06-27T08:06:53+00:00","dateModified":"2023-03-30T07:41:18+00:00","breadcrumb":{"@id":"https:\/\/www.iwarehousing.com\/product\/industrial-pallet-racking\/#breadcrumb"},"inLanguage":"es-ES","potentialAction":[{"@type":"ReadAction","target":["https:\/\/www.iwarehousing.com\/product\/industrial-pallet-racking\/"]}]},{"@type":"ImageObject","inLanguage":"es-ES","@id":"https:\/\/www.iwarehousing.com\/product\/industrial-pallet-racking\/#primaryimage","url":"https:\/\/www.iwarehousing.com\/wp-content\/uploads\/2022\/06\/industrial-pallet-racking-0.jpg","contentUrl":"https:\/\/www.iwarehousing.com\/wp-content\/uploads\/2022\/06\/industrial-pallet-racking-0.jpg","width":2000,"height":1333,"caption":"industrial pallet racking"},{"@type":"BreadcrumbList","@id":"https:\/\/www.iwarehousing.com\/product\/industrial-pallet-racking\/#breadcrumb","itemListElement":[{"@type":"ListItem","position":1,"name":"Home","item":"https:\/\/www.iwarehousing.com\/"},{"@type":"ListItem","position":2,"name":"Product","item":"https:\/\/www.iwarehousing.com\/product\/"},{"@type":"ListItem","position":3,"name":"Industrial Pallet Racking"}]},{"@type":"WebSite","@id":"https:\/\/www.iwarehousing.com\/#website","url":"https:\/\/www.iwarehousing.com\/","name":"iWarehousing","description":"Focus on warehousing equipments","publisher":{"@id":"https:\/\/www.iwarehousing.com\/#organization"},"potentialAction":[{"@type":"SearchAction","target":{"@type":"EntryPoint","urlTemplate":"https:\/\/www.iwarehousing.com\/?s={search_term_string}"},"query-input":{"@type":"PropertyValueSpecification","valueRequired":true,"valueName":"search_term_string"}}],"inLanguage":"es-ES"},{"@type":"Organization","@id":"https:\/\/www.iwarehousing.com\/#organization","name":"iWarehousing","url":"https:\/\/www.iwarehousing.com\/","logo":{"@type":"ImageObject","inLanguage":"es-ES","@id":"https:\/\/www.iwarehousing.com\/#\/schema\/logo\/image\/","url":"https:\/\/www.iwarehousing.com\/wp-content\/uploads\/2022\/05\/iW-logo-no-tag-800pxREV2.png","contentUrl":"https:\/\/www.iwarehousing.com\/wp-content\/uploads\/2022\/05\/iW-logo-no-tag-800pxREV2.png","width":1753,"height":490,"caption":"iWarehousing"},"image":{"@id":"https:\/\/www.iwarehousing.com\/#\/schema\/logo\/image\/"}}]}},"_links":{"self":[{"href":"https:\/\/www.iwarehousing.com\/es\/wp-json\/wp\/v2\/product\/183","targetHints":{"allow":["GET"]}}],"collection":[{"href":"https:\/\/www.iwarehousing.com\/es\/wp-json\/wp\/v2\/product"}],"about":[{"href":"https:\/\/www.iwarehousing.com\/es\/wp-json\/wp\/v2\/types\/product"}],"replies":[{"embeddable":true,"href":"https:\/\/www.iwarehousing.com\/es\/wp-json\/wp\/v2\/comments?post=183"}],"wp:featuredmedia":[{"embeddable":true,"href":"https:\/\/www.iwarehousing.com\/es\/wp-json\/wp\/v2\/media\/2395"}],"wp:attachment":[{"href":"https:\/\/www.iwarehousing.com\/es\/wp-json\/wp\/v2\/media?parent=183"}],"wp:term":[{"taxonomy":"product_brand","embeddable":true,"href":"https:\/\/www.iwarehousing.com\/es\/wp-json\/wp\/v2\/product_brand?post=183"},{"taxonomy":"product_cat","embeddable":true,"href":"https:\/\/www.iwarehousing.com\/es\/wp-json\/wp\/v2\/product_cat?post=183"},{"taxonomy":"product_tag","embeddable":true,"href":"https:\/\/www.iwarehousing.com\/es\/wp-json\/wp\/v2\/product_tag?post=183"}],"curies":[{"name":"wp","href":"https:\/\/api.w.org\/{rel}","templated":true}]}}