{"id":181,"date":"2022-06-27T16:04:49","date_gmt":"2022-06-27T08:04:49","guid":{"rendered":"https:\/\/imm31ev9mx.onrocket.site\/?post_type=product&#038;p=181"},"modified":"2022-09-20T09:37:13","modified_gmt":"2022-09-20T01:37:13","slug":"warehouse-pallet-racking","status":"publish","type":"product","link":"https:\/\/www.iwarehousing.com\/es\/product\/warehouse-pallet-racking\/","title":{"rendered":"Estanter\u00edas para paletas de almac\u00e9n"},"content":{"rendered":"<p>Las estanter\u00edas para pal\u00e9s de almac\u00e9n se refieren a un sistema que almacena cosas en la parte superior de pal\u00e9s de madera o pl\u00e1stico. Desde pal\u00e9s livianos hasta pal\u00e9s de servicio extra pesado, las estanter\u00edas para pal\u00e9s son la soluci\u00f3n de almacenamiento m\u00e1s com\u00fan para todos los productos paletizados, ya que aumentar\u00e1n sus capacidades de almacenamiento. Las estanter\u00edas para pal\u00e9s de almac\u00e9n tambi\u00e9n permiten acceder a cada pal\u00e9 del sistema para proporcionar una operaci\u00f3n r\u00e1pida de recuperaci\u00f3n de pal\u00e9s y se pueden utilizar con cualquier tipo de carretilla elevadora, incluidas las carretillas contrapesadas y retr\u00e1ctiles.<\/p>\n<p>Ofrecemos la mayor\u00eda de los tipos y configuraciones de estanter\u00edas para paletas de almac\u00e9n que se utilizan con frecuencia en los almacenes, mientras que <a href=\"https:\/\/www.iwarehousing.com\/es\/product\/selective-pallet-racking\/\">estanter\u00edas selectivas para palets<\/a> Es el sistema m\u00e1s utilizado. Suelen ser de configuraci\u00f3n \u201claminada\u201d o \u201cestructural\u201d. Suelen estar formadas por montantes y un par de vigas para crear estanter\u00edas destinadas al almacenamiento de palets. Este tipo de sistemas suelen requerir una inversi\u00f3n menor y tienen una buena accesibilidad entre todos los sistemas de estanter\u00edas para palets del almac\u00e9n.<\/p>\n<h2>Ventajas de las estanter\u00edas para palets en almacenes<\/h2>\n<ul>\n<li>Posici\u00f3n de pal\u00e9 de bajo coste<\/li>\n<\/ul>\n<p>Las estanter\u00edas selectivas para pal\u00e9s son el tipo m\u00e1s com\u00fan de estanter\u00edas para pal\u00e9s y mantienen el menor costo inicial por pal\u00e9 en comparaci\u00f3n con otros sistemas de estanter\u00edas para pal\u00e9s. El bajo costo inicial hace que las estanter\u00edas selectivas para pal\u00e9s sean una opci\u00f3n ideal para una amplia variedad de productos para el almacenamiento en dep\u00f3sitos.<\/p>\n<ul>\n<li>Selectividad total y acceso directo a cada palet<\/li>\n<\/ul>\n<p>Las estanter\u00edas selectivas para pal\u00e9s utilizan la gesti\u00f3n de inventario FIFO y brindan acceso oportuno a las posiciones de los pal\u00e9s. Las carretillas elevadoras pueden acceder a una gran cantidad de SKU que se ajusta a las cambiantes demandas del mercado y a los requisitos de gesti\u00f3n de inventario. La selectividad total permite que el centro de distribuci\u00f3n se mantenga al d\u00eda con los cambios en la demanda de los consumidores.<\/p>\n<ul>\n<li>F\u00e1cilmente configurable para cualquier tama\u00f1o de carga<\/li>\n<\/ul>\n<p>Un almac\u00e9n necesita que los tipos de SKU cambien con frecuencia y las estanter\u00edas de paletas selectivas brindan la capacidad de ajustar los cambios seg\u00fan las demandas del mercado y del producto.<\/p>\n<ul>\n<li>Maximizar el espacio de almacenamiento<\/li>\n<\/ul>\n<p>El sistema de almacenamiento en estanter\u00edas de paletas selectivas puede garantizar que pueda utilizar el espacio de almacenamiento de su almac\u00e9n de la manera m\u00e1s eficiente posible.<\/p>\n<h2>\u00bfC\u00f3mo dise\u00f1ar un sistema de estanter\u00edas para palets en un almac\u00e9n?<\/h2>\n<ol>\n<li>Determinar el ancho de la viga y la capacidad m\u00e1xima.<\/li>\n<\/ol>\n<p>Al calcular el ancho de las vigas de las estanter\u00edas para pal\u00e9s que necesita, es mejor agregar algo de espacio entre los montantes de las estanter\u00edas para pal\u00e9s y los pal\u00e9s. Esto permite que los operadores de las carretillas elevadoras tengan un poco de espacio mientras mueven las mercanc\u00edas dentro y fuera del sistema de estanter\u00edas para pal\u00e9s. Esto puede reducir la cantidad de da\u00f1os en las estanter\u00edas para pal\u00e9s y aumentar la eficiencia del operador, ya que no tiene que reducir la velocidad. Un dise\u00f1ador tambi\u00e9n necesita saber la capacidad de carga de un pal\u00e9 para poder elegir el perfil de la viga que se utilizar\u00e1 en el sistema de estanter\u00edas para pal\u00e9s.<\/p>\n<ol start=\"2\">\n<li>Determine qu\u00e9 profundidad debe tener su estanter\u00eda vertical para paletas.<\/li>\n<\/ol>\n<p>El siguiente paso es tomar la profundidad de los productos que intenta almacenar, que se calcul\u00f3 en el primer paso, y agregar dos pulgadas a cada lado.<\/p>\n<ol start=\"3\">\n<li>Determine las dimensiones de sus estanter\u00edas para paletas.<\/li>\n<\/ol>\n<p>Despu\u00e9s de los pasos 1 y 2, puede fijar la profundidad, el ancho y la altura de las estanter\u00edas para pal\u00e9s. Luego, el ingeniero puede dise\u00f1ar la disposici\u00f3n de las estanter\u00edas seg\u00fan la situaci\u00f3n del almac\u00e9n.<\/p>\n<p>Aspectos a tener en cuenta al dise\u00f1ar un sistema de estanter\u00edas para palets de almac\u00e9n<\/p>\n<h2>Al dise\u00f1ar un sistema de estanter\u00edas para paletas, aseg\u00farese de tener en cuenta lo siguiente:<\/h2>\n<ul>\n<li>Densidad de almacenamiento requerida.<\/li>\n<li>Hay espacio disponible en el piso.<\/li>\n<li>Altura del edificio<\/li>\n<li>Accesibilidad del inventario<\/li>\n<li>Requisitos de rotaci\u00f3n<\/li>\n<li>Tama\u00f1o y peso de la carga de palets<\/li>\n<li>Costo de materiales e instalaci\u00f3n<\/li>\n<\/ul>","protected":false},"excerpt":{"rendered":"<p>Warehouse pallet racking system can make efficient use of the storage space of warehouse to lay palletized goods. Pallet racking offers an effective pallet storage system which is compatible with all types and sizes of pallets. It can be adjusted easily and offers the most comprehensive components of the system. With 100% accessibility of your goods, you will have proper stock rotation and quick picking to increase work efficiency.<\/p>\n<p>If you are looking to use warehouse storage space more efficiently, a warehouse racking system maybe your best choice. Selective Pallet Racking Systems are industry standard and are currently most frequently used. It\u2019s compatible with all pallet types and sizes and can be used with any type of handling system. Its advantages are flexibility and versatility.<\/p>","protected":false},"featured_media":262,"comment_status":"open","ping_status":"closed","template":"","meta":{"_seopress_robots_primary_cat":"","_seopress_titles_title":"","_seopress_titles_desc":"","_seopress_robots_index":""},"product_brand":[],"product_cat":[30],"product_tag":[],"class_list":{"0":"post-181","1":"product","2":"type-product","3":"status-publish","4":"has-post-thumbnail","6":"product_cat-pallet-racking","8":"first","9":"instock","10":"shipping-taxable","11":"product-type-simple"},"yoast_head":"<!-- This site is optimized with the Yoast SEO plugin v26.5 - https:\/\/yoast.com\/wordpress\/plugins\/seo\/ -->\n<title>Warehouse Pallet Racking - iWarehousing<\/title>\n<meta name=\"robots\" content=\"index, follow, max-snippet:-1, max-image-preview:large, max-video-preview:-1\" \/>\n<link rel=\"canonical\" href=\"https:\/\/www.iwarehousing.com\/es\/product\/warehouse-pallet-racking\/\" \/>\n<meta property=\"og:locale\" content=\"es_ES\" \/>\n<meta property=\"og:type\" content=\"article\" \/>\n<meta property=\"og:title\" content=\"Warehouse Pallet Racking - iWarehousing\" \/>\n<meta property=\"og:description\" content=\"Warehouse pallet racking system can make efficient use of the storage space of warehouse to lay palletized goods. Pallet racking offers an effective pallet storage system which is compatible with all types and sizes of pallets. It can be adjusted easily and offers the most comprehensive components of the system. With 100% accessibility of your goods, you will have proper stock rotation and quick picking to increase work efficiency.  If you are looking to use warehouse storage space more efficiently, a warehouse racking system maybe your best choice. Selective Pallet Racking Systems are industry standard and are currently most frequently used. It\u2019s compatible with all pallet types and sizes and can be used with any type of handling system. Its advantages are flexibility and versatility.\" \/>\n<meta property=\"og:url\" content=\"https:\/\/www.iwarehousing.com\/es\/product\/warehouse-pallet-racking\/\" \/>\n<meta property=\"og:site_name\" content=\"iWarehousing\" \/>\n<meta property=\"article:modified_time\" content=\"2022-09-20T01:37:13+00:00\" \/>\n<meta property=\"og:image\" content=\"https:\/\/www.iwarehousing.com\/wp-content\/uploads\/2022\/06\/Warehouse-Pallet-Racking-3.jpg\" \/>\n\t<meta property=\"og:image:width\" content=\"600\" \/>\n\t<meta property=\"og:image:height\" content=\"600\" \/>\n\t<meta property=\"og:image:type\" content=\"image\/jpeg\" \/>\n<meta name=\"twitter:card\" content=\"summary_large_image\" \/>\n<meta name=\"twitter:label1\" content=\"Est. reading time\" \/>\n\t<meta name=\"twitter:data1\" content=\"3 minutes\" \/>\n<script type=\"application\/ld+json\" class=\"yoast-schema-graph\">{\"@context\":\"https:\/\/schema.org\",\"@graph\":[{\"@type\":\"WebPage\",\"@id\":\"https:\/\/www.iwarehousing.com\/product\/warehouse-pallet-racking\/\",\"url\":\"https:\/\/www.iwarehousing.com\/product\/warehouse-pallet-racking\/\",\"name\":\"Warehouse Pallet Racking - iWarehousing\",\"isPartOf\":{\"@id\":\"https:\/\/www.iwarehousing.com\/#website\"},\"primaryImageOfPage\":{\"@id\":\"https:\/\/www.iwarehousing.com\/product\/warehouse-pallet-racking\/#primaryimage\"},\"image\":{\"@id\":\"https:\/\/www.iwarehousing.com\/product\/warehouse-pallet-racking\/#primaryimage\"},\"thumbnailUrl\":\"https:\/\/www.iwarehousing.com\/wp-content\/uploads\/2022\/06\/Warehouse-Pallet-Racking-3.jpg\",\"datePublished\":\"2022-06-27T08:04:49+00:00\",\"dateModified\":\"2022-09-20T01:37:13+00:00\",\"breadcrumb\":{\"@id\":\"https:\/\/www.iwarehousing.com\/product\/warehouse-pallet-racking\/#breadcrumb\"},\"inLanguage\":\"es-ES\",\"potentialAction\":[{\"@type\":\"ReadAction\",\"target\":[\"https:\/\/www.iwarehousing.com\/product\/warehouse-pallet-racking\/\"]}]},{\"@type\":\"ImageObject\",\"inLanguage\":\"es-ES\",\"@id\":\"https:\/\/www.iwarehousing.com\/product\/warehouse-pallet-racking\/#primaryimage\",\"url\":\"https:\/\/www.iwarehousing.com\/wp-content\/uploads\/2022\/06\/Warehouse-Pallet-Racking-3.jpg\",\"contentUrl\":\"https:\/\/www.iwarehousing.com\/wp-content\/uploads\/2022\/06\/Warehouse-Pallet-Racking-3.jpg\",\"width\":600,\"height\":600,\"caption\":\"warehouse pallet racking 3\"},{\"@type\":\"BreadcrumbList\",\"@id\":\"https:\/\/www.iwarehousing.com\/product\/warehouse-pallet-racking\/#breadcrumb\",\"itemListElement\":[{\"@type\":\"ListItem\",\"position\":1,\"name\":\"Home\",\"item\":\"https:\/\/www.iwarehousing.com\/\"},{\"@type\":\"ListItem\",\"position\":2,\"name\":\"Product\",\"item\":\"https:\/\/www.iwarehousing.com\/product\/\"},{\"@type\":\"ListItem\",\"position\":3,\"name\":\"Warehouse Pallet Racking\"}]},{\"@type\":\"WebSite\",\"@id\":\"https:\/\/www.iwarehousing.com\/#website\",\"url\":\"https:\/\/www.iwarehousing.com\/\",\"name\":\"iWarehousing\",\"description\":\"Focus on warehousing equipments\",\"publisher\":{\"@id\":\"https:\/\/www.iwarehousing.com\/#organization\"},\"potentialAction\":[{\"@type\":\"SearchAction\",\"target\":{\"@type\":\"EntryPoint\",\"urlTemplate\":\"https:\/\/www.iwarehousing.com\/?s={search_term_string}\"},\"query-input\":{\"@type\":\"PropertyValueSpecification\",\"valueRequired\":true,\"valueName\":\"search_term_string\"}}],\"inLanguage\":\"es-ES\"},{\"@type\":\"Organization\",\"@id\":\"https:\/\/www.iwarehousing.com\/#organization\",\"name\":\"iWarehousing\",\"url\":\"https:\/\/www.iwarehousing.com\/\",\"logo\":{\"@type\":\"ImageObject\",\"inLanguage\":\"es-ES\",\"@id\":\"https:\/\/www.iwarehousing.com\/#\/schema\/logo\/image\/\",\"url\":\"https:\/\/www.iwarehousing.com\/wp-content\/uploads\/2022\/05\/iW-logo-no-tag-800pxREV2.png\",\"contentUrl\":\"https:\/\/www.iwarehousing.com\/wp-content\/uploads\/2022\/05\/iW-logo-no-tag-800pxREV2.png\",\"width\":1753,\"height\":490,\"caption\":\"iWarehousing\"},\"image\":{\"@id\":\"https:\/\/www.iwarehousing.com\/#\/schema\/logo\/image\/\"}}]}<\/script>\n<!-- \/ Yoast SEO plugin. -->","yoast_head_json":{"title":"Warehouse Pallet Racking - iWarehousing","robots":{"index":"index","follow":"follow","max-snippet":"max-snippet:-1","max-image-preview":"max-image-preview:large","max-video-preview":"max-video-preview:-1"},"canonical":"https:\/\/www.iwarehousing.com\/es\/product\/warehouse-pallet-racking\/","og_locale":"es_ES","og_type":"article","og_title":"Warehouse Pallet Racking - iWarehousing","og_description":"Warehouse pallet racking system can make efficient use of the storage space of warehouse to lay palletized goods. Pallet racking offers an effective pallet storage system which is compatible with all types and sizes of pallets. It can be adjusted easily and offers the most comprehensive components of the system. With 100% accessibility of your goods, you will have proper stock rotation and quick picking to increase work efficiency.  If you are looking to use warehouse storage space more efficiently, a warehouse racking system maybe your best choice. Selective Pallet Racking Systems are industry standard and are currently most frequently used. It\u2019s compatible with all pallet types and sizes and can be used with any type of handling system. Its advantages are flexibility and versatility.","og_url":"https:\/\/www.iwarehousing.com\/es\/product\/warehouse-pallet-racking\/","og_site_name":"iWarehousing","article_modified_time":"2022-09-20T01:37:13+00:00","og_image":[{"width":600,"height":600,"url":"https:\/\/www.iwarehousing.com\/wp-content\/uploads\/2022\/06\/Warehouse-Pallet-Racking-3.jpg","type":"image\/jpeg"}],"twitter_card":"summary_large_image","twitter_misc":{"Est. reading time":"3 minutes"},"schema":{"@context":"https:\/\/schema.org","@graph":[{"@type":"WebPage","@id":"https:\/\/www.iwarehousing.com\/product\/warehouse-pallet-racking\/","url":"https:\/\/www.iwarehousing.com\/product\/warehouse-pallet-racking\/","name":"Warehouse Pallet Racking - iWarehousing","isPartOf":{"@id":"https:\/\/www.iwarehousing.com\/#website"},"primaryImageOfPage":{"@id":"https:\/\/www.iwarehousing.com\/product\/warehouse-pallet-racking\/#primaryimage"},"image":{"@id":"https:\/\/www.iwarehousing.com\/product\/warehouse-pallet-racking\/#primaryimage"},"thumbnailUrl":"https:\/\/www.iwarehousing.com\/wp-content\/uploads\/2022\/06\/Warehouse-Pallet-Racking-3.jpg","datePublished":"2022-06-27T08:04:49+00:00","dateModified":"2022-09-20T01:37:13+00:00","breadcrumb":{"@id":"https:\/\/www.iwarehousing.com\/product\/warehouse-pallet-racking\/#breadcrumb"},"inLanguage":"es-ES","potentialAction":[{"@type":"ReadAction","target":["https:\/\/www.iwarehousing.com\/product\/warehouse-pallet-racking\/"]}]},{"@type":"ImageObject","inLanguage":"es-ES","@id":"https:\/\/www.iwarehousing.com\/product\/warehouse-pallet-racking\/#primaryimage","url":"https:\/\/www.iwarehousing.com\/wp-content\/uploads\/2022\/06\/Warehouse-Pallet-Racking-3.jpg","contentUrl":"https:\/\/www.iwarehousing.com\/wp-content\/uploads\/2022\/06\/Warehouse-Pallet-Racking-3.jpg","width":600,"height":600,"caption":"warehouse pallet racking 3"},{"@type":"BreadcrumbList","@id":"https:\/\/www.iwarehousing.com\/product\/warehouse-pallet-racking\/#breadcrumb","itemListElement":[{"@type":"ListItem","position":1,"name":"Home","item":"https:\/\/www.iwarehousing.com\/"},{"@type":"ListItem","position":2,"name":"Product","item":"https:\/\/www.iwarehousing.com\/product\/"},{"@type":"ListItem","position":3,"name":"Warehouse Pallet Racking"}]},{"@type":"WebSite","@id":"https:\/\/www.iwarehousing.com\/#website","url":"https:\/\/www.iwarehousing.com\/","name":"iWarehousing","description":"Focus on warehousing equipments","publisher":{"@id":"https:\/\/www.iwarehousing.com\/#organization"},"potentialAction":[{"@type":"SearchAction","target":{"@type":"EntryPoint","urlTemplate":"https:\/\/www.iwarehousing.com\/?s={search_term_string}"},"query-input":{"@type":"PropertyValueSpecification","valueRequired":true,"valueName":"search_term_string"}}],"inLanguage":"es-ES"},{"@type":"Organization","@id":"https:\/\/www.iwarehousing.com\/#organization","name":"iWarehousing","url":"https:\/\/www.iwarehousing.com\/","logo":{"@type":"ImageObject","inLanguage":"es-ES","@id":"https:\/\/www.iwarehousing.com\/#\/schema\/logo\/image\/","url":"https:\/\/www.iwarehousing.com\/wp-content\/uploads\/2022\/05\/iW-logo-no-tag-800pxREV2.png","contentUrl":"https:\/\/www.iwarehousing.com\/wp-content\/uploads\/2022\/05\/iW-logo-no-tag-800pxREV2.png","width":1753,"height":490,"caption":"iWarehousing"},"image":{"@id":"https:\/\/www.iwarehousing.com\/#\/schema\/logo\/image\/"}}]}},"_links":{"self":[{"href":"https:\/\/www.iwarehousing.com\/es\/wp-json\/wp\/v2\/product\/181","targetHints":{"allow":["GET"]}}],"collection":[{"href":"https:\/\/www.iwarehousing.com\/es\/wp-json\/wp\/v2\/product"}],"about":[{"href":"https:\/\/www.iwarehousing.com\/es\/wp-json\/wp\/v2\/types\/product"}],"replies":[{"embeddable":true,"href":"https:\/\/www.iwarehousing.com\/es\/wp-json\/wp\/v2\/comments?post=181"}],"wp:featuredmedia":[{"embeddable":true,"href":"https:\/\/www.iwarehousing.com\/es\/wp-json\/wp\/v2\/media\/262"}],"wp:attachment":[{"href":"https:\/\/www.iwarehousing.com\/es\/wp-json\/wp\/v2\/media?parent=181"}],"wp:term":[{"taxonomy":"product_brand","embeddable":true,"href":"https:\/\/www.iwarehousing.com\/es\/wp-json\/wp\/v2\/product_brand?post=181"},{"taxonomy":"product_cat","embeddable":true,"href":"https:\/\/www.iwarehousing.com\/es\/wp-json\/wp\/v2\/product_cat?post=181"},{"taxonomy":"product_tag","embeddable":true,"href":"https:\/\/www.iwarehousing.com\/es\/wp-json\/wp\/v2\/product_tag?post=181"}],"curies":[{"name":"wp","href":"https:\/\/api.w.org\/{rel}","templated":true}]}}