{"id":180,"date":"2022-06-27T16:04:07","date_gmt":"2022-06-27T08:04:07","guid":{"rendered":"https:\/\/imm31ev9mx.onrocket.site\/?post_type=product&#038;p=180"},"modified":"2022-12-15T16:21:19","modified_gmt":"2022-12-15T08:21:19","slug":"dexion-pallet-racking","status":"publish","type":"product","link":"https:\/\/www.iwarehousing.com\/es\/product\/dexion-pallet-racking\/","title":{"rendered":"Estanter\u00edas para palets Dexion"},"content":{"rendered":"<p>Con m\u00e1s de 15 a\u00f1os de experiencia en la industria de almacenes, somos un proveedor l\u00edder en China de sistemas de estanter\u00edas para pal\u00e9s. Estamos comprometidos a ofrecer la \u00faltima innovaci\u00f3n para asegurarnos de que nuestros clientes tengan una experiencia diferente. Podemos satisfacer sus necesidades no solo mejorando los est\u00e1ndares de seguridad completando el cumplimiento de todas las regulaciones de la industria, sino tambi\u00e9n creando procedimientos simplificados para aumentar la productividad de los empleados.<\/p>\n<p>Ofrecemos la mayor\u00eda de los tipos y configuraciones que se utilizan con frecuencia en los almacenes, mientras que el sistema de estanter\u00edas para paletas Dexion es el sistema m\u00e1s utilizado. Por lo general, tienen una configuraci\u00f3n &quot;en rollo&quot; o &quot;estructural&quot;. Suelen estar formados por montantes y un par de vigas para crear estanter\u00edas dise\u00f1adas para almacenar palets. Este tipo de sistema suele requerir una menor inversi\u00f3n y tiene buena accesibilidad.<\/p>\n<h2>Lo que podemos hacer<\/h2>\n<p>Dise\u00f1aremos una soluci\u00f3n de estanter\u00edas para pal\u00e9s que pueda satisfacer las necesidades de su negocio y optimizar el espacio de su almac\u00e9n para lograr la m\u00e1xima capacidad de almacenamiento.<\/p>\n<h3>Caracteristicas de dise\u00f1o<\/h3>\n<p>A trav\u00e9s de nuestro desarrollo de productos, nuestros productos tienen muchas caracter\u00edsticas l\u00edderes, por ejemplo, la conexi\u00f3n sin tornillos. Nuestro conector exclusivo puede adaptarse a cualquier peso y al mismo tiempo mantener el m\u00e1s alto nivel de estabilidad.<\/p>\n<h3>Estanter\u00edas para paletas flexibles<\/h3>\n<p>A trav\u00e9s de la consulta inicial, recopilaremos los requisitos de los clientes, lo que ayuda al dise\u00f1o inicial. Esto nos permite producir opciones flexibles de sistemas de estanter\u00edas para paletas que se adaptan a sus necesidades. Estos incluyen la gama de nuestros marcos y vigas, que se pueden cambiar seg\u00fan diferentes alturas y cargas.<\/p>\n<h3>Protecci\u00f3n de estanter\u00edas<\/h3>\n<p>Agregaremos protecci\u00f3n de estanter\u00edas para garantizar la seguridad de su inversi\u00f3n. La protecci\u00f3n de estanter\u00edas ayuda a prolongar la vida \u00fatil de su sistema de estanter\u00edas. Ofrecemos muchos tipos de protecci\u00f3n para satisfacer sus necesidades.<\/p>\n<h3>Disposici\u00f3n<\/h3>\n<p>Las estanter\u00edas para paletas Dexion tienen solo una plataforma de profundidad, pero se pueden colocar dos estanter\u00edas una detr\u00e1s de otra.<\/p>\n<h3>Acceso a palets<\/h3>\n<p>Las estanter\u00edas para pal\u00e9s Dexion proporcionan acceso directo a todos los pal\u00e9s almacenados. Para l\u00edneas de productos de bajo volumen de rotaci\u00f3n, este tipo de estanter\u00edas es una buena opci\u00f3n.<\/p>\n<h3>Ancho del pasillo<\/h3>\n<p>El ancho del pasillo es un factor importante para la capacidad de almacenamiento de un sistema de estanter\u00edas para pal\u00e9s. La capacidad de almacenaje se puede ajustar seg\u00fan el tipo de estanter\u00eda paletizada que elijas. Los pasillos de ancho estrecho no siempre equivalen a un menor costo de almacenamiento, aunque pueden generar tiempos de manipulaci\u00f3n m\u00e1s lentos que pueden compensar los beneficios de un mayor almacenamiento.<\/p>","protected":false},"excerpt":{"rendered":"<p>Las estanter\u00edas para palets son un sistema de almacenaje de manipulaci\u00f3n muy utilizado y dise\u00f1ado para almacenar mercanc\u00edas sobre pal\u00e9s. Existen muchos tipos diferentes de sistemas de estanter\u00edas para paletas, todos los cuales permiten el almacenamiento de material paletizado en filas horizontales en m\u00faltiples niveles. Si busca utilizar el espacio de almacenamiento de manera m\u00e1s eficiente, el sistema de estanter\u00edas para paletas Dexion puede ser su mejor opci\u00f3n. Las estanter\u00edas para paletas Dexion son el est\u00e1ndar de la industria y actualmente son las m\u00e1s utilizadas. Es compatible con todos los tipos y tama\u00f1os de pal\u00e9s y se puede utilizar con cualquier tipo de sistema de manipulaci\u00f3n. Sus ventajas son la flexibilidad y la versatilidad.<\/p>","protected":false},"featured_media":269,"comment_status":"open","ping_status":"closed","template":"","meta":{"_seopress_robots_primary_cat":"","_seopress_titles_title":"","_seopress_titles_desc":"","_seopress_robots_index":""},"product_brand":[],"product_cat":[30],"product_tag":[],"class_list":{"0":"post-180","1":"product","2":"type-product","3":"status-publish","4":"has-post-thumbnail","6":"product_cat-pallet-racking","8":"first","9":"instock","10":"shipping-taxable","11":"product-type-simple"},"yoast_head":"<!-- This site is optimized with the Yoast SEO plugin v26.5 - https:\/\/yoast.com\/wordpress\/plugins\/seo\/ -->\n<title>Dexion Pallet Racking - iWarehousing<\/title>\n<meta name=\"robots\" content=\"index, follow, max-snippet:-1, max-image-preview:large, max-video-preview:-1\" \/>\n<link rel=\"canonical\" href=\"https:\/\/www.iwarehousing.com\/es\/product\/dexion-pallet-racking\/\" \/>\n<meta property=\"og:locale\" content=\"es_ES\" \/>\n<meta property=\"og:type\" content=\"article\" \/>\n<meta property=\"og:title\" content=\"Dexion Pallet Racking - iWarehousing\" \/>\n<meta property=\"og:description\" content=\"Pallet racking is a widely used handling storage system designed to store goods on pallets. There are many different types of pallet racking systems, all of which allow storage of palletized material in horizontal rows at multiple levels. If you\u2019re looking to use storage space more efficiently, Dexion Pallet Racking System maybe your best choice. Dexion pallet racking is industry standard and is currently most frequently used. It\u2019s compatible with all pallet types and sizes and can be used with any type of handling system. Its advantages are flexibility and versatility.\" \/>\n<meta property=\"og:url\" content=\"https:\/\/www.iwarehousing.com\/es\/product\/dexion-pallet-racking\/\" \/>\n<meta property=\"og:site_name\" content=\"iWarehousing\" \/>\n<meta property=\"article:modified_time\" content=\"2022-12-15T08:21:19+00:00\" \/>\n<meta property=\"og:image\" content=\"https:\/\/www.iwarehousing.com\/wp-content\/uploads\/2022\/06\/dexion-pallet-racking.png\" \/>\n\t<meta property=\"og:image:width\" content=\"800\" \/>\n\t<meta property=\"og:image:height\" content=\"600\" \/>\n\t<meta property=\"og:image:type\" content=\"image\/png\" \/>\n<meta name=\"twitter:card\" content=\"summary_large_image\" \/>\n<meta name=\"twitter:label1\" content=\"Est. reading time\" \/>\n\t<meta name=\"twitter:data1\" content=\"2 minutes\" \/>\n<script type=\"application\/ld+json\" class=\"yoast-schema-graph\">{\"@context\":\"https:\/\/schema.org\",\"@graph\":[{\"@type\":\"WebPage\",\"@id\":\"https:\/\/www.iwarehousing.com\/product\/dexion-pallet-racking\/\",\"url\":\"https:\/\/www.iwarehousing.com\/product\/dexion-pallet-racking\/\",\"name\":\"Dexion Pallet Racking - iWarehousing\",\"isPartOf\":{\"@id\":\"https:\/\/www.iwarehousing.com\/#website\"},\"primaryImageOfPage\":{\"@id\":\"https:\/\/www.iwarehousing.com\/product\/dexion-pallet-racking\/#primaryimage\"},\"image\":{\"@id\":\"https:\/\/www.iwarehousing.com\/product\/dexion-pallet-racking\/#primaryimage\"},\"thumbnailUrl\":\"https:\/\/www.iwarehousing.com\/wp-content\/uploads\/2022\/06\/dexion-pallet-racking.png\",\"datePublished\":\"2022-06-27T08:04:07+00:00\",\"dateModified\":\"2022-12-15T08:21:19+00:00\",\"breadcrumb\":{\"@id\":\"https:\/\/www.iwarehousing.com\/product\/dexion-pallet-racking\/#breadcrumb\"},\"inLanguage\":\"es-ES\",\"potentialAction\":[{\"@type\":\"ReadAction\",\"target\":[\"https:\/\/www.iwarehousing.com\/product\/dexion-pallet-racking\/\"]}]},{\"@type\":\"ImageObject\",\"inLanguage\":\"es-ES\",\"@id\":\"https:\/\/www.iwarehousing.com\/product\/dexion-pallet-racking\/#primaryimage\",\"url\":\"https:\/\/www.iwarehousing.com\/wp-content\/uploads\/2022\/06\/dexion-pallet-racking.png\",\"contentUrl\":\"https:\/\/www.iwarehousing.com\/wp-content\/uploads\/2022\/06\/dexion-pallet-racking.png\",\"width\":800,\"height\":600,\"caption\":\"dexion pallet racking\"},{\"@type\":\"BreadcrumbList\",\"@id\":\"https:\/\/www.iwarehousing.com\/product\/dexion-pallet-racking\/#breadcrumb\",\"itemListElement\":[{\"@type\":\"ListItem\",\"position\":1,\"name\":\"Home\",\"item\":\"https:\/\/www.iwarehousing.com\/\"},{\"@type\":\"ListItem\",\"position\":2,\"name\":\"Product\",\"item\":\"https:\/\/www.iwarehousing.com\/product\/\"},{\"@type\":\"ListItem\",\"position\":3,\"name\":\"Dexion Pallet Racking\"}]},{\"@type\":\"WebSite\",\"@id\":\"https:\/\/www.iwarehousing.com\/#website\",\"url\":\"https:\/\/www.iwarehousing.com\/\",\"name\":\"iWarehousing\",\"description\":\"Focus on warehousing equipments\",\"publisher\":{\"@id\":\"https:\/\/www.iwarehousing.com\/#organization\"},\"potentialAction\":[{\"@type\":\"SearchAction\",\"target\":{\"@type\":\"EntryPoint\",\"urlTemplate\":\"https:\/\/www.iwarehousing.com\/?s={search_term_string}\"},\"query-input\":{\"@type\":\"PropertyValueSpecification\",\"valueRequired\":true,\"valueName\":\"search_term_string\"}}],\"inLanguage\":\"es-ES\"},{\"@type\":\"Organization\",\"@id\":\"https:\/\/www.iwarehousing.com\/#organization\",\"name\":\"iWarehousing\",\"url\":\"https:\/\/www.iwarehousing.com\/\",\"logo\":{\"@type\":\"ImageObject\",\"inLanguage\":\"es-ES\",\"@id\":\"https:\/\/www.iwarehousing.com\/#\/schema\/logo\/image\/\",\"url\":\"https:\/\/www.iwarehousing.com\/wp-content\/uploads\/2022\/05\/iW-logo-no-tag-800pxREV2.png\",\"contentUrl\":\"https:\/\/www.iwarehousing.com\/wp-content\/uploads\/2022\/05\/iW-logo-no-tag-800pxREV2.png\",\"width\":1753,\"height\":490,\"caption\":\"iWarehousing\"},\"image\":{\"@id\":\"https:\/\/www.iwarehousing.com\/#\/schema\/logo\/image\/\"}}]}<\/script>\n<!-- \/ Yoast SEO plugin. -->","yoast_head_json":{"title":"Dexion Pallet Racking - iWarehousing","robots":{"index":"index","follow":"follow","max-snippet":"max-snippet:-1","max-image-preview":"max-image-preview:large","max-video-preview":"max-video-preview:-1"},"canonical":"https:\/\/www.iwarehousing.com\/es\/product\/dexion-pallet-racking\/","og_locale":"es_ES","og_type":"article","og_title":"Dexion Pallet Racking - iWarehousing","og_description":"Pallet racking is a widely used handling storage system designed to store goods on pallets. There are many different types of pallet racking systems, all of which allow storage of palletized material in horizontal rows at multiple levels. If you\u2019re looking to use storage space more efficiently, Dexion Pallet Racking System maybe your best choice. Dexion pallet racking is industry standard and is currently most frequently used. It\u2019s compatible with all pallet types and sizes and can be used with any type of handling system. Its advantages are flexibility and versatility.","og_url":"https:\/\/www.iwarehousing.com\/es\/product\/dexion-pallet-racking\/","og_site_name":"iWarehousing","article_modified_time":"2022-12-15T08:21:19+00:00","og_image":[{"width":800,"height":600,"url":"https:\/\/www.iwarehousing.com\/wp-content\/uploads\/2022\/06\/dexion-pallet-racking.png","type":"image\/png"}],"twitter_card":"summary_large_image","twitter_misc":{"Est. reading time":"2 minutes"},"schema":{"@context":"https:\/\/schema.org","@graph":[{"@type":"WebPage","@id":"https:\/\/www.iwarehousing.com\/product\/dexion-pallet-racking\/","url":"https:\/\/www.iwarehousing.com\/product\/dexion-pallet-racking\/","name":"Dexion Pallet Racking - iWarehousing","isPartOf":{"@id":"https:\/\/www.iwarehousing.com\/#website"},"primaryImageOfPage":{"@id":"https:\/\/www.iwarehousing.com\/product\/dexion-pallet-racking\/#primaryimage"},"image":{"@id":"https:\/\/www.iwarehousing.com\/product\/dexion-pallet-racking\/#primaryimage"},"thumbnailUrl":"https:\/\/www.iwarehousing.com\/wp-content\/uploads\/2022\/06\/dexion-pallet-racking.png","datePublished":"2022-06-27T08:04:07+00:00","dateModified":"2022-12-15T08:21:19+00:00","breadcrumb":{"@id":"https:\/\/www.iwarehousing.com\/product\/dexion-pallet-racking\/#breadcrumb"},"inLanguage":"es-ES","potentialAction":[{"@type":"ReadAction","target":["https:\/\/www.iwarehousing.com\/product\/dexion-pallet-racking\/"]}]},{"@type":"ImageObject","inLanguage":"es-ES","@id":"https:\/\/www.iwarehousing.com\/product\/dexion-pallet-racking\/#primaryimage","url":"https:\/\/www.iwarehousing.com\/wp-content\/uploads\/2022\/06\/dexion-pallet-racking.png","contentUrl":"https:\/\/www.iwarehousing.com\/wp-content\/uploads\/2022\/06\/dexion-pallet-racking.png","width":800,"height":600,"caption":"dexion pallet racking"},{"@type":"BreadcrumbList","@id":"https:\/\/www.iwarehousing.com\/product\/dexion-pallet-racking\/#breadcrumb","itemListElement":[{"@type":"ListItem","position":1,"name":"Home","item":"https:\/\/www.iwarehousing.com\/"},{"@type":"ListItem","position":2,"name":"Product","item":"https:\/\/www.iwarehousing.com\/product\/"},{"@type":"ListItem","position":3,"name":"Dexion Pallet Racking"}]},{"@type":"WebSite","@id":"https:\/\/www.iwarehousing.com\/#website","url":"https:\/\/www.iwarehousing.com\/","name":"iWarehousing","description":"Focus on warehousing equipments","publisher":{"@id":"https:\/\/www.iwarehousing.com\/#organization"},"potentialAction":[{"@type":"SearchAction","target":{"@type":"EntryPoint","urlTemplate":"https:\/\/www.iwarehousing.com\/?s={search_term_string}"},"query-input":{"@type":"PropertyValueSpecification","valueRequired":true,"valueName":"search_term_string"}}],"inLanguage":"es-ES"},{"@type":"Organization","@id":"https:\/\/www.iwarehousing.com\/#organization","name":"iWarehousing","url":"https:\/\/www.iwarehousing.com\/","logo":{"@type":"ImageObject","inLanguage":"es-ES","@id":"https:\/\/www.iwarehousing.com\/#\/schema\/logo\/image\/","url":"https:\/\/www.iwarehousing.com\/wp-content\/uploads\/2022\/05\/iW-logo-no-tag-800pxREV2.png","contentUrl":"https:\/\/www.iwarehousing.com\/wp-content\/uploads\/2022\/05\/iW-logo-no-tag-800pxREV2.png","width":1753,"height":490,"caption":"iWarehousing"},"image":{"@id":"https:\/\/www.iwarehousing.com\/#\/schema\/logo\/image\/"}}]}},"_links":{"self":[{"href":"https:\/\/www.iwarehousing.com\/es\/wp-json\/wp\/v2\/product\/180","targetHints":{"allow":["GET"]}}],"collection":[{"href":"https:\/\/www.iwarehousing.com\/es\/wp-json\/wp\/v2\/product"}],"about":[{"href":"https:\/\/www.iwarehousing.com\/es\/wp-json\/wp\/v2\/types\/product"}],"replies":[{"embeddable":true,"href":"https:\/\/www.iwarehousing.com\/es\/wp-json\/wp\/v2\/comments?post=180"}],"wp:featuredmedia":[{"embeddable":true,"href":"https:\/\/www.iwarehousing.com\/es\/wp-json\/wp\/v2\/media\/269"}],"wp:attachment":[{"href":"https:\/\/www.iwarehousing.com\/es\/wp-json\/wp\/v2\/media?parent=180"}],"wp:term":[{"taxonomy":"product_brand","embeddable":true,"href":"https:\/\/www.iwarehousing.com\/es\/wp-json\/wp\/v2\/product_brand?post=180"},{"taxonomy":"product_cat","embeddable":true,"href":"https:\/\/www.iwarehousing.com\/es\/wp-json\/wp\/v2\/product_cat?post=180"},{"taxonomy":"product_tag","embeddable":true,"href":"https:\/\/www.iwarehousing.com\/es\/wp-json\/wp\/v2\/product_tag?post=180"}],"curies":[{"name":"wp","href":"https:\/\/api.w.org\/{rel}","templated":true}]}}