{"id":173,"date":"2022-06-27T16:01:11","date_gmt":"2022-06-27T08:01:11","guid":{"rendered":"https:\/\/imm31ev9mx.onrocket.site\/?post_type=product&#038;p=173"},"modified":"2022-09-19T16:32:14","modified_gmt":"2022-09-19T08:32:14","slug":"selective-pallet-racking","status":"publish","type":"product","link":"https:\/\/www.iwarehousing.com\/es\/product\/selective-pallet-racking\/","title":{"rendered":"Estanter\u00edas selectivas para palets"},"content":{"rendered":"<h2>Caracter\u00edsticas y beneficios<\/h2>\n<ul>\n<li>Estanter\u00edas robustas, resistentes a los impactos y eficientes para cargas pesadas.<\/li>\n<li>Proporciona acceso en cualquier momento a cualquier pal\u00e9 en cualquier lado del estante.<\/li>\n<li>Popular entre los inventarios de rotaci\u00f3n r\u00e1pida. Admite el sistema FIFO (primero en entrar, primero en salir).<\/li>\n<li>Permite que diferentes tama\u00f1os de carretillas elevadoras y transpaletas accedan a los art\u00edculos desde cualquier punto del estante.<\/li>\n<li>Alta utilizaci\u00f3n: maximiza el uso del espacio de almacenamiento vertical.<\/li>\n<li>Utilice acero laminado en caliente Q235B robusto; Sistema de estanter\u00eda duradero, fuerte y resistente a los impactos.<\/li>\n<\/ul>\n<h2>Uso y aplicaciones comunes<\/h2>\n<ul>\n<li>Mercanc\u00edas paletizadas que requieren manipulaci\u00f3n con carretillas elevadoras<\/li>\n<li>Cuando necesitas acceso completo a cualquier pallet en cualquier momento<\/li>\n<li>Cuando desea un sistema de estanter\u00edas m\u00e1s flexible<\/li>\n<\/ul>\n<h2>Piezas y componentes principales<\/h2>\n<p>Una estanter\u00eda selectiva para paletas consta de tres partes principales: bastidor vertical, vigas horizontales y plataforma.<\/p>\n<p>Un <strong>marco vertical<\/strong> Incluye un par de postes verticales (o montantes), dos soportes horizontales y un juego de soportes diagonales. Viene perforado previamente con orificios de montaje a los que se enganchan las vigas horizontales a intervalos de 3 pulgadas.<\/p>\n<p><strong>Vigas horizontales<\/strong> Se insertan en orificios preperforados en los montantes para formar un nivel de estanter\u00eda. Se fijan a los montantes con ganchos para mayor resistencia. La altura de la viga se puede ajustar a distancias fijas para acomodar diferentes tama\u00f1os de mercanc\u00edas.<\/p>\n<p><strong>Cubierta de alambre<\/strong>, hecha de alambre de acero soldado, se coloca sobre las vigas para sujetar las mercanc\u00edas. Adem\u00e1s, se agrega como medida de seguridad para evitar que los art\u00edculos se caigan a trav\u00e9s de las estanter\u00edas. Tambi\u00e9n lo recomiendan los inspectores de incendios porque el agua rociada puede pasar a trav\u00e9s de la plataforma de malla hasta los niveles inferiores.<\/p>\n<p><strong>Accesorios especiales<\/strong> Tambi\u00e9n est\u00e1n disponibles para mayor seguridad y para agregar m\u00f3dulos a estanter\u00edas existentes. Los accesorios de seguridad y adaptabilidad incluyen placas para los pies, cu\u00f1as, protecci\u00f3n del marco (protege el marco contra da\u00f1os causados por equipos en movimiento) y espaciadores de filas (si necesita colocar 2 m\u00f3dulos de estanter\u00edas para paletas uno detr\u00e1s del otro).<\/p>\n<h2>Estos elementos son necesarios para evaluar un sistema de estanter\u00edas para paletas:<\/h2>\n<ul>\n<li>Tama\u00f1o de la estanter\u00eda (L*An*Al)<\/li>\n<li>Niveles de estanter\u00edas<\/li>\n<li>Capacidad de carga requerida para cada nivel<\/li>\n<li>Plano de distribuci\u00f3n del almac\u00e9n<\/li>\n<\/ul>","protected":false},"excerpt":{"rendered":"<p><strong>Estanter\u00edas selectivas para palets<\/strong>, or to say conventional pallet racking, is the most popular and most hassle-free racking system. It is designed for mechanical storage of palletized goods using forklifts. Forklifts and moving equipment access goods along aisles on both sides of the racking. As such, it maximizes use ceiling height and allows easy access to individual pallets.<\/p>\n<p>This type of warehouse racking can be adjusted to fit different item sizes. It also allows addition of racking modules if you need to expand. This adaptable and adjustable pallet racking gives you a high-density storage with full access to products at all times.<\/p>\n<p>Whether you are looking for a racking solution for warehouses or logistic centers, for normal or frozen storage, for indoors or outdoors, selective pallet racking is the answer.<\/p>","protected":false},"featured_media":174,"comment_status":"open","ping_status":"closed","template":"","meta":{"_seopress_robots_primary_cat":"","_seopress_titles_title":"","_seopress_titles_desc":"","_seopress_robots_index":""},"product_brand":[],"product_cat":[30],"product_tag":[],"class_list":{"0":"post-173","1":"product","2":"type-product","3":"status-publish","4":"has-post-thumbnail","6":"product_cat-pallet-racking","8":"first","9":"instock","10":"shipping-taxable","11":"product-type-simple"},"yoast_head":"<!-- This site is optimized with the Yoast SEO plugin v26.5 - https:\/\/yoast.com\/wordpress\/plugins\/seo\/ -->\n<title>Selective Pallet Racking - iWarehousing<\/title>\n<meta name=\"robots\" content=\"index, follow, max-snippet:-1, max-image-preview:large, max-video-preview:-1\" \/>\n<link rel=\"canonical\" href=\"https:\/\/www.iwarehousing.com\/es\/product\/selective-pallet-racking\/\" \/>\n<meta property=\"og:locale\" content=\"es_ES\" \/>\n<meta property=\"og:type\" content=\"article\" \/>\n<meta property=\"og:title\" content=\"Selective Pallet Racking - iWarehousing\" \/>\n<meta property=\"og:description\" content=\"Selective pallet racking, or to say conventional pallet racking, is the most popular and most hassle-free racking system. It is designed for mechanical storage of palletized goods using forklifts. Forklifts and moving equipment access goods along aisles on both sides of the racking. As such, it maximizes use ceiling height and allows easy access to individual pallets.  This type of warehouse racking can be adjusted to fit different item sizes. It also allows addition of racking modules if you need to expand. This adaptable and adjustable pallet racking gives you a high-density storage with full access to products at all times.  Whether you are looking for a racking solution for warehouses or logistic centers, for normal or frozen storage, for indoors or outdoors, selective pallet racking is the answer.\" \/>\n<meta property=\"og:url\" content=\"https:\/\/www.iwarehousing.com\/es\/product\/selective-pallet-racking\/\" \/>\n<meta property=\"og:site_name\" content=\"iWarehousing\" \/>\n<meta property=\"article:modified_time\" content=\"2022-09-19T08:32:14+00:00\" \/>\n<meta property=\"og:image\" content=\"https:\/\/www.iwarehousing.com\/wp-content\/uploads\/2022\/06\/pallet-racking-0.jpg\" \/>\n\t<meta property=\"og:image:width\" content=\"800\" \/>\n\t<meta property=\"og:image:height\" content=\"600\" \/>\n\t<meta property=\"og:image:type\" content=\"image\/jpeg\" \/>\n<meta name=\"twitter:card\" content=\"summary_large_image\" \/>\n<meta name=\"twitter:label1\" content=\"Est. reading time\" \/>\n\t<meta name=\"twitter:data1\" content=\"2 minutes\" \/>\n<script type=\"application\/ld+json\" class=\"yoast-schema-graph\">{\"@context\":\"https:\/\/schema.org\",\"@graph\":[{\"@type\":\"WebPage\",\"@id\":\"https:\/\/www.iwarehousing.com\/product\/selective-pallet-racking\/\",\"url\":\"https:\/\/www.iwarehousing.com\/product\/selective-pallet-racking\/\",\"name\":\"Selective Pallet Racking - iWarehousing\",\"isPartOf\":{\"@id\":\"https:\/\/www.iwarehousing.com\/#website\"},\"primaryImageOfPage\":{\"@id\":\"https:\/\/www.iwarehousing.com\/product\/selective-pallet-racking\/#primaryimage\"},\"image\":{\"@id\":\"https:\/\/www.iwarehousing.com\/product\/selective-pallet-racking\/#primaryimage\"},\"thumbnailUrl\":\"https:\/\/www.iwarehousing.com\/wp-content\/uploads\/2022\/06\/pallet-racking-0.jpg\",\"datePublished\":\"2022-06-27T08:01:11+00:00\",\"dateModified\":\"2022-09-19T08:32:14+00:00\",\"breadcrumb\":{\"@id\":\"https:\/\/www.iwarehousing.com\/product\/selective-pallet-racking\/#breadcrumb\"},\"inLanguage\":\"es-ES\",\"potentialAction\":[{\"@type\":\"ReadAction\",\"target\":[\"https:\/\/www.iwarehousing.com\/product\/selective-pallet-racking\/\"]}]},{\"@type\":\"ImageObject\",\"inLanguage\":\"es-ES\",\"@id\":\"https:\/\/www.iwarehousing.com\/product\/selective-pallet-racking\/#primaryimage\",\"url\":\"https:\/\/www.iwarehousing.com\/wp-content\/uploads\/2022\/06\/pallet-racking-0.jpg\",\"contentUrl\":\"https:\/\/www.iwarehousing.com\/wp-content\/uploads\/2022\/06\/pallet-racking-0.jpg\",\"width\":800,\"height\":600,\"caption\":\"pallet racking 0\"},{\"@type\":\"BreadcrumbList\",\"@id\":\"https:\/\/www.iwarehousing.com\/product\/selective-pallet-racking\/#breadcrumb\",\"itemListElement\":[{\"@type\":\"ListItem\",\"position\":1,\"name\":\"Home\",\"item\":\"https:\/\/www.iwarehousing.com\/\"},{\"@type\":\"ListItem\",\"position\":2,\"name\":\"Product\",\"item\":\"https:\/\/www.iwarehousing.com\/product\/\"},{\"@type\":\"ListItem\",\"position\":3,\"name\":\"Selective Pallet Racking\"}]},{\"@type\":\"WebSite\",\"@id\":\"https:\/\/www.iwarehousing.com\/#website\",\"url\":\"https:\/\/www.iwarehousing.com\/\",\"name\":\"iWarehousing\",\"description\":\"Focus on warehousing equipments\",\"publisher\":{\"@id\":\"https:\/\/www.iwarehousing.com\/#organization\"},\"potentialAction\":[{\"@type\":\"SearchAction\",\"target\":{\"@type\":\"EntryPoint\",\"urlTemplate\":\"https:\/\/www.iwarehousing.com\/?s={search_term_string}\"},\"query-input\":{\"@type\":\"PropertyValueSpecification\",\"valueRequired\":true,\"valueName\":\"search_term_string\"}}],\"inLanguage\":\"es-ES\"},{\"@type\":\"Organization\",\"@id\":\"https:\/\/www.iwarehousing.com\/#organization\",\"name\":\"iWarehousing\",\"url\":\"https:\/\/www.iwarehousing.com\/\",\"logo\":{\"@type\":\"ImageObject\",\"inLanguage\":\"es-ES\",\"@id\":\"https:\/\/www.iwarehousing.com\/#\/schema\/logo\/image\/\",\"url\":\"https:\/\/www.iwarehousing.com\/wp-content\/uploads\/2022\/05\/iW-logo-no-tag-800pxREV2.png\",\"contentUrl\":\"https:\/\/www.iwarehousing.com\/wp-content\/uploads\/2022\/05\/iW-logo-no-tag-800pxREV2.png\",\"width\":1753,\"height\":490,\"caption\":\"iWarehousing\"},\"image\":{\"@id\":\"https:\/\/www.iwarehousing.com\/#\/schema\/logo\/image\/\"}}]}<\/script>\n<!-- \/ Yoast SEO plugin. -->","yoast_head_json":{"title":"Selective Pallet Racking - iWarehousing","robots":{"index":"index","follow":"follow","max-snippet":"max-snippet:-1","max-image-preview":"max-image-preview:large","max-video-preview":"max-video-preview:-1"},"canonical":"https:\/\/www.iwarehousing.com\/es\/product\/selective-pallet-racking\/","og_locale":"es_ES","og_type":"article","og_title":"Selective Pallet Racking - iWarehousing","og_description":"Selective pallet racking, or to say conventional pallet racking, is the most popular and most hassle-free racking system. It is designed for mechanical storage of palletized goods using forklifts. Forklifts and moving equipment access goods along aisles on both sides of the racking. As such, it maximizes use ceiling height and allows easy access to individual pallets.  This type of warehouse racking can be adjusted to fit different item sizes. It also allows addition of racking modules if you need to expand. This adaptable and adjustable pallet racking gives you a high-density storage with full access to products at all times.  Whether you are looking for a racking solution for warehouses or logistic centers, for normal or frozen storage, for indoors or outdoors, selective pallet racking is the answer.","og_url":"https:\/\/www.iwarehousing.com\/es\/product\/selective-pallet-racking\/","og_site_name":"iWarehousing","article_modified_time":"2022-09-19T08:32:14+00:00","og_image":[{"width":800,"height":600,"url":"https:\/\/www.iwarehousing.com\/wp-content\/uploads\/2022\/06\/pallet-racking-0.jpg","type":"image\/jpeg"}],"twitter_card":"summary_large_image","twitter_misc":{"Est. reading time":"2 minutes"},"schema":{"@context":"https:\/\/schema.org","@graph":[{"@type":"WebPage","@id":"https:\/\/www.iwarehousing.com\/product\/selective-pallet-racking\/","url":"https:\/\/www.iwarehousing.com\/product\/selective-pallet-racking\/","name":"Selective Pallet Racking - iWarehousing","isPartOf":{"@id":"https:\/\/www.iwarehousing.com\/#website"},"primaryImageOfPage":{"@id":"https:\/\/www.iwarehousing.com\/product\/selective-pallet-racking\/#primaryimage"},"image":{"@id":"https:\/\/www.iwarehousing.com\/product\/selective-pallet-racking\/#primaryimage"},"thumbnailUrl":"https:\/\/www.iwarehousing.com\/wp-content\/uploads\/2022\/06\/pallet-racking-0.jpg","datePublished":"2022-06-27T08:01:11+00:00","dateModified":"2022-09-19T08:32:14+00:00","breadcrumb":{"@id":"https:\/\/www.iwarehousing.com\/product\/selective-pallet-racking\/#breadcrumb"},"inLanguage":"es-ES","potentialAction":[{"@type":"ReadAction","target":["https:\/\/www.iwarehousing.com\/product\/selective-pallet-racking\/"]}]},{"@type":"ImageObject","inLanguage":"es-ES","@id":"https:\/\/www.iwarehousing.com\/product\/selective-pallet-racking\/#primaryimage","url":"https:\/\/www.iwarehousing.com\/wp-content\/uploads\/2022\/06\/pallet-racking-0.jpg","contentUrl":"https:\/\/www.iwarehousing.com\/wp-content\/uploads\/2022\/06\/pallet-racking-0.jpg","width":800,"height":600,"caption":"pallet racking 0"},{"@type":"BreadcrumbList","@id":"https:\/\/www.iwarehousing.com\/product\/selective-pallet-racking\/#breadcrumb","itemListElement":[{"@type":"ListItem","position":1,"name":"Home","item":"https:\/\/www.iwarehousing.com\/"},{"@type":"ListItem","position":2,"name":"Product","item":"https:\/\/www.iwarehousing.com\/product\/"},{"@type":"ListItem","position":3,"name":"Selective Pallet Racking"}]},{"@type":"WebSite","@id":"https:\/\/www.iwarehousing.com\/#website","url":"https:\/\/www.iwarehousing.com\/","name":"iWarehousing","description":"Focus on warehousing equipments","publisher":{"@id":"https:\/\/www.iwarehousing.com\/#organization"},"potentialAction":[{"@type":"SearchAction","target":{"@type":"EntryPoint","urlTemplate":"https:\/\/www.iwarehousing.com\/?s={search_term_string}"},"query-input":{"@type":"PropertyValueSpecification","valueRequired":true,"valueName":"search_term_string"}}],"inLanguage":"es-ES"},{"@type":"Organization","@id":"https:\/\/www.iwarehousing.com\/#organization","name":"iWarehousing","url":"https:\/\/www.iwarehousing.com\/","logo":{"@type":"ImageObject","inLanguage":"es-ES","@id":"https:\/\/www.iwarehousing.com\/#\/schema\/logo\/image\/","url":"https:\/\/www.iwarehousing.com\/wp-content\/uploads\/2022\/05\/iW-logo-no-tag-800pxREV2.png","contentUrl":"https:\/\/www.iwarehousing.com\/wp-content\/uploads\/2022\/05\/iW-logo-no-tag-800pxREV2.png","width":1753,"height":490,"caption":"iWarehousing"},"image":{"@id":"https:\/\/www.iwarehousing.com\/#\/schema\/logo\/image\/"}}]}},"_links":{"self":[{"href":"https:\/\/www.iwarehousing.com\/es\/wp-json\/wp\/v2\/product\/173","targetHints":{"allow":["GET"]}}],"collection":[{"href":"https:\/\/www.iwarehousing.com\/es\/wp-json\/wp\/v2\/product"}],"about":[{"href":"https:\/\/www.iwarehousing.com\/es\/wp-json\/wp\/v2\/types\/product"}],"replies":[{"embeddable":true,"href":"https:\/\/www.iwarehousing.com\/es\/wp-json\/wp\/v2\/comments?post=173"}],"wp:featuredmedia":[{"embeddable":true,"href":"https:\/\/www.iwarehousing.com\/es\/wp-json\/wp\/v2\/media\/174"}],"wp:attachment":[{"href":"https:\/\/www.iwarehousing.com\/es\/wp-json\/wp\/v2\/media?parent=173"}],"wp:term":[{"taxonomy":"product_brand","embeddable":true,"href":"https:\/\/www.iwarehousing.com\/es\/wp-json\/wp\/v2\/product_brand?post=173"},{"taxonomy":"product_cat","embeddable":true,"href":"https:\/\/www.iwarehousing.com\/es\/wp-json\/wp\/v2\/product_cat?post=173"},{"taxonomy":"product_tag","embeddable":true,"href":"https:\/\/www.iwarehousing.com\/es\/wp-json\/wp\/v2\/product_tag?post=173"}],"curies":[{"name":"wp","href":"https:\/\/api.w.org\/{rel}","templated":true}]}}