{"id":385,"date":"2022-11-08T17:47:46","date_gmt":"2022-11-08T09:47:46","guid":{"rendered":"https:\/\/imm31ev9mx.onrocket.site\/?post_type=product&#038;p=385"},"modified":"2023-02-27T16:59:45","modified_gmt":"2023-02-27T08:59:45","slug":"cantilever-rack-for-panel","status":"publish","type":"product","link":"https:\/\/www.iwarehousing.com\/de\/product\/cantilever-rack-for-panel\/","title":{"rendered":"Kragarmregal f\u00fcr Paneele"},"content":{"rendered":"<p>Kragarmregale sind eine spezielle Art von Lagersystem. Sie eignen sich ideal f\u00fcr die Lagerung langer, \u00fcbergro\u00dfer Gegenst\u00e4nde wie Bleche, Rohre und Holzplatten. Sie werden h\u00e4ufig in Holzwerkst\u00e4tten und Lagern f\u00fcr Sanit\u00e4rbedarf verwendet. Ein Kragarmregalsatz besteht aus zwei vertikalen Pfosten, zwei Grundplatten, Armen und Verstrebungen. Es ist sowohl f\u00fcr den Innen- als auch f\u00fcr den Au\u00dfenbereich geeignet.<\/p>\n<h2>Hauptmerkmale des Kragarmregals f\u00fcr Paneele<\/h2>\n<ul>\n<li>Vollst\u00e4ndig individuell anpassbar mit verschiedenen Gr\u00f6\u00dfen verf\u00fcgbar<\/li>\n<li>Erh\u00e4ltlich in den Ausf\u00fchrungen f\u00fcr leichte, mittlere und schwere Beanspruchung<\/li>\n<li>Armverriegelungsstifte dienen zur Sicherung des Arms in der aufrechten Position.<\/li>\n<li>Feuerverzinkte Komponenten f\u00fcr den Au\u00dfeneinsatz erh\u00e4ltlich<\/li>\n<\/ul>\n<h2>Vorteile des Kragarmregals f\u00fcr Paneele<\/h2>\n<ul>\n<li>Einfach zu installieren und neu zu konfigurieren<\/li>\n<li>F\u00fcr mehr Stauraum in allen Formen und Gr\u00f6\u00dfen k\u00f6nnen zus\u00e4tzliche Arme hinzugef\u00fcgt werden<\/li>\n<li>Geeignet f\u00fcr Innen- und Au\u00dfenanwendungen<\/li>\n<li>Systeme k\u00f6nnen nach Ihren spezifischen Anforderungen entworfen werden<\/li>\n<li>Einseitige und doppelseitige Konfigurationen verf\u00fcgbar<\/li>\n<\/ul>\n<h2>Komponenten des Kragarmregals f\u00fcr Paneele<\/h2>\n<p>Pfosten \u2013 Pfosten sind die vertikalen S\u00e4ulen, die die Arme st\u00fctzen.<\/p>\n<p>Grundplatte \u2013 Die Pfosten werden direkt mit der Basis verbunden, um die Pfosten beim Tragen der Waren zu st\u00fctzen.<\/p>\n<p>Arme \u2013 Arme sind die horizontalen Balken, die die Last bei der Lagerung tragen.<\/p>\n<p>Streben \u2013 Streben verbinden und st\u00fctzen die Pfosten.<\/p>","protected":false},"excerpt":{"rendered":"<ul>\n<li>Lagern und greifen Sie auf lange Gegenst\u00e4nde wie Platten, Rohre und Baumaterialien zu<\/li>\n<li>Lagern und greifen Sie auf unregelm\u00e4\u00dfig geformte Produkte zu, wie z. B. Autokarosserien,<\/li>\n<li>Speicherplatz sparen<\/li>\n<li>Schwerlast<\/li>\n<li>Einstellbare H\u00f6he passend f\u00fcr die Artikel<\/li>\n<\/ul>","protected":false},"featured_media":2312,"comment_status":"open","ping_status":"closed","template":"","meta":{"_seopress_robots_primary_cat":"","_seopress_titles_title":"","_seopress_titles_desc":"","_seopress_robots_index":""},"product_brand":[],"product_cat":[54],"product_tag":[55,56],"class_list":{"0":"post-385","1":"product","2":"type-product","3":"status-publish","4":"has-post-thumbnail","6":"product_cat-cantilever-racking","7":"product_tag-cantilever-racking","8":"product_tag-long-item-storage","10":"first","11":"instock","12":"shipping-taxable","13":"product-type-simple"},"yoast_head":"<!-- This site is optimized with the Yoast SEO plugin v26.5 - https:\/\/yoast.com\/wordpress\/plugins\/seo\/ -->\n<title>Cantilever Rack for Panel - iWarehousing<\/title>\n<meta name=\"robots\" content=\"index, follow, max-snippet:-1, max-image-preview:large, max-video-preview:-1\" \/>\n<link rel=\"canonical\" href=\"https:\/\/www.iwarehousing.com\/de\/product\/cantilever-rack-for-panel\/\" \/>\n<meta property=\"og:locale\" content=\"de_DE\" \/>\n<meta property=\"og:type\" content=\"article\" \/>\n<meta property=\"og:title\" content=\"Cantilever Rack for Panel - iWarehousing\" \/>\n<meta property=\"og:description\" content=\"Store and access long items like panels, pipes, architectural materials  Store and access irregularly shaped products like car shell, injection mold  Save storage space  Heavy duty  Adjustable height to fit the items\" \/>\n<meta property=\"og:url\" content=\"https:\/\/www.iwarehousing.com\/de\/product\/cantilever-rack-for-panel\/\" \/>\n<meta property=\"og:site_name\" content=\"iWarehousing\" \/>\n<meta property=\"article:modified_time\" content=\"2023-02-27T08:59:45+00:00\" \/>\n<meta property=\"og:image\" content=\"https:\/\/www.iwarehousing.com\/wp-content\/uploads\/2022\/11\/cantilever-racking-for-panel-0.jpg\" \/>\n\t<meta property=\"og:image:width\" content=\"2000\" \/>\n\t<meta property=\"og:image:height\" content=\"621\" \/>\n\t<meta property=\"og:image:type\" content=\"image\/jpeg\" \/>\n<meta name=\"twitter:card\" content=\"summary_large_image\" \/>\n<meta name=\"twitter:label1\" content=\"Est. reading time\" \/>\n\t<meta name=\"twitter:data1\" content=\"1 minute\" \/>\n<script type=\"application\/ld+json\" class=\"yoast-schema-graph\">{\"@context\":\"https:\/\/schema.org\",\"@graph\":[{\"@type\":\"WebPage\",\"@id\":\"https:\/\/www.iwarehousing.com\/product\/cantilever-rack-for-panel\/\",\"url\":\"https:\/\/www.iwarehousing.com\/product\/cantilever-rack-for-panel\/\",\"name\":\"Cantilever Rack for Panel - iWarehousing\",\"isPartOf\":{\"@id\":\"https:\/\/www.iwarehousing.com\/#website\"},\"primaryImageOfPage\":{\"@id\":\"https:\/\/www.iwarehousing.com\/product\/cantilever-rack-for-panel\/#primaryimage\"},\"image\":{\"@id\":\"https:\/\/www.iwarehousing.com\/product\/cantilever-rack-for-panel\/#primaryimage\"},\"thumbnailUrl\":\"https:\/\/www.iwarehousing.com\/wp-content\/uploads\/2022\/11\/cantilever-racking-for-panel-0.jpg\",\"datePublished\":\"2022-11-08T09:47:46+00:00\",\"dateModified\":\"2023-02-27T08:59:45+00:00\",\"breadcrumb\":{\"@id\":\"https:\/\/www.iwarehousing.com\/product\/cantilever-rack-for-panel\/#breadcrumb\"},\"inLanguage\":\"de-DE\",\"potentialAction\":[{\"@type\":\"ReadAction\",\"target\":[\"https:\/\/www.iwarehousing.com\/product\/cantilever-rack-for-panel\/\"]}]},{\"@type\":\"ImageObject\",\"inLanguage\":\"de-DE\",\"@id\":\"https:\/\/www.iwarehousing.com\/product\/cantilever-rack-for-panel\/#primaryimage\",\"url\":\"https:\/\/www.iwarehousing.com\/wp-content\/uploads\/2022\/11\/cantilever-racking-for-panel-0.jpg\",\"contentUrl\":\"https:\/\/www.iwarehousing.com\/wp-content\/uploads\/2022\/11\/cantilever-racking-for-panel-0.jpg\",\"width\":2000,\"height\":621,\"caption\":\"cantilever racking for panel 0\"},{\"@type\":\"BreadcrumbList\",\"@id\":\"https:\/\/www.iwarehousing.com\/product\/cantilever-rack-for-panel\/#breadcrumb\",\"itemListElement\":[{\"@type\":\"ListItem\",\"position\":1,\"name\":\"Home\",\"item\":\"https:\/\/www.iwarehousing.com\/\"},{\"@type\":\"ListItem\",\"position\":2,\"name\":\"Product\",\"item\":\"https:\/\/www.iwarehousing.com\/product\/\"},{\"@type\":\"ListItem\",\"position\":3,\"name\":\"Cantilever Rack for Panel\"}]},{\"@type\":\"WebSite\",\"@id\":\"https:\/\/www.iwarehousing.com\/#website\",\"url\":\"https:\/\/www.iwarehousing.com\/\",\"name\":\"iWarehousing\",\"description\":\"Focus on warehousing equipments\",\"publisher\":{\"@id\":\"https:\/\/www.iwarehousing.com\/#organization\"},\"potentialAction\":[{\"@type\":\"SearchAction\",\"target\":{\"@type\":\"EntryPoint\",\"urlTemplate\":\"https:\/\/www.iwarehousing.com\/?s={search_term_string}\"},\"query-input\":{\"@type\":\"PropertyValueSpecification\",\"valueRequired\":true,\"valueName\":\"search_term_string\"}}],\"inLanguage\":\"de-DE\"},{\"@type\":\"Organization\",\"@id\":\"https:\/\/www.iwarehousing.com\/#organization\",\"name\":\"iWarehousing\",\"url\":\"https:\/\/www.iwarehousing.com\/\",\"logo\":{\"@type\":\"ImageObject\",\"inLanguage\":\"de-DE\",\"@id\":\"https:\/\/www.iwarehousing.com\/#\/schema\/logo\/image\/\",\"url\":\"https:\/\/www.iwarehousing.com\/wp-content\/uploads\/2022\/05\/iW-logo-no-tag-800pxREV2.png\",\"contentUrl\":\"https:\/\/www.iwarehousing.com\/wp-content\/uploads\/2022\/05\/iW-logo-no-tag-800pxREV2.png\",\"width\":1753,\"height\":490,\"caption\":\"iWarehousing\"},\"image\":{\"@id\":\"https:\/\/www.iwarehousing.com\/#\/schema\/logo\/image\/\"}}]}<\/script>\n<!-- \/ Yoast SEO plugin. -->","yoast_head_json":{"title":"Cantilever Rack for Panel - iWarehousing","robots":{"index":"index","follow":"follow","max-snippet":"max-snippet:-1","max-image-preview":"max-image-preview:large","max-video-preview":"max-video-preview:-1"},"canonical":"https:\/\/www.iwarehousing.com\/de\/product\/cantilever-rack-for-panel\/","og_locale":"de_DE","og_type":"article","og_title":"Cantilever Rack for Panel - iWarehousing","og_description":"Store and access long items like panels, pipes, architectural materials  Store and access irregularly shaped products like car shell, injection mold  Save storage space  Heavy duty  Adjustable height to fit the items","og_url":"https:\/\/www.iwarehousing.com\/de\/product\/cantilever-rack-for-panel\/","og_site_name":"iWarehousing","article_modified_time":"2023-02-27T08:59:45+00:00","og_image":[{"width":2000,"height":621,"url":"https:\/\/www.iwarehousing.com\/wp-content\/uploads\/2022\/11\/cantilever-racking-for-panel-0.jpg","type":"image\/jpeg"}],"twitter_card":"summary_large_image","twitter_misc":{"Est. reading time":"1 minute"},"schema":{"@context":"https:\/\/schema.org","@graph":[{"@type":"WebPage","@id":"https:\/\/www.iwarehousing.com\/product\/cantilever-rack-for-panel\/","url":"https:\/\/www.iwarehousing.com\/product\/cantilever-rack-for-panel\/","name":"Cantilever Rack for Panel - iWarehousing","isPartOf":{"@id":"https:\/\/www.iwarehousing.com\/#website"},"primaryImageOfPage":{"@id":"https:\/\/www.iwarehousing.com\/product\/cantilever-rack-for-panel\/#primaryimage"},"image":{"@id":"https:\/\/www.iwarehousing.com\/product\/cantilever-rack-for-panel\/#primaryimage"},"thumbnailUrl":"https:\/\/www.iwarehousing.com\/wp-content\/uploads\/2022\/11\/cantilever-racking-for-panel-0.jpg","datePublished":"2022-11-08T09:47:46+00:00","dateModified":"2023-02-27T08:59:45+00:00","breadcrumb":{"@id":"https:\/\/www.iwarehousing.com\/product\/cantilever-rack-for-panel\/#breadcrumb"},"inLanguage":"de-DE","potentialAction":[{"@type":"ReadAction","target":["https:\/\/www.iwarehousing.com\/product\/cantilever-rack-for-panel\/"]}]},{"@type":"ImageObject","inLanguage":"de-DE","@id":"https:\/\/www.iwarehousing.com\/product\/cantilever-rack-for-panel\/#primaryimage","url":"https:\/\/www.iwarehousing.com\/wp-content\/uploads\/2022\/11\/cantilever-racking-for-panel-0.jpg","contentUrl":"https:\/\/www.iwarehousing.com\/wp-content\/uploads\/2022\/11\/cantilever-racking-for-panel-0.jpg","width":2000,"height":621,"caption":"cantilever racking for panel 0"},{"@type":"BreadcrumbList","@id":"https:\/\/www.iwarehousing.com\/product\/cantilever-rack-for-panel\/#breadcrumb","itemListElement":[{"@type":"ListItem","position":1,"name":"Home","item":"https:\/\/www.iwarehousing.com\/"},{"@type":"ListItem","position":2,"name":"Product","item":"https:\/\/www.iwarehousing.com\/product\/"},{"@type":"ListItem","position":3,"name":"Cantilever Rack for Panel"}]},{"@type":"WebSite","@id":"https:\/\/www.iwarehousing.com\/#website","url":"https:\/\/www.iwarehousing.com\/","name":"iWarehousing","description":"Focus on warehousing equipments","publisher":{"@id":"https:\/\/www.iwarehousing.com\/#organization"},"potentialAction":[{"@type":"SearchAction","target":{"@type":"EntryPoint","urlTemplate":"https:\/\/www.iwarehousing.com\/?s={search_term_string}"},"query-input":{"@type":"PropertyValueSpecification","valueRequired":true,"valueName":"search_term_string"}}],"inLanguage":"de-DE"},{"@type":"Organization","@id":"https:\/\/www.iwarehousing.com\/#organization","name":"iWarehousing","url":"https:\/\/www.iwarehousing.com\/","logo":{"@type":"ImageObject","inLanguage":"de-DE","@id":"https:\/\/www.iwarehousing.com\/#\/schema\/logo\/image\/","url":"https:\/\/www.iwarehousing.com\/wp-content\/uploads\/2022\/05\/iW-logo-no-tag-800pxREV2.png","contentUrl":"https:\/\/www.iwarehousing.com\/wp-content\/uploads\/2022\/05\/iW-logo-no-tag-800pxREV2.png","width":1753,"height":490,"caption":"iWarehousing"},"image":{"@id":"https:\/\/www.iwarehousing.com\/#\/schema\/logo\/image\/"}}]}},"_links":{"self":[{"href":"https:\/\/www.iwarehousing.com\/de\/wp-json\/wp\/v2\/product\/385","targetHints":{"allow":["GET"]}}],"collection":[{"href":"https:\/\/www.iwarehousing.com\/de\/wp-json\/wp\/v2\/product"}],"about":[{"href":"https:\/\/www.iwarehousing.com\/de\/wp-json\/wp\/v2\/types\/product"}],"replies":[{"embeddable":true,"href":"https:\/\/www.iwarehousing.com\/de\/wp-json\/wp\/v2\/comments?post=385"}],"wp:featuredmedia":[{"embeddable":true,"href":"https:\/\/www.iwarehousing.com\/de\/wp-json\/wp\/v2\/media\/2312"}],"wp:attachment":[{"href":"https:\/\/www.iwarehousing.com\/de\/wp-json\/wp\/v2\/media?parent=385"}],"wp:term":[{"taxonomy":"product_brand","embeddable":true,"href":"https:\/\/www.iwarehousing.com\/de\/wp-json\/wp\/v2\/product_brand?post=385"},{"taxonomy":"product_cat","embeddable":true,"href":"https:\/\/www.iwarehousing.com\/de\/wp-json\/wp\/v2\/product_cat?post=385"},{"taxonomy":"product_tag","embeddable":true,"href":"https:\/\/www.iwarehousing.com\/de\/wp-json\/wp\/v2\/product_tag?post=385"}],"curies":[{"name":"wp","href":"https:\/\/api.w.org\/{rel}","templated":true}]}}