{"id":325,"date":"2022-10-28T10:57:57","date_gmt":"2022-10-28T02:57:57","guid":{"rendered":"https:\/\/imm31ev9mx.onrocket.site\/?post_type=product&#038;p=325"},"modified":"2023-02-27T17:36:04","modified_gmt":"2023-02-27T09:36:04","slug":"radio-shuttle-racking","status":"publish","type":"product","link":"https:\/\/www.iwarehousing.com\/de\/product\/radio-shuttle-racking\/","title":{"rendered":"Radio-Shuttle-Regalsystem"},"content":{"rendered":"<h2>\u00dcberblick<\/h2>\n<p>Radio-Shuttle-Regalsysteme bieten einen kompakten, effizienten und zeitsparenden Betrieb. Ein Paletten-Shuttle, auch Radio-Shuttle genannt, ist ein halbautomatischer Wagen, der Befehle von einem mobilen Ger\u00e4t empf\u00e4ngt. Er nimmt Paletten in einem Regalsystem auf, transportiert und l\u00e4dt sie, ohne dass ein Gabelstapler die Kommissionier- und Entladebuchten befahren muss. Ein Gabelstapler positioniert ein Shuttle am Eingangspunkt einer Regalgasse. \u00dcber eine Fernbedienung werden alle Arbeiten im Regalsystem vom Shuttle ausgef\u00fchrt, ohne dass der Gabelstapler in die Lagergassen greifen muss. Das Risiko struktureller Sch\u00e4den durch Gabelstaplereinwirkung ist minimal.<\/p>\n<p>Ein Radio-Shuttle-Regalsystem kann bei niedrigen Regalabst\u00e4nden tief gehen, ohne dass Inneng\u00e4nge erforderlich sind, wodurch Sie im Vergleich zu einem Palettendurchlaufregalsystem eine um 75% h\u00f6here Lagerdichte erreichen. Kontinuierliche Lade- und Entladevorg\u00e4nge sind mit dem automatischen Programmmen\u00fc im Steuerungssystem effizienter.<\/p>\n<p>Ein Radio-Shuttle-Regalsystem ist ideal f\u00fcr Artikel mit gro\u00dfem Volumen und hohem Lagerumschlag. Es eignet sich auch f\u00fcr die Lagerung bei niedrigen Temperaturen wie Chemikalienlager, K\u00fchlr\u00e4ume und Tiefk\u00fchlkostlager. Mit einem Radio-Shuttle-Regalsystem garantieren Sie Sicherheit, profitieren von hochdichter Lagerung und sparen Zeit und Arbeitskosten.<\/p>\n<p>&nbsp;<\/p>\n<h2>Beschreibung<\/h2>\n<p>Das Shuttle empf\u00e4ngt Befehle von einem Mobilger\u00e4t \u00fcber ein WLAN-Netzwerk. F\u00fcr Ladevorg\u00e4nge platziert ein herk\u00f6mmlicher Gabelstapler das Shuttle auf der Ebene, auf der die Materialien gehandhabt werden. Dann wird die Palette auf dem Regal am Eingangspunkt platziert. Die Aufgabe wird vom Controller gestartet und das Shuttle nimmt die Palette auf und transportiert sie zum tiefsten leeren Platz auf der Ebene. F\u00fcr die Palettenentnahme nimmt das Shuttle die erste Palette auf, die es in der Spur findet, und bringt sie zum Ausgangspunkt. Ein Gabelstapler hebt die Palette vom Shuttle und der Vorgang wird wiederholt. F\u00fcr einen effizienteren Prozess k\u00f6nnen auch kontinuierliche Pick-and-Place-Aufgaben vorprogrammiert werden. Kollisionssensoren und Not-Aus sorgen f\u00fcr einen sicheren Shuttle-Betrieb. Lithiumbatterien versorgen die Wagen f\u00fcr viele Stunden ununterbrochenen Betriebs mit Strom.<\/p>\n<p>&nbsp;<\/p>\n<h2>Wichtige Teile und Materialien<\/h2>\n<p>Das Palettenregalsystem oder Radio-Shuttle-Regalsystem ist eine Regalstruktur mit einem oder mehreren motorisierten Wagen (Shuttles), die \u00fcber ein WLAN-Netzwerk von einem mobilen Ger\u00e4t aus gesteuert werden. Aus Sicherheitsgr\u00fcnden ist das Shuttle mit einem Not-Aus-Schalter und Kollisionssensoren ausgestattet. Es wird von einer Lithiumbatterie angetrieben und erm\u00f6glicht so stundenlangen unterbrechungsfreien Betrieb.<\/p>\n<p>&nbsp;<\/p>\n<h2>Funktionen und Vorteile eines Radio-Shuttle-Regalsystems<\/h2>\n<ul>\n<li>Hochdichte Lagerung. Im Regalsystem gibt es keine G\u00e4nge und nur eine begrenzte Fachh\u00f6he, wodurch der Lagerraum maximiert wird.<\/li>\n<li>Spart Platz. Shuttle-N\u00e4herungssensoren minimieren Leerr\u00e4ume zwischen Paletten und erh\u00f6hen so den verf\u00fcgbaren Platz, insbesondere in einer tiefen Gasse.<\/li>\n<li>Geringere Arbeitskosten. Shuttles bewegen Paletten selbstst\u00e4ndig, ohne dass ein Gabelstapler in die Buchten ben\u00f6tigt wird.<\/li>\n<li>Shuttles bewegen sich leer mit 72 m\/min und beladen mit 36 m\/min. Mit einem einzigen Befehl kann das Paletten-Shuttle eine ganze Gasse f\u00fcllen oder leeren.<\/li>\n<li>Unterst\u00fctzt FIFO- und LIFO-Lagerverwaltung.<\/li>\n<\/ul>\n<p>&nbsp;<\/p>\n<h2>Allgemeine Verwendung und Anwendungen<\/h2>\n<ul>\n<li>Gro\u00dfvolumige Materialien mit intensiver Be- und Entladeaktivit\u00e4t<\/li>\n<li>Ideal f\u00fcr Lager mit niedrigen Temperaturen, in denen die Belastung der Mitarbeiter minimal sein sollte<\/li>\n<\/ul>","protected":false},"excerpt":{"rendered":"<ul>\n<li>Speicherl\u00f6sung mit hoher Dichte<\/li>\n<li>Automatisches Be- und Entladen von Waren durch Paletten-Shuttles<\/li>\n<li>Verbessern Sie die Effizienz des Lagerbetriebs<\/li>\n<li>Reduzieren Sie das Unfallrisiko durch den Aufprall des Gabelstaplers<\/li>\n<li>Geringe Wartungskosten<\/li>\n<li>Besonders geeignet f\u00fcr K\u00fchlh\u00e4user<\/li>\n<\/ul>","protected":false},"featured_media":2318,"comment_status":"open","ping_status":"closed","template":"","meta":{"_seopress_robots_primary_cat":"","_seopress_titles_title":"","_seopress_titles_desc":"","_seopress_robots_index":""},"product_brand":[],"product_cat":[46],"product_tag":[50,51],"class_list":{"0":"post-325","1":"product","2":"type-product","3":"status-publish","4":"has-post-thumbnail","6":"product_cat-pallet-shuttle-racking","7":"product_tag-pallet-shuttle-racking","8":"product_tag-radio-shuttle-racking","10":"first","11":"instock","12":"shipping-taxable","13":"product-type-simple"},"yoast_head":"<!-- This site is optimized with the Yoast SEO plugin v26.5 - https:\/\/yoast.com\/wordpress\/plugins\/seo\/ -->\n<title>Radio Shuttle Racking - iWarehousing<\/title>\n<meta name=\"robots\" content=\"index, follow, max-snippet:-1, max-image-preview:large, max-video-preview:-1\" \/>\n<link rel=\"canonical\" href=\"https:\/\/www.iwarehousing.com\/de\/product\/radio-shuttle-racking\/\" \/>\n<meta property=\"og:locale\" content=\"de_DE\" \/>\n<meta property=\"og:type\" content=\"article\" \/>\n<meta property=\"og:title\" content=\"Radio Shuttle Racking - iWarehousing\" \/>\n<meta property=\"og:description\" content=\"High-density storage solution  Automatically load and unload goods by pallet shuttles  Improve the efficiency of warehouse operation  Reduce risks of accidents caused by impact of the forklift  Low maintenance cost  Especially suitable in cold storage\" \/>\n<meta property=\"og:url\" content=\"https:\/\/www.iwarehousing.com\/de\/product\/radio-shuttle-racking\/\" \/>\n<meta property=\"og:site_name\" content=\"iWarehousing\" \/>\n<meta property=\"article:modified_time\" content=\"2023-02-27T09:36:04+00:00\" \/>\n<meta property=\"og:image\" content=\"https:\/\/www.iwarehousing.com\/wp-content\/uploads\/2022\/10\/radio-shuttle-racking-2.jpg\" \/>\n\t<meta property=\"og:image:width\" content=\"2000\" \/>\n\t<meta property=\"og:image:height\" content=\"1333\" \/>\n\t<meta property=\"og:image:type\" content=\"image\/jpeg\" \/>\n<meta name=\"twitter:card\" content=\"summary_large_image\" \/>\n<meta name=\"twitter:label1\" content=\"Est. reading time\" \/>\n\t<meta name=\"twitter:data1\" content=\"3 minutes\" \/>\n<script type=\"application\/ld+json\" class=\"yoast-schema-graph\">{\"@context\":\"https:\/\/schema.org\",\"@graph\":[{\"@type\":\"WebPage\",\"@id\":\"https:\/\/www.iwarehousing.com\/product\/radio-shuttle-racking\/\",\"url\":\"https:\/\/www.iwarehousing.com\/product\/radio-shuttle-racking\/\",\"name\":\"Radio Shuttle Racking - iWarehousing\",\"isPartOf\":{\"@id\":\"https:\/\/www.iwarehousing.com\/#website\"},\"primaryImageOfPage\":{\"@id\":\"https:\/\/www.iwarehousing.com\/product\/radio-shuttle-racking\/#primaryimage\"},\"image\":{\"@id\":\"https:\/\/www.iwarehousing.com\/product\/radio-shuttle-racking\/#primaryimage\"},\"thumbnailUrl\":\"https:\/\/www.iwarehousing.com\/wp-content\/uploads\/2022\/10\/radio-shuttle-racking-2.jpg\",\"datePublished\":\"2022-10-28T02:57:57+00:00\",\"dateModified\":\"2023-02-27T09:36:04+00:00\",\"breadcrumb\":{\"@id\":\"https:\/\/www.iwarehousing.com\/product\/radio-shuttle-racking\/#breadcrumb\"},\"inLanguage\":\"de-DE\",\"potentialAction\":[{\"@type\":\"ReadAction\",\"target\":[\"https:\/\/www.iwarehousing.com\/product\/radio-shuttle-racking\/\"]}]},{\"@type\":\"ImageObject\",\"inLanguage\":\"de-DE\",\"@id\":\"https:\/\/www.iwarehousing.com\/product\/radio-shuttle-racking\/#primaryimage\",\"url\":\"https:\/\/www.iwarehousing.com\/wp-content\/uploads\/2022\/10\/radio-shuttle-racking-2.jpg\",\"contentUrl\":\"https:\/\/www.iwarehousing.com\/wp-content\/uploads\/2022\/10\/radio-shuttle-racking-2.jpg\",\"width\":2000,\"height\":1333,\"caption\":\"radio shuttle racking 1\"},{\"@type\":\"BreadcrumbList\",\"@id\":\"https:\/\/www.iwarehousing.com\/product\/radio-shuttle-racking\/#breadcrumb\",\"itemListElement\":[{\"@type\":\"ListItem\",\"position\":1,\"name\":\"Home\",\"item\":\"https:\/\/www.iwarehousing.com\/\"},{\"@type\":\"ListItem\",\"position\":2,\"name\":\"Product\",\"item\":\"https:\/\/www.iwarehousing.com\/product\/\"},{\"@type\":\"ListItem\",\"position\":3,\"name\":\"Radio Shuttle Racking\"}]},{\"@type\":\"WebSite\",\"@id\":\"https:\/\/www.iwarehousing.com\/#website\",\"url\":\"https:\/\/www.iwarehousing.com\/\",\"name\":\"iWarehousing\",\"description\":\"Focus on warehousing equipments\",\"publisher\":{\"@id\":\"https:\/\/www.iwarehousing.com\/#organization\"},\"potentialAction\":[{\"@type\":\"SearchAction\",\"target\":{\"@type\":\"EntryPoint\",\"urlTemplate\":\"https:\/\/www.iwarehousing.com\/?s={search_term_string}\"},\"query-input\":{\"@type\":\"PropertyValueSpecification\",\"valueRequired\":true,\"valueName\":\"search_term_string\"}}],\"inLanguage\":\"de-DE\"},{\"@type\":\"Organization\",\"@id\":\"https:\/\/www.iwarehousing.com\/#organization\",\"name\":\"iWarehousing\",\"url\":\"https:\/\/www.iwarehousing.com\/\",\"logo\":{\"@type\":\"ImageObject\",\"inLanguage\":\"de-DE\",\"@id\":\"https:\/\/www.iwarehousing.com\/#\/schema\/logo\/image\/\",\"url\":\"https:\/\/www.iwarehousing.com\/wp-content\/uploads\/2022\/05\/iW-logo-no-tag-800pxREV2.png\",\"contentUrl\":\"https:\/\/www.iwarehousing.com\/wp-content\/uploads\/2022\/05\/iW-logo-no-tag-800pxREV2.png\",\"width\":1753,\"height\":490,\"caption\":\"iWarehousing\"},\"image\":{\"@id\":\"https:\/\/www.iwarehousing.com\/#\/schema\/logo\/image\/\"}}]}<\/script>\n<!-- \/ Yoast SEO plugin. -->","yoast_head_json":{"title":"Radio Shuttle Racking - iWarehousing","robots":{"index":"index","follow":"follow","max-snippet":"max-snippet:-1","max-image-preview":"max-image-preview:large","max-video-preview":"max-video-preview:-1"},"canonical":"https:\/\/www.iwarehousing.com\/de\/product\/radio-shuttle-racking\/","og_locale":"de_DE","og_type":"article","og_title":"Radio Shuttle Racking - iWarehousing","og_description":"High-density storage solution  Automatically load and unload goods by pallet shuttles  Improve the efficiency of warehouse operation  Reduce risks of accidents caused by impact of the forklift  Low maintenance cost  Especially suitable in cold storage","og_url":"https:\/\/www.iwarehousing.com\/de\/product\/radio-shuttle-racking\/","og_site_name":"iWarehousing","article_modified_time":"2023-02-27T09:36:04+00:00","og_image":[{"width":2000,"height":1333,"url":"https:\/\/www.iwarehousing.com\/wp-content\/uploads\/2022\/10\/radio-shuttle-racking-2.jpg","type":"image\/jpeg"}],"twitter_card":"summary_large_image","twitter_misc":{"Est. reading time":"3 minutes"},"schema":{"@context":"https:\/\/schema.org","@graph":[{"@type":"WebPage","@id":"https:\/\/www.iwarehousing.com\/product\/radio-shuttle-racking\/","url":"https:\/\/www.iwarehousing.com\/product\/radio-shuttle-racking\/","name":"Radio Shuttle Racking - iWarehousing","isPartOf":{"@id":"https:\/\/www.iwarehousing.com\/#website"},"primaryImageOfPage":{"@id":"https:\/\/www.iwarehousing.com\/product\/radio-shuttle-racking\/#primaryimage"},"image":{"@id":"https:\/\/www.iwarehousing.com\/product\/radio-shuttle-racking\/#primaryimage"},"thumbnailUrl":"https:\/\/www.iwarehousing.com\/wp-content\/uploads\/2022\/10\/radio-shuttle-racking-2.jpg","datePublished":"2022-10-28T02:57:57+00:00","dateModified":"2023-02-27T09:36:04+00:00","breadcrumb":{"@id":"https:\/\/www.iwarehousing.com\/product\/radio-shuttle-racking\/#breadcrumb"},"inLanguage":"de-DE","potentialAction":[{"@type":"ReadAction","target":["https:\/\/www.iwarehousing.com\/product\/radio-shuttle-racking\/"]}]},{"@type":"ImageObject","inLanguage":"de-DE","@id":"https:\/\/www.iwarehousing.com\/product\/radio-shuttle-racking\/#primaryimage","url":"https:\/\/www.iwarehousing.com\/wp-content\/uploads\/2022\/10\/radio-shuttle-racking-2.jpg","contentUrl":"https:\/\/www.iwarehousing.com\/wp-content\/uploads\/2022\/10\/radio-shuttle-racking-2.jpg","width":2000,"height":1333,"caption":"radio shuttle racking 1"},{"@type":"BreadcrumbList","@id":"https:\/\/www.iwarehousing.com\/product\/radio-shuttle-racking\/#breadcrumb","itemListElement":[{"@type":"ListItem","position":1,"name":"Home","item":"https:\/\/www.iwarehousing.com\/"},{"@type":"ListItem","position":2,"name":"Product","item":"https:\/\/www.iwarehousing.com\/product\/"},{"@type":"ListItem","position":3,"name":"Radio Shuttle Racking"}]},{"@type":"WebSite","@id":"https:\/\/www.iwarehousing.com\/#website","url":"https:\/\/www.iwarehousing.com\/","name":"iWarehousing","description":"Focus on warehousing equipments","publisher":{"@id":"https:\/\/www.iwarehousing.com\/#organization"},"potentialAction":[{"@type":"SearchAction","target":{"@type":"EntryPoint","urlTemplate":"https:\/\/www.iwarehousing.com\/?s={search_term_string}"},"query-input":{"@type":"PropertyValueSpecification","valueRequired":true,"valueName":"search_term_string"}}],"inLanguage":"de-DE"},{"@type":"Organization","@id":"https:\/\/www.iwarehousing.com\/#organization","name":"iWarehousing","url":"https:\/\/www.iwarehousing.com\/","logo":{"@type":"ImageObject","inLanguage":"de-DE","@id":"https:\/\/www.iwarehousing.com\/#\/schema\/logo\/image\/","url":"https:\/\/www.iwarehousing.com\/wp-content\/uploads\/2022\/05\/iW-logo-no-tag-800pxREV2.png","contentUrl":"https:\/\/www.iwarehousing.com\/wp-content\/uploads\/2022\/05\/iW-logo-no-tag-800pxREV2.png","width":1753,"height":490,"caption":"iWarehousing"},"image":{"@id":"https:\/\/www.iwarehousing.com\/#\/schema\/logo\/image\/"}}]}},"_links":{"self":[{"href":"https:\/\/www.iwarehousing.com\/de\/wp-json\/wp\/v2\/product\/325","targetHints":{"allow":["GET"]}}],"collection":[{"href":"https:\/\/www.iwarehousing.com\/de\/wp-json\/wp\/v2\/product"}],"about":[{"href":"https:\/\/www.iwarehousing.com\/de\/wp-json\/wp\/v2\/types\/product"}],"replies":[{"embeddable":true,"href":"https:\/\/www.iwarehousing.com\/de\/wp-json\/wp\/v2\/comments?post=325"}],"wp:featuredmedia":[{"embeddable":true,"href":"https:\/\/www.iwarehousing.com\/de\/wp-json\/wp\/v2\/media\/2318"}],"wp:attachment":[{"href":"https:\/\/www.iwarehousing.com\/de\/wp-json\/wp\/v2\/media?parent=325"}],"wp:term":[{"taxonomy":"product_brand","embeddable":true,"href":"https:\/\/www.iwarehousing.com\/de\/wp-json\/wp\/v2\/product_brand?post=325"},{"taxonomy":"product_cat","embeddable":true,"href":"https:\/\/www.iwarehousing.com\/de\/wp-json\/wp\/v2\/product_cat?post=325"},{"taxonomy":"product_tag","embeddable":true,"href":"https:\/\/www.iwarehousing.com\/de\/wp-json\/wp\/v2\/product_tag?post=325"}],"curies":[{"name":"wp","href":"https:\/\/api.w.org\/{rel}","templated":true}]}}