{"id":314,"date":"2022-10-27T09:59:14","date_gmt":"2022-10-27T01:59:14","guid":{"rendered":"https:\/\/imm31ev9mx.onrocket.site\/?post_type=product&#038;p=314"},"modified":"2023-02-27T17:42:37","modified_gmt":"2023-02-27T09:42:37","slug":"pallet-shuttle-racking-system","status":"publish","type":"product","link":"https:\/\/www.iwarehousing.com\/de\/product\/pallet-shuttle-racking-system\/","title":{"rendered":"Paletten-Shuttle-Regalsystem"},"content":{"rendered":"<p>Paletten-Shuttle-Regale sind eine halbautomatische Lagerl\u00f6sung mit selbstangetriebenen Shuttle-Wagen, die die Paletten automatisch bewegen k\u00f6nnen. Durch den Einsatz eines ferngesteuerten Systems eignen sie sich f\u00fcr die Lagerung mit hohem Umschlag.<\/p>\n<h2>Komponenten des Paletten-Shuttle-Regals<\/h2>\n<h3>St\u00e4nderrahmen<\/h3>\n<p>Der pulverbeschichtete Rahmen ist eine der Grundkomponenten des Paletten-Shuttle-Regals und besteht aus 2 St\u00e4ndern, Horizontal- und Diagonalstreben, Grundplatten und Bodenbefestigungselementen.<\/p>\n<h3>Strahl<\/h3>\n<p>Dies ist eine horizontale Komponente, die die Rahmen miteinander verbindet und die Last tr\u00e4gt. Bei Paletten-Shuttle-Regalen werden die Schienen auf den Tr\u00e4gern getragen und die Shuttles bewegen sich auf den Schienen.<\/p>\n<h3>Schienenunterst\u00fctzung<\/h3>\n<p>Dies ist das Bauteil, das die Metallschienen st\u00fctzt. Die \u00e4u\u00dferen St\u00fctzen sind am Eingang und Ausgang der Pfosten befestigt, w\u00e4hrend die inneren St\u00fctzen an den Balken befestigt sind.<\/p>\n<h3>Pendelbahn<\/h3>\n<p>Die Shuttle-Schiene befindet sich auf dem Tr\u00e4ger. Das Paletten-Shuttle bewegt sich entlang der Schiene.<\/p>\n<h3>Palettenf\u00fchrung<\/h3>\n<p>Dabei geht es am Anfang und Ende jedes Levels darum, G\u00fcter zu laden bzw. zu entladen und zu verhindern, dass diese von ihrer richtigen Route abkommen.<\/p>\n<h3>Schienen-R\u00fccklaufsperre<\/h3>\n<p>Es befindet sich am Ende der Gasse und weist den Paletten-Shuttle an, anzuhalten, wenn er sich dem Ende n\u00e4hert.<\/p>\n<p>&nbsp;<\/p>\n<h2>Vorteile des Paletten-Shuttle-Regalsystems<\/h2>\n<h3>Sicherheit<\/h3>\n<p>Um Kollisionen zu vermeiden und Fehler zu reduzieren, ist der Shuttle-Wagen mit Positionssensoren ausgestattet.<\/p>\n<h3>Raumnutzung<\/h3>\n<p>Beim Paletten-Shuttle-Regalsystem gibt es keine G\u00e4nge zwischen den Regalgassen. Es handelt sich um ein hochverdichtetes Lagersystem.<\/p>\n<h3>Zeiteffizienz<\/h3>\n<p>Shuttle-Wagen und Gabelstapler k\u00f6nnen gleichzeitig arbeiten, um die Zeit zum Be- und Entladen von Paletten zu verk\u00fcrzen.<\/p>\n<h3>Kosteng\u00fcnstig<\/h3>\n<p>Paletten-Shuttle-Regale k\u00f6nnen die Lagerfl\u00e4che verkleinern und damit die Grundst\u00fcckskosten senken. Bei der K\u00fchllagerung kann der Energieverbrauch deutlich gesenkt werden. Dieses automatisierte System reduziert auch den Personalbedarf f\u00fcr die Materialhandhabung.<\/p>\n<p>&nbsp;<\/p>\n<h2>Anwendungen von Paletten-Shuttle-Regalen<\/h2>\n<ul>\n<li>Lager mit h\u00e4ufigem Be- und Entladen.<\/li>\n<li>Lager mit einer reduzierten Anzahl an Produktartikeln, aber einem hohen Palettenvolumen f\u00fcr jeden Artikel.<\/li>\n<li>Lager mit Tiefk\u00fchlr\u00e4umen, da dadurch Zeit und Platz beim Be- und Entladen von Paletten gespart werden k\u00f6nnen.<\/li>\n<\/ul>","protected":false},"excerpt":{"rendered":"<ul>\n<li>Speicherl\u00f6sung mit hoher Dichte<\/li>\n<li>Automatisches Be- und Entladen von Waren durch Paletten-Shuttles<\/li>\n<li>Verbessern Sie die Effizienz des Lagerbetriebs<\/li>\n<li>Reduzieren Sie das Unfallrisiko durch den Aufprall des Gabelstaplers<\/li>\n<li>Geringe Wartungskosten<\/li>\n<li>Besonders geeignet f\u00fcr K\u00fchlh\u00e4user<\/li>\n<\/ul>","protected":false},"featured_media":2319,"comment_status":"open","ping_status":"closed","template":"","meta":{"_seopress_robots_primary_cat":"","_seopress_titles_title":"","_seopress_titles_desc":"","_seopress_robots_index":""},"product_brand":[],"product_cat":[46],"product_tag":[50,51],"class_list":{"0":"post-314","1":"product","2":"type-product","3":"status-publish","4":"has-post-thumbnail","6":"product_cat-pallet-shuttle-racking","7":"product_tag-pallet-shuttle-racking","8":"product_tag-radio-shuttle-racking","10":"first","11":"instock","12":"shipping-taxable","13":"product-type-simple"},"yoast_head":"<!-- This site is optimized with the Yoast SEO plugin v26.5 - https:\/\/yoast.com\/wordpress\/plugins\/seo\/ -->\n<title>Pallet Shuttle Racking System - iWarehousing<\/title>\n<meta name=\"robots\" content=\"index, follow, max-snippet:-1, max-image-preview:large, max-video-preview:-1\" \/>\n<link rel=\"canonical\" href=\"https:\/\/www.iwarehousing.com\/de\/product\/pallet-shuttle-racking-system\/\" \/>\n<meta property=\"og:locale\" content=\"de_DE\" \/>\n<meta property=\"og:type\" content=\"article\" \/>\n<meta property=\"og:title\" content=\"Pallet Shuttle Racking System - iWarehousing\" \/>\n<meta property=\"og:description\" content=\"High-density storage solution  Automatically load and unload goods by pallet shuttles  Improve the efficiency of warehouse operation  Reduce risks of accidents caused by impact of the forklift  Low maintenance cost  Especially suitable in cold storage\" \/>\n<meta property=\"og:url\" content=\"https:\/\/www.iwarehousing.com\/de\/product\/pallet-shuttle-racking-system\/\" \/>\n<meta property=\"og:site_name\" content=\"iWarehousing\" \/>\n<meta property=\"article:modified_time\" content=\"2023-02-27T09:42:37+00:00\" \/>\n<meta property=\"og:image\" content=\"https:\/\/www.iwarehousing.com\/wp-content\/uploads\/2022\/10\/pallet-shuttle-racking-system-0.jpg\" \/>\n\t<meta property=\"og:image:width\" content=\"2000\" \/>\n\t<meta property=\"og:image:height\" content=\"1333\" \/>\n\t<meta property=\"og:image:type\" content=\"image\/jpeg\" \/>\n<meta name=\"twitter:card\" content=\"summary_large_image\" \/>\n<meta name=\"twitter:label1\" content=\"Est. reading time\" \/>\n\t<meta name=\"twitter:data1\" content=\"2 minutes\" \/>\n<script type=\"application\/ld+json\" class=\"yoast-schema-graph\">{\"@context\":\"https:\/\/schema.org\",\"@graph\":[{\"@type\":\"WebPage\",\"@id\":\"https:\/\/www.iwarehousing.com\/product\/pallet-shuttle-racking-system\/\",\"url\":\"https:\/\/www.iwarehousing.com\/product\/pallet-shuttle-racking-system\/\",\"name\":\"Pallet Shuttle Racking System - iWarehousing\",\"isPartOf\":{\"@id\":\"https:\/\/www.iwarehousing.com\/#website\"},\"primaryImageOfPage\":{\"@id\":\"https:\/\/www.iwarehousing.com\/product\/pallet-shuttle-racking-system\/#primaryimage\"},\"image\":{\"@id\":\"https:\/\/www.iwarehousing.com\/product\/pallet-shuttle-racking-system\/#primaryimage\"},\"thumbnailUrl\":\"https:\/\/www.iwarehousing.com\/wp-content\/uploads\/2022\/10\/pallet-shuttle-racking-system-0.jpg\",\"datePublished\":\"2022-10-27T01:59:14+00:00\",\"dateModified\":\"2023-02-27T09:42:37+00:00\",\"breadcrumb\":{\"@id\":\"https:\/\/www.iwarehousing.com\/product\/pallet-shuttle-racking-system\/#breadcrumb\"},\"inLanguage\":\"de-DE\",\"potentialAction\":[{\"@type\":\"ReadAction\",\"target\":[\"https:\/\/www.iwarehousing.com\/product\/pallet-shuttle-racking-system\/\"]}]},{\"@type\":\"ImageObject\",\"inLanguage\":\"de-DE\",\"@id\":\"https:\/\/www.iwarehousing.com\/product\/pallet-shuttle-racking-system\/#primaryimage\",\"url\":\"https:\/\/www.iwarehousing.com\/wp-content\/uploads\/2022\/10\/pallet-shuttle-racking-system-0.jpg\",\"contentUrl\":\"https:\/\/www.iwarehousing.com\/wp-content\/uploads\/2022\/10\/pallet-shuttle-racking-system-0.jpg\",\"width\":2000,\"height\":1333,\"caption\":\"pallet shuttle racking system 0\"},{\"@type\":\"BreadcrumbList\",\"@id\":\"https:\/\/www.iwarehousing.com\/product\/pallet-shuttle-racking-system\/#breadcrumb\",\"itemListElement\":[{\"@type\":\"ListItem\",\"position\":1,\"name\":\"Home\",\"item\":\"https:\/\/www.iwarehousing.com\/\"},{\"@type\":\"ListItem\",\"position\":2,\"name\":\"Product\",\"item\":\"https:\/\/www.iwarehousing.com\/product\/\"},{\"@type\":\"ListItem\",\"position\":3,\"name\":\"Pallet Shuttle Racking System\"}]},{\"@type\":\"WebSite\",\"@id\":\"https:\/\/www.iwarehousing.com\/#website\",\"url\":\"https:\/\/www.iwarehousing.com\/\",\"name\":\"iWarehousing\",\"description\":\"Focus on warehousing equipments\",\"publisher\":{\"@id\":\"https:\/\/www.iwarehousing.com\/#organization\"},\"potentialAction\":[{\"@type\":\"SearchAction\",\"target\":{\"@type\":\"EntryPoint\",\"urlTemplate\":\"https:\/\/www.iwarehousing.com\/?s={search_term_string}\"},\"query-input\":{\"@type\":\"PropertyValueSpecification\",\"valueRequired\":true,\"valueName\":\"search_term_string\"}}],\"inLanguage\":\"de-DE\"},{\"@type\":\"Organization\",\"@id\":\"https:\/\/www.iwarehousing.com\/#organization\",\"name\":\"iWarehousing\",\"url\":\"https:\/\/www.iwarehousing.com\/\",\"logo\":{\"@type\":\"ImageObject\",\"inLanguage\":\"de-DE\",\"@id\":\"https:\/\/www.iwarehousing.com\/#\/schema\/logo\/image\/\",\"url\":\"https:\/\/www.iwarehousing.com\/wp-content\/uploads\/2022\/05\/iW-logo-no-tag-800pxREV2.png\",\"contentUrl\":\"https:\/\/www.iwarehousing.com\/wp-content\/uploads\/2022\/05\/iW-logo-no-tag-800pxREV2.png\",\"width\":1753,\"height\":490,\"caption\":\"iWarehousing\"},\"image\":{\"@id\":\"https:\/\/www.iwarehousing.com\/#\/schema\/logo\/image\/\"}}]}<\/script>\n<!-- \/ Yoast SEO plugin. -->","yoast_head_json":{"title":"Pallet Shuttle Racking System - iWarehousing","robots":{"index":"index","follow":"follow","max-snippet":"max-snippet:-1","max-image-preview":"max-image-preview:large","max-video-preview":"max-video-preview:-1"},"canonical":"https:\/\/www.iwarehousing.com\/de\/product\/pallet-shuttle-racking-system\/","og_locale":"de_DE","og_type":"article","og_title":"Pallet Shuttle Racking System - iWarehousing","og_description":"High-density storage solution  Automatically load and unload goods by pallet shuttles  Improve the efficiency of warehouse operation  Reduce risks of accidents caused by impact of the forklift  Low maintenance cost  Especially suitable in cold storage","og_url":"https:\/\/www.iwarehousing.com\/de\/product\/pallet-shuttle-racking-system\/","og_site_name":"iWarehousing","article_modified_time":"2023-02-27T09:42:37+00:00","og_image":[{"width":2000,"height":1333,"url":"https:\/\/www.iwarehousing.com\/wp-content\/uploads\/2022\/10\/pallet-shuttle-racking-system-0.jpg","type":"image\/jpeg"}],"twitter_card":"summary_large_image","twitter_misc":{"Est. reading time":"2 minutes"},"schema":{"@context":"https:\/\/schema.org","@graph":[{"@type":"WebPage","@id":"https:\/\/www.iwarehousing.com\/product\/pallet-shuttle-racking-system\/","url":"https:\/\/www.iwarehousing.com\/product\/pallet-shuttle-racking-system\/","name":"Pallet Shuttle Racking System - iWarehousing","isPartOf":{"@id":"https:\/\/www.iwarehousing.com\/#website"},"primaryImageOfPage":{"@id":"https:\/\/www.iwarehousing.com\/product\/pallet-shuttle-racking-system\/#primaryimage"},"image":{"@id":"https:\/\/www.iwarehousing.com\/product\/pallet-shuttle-racking-system\/#primaryimage"},"thumbnailUrl":"https:\/\/www.iwarehousing.com\/wp-content\/uploads\/2022\/10\/pallet-shuttle-racking-system-0.jpg","datePublished":"2022-10-27T01:59:14+00:00","dateModified":"2023-02-27T09:42:37+00:00","breadcrumb":{"@id":"https:\/\/www.iwarehousing.com\/product\/pallet-shuttle-racking-system\/#breadcrumb"},"inLanguage":"de-DE","potentialAction":[{"@type":"ReadAction","target":["https:\/\/www.iwarehousing.com\/product\/pallet-shuttle-racking-system\/"]}]},{"@type":"ImageObject","inLanguage":"de-DE","@id":"https:\/\/www.iwarehousing.com\/product\/pallet-shuttle-racking-system\/#primaryimage","url":"https:\/\/www.iwarehousing.com\/wp-content\/uploads\/2022\/10\/pallet-shuttle-racking-system-0.jpg","contentUrl":"https:\/\/www.iwarehousing.com\/wp-content\/uploads\/2022\/10\/pallet-shuttle-racking-system-0.jpg","width":2000,"height":1333,"caption":"pallet shuttle racking system 0"},{"@type":"BreadcrumbList","@id":"https:\/\/www.iwarehousing.com\/product\/pallet-shuttle-racking-system\/#breadcrumb","itemListElement":[{"@type":"ListItem","position":1,"name":"Home","item":"https:\/\/www.iwarehousing.com\/"},{"@type":"ListItem","position":2,"name":"Product","item":"https:\/\/www.iwarehousing.com\/product\/"},{"@type":"ListItem","position":3,"name":"Pallet Shuttle Racking System"}]},{"@type":"WebSite","@id":"https:\/\/www.iwarehousing.com\/#website","url":"https:\/\/www.iwarehousing.com\/","name":"iWarehousing","description":"Focus on warehousing equipments","publisher":{"@id":"https:\/\/www.iwarehousing.com\/#organization"},"potentialAction":[{"@type":"SearchAction","target":{"@type":"EntryPoint","urlTemplate":"https:\/\/www.iwarehousing.com\/?s={search_term_string}"},"query-input":{"@type":"PropertyValueSpecification","valueRequired":true,"valueName":"search_term_string"}}],"inLanguage":"de-DE"},{"@type":"Organization","@id":"https:\/\/www.iwarehousing.com\/#organization","name":"iWarehousing","url":"https:\/\/www.iwarehousing.com\/","logo":{"@type":"ImageObject","inLanguage":"de-DE","@id":"https:\/\/www.iwarehousing.com\/#\/schema\/logo\/image\/","url":"https:\/\/www.iwarehousing.com\/wp-content\/uploads\/2022\/05\/iW-logo-no-tag-800pxREV2.png","contentUrl":"https:\/\/www.iwarehousing.com\/wp-content\/uploads\/2022\/05\/iW-logo-no-tag-800pxREV2.png","width":1753,"height":490,"caption":"iWarehousing"},"image":{"@id":"https:\/\/www.iwarehousing.com\/#\/schema\/logo\/image\/"}}]}},"_links":{"self":[{"href":"https:\/\/www.iwarehousing.com\/de\/wp-json\/wp\/v2\/product\/314","targetHints":{"allow":["GET"]}}],"collection":[{"href":"https:\/\/www.iwarehousing.com\/de\/wp-json\/wp\/v2\/product"}],"about":[{"href":"https:\/\/www.iwarehousing.com\/de\/wp-json\/wp\/v2\/types\/product"}],"replies":[{"embeddable":true,"href":"https:\/\/www.iwarehousing.com\/de\/wp-json\/wp\/v2\/comments?post=314"}],"wp:featuredmedia":[{"embeddable":true,"href":"https:\/\/www.iwarehousing.com\/de\/wp-json\/wp\/v2\/media\/2319"}],"wp:attachment":[{"href":"https:\/\/www.iwarehousing.com\/de\/wp-json\/wp\/v2\/media?parent=314"}],"wp:term":[{"taxonomy":"product_brand","embeddable":true,"href":"https:\/\/www.iwarehousing.com\/de\/wp-json\/wp\/v2\/product_brand?post=314"},{"taxonomy":"product_cat","embeddable":true,"href":"https:\/\/www.iwarehousing.com\/de\/wp-json\/wp\/v2\/product_cat?post=314"},{"taxonomy":"product_tag","embeddable":true,"href":"https:\/\/www.iwarehousing.com\/de\/wp-json\/wp\/v2\/product_tag?post=314"}],"curies":[{"name":"wp","href":"https:\/\/api.w.org\/{rel}","templated":true}]}}