{"id":299,"date":"2022-10-20T23:01:47","date_gmt":"2022-10-20T15:01:47","guid":{"rendered":"https:\/\/imm31ev9mx.onrocket.site\/?post_type=product&#038;p=299"},"modified":"2023-06-10T17:24:08","modified_gmt":"2023-06-10T09:24:08","slug":"drive-in-pallet-racking","status":"publish","type":"product","link":"https:\/\/www.iwarehousing.com\/de\/product\/drive-in-pallet-racking\/","title":{"rendered":"Einfahr-Palettenregale"},"content":{"rendered":"<p><strong>Einfahr-Palettenregale<\/strong> eignet sich zur Lagerung gro\u00dfer Mengen gleicher oder \u00e4hnlicher Waren. Es eignet sich auch sehr gut f\u00fcr die Lagerung von Tiefk\u00fchlprodukten oder anderen Lagern, bei denen die Kosten pro Quadratmeter hoch sind. Dies liegt daran, dass Einfahrregale keine G\u00e4nge ben\u00f6tigen und somit die Lagerfl\u00e4che optimal nutzen.<\/p>\n<h2>Vorteile von Einfahrregalen<\/h2>\n<ul>\n<li>Palettenlagerung mit hoher Dichte<\/li>\n<li>Entweder First In First Out (FIFO) oder First In Last Out (FILO)<\/li>\n<li>Weniger Zubeh\u00f6r erforderlich.<\/li>\n<li>Ideal f\u00fcr schnelldrehende Produkte oder Produkte mit langer Haltbarkeit und begrenzter Lagerrotation.<\/li>\n<li>Keine spezielle Ausr\u00fcstung zur Materialhandhabung erforderlich.<\/li>\n<\/ul>\n<h2>Vorteile von Drive in Palettenregalen<\/h2>\n<h3>Speicher mit hoher Dichte<\/h3>\n<p>Einfahrpalettenregale sind hochverdichtete Regalsysteme, die je nach Platzbedarf so konzipiert werden k\u00f6nnen, dass die Lagerkapazit\u00e4t maximiert wird. Gabelstapler k\u00f6nnen in das System einfahren, um Paletten zu laden, die keine G\u00e4nge ben\u00f6tigen. Das bedeutet, dass Sie in einem Einfahrpalettenregalsystem mehr Paletten lagern k\u00f6nnen als in einem selektiven Palettenregalsystem gleicher Gr\u00f6\u00dfe.<\/p>\n<h3>Geeignet f\u00fcr unkonventionelle Bereiche<\/h3>\n<p>Mit Einfahrpalettenregalen k\u00f6nnen Sie jeden Raum in Ihrem Lager ausnutzen, da f\u00fcr Einfahrpalettenregale nur ein Frontzugang zu einer Seite des Systems erforderlich ist und so die Lagerkapazit\u00e4t eines bisher unbrauchbaren Raums maximiert werden kann.<\/p>\n<h3>Produktschutz<\/h3>\n<p>Da nur auf wenige Paletten von der Vorderseite des Systems aus zugegriffen werden kann, werden die restlichen Paletten dahinter gelagert. Dadurch k\u00f6nnen die Paletten vor m\u00f6glichen Besch\u00e4digungen durch Kollisionen mit Gabelstaplern gesch\u00fctzt werden.<\/p>\n<h3>Hochgradig anpassbar<\/h3>\n<p>Einfahrregale f\u00fcr Paletten k\u00f6nnen so entworfen und angepasst werden, dass sie zu jedem Raum oder Lagerbetrieb passen. Einfahrregale f\u00fcr Paletten bieten nicht nur eine hochverdichtete Lagerung mit einem einzigen Zugangspunkt, sondern k\u00f6nnen auch so entworfen werden, dass sie \u00fcber R\u00fccken-an-R\u00fccken-Eing\u00e4nge verf\u00fcgen, sodass Sie von beiden Seiten auf das Regal zugreifen k\u00f6nnen.<\/p>\n<h2>Hauptanwendungen des Antriebs in Palettenregalsystemen<\/h2>\n<h3>Einfahrpalettenregale k\u00f6nnten f\u00fcr Sie die ideale L\u00f6sung sein, wenn:<\/h3>\n<ul>\n<li>Ihr Lagerraum ist begrenzt und Sie m\u00f6chten die Lagerkapazit\u00e4t erh\u00f6hen, ohne das Geb\u00e4ude erweitern zu m\u00fcssen.<\/li>\n<li>Sie lagern eine gro\u00dfe Anzahl von Paletten mit geringem Umschlag und gleichem Bestand.<\/li>\n<li>Eine schnelle Drehung ist nicht unbedingt erforderlich.<\/li>\n<li>Der Lagerbestand ist eingefroren und Sie m\u00f6chten den Energieverbrauch senken.<\/li>\n<li>Der direkte Zugriff auf jede einzelne Palette ist nicht wichtig.<\/li>\n<\/ul>\n<h2>Was Sie bei der Konstruktion eines Einfahrpalettenregalsystems ber\u00fccksichtigen sollten.<\/h2>\n<h3>Zielsetzung<\/h3>\n<p>Wenn Sie sich f\u00fcr ein Einfahrregalsystem f\u00fcr Paletten entscheiden, sollten Sie \u00fcberlegen, ob Ihr Lager auf maximale Lagerkapazit\u00e4t oder Effizienzsteigerung ausgelegt ist. Wenn Sie sich auf das Ziel konzentrieren, erreichen Sie eine bessere Raumausnutzung oder einen effizienteren Betrieb. Wenn Sie Ihren Kunden langfristige Lagerung anbieten m\u00f6chten, m\u00fcssen Sie sich auf die Raumausnutzung konzentrieren.<\/p>\n<h3>Ausgabevolumen<\/h3>\n<p>Die Gr\u00f6\u00dfe des Lagers bestimmt die Produktproduktion pro Tag. Bei der Auswahl eines Drive-In-Palettenregalsystems sollten Sie sich auf die Lageraufteilung konzentrieren. Sie m\u00fcssen besonders auf G\u00e4nge, T\u00fcren und Tunnel achten, um beim Be- und Entladen von Waren Kollisionen mit Gabelstaplern zu vermeiden.<\/p>\n<h3>Materialtransportausr\u00fcstung<\/h3>\n<p>Die Materialtransportausr\u00fcstung ist f\u00fcr das t\u00e4gliche Be- und Entladen von gro\u00dfer Bedeutung. Besonders wichtig ist die Ber\u00fccksichtigung des zu verwendenden Hubwagens. Bei der Konstruktion eines Einfahrregalsystems k\u00f6nnen spezifische Abmessungen ber\u00fccksichtigt werden.<\/p>\n<h3>Bereich<\/h3>\n<p>Beachten Sie beim Entwurf eines Einfahrregalsystems f\u00fcr Paletten die spezifischen Abmessungen Ihres Lagers. Achten Sie besonders auf die Breite und H\u00f6he des Regals, das Sie entwerfen m\u00f6chten. Als allgemeine Regel sollten Sie oben und an den Seiten 12 Zoll hinzuf\u00fcgen, damit Gabelstapler darauf zugreifen k\u00f6nnen.<\/p>\n<h3>Budget<\/h3>\n<p>Wenn Ihr Budget begrenzt ist, k\u00f6nnen Sie sich f\u00fcr ein Einfahrregalsystem f\u00fcr Paletten entscheiden, da es Ihnen eine effiziente Nutzung des Lagerraums erm\u00f6glicht und eine zuk\u00fcnftige Erweiterung erlaubt.<\/p>\n<h3>Wartung<\/h3>\n<p>Da Gabelstapler regelm\u00e4\u00dfig in das Einfahrregalsystem ein- und ausfahren, ist es unvermeidlich, dass es zu Sch\u00e4den kommt. Sie k\u00f6nnen diesem Problem durch Wartung und Schutz vorbeugen, insbesondere durch die Bodenschiene, den Stahlpfostenschutz und die Endregalbarrieren.<\/p>","protected":false},"excerpt":{"rendered":"<ul>\n<li>Palettenlagerung mit hoher Dichte<\/li>\n<li>Weniger Zubeh\u00f6r erforderlich<\/li>\n<li>Entweder FIFO oder FILO<\/li>\n<li>Ideal f\u00fcr schnelldrehende Produkte oder Produkte mit langer Haltbarkeit und begrenzter Lagerrotation<\/li>\n<li>Keine spezielle Ausr\u00fcstung zur Materialhandhabung erforderlich<\/li>\n<\/ul>","protected":false},"featured_media":2430,"comment_status":"open","ping_status":"closed","template":"","meta":{"_seopress_robots_primary_cat":"","_seopress_titles_title":"","_seopress_titles_desc":"","_seopress_robots_index":""},"product_brand":[],"product_cat":[31],"product_tag":[40,42,41,43],"class_list":{"0":"post-299","1":"product","2":"type-product","3":"status-publish","4":"has-post-thumbnail","6":"product_cat-drive-in-racking","7":"product_tag-drive-in-racking","8":"product_tag-fifo","9":"product_tag-high-density-storage","10":"product_tag-lifo","12":"first","13":"instock","14":"shipping-taxable","15":"product-type-simple"},"yoast_head":"<!-- This site is optimized with the Yoast SEO plugin v26.5 - https:\/\/yoast.com\/wordpress\/plugins\/seo\/ -->\n<title>Drive-in Pallet Racking - iWarehousing<\/title>\n<meta name=\"robots\" content=\"index, follow, max-snippet:-1, max-image-preview:large, max-video-preview:-1\" \/>\n<link rel=\"canonical\" href=\"https:\/\/www.iwarehousing.com\/de\/product\/drive-in-pallet-racking\/\" \/>\n<meta property=\"og:locale\" content=\"de_DE\" \/>\n<meta property=\"og:type\" content=\"article\" \/>\n<meta property=\"og:title\" content=\"Drive-in Pallet Racking - iWarehousing\" \/>\n<meta property=\"og:description\" content=\"High density pallet storage  Fewer accessories required  Either FIFO or FILO  Ideal for fast moving products or products with a long shelf life and limited stock rotation  No specialized material handling equipment required\" \/>\n<meta property=\"og:url\" content=\"https:\/\/www.iwarehousing.com\/de\/product\/drive-in-pallet-racking\/\" \/>\n<meta property=\"og:site_name\" content=\"iWarehousing\" \/>\n<meta property=\"article:modified_time\" content=\"2023-06-10T09:24:08+00:00\" \/>\n<meta property=\"og:image\" content=\"https:\/\/www.iwarehousing.com\/wp-content\/uploads\/2022\/10\/drive_in_pallet_racking_banner_2-1.jpg\" \/>\n\t<meta property=\"og:image:width\" content=\"1449\" \/>\n\t<meta property=\"og:image:height\" content=\"550\" \/>\n\t<meta property=\"og:image:type\" content=\"image\/jpeg\" \/>\n<meta name=\"twitter:card\" content=\"summary_large_image\" \/>\n<meta name=\"twitter:label1\" content=\"Est. reading time\" \/>\n\t<meta name=\"twitter:data1\" content=\"3 minutes\" \/>\n<script type=\"application\/ld+json\" class=\"yoast-schema-graph\">{\"@context\":\"https:\/\/schema.org\",\"@graph\":[{\"@type\":\"WebPage\",\"@id\":\"https:\/\/www.iwarehousing.com\/product\/drive-in-pallet-racking\/\",\"url\":\"https:\/\/www.iwarehousing.com\/product\/drive-in-pallet-racking\/\",\"name\":\"Drive-in Pallet Racking - iWarehousing\",\"isPartOf\":{\"@id\":\"https:\/\/www.iwarehousing.com\/#website\"},\"primaryImageOfPage\":{\"@id\":\"https:\/\/www.iwarehousing.com\/product\/drive-in-pallet-racking\/#primaryimage\"},\"image\":{\"@id\":\"https:\/\/www.iwarehousing.com\/product\/drive-in-pallet-racking\/#primaryimage\"},\"thumbnailUrl\":\"https:\/\/www.iwarehousing.com\/wp-content\/uploads\/2022\/10\/drive_in_pallet_racking_banner_2-1.jpg\",\"datePublished\":\"2022-10-20T15:01:47+00:00\",\"dateModified\":\"2023-06-10T09:24:08+00:00\",\"breadcrumb\":{\"@id\":\"https:\/\/www.iwarehousing.com\/product\/drive-in-pallet-racking\/#breadcrumb\"},\"inLanguage\":\"de-DE\",\"potentialAction\":[{\"@type\":\"ReadAction\",\"target\":[\"https:\/\/www.iwarehousing.com\/product\/drive-in-pallet-racking\/\"]}]},{\"@type\":\"ImageObject\",\"inLanguage\":\"de-DE\",\"@id\":\"https:\/\/www.iwarehousing.com\/product\/drive-in-pallet-racking\/#primaryimage\",\"url\":\"https:\/\/www.iwarehousing.com\/wp-content\/uploads\/2022\/10\/drive_in_pallet_racking_banner_2-1.jpg\",\"contentUrl\":\"https:\/\/www.iwarehousing.com\/wp-content\/uploads\/2022\/10\/drive_in_pallet_racking_banner_2-1.jpg\",\"width\":1449,\"height\":550,\"caption\":\"drive in pallet racking - iWarehousing\"},{\"@type\":\"BreadcrumbList\",\"@id\":\"https:\/\/www.iwarehousing.com\/product\/drive-in-pallet-racking\/#breadcrumb\",\"itemListElement\":[{\"@type\":\"ListItem\",\"position\":1,\"name\":\"Home\",\"item\":\"https:\/\/www.iwarehousing.com\/\"},{\"@type\":\"ListItem\",\"position\":2,\"name\":\"Product\",\"item\":\"https:\/\/www.iwarehousing.com\/product\/\"},{\"@type\":\"ListItem\",\"position\":3,\"name\":\"Drive-in Pallet Racking\"}]},{\"@type\":\"WebSite\",\"@id\":\"https:\/\/www.iwarehousing.com\/#website\",\"url\":\"https:\/\/www.iwarehousing.com\/\",\"name\":\"iWarehousing\",\"description\":\"Focus on warehousing equipments\",\"publisher\":{\"@id\":\"https:\/\/www.iwarehousing.com\/#organization\"},\"potentialAction\":[{\"@type\":\"SearchAction\",\"target\":{\"@type\":\"EntryPoint\",\"urlTemplate\":\"https:\/\/www.iwarehousing.com\/?s={search_term_string}\"},\"query-input\":{\"@type\":\"PropertyValueSpecification\",\"valueRequired\":true,\"valueName\":\"search_term_string\"}}],\"inLanguage\":\"de-DE\"},{\"@type\":\"Organization\",\"@id\":\"https:\/\/www.iwarehousing.com\/#organization\",\"name\":\"iWarehousing\",\"url\":\"https:\/\/www.iwarehousing.com\/\",\"logo\":{\"@type\":\"ImageObject\",\"inLanguage\":\"de-DE\",\"@id\":\"https:\/\/www.iwarehousing.com\/#\/schema\/logo\/image\/\",\"url\":\"https:\/\/www.iwarehousing.com\/wp-content\/uploads\/2022\/05\/iW-logo-no-tag-800pxREV2.png\",\"contentUrl\":\"https:\/\/www.iwarehousing.com\/wp-content\/uploads\/2022\/05\/iW-logo-no-tag-800pxREV2.png\",\"width\":1753,\"height\":490,\"caption\":\"iWarehousing\"},\"image\":{\"@id\":\"https:\/\/www.iwarehousing.com\/#\/schema\/logo\/image\/\"}}]}<\/script>\n<!-- \/ Yoast SEO plugin. -->","yoast_head_json":{"title":"Drive-in Pallet Racking - iWarehousing","robots":{"index":"index","follow":"follow","max-snippet":"max-snippet:-1","max-image-preview":"max-image-preview:large","max-video-preview":"max-video-preview:-1"},"canonical":"https:\/\/www.iwarehousing.com\/de\/product\/drive-in-pallet-racking\/","og_locale":"de_DE","og_type":"article","og_title":"Drive-in Pallet Racking - iWarehousing","og_description":"High density pallet storage  Fewer accessories required  Either FIFO or FILO  Ideal for fast moving products or products with a long shelf life and limited stock rotation  No specialized material handling equipment required","og_url":"https:\/\/www.iwarehousing.com\/de\/product\/drive-in-pallet-racking\/","og_site_name":"iWarehousing","article_modified_time":"2023-06-10T09:24:08+00:00","og_image":[{"width":1449,"height":550,"url":"https:\/\/www.iwarehousing.com\/wp-content\/uploads\/2022\/10\/drive_in_pallet_racking_banner_2-1.jpg","type":"image\/jpeg"}],"twitter_card":"summary_large_image","twitter_misc":{"Est. reading time":"3 minutes"},"schema":{"@context":"https:\/\/schema.org","@graph":[{"@type":"WebPage","@id":"https:\/\/www.iwarehousing.com\/product\/drive-in-pallet-racking\/","url":"https:\/\/www.iwarehousing.com\/product\/drive-in-pallet-racking\/","name":"Drive-in Pallet Racking - iWarehousing","isPartOf":{"@id":"https:\/\/www.iwarehousing.com\/#website"},"primaryImageOfPage":{"@id":"https:\/\/www.iwarehousing.com\/product\/drive-in-pallet-racking\/#primaryimage"},"image":{"@id":"https:\/\/www.iwarehousing.com\/product\/drive-in-pallet-racking\/#primaryimage"},"thumbnailUrl":"https:\/\/www.iwarehousing.com\/wp-content\/uploads\/2022\/10\/drive_in_pallet_racking_banner_2-1.jpg","datePublished":"2022-10-20T15:01:47+00:00","dateModified":"2023-06-10T09:24:08+00:00","breadcrumb":{"@id":"https:\/\/www.iwarehousing.com\/product\/drive-in-pallet-racking\/#breadcrumb"},"inLanguage":"de-DE","potentialAction":[{"@type":"ReadAction","target":["https:\/\/www.iwarehousing.com\/product\/drive-in-pallet-racking\/"]}]},{"@type":"ImageObject","inLanguage":"de-DE","@id":"https:\/\/www.iwarehousing.com\/product\/drive-in-pallet-racking\/#primaryimage","url":"https:\/\/www.iwarehousing.com\/wp-content\/uploads\/2022\/10\/drive_in_pallet_racking_banner_2-1.jpg","contentUrl":"https:\/\/www.iwarehousing.com\/wp-content\/uploads\/2022\/10\/drive_in_pallet_racking_banner_2-1.jpg","width":1449,"height":550,"caption":"drive in pallet racking - iWarehousing"},{"@type":"BreadcrumbList","@id":"https:\/\/www.iwarehousing.com\/product\/drive-in-pallet-racking\/#breadcrumb","itemListElement":[{"@type":"ListItem","position":1,"name":"Home","item":"https:\/\/www.iwarehousing.com\/"},{"@type":"ListItem","position":2,"name":"Product","item":"https:\/\/www.iwarehousing.com\/product\/"},{"@type":"ListItem","position":3,"name":"Drive-in Pallet Racking"}]},{"@type":"WebSite","@id":"https:\/\/www.iwarehousing.com\/#website","url":"https:\/\/www.iwarehousing.com\/","name":"iWarehousing","description":"Focus on warehousing equipments","publisher":{"@id":"https:\/\/www.iwarehousing.com\/#organization"},"potentialAction":[{"@type":"SearchAction","target":{"@type":"EntryPoint","urlTemplate":"https:\/\/www.iwarehousing.com\/?s={search_term_string}"},"query-input":{"@type":"PropertyValueSpecification","valueRequired":true,"valueName":"search_term_string"}}],"inLanguage":"de-DE"},{"@type":"Organization","@id":"https:\/\/www.iwarehousing.com\/#organization","name":"iWarehousing","url":"https:\/\/www.iwarehousing.com\/","logo":{"@type":"ImageObject","inLanguage":"de-DE","@id":"https:\/\/www.iwarehousing.com\/#\/schema\/logo\/image\/","url":"https:\/\/www.iwarehousing.com\/wp-content\/uploads\/2022\/05\/iW-logo-no-tag-800pxREV2.png","contentUrl":"https:\/\/www.iwarehousing.com\/wp-content\/uploads\/2022\/05\/iW-logo-no-tag-800pxREV2.png","width":1753,"height":490,"caption":"iWarehousing"},"image":{"@id":"https:\/\/www.iwarehousing.com\/#\/schema\/logo\/image\/"}}]}},"_links":{"self":[{"href":"https:\/\/www.iwarehousing.com\/de\/wp-json\/wp\/v2\/product\/299","targetHints":{"allow":["GET"]}}],"collection":[{"href":"https:\/\/www.iwarehousing.com\/de\/wp-json\/wp\/v2\/product"}],"about":[{"href":"https:\/\/www.iwarehousing.com\/de\/wp-json\/wp\/v2\/types\/product"}],"replies":[{"embeddable":true,"href":"https:\/\/www.iwarehousing.com\/de\/wp-json\/wp\/v2\/comments?post=299"}],"wp:featuredmedia":[{"embeddable":true,"href":"https:\/\/www.iwarehousing.com\/de\/wp-json\/wp\/v2\/media\/2430"}],"wp:attachment":[{"href":"https:\/\/www.iwarehousing.com\/de\/wp-json\/wp\/v2\/media?parent=299"}],"wp:term":[{"taxonomy":"product_brand","embeddable":true,"href":"https:\/\/www.iwarehousing.com\/de\/wp-json\/wp\/v2\/product_brand?post=299"},{"taxonomy":"product_cat","embeddable":true,"href":"https:\/\/www.iwarehousing.com\/de\/wp-json\/wp\/v2\/product_cat?post=299"},{"taxonomy":"product_tag","embeddable":true,"href":"https:\/\/www.iwarehousing.com\/de\/wp-json\/wp\/v2\/product_tag?post=299"}],"curies":[{"name":"wp","href":"https:\/\/api.w.org\/{rel}","templated":true}]}}