{"id":2433,"date":"2023-06-11T22:46:50","date_gmt":"2023-06-11T14:46:50","guid":{"rendered":"https:\/\/imm31ev9mx.onrocket.site\/?post_type=product&#038;p=2433"},"modified":"2023-06-12T17:17:08","modified_gmt":"2023-06-12T09:17:08","slug":"drive-in-warehouse-racking","status":"publish","type":"product","link":"https:\/\/www.iwarehousing.com\/de\/product\/drive-in-warehouse-racking\/","title":{"rendered":"Einfahrregale"},"content":{"rendered":"<p><strong>Einfahrregale<\/strong> verwendet den Palettenzugriffsmodus, der f\u00fcr die Lagerung von Waren mit wenigen Sorten, aber gro\u00dfen Mengen geeignet ist. Einfahrregalsysteme machen Kommissionierg\u00e4nge \u00fcberfl\u00fcssig. Es handelt sich um eine Regalart, die die Lagerauslastung effektiv verbessert, und die Lagerraumauslastung kann bis zu 801 TP3T betragen.<\/p>\n<h2>Komponenten von Einfahrregalen<\/h2>\n<ul>\n<li><strong>Aufrechter Rahmen<\/strong>: Der aufrechte Rahmen ist der wichtigste Teil des Drive-In-Lagerregalsystems. Er bietet die Hauptst\u00fctze f\u00fcr das gesamte System. Er besteht aus aufrechten S\u00e4ulen und Verstrebungen.<\/li>\n<li><strong>Oberer Balken<\/strong>: Die Balken im oberen Teil des Einfahrregalsystems werden als obere Balken bezeichnet und sorgen f\u00fcr den Ausgleich an der Oberseite jedes Fachs.<\/li>\n<li><strong>Deckenverstrebung<\/strong>: Obere Verstrebungen im Vergleich zu oberen Tr\u00e4gern, um das System oben auf jedem Feld zu verbinden. Die Teile werden durch Schnallen oder Muttern verbunden.<\/li>\n<li><strong>Doppelter St\u00fctzarm<\/strong>: Doppelseitige Arme sind die Ger\u00e4te, die Palettenschienen halten. Sie sind an den aufrechten Pfosten verankert, die meist orange sind.<\/li>\n<li><strong>Einzelner St\u00fctzarm<\/strong>: Einseitige Arme werden, genau wie doppelseitige Arme, ebenfalls verwendet, um die Palettenschienen zu st\u00fctzen. Der einzige Unterschied besteht darin, dass der Bedarf an einseitigen Armen viel geringer ist als an doppelseitigen Armen, da nur die Start- und Endbucht einseitige Arme zum Halten der Palettenschienen erfordern.<\/li>\n<li><strong>St\u00fctzarmschiene<\/strong>: Die Schienen sind die Stellen, auf denen Sie Ihre Paletten ablegen. Sie legen Ihre Paletten zwischen zwei Schienen, wo die Paletten in die tiefste Position des Systems geschoben werden k\u00f6nnen, um Platz f\u00fcr neue Paletten zu lassen. Ohne Schienen kann das Einfahrregal nicht funktionieren.<\/li>\n<li><strong>Pfostenschutz<\/strong>: Normalerweise sind die meisten Pfostensch\u00fctzer gelb und in kr\u00e4ftigen Farben f\u00fcr Gabelstapler, um den gef\u00e4hrdeten Teil des Regalsystems zu sch\u00fctzen. Pfostensch\u00fctzer sind haupts\u00e4chlich dazu gedacht, die Pfosten f\u00fcr die Regalsicherheit zu sch\u00fctzen.<\/li>\n<li><strong>Bodenf\u00fchrungsschiene<\/strong>: Die Bodenf\u00fchrungsschiene dient dazu, den Gabelstaplerfahrern zu helfen, sich sicher im Regalsystem zu bewegen. Sie kann die R\u00e4der des Gabelstaplers intelligent und schnell stoppen, bevor sie das Regalsystem treffen. Dies ist eine zus\u00e4tzliche Komponente, aber wir empfehlen, sie in jedem Drive-In-Regalprojekt zu verwenden.<\/li>\n<\/ul>\n<h2>Anwendungen von Drive-in-Lagerregalen<\/h2>\n<p>Einfahrregalsysteme bieten viele Vorteile und reduzieren den Bedarf an zus\u00e4tzlichen G\u00e4ngen. Die Paletten k\u00f6nnen problemlos einzeln und nebeneinander geladen werden. Die folgenden Waren werden mit Einfahrregalsystemen gelagert, um den Lagerraum optimal zu nutzen.<\/p>\n<ul>\n<li>Lebensmittel und Getr\u00e4nke<\/li>\n<li>Chemikalien- und Fasslagerung<\/li>\n<li>K\u00fchlh\u00e4user<\/li>\n<li>Landwirtschaftliche Produkte wie Reis und \u00d6l<\/li>\n<\/ul>","protected":false},"excerpt":{"rendered":"<ul>\n<li>Einfahrregale z\u00e4hlen zu den h\u00e4ufig eingesetzten Kompaktlagersystemen.<\/li>\n<li>Einfahrregalsysteme eignen sich ideal f\u00fcr die Lagerung von Waren mit hohem Volumen und geringer Lagerbestandsanzahl.<\/li>\n<li>Drive-in- und Drive-thru-Lagerregalsysteme folgen sowohl den LIFO- als auch den FIFO-Lagerrotationsregeln.<\/li>\n<\/ul>","protected":false},"featured_media":2436,"comment_status":"open","ping_status":"closed","template":"","meta":{"_seopress_robots_primary_cat":"","_seopress_titles_title":"","_seopress_titles_desc":"","_seopress_robots_index":""},"product_brand":[],"product_cat":[31],"product_tag":[],"class_list":{"0":"post-2433","1":"product","2":"type-product","3":"status-publish","4":"has-post-thumbnail","6":"product_cat-drive-in-racking","8":"first","9":"instock","10":"shipping-taxable","11":"product-type-simple"},"yoast_head":"<!-- This site is optimized with the Yoast SEO plugin v26.5 - https:\/\/yoast.com\/wordpress\/plugins\/seo\/ -->\n<title>Drive in Warehouse Racking - iWarehousing<\/title>\n<meta name=\"robots\" content=\"index, follow, max-snippet:-1, max-image-preview:large, max-video-preview:-1\" \/>\n<link rel=\"canonical\" href=\"https:\/\/www.iwarehousing.com\/de\/product\/drive-in-warehouse-racking\/\" \/>\n<meta property=\"og:locale\" content=\"de_DE\" \/>\n<meta property=\"og:type\" content=\"article\" \/>\n<meta property=\"og:title\" content=\"Drive in Warehouse Racking - iWarehousing\" \/>\n<meta property=\"og:description\" content=\"Drive-in warehouse racking is one of the frequently-used high-density storage systems.  Drive-in warehouse racking system is ideal for storing goods with the features of high-volume and low-SKU.  Drive-in and drive-thru warehouse racking system follows both LIFO and FIFO stock rotation rule.\" \/>\n<meta property=\"og:url\" content=\"https:\/\/www.iwarehousing.com\/de\/product\/drive-in-warehouse-racking\/\" \/>\n<meta property=\"og:site_name\" content=\"iWarehousing\" \/>\n<meta property=\"article:modified_time\" content=\"2023-06-12T09:17:08+00:00\" \/>\n<meta property=\"og:image\" content=\"https:\/\/www.iwarehousing.com\/wp-content\/uploads\/2023\/06\/Hortifrut-1.jpg\" \/>\n\t<meta property=\"og:image:width\" content=\"1500\" \/>\n\t<meta property=\"og:image:height\" content=\"996\" \/>\n\t<meta property=\"og:image:type\" content=\"image\/jpeg\" \/>\n<meta name=\"twitter:card\" content=\"summary_large_image\" \/>\n<meta name=\"twitter:label1\" content=\"Est. reading time\" \/>\n\t<meta name=\"twitter:data1\" content=\"2 minutes\" \/>\n<script type=\"application\/ld+json\" class=\"yoast-schema-graph\">{\"@context\":\"https:\/\/schema.org\",\"@graph\":[{\"@type\":\"WebPage\",\"@id\":\"https:\/\/www.iwarehousing.com\/product\/drive-in-warehouse-racking\/\",\"url\":\"https:\/\/www.iwarehousing.com\/product\/drive-in-warehouse-racking\/\",\"name\":\"Drive in Warehouse Racking - iWarehousing\",\"isPartOf\":{\"@id\":\"https:\/\/www.iwarehousing.com\/#website\"},\"primaryImageOfPage\":{\"@id\":\"https:\/\/www.iwarehousing.com\/product\/drive-in-warehouse-racking\/#primaryimage\"},\"image\":{\"@id\":\"https:\/\/www.iwarehousing.com\/product\/drive-in-warehouse-racking\/#primaryimage\"},\"thumbnailUrl\":\"https:\/\/www.iwarehousing.com\/wp-content\/uploads\/2023\/06\/Hortifrut-1.jpg\",\"datePublished\":\"2023-06-11T14:46:50+00:00\",\"dateModified\":\"2023-06-12T09:17:08+00:00\",\"breadcrumb\":{\"@id\":\"https:\/\/www.iwarehousing.com\/product\/drive-in-warehouse-racking\/#breadcrumb\"},\"inLanguage\":\"de-DE\",\"potentialAction\":[{\"@type\":\"ReadAction\",\"target\":[\"https:\/\/www.iwarehousing.com\/product\/drive-in-warehouse-racking\/\"]}]},{\"@type\":\"ImageObject\",\"inLanguage\":\"de-DE\",\"@id\":\"https:\/\/www.iwarehousing.com\/product\/drive-in-warehouse-racking\/#primaryimage\",\"url\":\"https:\/\/www.iwarehousing.com\/wp-content\/uploads\/2023\/06\/Hortifrut-1.jpg\",\"contentUrl\":\"https:\/\/www.iwarehousing.com\/wp-content\/uploads\/2023\/06\/Hortifrut-1.jpg\",\"width\":1500,\"height\":996,\"caption\":\"drive in warehouse racking - iWarehousing\"},{\"@type\":\"BreadcrumbList\",\"@id\":\"https:\/\/www.iwarehousing.com\/product\/drive-in-warehouse-racking\/#breadcrumb\",\"itemListElement\":[{\"@type\":\"ListItem\",\"position\":1,\"name\":\"Home\",\"item\":\"https:\/\/www.iwarehousing.com\/\"},{\"@type\":\"ListItem\",\"position\":2,\"name\":\"Product\",\"item\":\"https:\/\/www.iwarehousing.com\/product\/\"},{\"@type\":\"ListItem\",\"position\":3,\"name\":\"Drive in Warehouse Racking\"}]},{\"@type\":\"WebSite\",\"@id\":\"https:\/\/www.iwarehousing.com\/#website\",\"url\":\"https:\/\/www.iwarehousing.com\/\",\"name\":\"iWarehousing\",\"description\":\"Focus on warehousing equipments\",\"publisher\":{\"@id\":\"https:\/\/www.iwarehousing.com\/#organization\"},\"potentialAction\":[{\"@type\":\"SearchAction\",\"target\":{\"@type\":\"EntryPoint\",\"urlTemplate\":\"https:\/\/www.iwarehousing.com\/?s={search_term_string}\"},\"query-input\":{\"@type\":\"PropertyValueSpecification\",\"valueRequired\":true,\"valueName\":\"search_term_string\"}}],\"inLanguage\":\"de-DE\"},{\"@type\":\"Organization\",\"@id\":\"https:\/\/www.iwarehousing.com\/#organization\",\"name\":\"iWarehousing\",\"url\":\"https:\/\/www.iwarehousing.com\/\",\"logo\":{\"@type\":\"ImageObject\",\"inLanguage\":\"de-DE\",\"@id\":\"https:\/\/www.iwarehousing.com\/#\/schema\/logo\/image\/\",\"url\":\"https:\/\/www.iwarehousing.com\/wp-content\/uploads\/2022\/05\/iW-logo-no-tag-800pxREV2.png\",\"contentUrl\":\"https:\/\/www.iwarehousing.com\/wp-content\/uploads\/2022\/05\/iW-logo-no-tag-800pxREV2.png\",\"width\":1753,\"height\":490,\"caption\":\"iWarehousing\"},\"image\":{\"@id\":\"https:\/\/www.iwarehousing.com\/#\/schema\/logo\/image\/\"}}]}<\/script>\n<!-- \/ Yoast SEO plugin. -->","yoast_head_json":{"title":"Drive in Warehouse Racking - iWarehousing","robots":{"index":"index","follow":"follow","max-snippet":"max-snippet:-1","max-image-preview":"max-image-preview:large","max-video-preview":"max-video-preview:-1"},"canonical":"https:\/\/www.iwarehousing.com\/de\/product\/drive-in-warehouse-racking\/","og_locale":"de_DE","og_type":"article","og_title":"Drive in Warehouse Racking - iWarehousing","og_description":"Drive-in warehouse racking is one of the frequently-used high-density storage systems.  Drive-in warehouse racking system is ideal for storing goods with the features of high-volume and low-SKU.  Drive-in and drive-thru warehouse racking system follows both LIFO and FIFO stock rotation rule.","og_url":"https:\/\/www.iwarehousing.com\/de\/product\/drive-in-warehouse-racking\/","og_site_name":"iWarehousing","article_modified_time":"2023-06-12T09:17:08+00:00","og_image":[{"width":1500,"height":996,"url":"https:\/\/www.iwarehousing.com\/wp-content\/uploads\/2023\/06\/Hortifrut-1.jpg","type":"image\/jpeg"}],"twitter_card":"summary_large_image","twitter_misc":{"Est. reading time":"2 minutes"},"schema":{"@context":"https:\/\/schema.org","@graph":[{"@type":"WebPage","@id":"https:\/\/www.iwarehousing.com\/product\/drive-in-warehouse-racking\/","url":"https:\/\/www.iwarehousing.com\/product\/drive-in-warehouse-racking\/","name":"Drive in Warehouse Racking - iWarehousing","isPartOf":{"@id":"https:\/\/www.iwarehousing.com\/#website"},"primaryImageOfPage":{"@id":"https:\/\/www.iwarehousing.com\/product\/drive-in-warehouse-racking\/#primaryimage"},"image":{"@id":"https:\/\/www.iwarehousing.com\/product\/drive-in-warehouse-racking\/#primaryimage"},"thumbnailUrl":"https:\/\/www.iwarehousing.com\/wp-content\/uploads\/2023\/06\/Hortifrut-1.jpg","datePublished":"2023-06-11T14:46:50+00:00","dateModified":"2023-06-12T09:17:08+00:00","breadcrumb":{"@id":"https:\/\/www.iwarehousing.com\/product\/drive-in-warehouse-racking\/#breadcrumb"},"inLanguage":"de-DE","potentialAction":[{"@type":"ReadAction","target":["https:\/\/www.iwarehousing.com\/product\/drive-in-warehouse-racking\/"]}]},{"@type":"ImageObject","inLanguage":"de-DE","@id":"https:\/\/www.iwarehousing.com\/product\/drive-in-warehouse-racking\/#primaryimage","url":"https:\/\/www.iwarehousing.com\/wp-content\/uploads\/2023\/06\/Hortifrut-1.jpg","contentUrl":"https:\/\/www.iwarehousing.com\/wp-content\/uploads\/2023\/06\/Hortifrut-1.jpg","width":1500,"height":996,"caption":"drive in warehouse racking - iWarehousing"},{"@type":"BreadcrumbList","@id":"https:\/\/www.iwarehousing.com\/product\/drive-in-warehouse-racking\/#breadcrumb","itemListElement":[{"@type":"ListItem","position":1,"name":"Home","item":"https:\/\/www.iwarehousing.com\/"},{"@type":"ListItem","position":2,"name":"Product","item":"https:\/\/www.iwarehousing.com\/product\/"},{"@type":"ListItem","position":3,"name":"Drive in Warehouse Racking"}]},{"@type":"WebSite","@id":"https:\/\/www.iwarehousing.com\/#website","url":"https:\/\/www.iwarehousing.com\/","name":"iWarehousing","description":"Focus on warehousing equipments","publisher":{"@id":"https:\/\/www.iwarehousing.com\/#organization"},"potentialAction":[{"@type":"SearchAction","target":{"@type":"EntryPoint","urlTemplate":"https:\/\/www.iwarehousing.com\/?s={search_term_string}"},"query-input":{"@type":"PropertyValueSpecification","valueRequired":true,"valueName":"search_term_string"}}],"inLanguage":"de-DE"},{"@type":"Organization","@id":"https:\/\/www.iwarehousing.com\/#organization","name":"iWarehousing","url":"https:\/\/www.iwarehousing.com\/","logo":{"@type":"ImageObject","inLanguage":"de-DE","@id":"https:\/\/www.iwarehousing.com\/#\/schema\/logo\/image\/","url":"https:\/\/www.iwarehousing.com\/wp-content\/uploads\/2022\/05\/iW-logo-no-tag-800pxREV2.png","contentUrl":"https:\/\/www.iwarehousing.com\/wp-content\/uploads\/2022\/05\/iW-logo-no-tag-800pxREV2.png","width":1753,"height":490,"caption":"iWarehousing"},"image":{"@id":"https:\/\/www.iwarehousing.com\/#\/schema\/logo\/image\/"}}]}},"_links":{"self":[{"href":"https:\/\/www.iwarehousing.com\/de\/wp-json\/wp\/v2\/product\/2433","targetHints":{"allow":["GET"]}}],"collection":[{"href":"https:\/\/www.iwarehousing.com\/de\/wp-json\/wp\/v2\/product"}],"about":[{"href":"https:\/\/www.iwarehousing.com\/de\/wp-json\/wp\/v2\/types\/product"}],"replies":[{"embeddable":true,"href":"https:\/\/www.iwarehousing.com\/de\/wp-json\/wp\/v2\/comments?post=2433"}],"wp:featuredmedia":[{"embeddable":true,"href":"https:\/\/www.iwarehousing.com\/de\/wp-json\/wp\/v2\/media\/2436"}],"wp:attachment":[{"href":"https:\/\/www.iwarehousing.com\/de\/wp-json\/wp\/v2\/media?parent=2433"}],"wp:term":[{"taxonomy":"product_brand","embeddable":true,"href":"https:\/\/www.iwarehousing.com\/de\/wp-json\/wp\/v2\/product_brand?post=2433"},{"taxonomy":"product_cat","embeddable":true,"href":"https:\/\/www.iwarehousing.com\/de\/wp-json\/wp\/v2\/product_cat?post=2433"},{"taxonomy":"product_tag","embeddable":true,"href":"https:\/\/www.iwarehousing.com\/de\/wp-json\/wp\/v2\/product_tag?post=2433"}],"curies":[{"name":"wp","href":"https:\/\/api.w.org\/{rel}","templated":true}]}}