{"id":191,"date":"2022-06-27T16:11:52","date_gmt":"2022-06-27T08:11:52","guid":{"rendered":"https:\/\/imm31ev9mx.onrocket.site\/?post_type=product&#038;p=191"},"modified":"2023-02-24T23:45:23","modified_gmt":"2023-02-24T15:45:23","slug":"galvanized-pallet-racking","status":"publish","type":"product","link":"https:\/\/www.iwarehousing.com\/de\/product\/galvanized-pallet-racking\/","title":{"rendered":"Verzinktes Palettenregal"},"content":{"rendered":"<p>Verzinkte Palettenregale haben die gleiche Struktur wie normale <em><a href=\"https:\/\/www.iwarehousing.com\/de\/product\/selective-pallet-racking\/\">selektive Palettenregale<\/a><\/em>, aber mit verzinkter Oberfl\u00e4che. Normale Lagerregale bestehen aus Kohlenstoffstahl und die Stahloberfl\u00e4che ist mit speziellem Kunststoffpulver beschichtet. Sie sind in den meisten Umgebungen verwendbar. In einigen speziellen Umgebungen wie extrem feuchtem Wetter, Chemikalien oder Feuchtigkeit neigen normale pulverbeschichtete Palettenregale jedoch leicht zu Rost und Korrosion. Verzinkte Palettenregale eignen sich besser f\u00fcr diese speziellen Umgebungen.<\/p>\n<h2>Was ist Galvanisierung<\/h2>\n<blockquote><p>Unter Galvanisierung versteht man das Aufbringen einer sch\u00fctzenden Zinkschicht auf Stahl oder Eisen, um Rost vorzubeugen.<\/p><\/blockquote>\n<p><a href=\"https:\/\/en.wikipedia.org\/wiki\/Galvanization\"><u>https:\/\/en.wikipedia.org\/wiki\/Galvanization<\/u><\/a><\/p>\n<h2>Unterschiede zwischen verzinkten Palettenregalen und pulverbeschichteten Palettenregalen<\/h2>\n<ul>\n<li>Verzinkte Palettenregale bestehen aus vorverzinktem Stahl, der in eine sch\u00fctzende Zinkbeschichtung getaucht wird. Die Zinkbeschichtung ist chemikalien- und feuchtigkeitsbest\u00e4ndig und sch\u00fctzt so das Material.<\/li>\n<li>Pulverbeschichtete Palettenregale bestehen aus normalem Q235B-Kohlenstoffstahl, der mit magnetischem Kunststoffpulver beschichtet ist. Die Pulverbeschichtung bietet dem Material in den meisten normalen und m\u00e4\u00dfig moderaten Umgebungen guten Schutz.<\/li>\n<\/ul>\n<h2>Wann sollten verzinkte Palettenregale verwendet werden?<\/h2>\n<p>In den Anwendungen von:<\/p>\n<ul>\n<li>Au\u00dfenlagerung<\/li>\n<li>Lagerung von Chemikalien oder Fl\u00fcssigkeiten<\/li>\n<li>Lagerung in feuchter Umgebung<\/li>\n<\/ul>","protected":false},"excerpt":{"rendered":"<ul>\n<li>Kann Rost, Korrosion und durch besondere Umgebungsbedingungen verursachte Sch\u00e4den besser verhindern.<\/li>\n<li>Geeignet f\u00fcr die Lagerung im Freien<\/li>\n<li>Geeignet f\u00fcr besondere Umgebungen wie Feuchtigkeit, Chemikalien, Fl\u00fcssigkeiten usw.<\/li>\n<li>Erschwingliche Kosten<\/li>\n<li>Haltbarer als Pulverbeschichtung<\/li>\n<\/ul>","protected":false},"featured_media":2297,"comment_status":"open","ping_status":"closed","template":"","meta":{"_seopress_robots_primary_cat":"","_seopress_titles_title":"","_seopress_titles_desc":"","_seopress_robots_index":""},"product_brand":[],"product_cat":[30],"product_tag":[60,62,61,59],"class_list":{"0":"post-191","1":"product","2":"type-product","3":"status-publish","4":"has-post-thumbnail","6":"product_cat-pallet-racking","7":"product_tag-chemical-storage","8":"product_tag-humid-environment","9":"product_tag-liquid-storage","10":"product_tag-outdoor-storage","12":"first","13":"instock","14":"shipping-taxable","15":"product-type-simple"},"yoast_head":"<!-- This site is optimized with the Yoast SEO plugin v26.5 - https:\/\/yoast.com\/wordpress\/plugins\/seo\/ -->\n<title>Galvanized Pallet Racking - iWarehousing<\/title>\n<meta name=\"robots\" content=\"index, follow, max-snippet:-1, max-image-preview:large, max-video-preview:-1\" \/>\n<link rel=\"canonical\" href=\"https:\/\/www.iwarehousing.com\/de\/product\/galvanized-pallet-racking\/\" \/>\n<meta property=\"og:locale\" content=\"de_DE\" \/>\n<meta property=\"og:type\" content=\"article\" \/>\n<meta property=\"og:title\" content=\"Galvanized Pallet Racking - iWarehousing\" \/>\n<meta property=\"og:description\" content=\"Can better prevent rust, corrosion, and damage caused by special environment.  Suitable for outdoor storage  Suitable for special surroundings like moist, chemicals, liquids, etc.  Affordable cost  More durable than powder coating\" \/>\n<meta property=\"og:url\" content=\"https:\/\/www.iwarehousing.com\/de\/product\/galvanized-pallet-racking\/\" \/>\n<meta property=\"og:site_name\" content=\"iWarehousing\" \/>\n<meta property=\"article:modified_time\" content=\"2023-02-24T15:45:23+00:00\" \/>\n<meta property=\"og:image\" content=\"https:\/\/www.iwarehousing.com\/wp-content\/uploads\/2022\/06\/galvanized-pallet-racking-0.jpg\" \/>\n\t<meta property=\"og:image:width\" content=\"2000\" \/>\n\t<meta property=\"og:image:height\" content=\"1334\" \/>\n\t<meta property=\"og:image:type\" content=\"image\/jpeg\" \/>\n<meta name=\"twitter:card\" content=\"summary_large_image\" \/>\n<meta name=\"twitter:label1\" content=\"Est. reading time\" \/>\n\t<meta name=\"twitter:data1\" content=\"1 minute\" \/>\n<script type=\"application\/ld+json\" class=\"yoast-schema-graph\">{\"@context\":\"https:\/\/schema.org\",\"@graph\":[{\"@type\":\"WebPage\",\"@id\":\"https:\/\/www.iwarehousing.com\/product\/galvanized-pallet-racking\/\",\"url\":\"https:\/\/www.iwarehousing.com\/product\/galvanized-pallet-racking\/\",\"name\":\"Galvanized Pallet Racking - iWarehousing\",\"isPartOf\":{\"@id\":\"https:\/\/www.iwarehousing.com\/#website\"},\"primaryImageOfPage\":{\"@id\":\"https:\/\/www.iwarehousing.com\/product\/galvanized-pallet-racking\/#primaryimage\"},\"image\":{\"@id\":\"https:\/\/www.iwarehousing.com\/product\/galvanized-pallet-racking\/#primaryimage\"},\"thumbnailUrl\":\"https:\/\/www.iwarehousing.com\/wp-content\/uploads\/2022\/06\/galvanized-pallet-racking-0.jpg\",\"datePublished\":\"2022-06-27T08:11:52+00:00\",\"dateModified\":\"2023-02-24T15:45:23+00:00\",\"breadcrumb\":{\"@id\":\"https:\/\/www.iwarehousing.com\/product\/galvanized-pallet-racking\/#breadcrumb\"},\"inLanguage\":\"de-DE\",\"potentialAction\":[{\"@type\":\"ReadAction\",\"target\":[\"https:\/\/www.iwarehousing.com\/product\/galvanized-pallet-racking\/\"]}]},{\"@type\":\"ImageObject\",\"inLanguage\":\"de-DE\",\"@id\":\"https:\/\/www.iwarehousing.com\/product\/galvanized-pallet-racking\/#primaryimage\",\"url\":\"https:\/\/www.iwarehousing.com\/wp-content\/uploads\/2022\/06\/galvanized-pallet-racking-0.jpg\",\"contentUrl\":\"https:\/\/www.iwarehousing.com\/wp-content\/uploads\/2022\/06\/galvanized-pallet-racking-0.jpg\",\"width\":2000,\"height\":1334,\"caption\":\"galvanized pallet racking\"},{\"@type\":\"BreadcrumbList\",\"@id\":\"https:\/\/www.iwarehousing.com\/product\/galvanized-pallet-racking\/#breadcrumb\",\"itemListElement\":[{\"@type\":\"ListItem\",\"position\":1,\"name\":\"Home\",\"item\":\"https:\/\/www.iwarehousing.com\/\"},{\"@type\":\"ListItem\",\"position\":2,\"name\":\"Product\",\"item\":\"https:\/\/www.iwarehousing.com\/product\/\"},{\"@type\":\"ListItem\",\"position\":3,\"name\":\"Galvanized Pallet Racking\"}]},{\"@type\":\"WebSite\",\"@id\":\"https:\/\/www.iwarehousing.com\/#website\",\"url\":\"https:\/\/www.iwarehousing.com\/\",\"name\":\"iWarehousing\",\"description\":\"Focus on warehousing equipments\",\"publisher\":{\"@id\":\"https:\/\/www.iwarehousing.com\/#organization\"},\"potentialAction\":[{\"@type\":\"SearchAction\",\"target\":{\"@type\":\"EntryPoint\",\"urlTemplate\":\"https:\/\/www.iwarehousing.com\/?s={search_term_string}\"},\"query-input\":{\"@type\":\"PropertyValueSpecification\",\"valueRequired\":true,\"valueName\":\"search_term_string\"}}],\"inLanguage\":\"de-DE\"},{\"@type\":\"Organization\",\"@id\":\"https:\/\/www.iwarehousing.com\/#organization\",\"name\":\"iWarehousing\",\"url\":\"https:\/\/www.iwarehousing.com\/\",\"logo\":{\"@type\":\"ImageObject\",\"inLanguage\":\"de-DE\",\"@id\":\"https:\/\/www.iwarehousing.com\/#\/schema\/logo\/image\/\",\"url\":\"https:\/\/www.iwarehousing.com\/wp-content\/uploads\/2022\/05\/iW-logo-no-tag-800pxREV2.png\",\"contentUrl\":\"https:\/\/www.iwarehousing.com\/wp-content\/uploads\/2022\/05\/iW-logo-no-tag-800pxREV2.png\",\"width\":1753,\"height\":490,\"caption\":\"iWarehousing\"},\"image\":{\"@id\":\"https:\/\/www.iwarehousing.com\/#\/schema\/logo\/image\/\"}}]}<\/script>\n<!-- \/ Yoast SEO plugin. -->","yoast_head_json":{"title":"Galvanized Pallet Racking - iWarehousing","robots":{"index":"index","follow":"follow","max-snippet":"max-snippet:-1","max-image-preview":"max-image-preview:large","max-video-preview":"max-video-preview:-1"},"canonical":"https:\/\/www.iwarehousing.com\/de\/product\/galvanized-pallet-racking\/","og_locale":"de_DE","og_type":"article","og_title":"Galvanized Pallet Racking - iWarehousing","og_description":"Can better prevent rust, corrosion, and damage caused by special environment.  Suitable for outdoor storage  Suitable for special surroundings like moist, chemicals, liquids, etc.  Affordable cost  More durable than powder coating","og_url":"https:\/\/www.iwarehousing.com\/de\/product\/galvanized-pallet-racking\/","og_site_name":"iWarehousing","article_modified_time":"2023-02-24T15:45:23+00:00","og_image":[{"width":2000,"height":1334,"url":"https:\/\/www.iwarehousing.com\/wp-content\/uploads\/2022\/06\/galvanized-pallet-racking-0.jpg","type":"image\/jpeg"}],"twitter_card":"summary_large_image","twitter_misc":{"Est. reading time":"1 minute"},"schema":{"@context":"https:\/\/schema.org","@graph":[{"@type":"WebPage","@id":"https:\/\/www.iwarehousing.com\/product\/galvanized-pallet-racking\/","url":"https:\/\/www.iwarehousing.com\/product\/galvanized-pallet-racking\/","name":"Galvanized Pallet Racking - iWarehousing","isPartOf":{"@id":"https:\/\/www.iwarehousing.com\/#website"},"primaryImageOfPage":{"@id":"https:\/\/www.iwarehousing.com\/product\/galvanized-pallet-racking\/#primaryimage"},"image":{"@id":"https:\/\/www.iwarehousing.com\/product\/galvanized-pallet-racking\/#primaryimage"},"thumbnailUrl":"https:\/\/www.iwarehousing.com\/wp-content\/uploads\/2022\/06\/galvanized-pallet-racking-0.jpg","datePublished":"2022-06-27T08:11:52+00:00","dateModified":"2023-02-24T15:45:23+00:00","breadcrumb":{"@id":"https:\/\/www.iwarehousing.com\/product\/galvanized-pallet-racking\/#breadcrumb"},"inLanguage":"de-DE","potentialAction":[{"@type":"ReadAction","target":["https:\/\/www.iwarehousing.com\/product\/galvanized-pallet-racking\/"]}]},{"@type":"ImageObject","inLanguage":"de-DE","@id":"https:\/\/www.iwarehousing.com\/product\/galvanized-pallet-racking\/#primaryimage","url":"https:\/\/www.iwarehousing.com\/wp-content\/uploads\/2022\/06\/galvanized-pallet-racking-0.jpg","contentUrl":"https:\/\/www.iwarehousing.com\/wp-content\/uploads\/2022\/06\/galvanized-pallet-racking-0.jpg","width":2000,"height":1334,"caption":"galvanized pallet racking"},{"@type":"BreadcrumbList","@id":"https:\/\/www.iwarehousing.com\/product\/galvanized-pallet-racking\/#breadcrumb","itemListElement":[{"@type":"ListItem","position":1,"name":"Home","item":"https:\/\/www.iwarehousing.com\/"},{"@type":"ListItem","position":2,"name":"Product","item":"https:\/\/www.iwarehousing.com\/product\/"},{"@type":"ListItem","position":3,"name":"Galvanized Pallet Racking"}]},{"@type":"WebSite","@id":"https:\/\/www.iwarehousing.com\/#website","url":"https:\/\/www.iwarehousing.com\/","name":"iWarehousing","description":"Focus on warehousing equipments","publisher":{"@id":"https:\/\/www.iwarehousing.com\/#organization"},"potentialAction":[{"@type":"SearchAction","target":{"@type":"EntryPoint","urlTemplate":"https:\/\/www.iwarehousing.com\/?s={search_term_string}"},"query-input":{"@type":"PropertyValueSpecification","valueRequired":true,"valueName":"search_term_string"}}],"inLanguage":"de-DE"},{"@type":"Organization","@id":"https:\/\/www.iwarehousing.com\/#organization","name":"iWarehousing","url":"https:\/\/www.iwarehousing.com\/","logo":{"@type":"ImageObject","inLanguage":"de-DE","@id":"https:\/\/www.iwarehousing.com\/#\/schema\/logo\/image\/","url":"https:\/\/www.iwarehousing.com\/wp-content\/uploads\/2022\/05\/iW-logo-no-tag-800pxREV2.png","contentUrl":"https:\/\/www.iwarehousing.com\/wp-content\/uploads\/2022\/05\/iW-logo-no-tag-800pxREV2.png","width":1753,"height":490,"caption":"iWarehousing"},"image":{"@id":"https:\/\/www.iwarehousing.com\/#\/schema\/logo\/image\/"}}]}},"_links":{"self":[{"href":"https:\/\/www.iwarehousing.com\/de\/wp-json\/wp\/v2\/product\/191","targetHints":{"allow":["GET"]}}],"collection":[{"href":"https:\/\/www.iwarehousing.com\/de\/wp-json\/wp\/v2\/product"}],"about":[{"href":"https:\/\/www.iwarehousing.com\/de\/wp-json\/wp\/v2\/types\/product"}],"replies":[{"embeddable":true,"href":"https:\/\/www.iwarehousing.com\/de\/wp-json\/wp\/v2\/comments?post=191"}],"wp:featuredmedia":[{"embeddable":true,"href":"https:\/\/www.iwarehousing.com\/de\/wp-json\/wp\/v2\/media\/2297"}],"wp:attachment":[{"href":"https:\/\/www.iwarehousing.com\/de\/wp-json\/wp\/v2\/media?parent=191"}],"wp:term":[{"taxonomy":"product_brand","embeddable":true,"href":"https:\/\/www.iwarehousing.com\/de\/wp-json\/wp\/v2\/product_brand?post=191"},{"taxonomy":"product_cat","embeddable":true,"href":"https:\/\/www.iwarehousing.com\/de\/wp-json\/wp\/v2\/product_cat?post=191"},{"taxonomy":"product_tag","embeddable":true,"href":"https:\/\/www.iwarehousing.com\/de\/wp-json\/wp\/v2\/product_tag?post=191"}],"curies":[{"name":"wp","href":"https:\/\/api.w.org\/{rel}","templated":true}]}}