{"id":189,"date":"2022-06-27T16:10:44","date_gmt":"2022-06-27T08:10:44","guid":{"rendered":"https:\/\/imm31ev9mx.onrocket.site\/?post_type=product&#038;p=189"},"modified":"2023-03-30T16:16:54","modified_gmt":"2023-03-30T08:16:54","slug":"narrow-aisle-pallet-racking","status":"publish","type":"product","link":"https:\/\/www.iwarehousing.com\/de\/product\/narrow-aisle-pallet-racking\/","title":{"rendered":"Schmalgang-Palettenregale"},"content":{"rendered":"<p>Schmalgang-Palettenregale (VNA) sind eine Art Palettenregalsystem, das zur Optimierung der Lagerraumnutzung konzipiert ist. Es wird typischerweise in Einrichtungen mit hochverdichteten Lageranforderungen eingesetzt, in denen Platz Mangelware ist. Das System zeichnet sich durch schmalere G\u00e4nge als bei herk\u00f6mmlichen Palettenregalsystemen aus, die typischerweise zwischen 1,6 und 2 Metern breit sind, daher der Name.<\/p>\n<p>Die schmalen G\u00e4nge werden durch den Einsatz spezieller Gabelstapler wie Hochregalstapler oder Schwenkstapler erm\u00f6glicht, die f\u00fcr den Einsatz in engen R\u00e4umen konzipiert sind. Diese Stapler k\u00f6nnen Paletten in sehr engen R\u00e4umen anheben und absetzen, wodurch der verf\u00fcgbare vertikale Raum im Lager optimal genutzt werden kann.<\/p>\n<p>Das Palettenregal selbst ist sehr hoch gebaut und verf\u00fcgt \u00fcber mehrere Lagerebenen, die mit Spezialstaplern erreichbar sind. Das System kann je nach den spezifischen Anforderungen des Lagerbetriebs auf verschiedene Arten konfiguriert werden, einschlie\u00dflich Einzel- oder Doppelreichweite.<\/p>\n<h2>Komponenten des VNA-Regalsystems<\/h2>\n<p>\u00c4hnlich wie bei Standard- oder Breitgangregalsystemen bestehen die Hauptkomponenten zur Erstellung der Struktur aus Rahmen, S\u00e4ulen und Tr\u00e4gern. Dar\u00fcber hinaus muss der Gabelstapler gef\u00fchrt werden, was in Form einer mechanischen oder kabelgebundenen F\u00fchrung erfolgen kann. Bei der mechanischen F\u00fchrung handelt es sich um eine Schiene, die an der Au\u00dfenseite der Struktur entlang verl\u00e4uft und als Barriere zwischen dem Stapler und der Struktur dient. Der schmale Ramm ist mit zus\u00e4tzlichen hochklappbaren R\u00e4dern ausgestattet, die entlang der Schiene laufen, ohne dass der Stapler selbst mit der Schiene in Kontakt kommt. Die kabelgebundene F\u00fchrung besteht aus einem schmalen elektromagnetischen Kabel, das mittig entlang des Gangbodens verl\u00e4uft und mit einem Staplersensor verbunden ist, um ihn zu f\u00fchren.<\/p>\n<h2>Warum sollten Sie sich f\u00fcr VNA-Regale entscheiden?<\/h2>\n<h3>Effiziente Raumnutzung<\/h3>\n<ul>\n<li>Durch die Maximierung des Boden- und Vertikalraums l\u00e4sst sich die Lagerkapazit\u00e4t erheblich erh\u00f6hen, bei manchen Unternehmen auf bis zu 501 TP3T;<\/li>\n<li>Direkter Zugriff auf das Inventar;<\/li>\n<li>Mit dem direkten Zugriff auf 100% sind Lagerbest\u00e4nde selbst in der H\u00f6he professioneller LKWs leicht zu finden.<\/li>\n<li>Durch optimale Nutzung Ihres vertikalen Raums k\u00f6nnen Sie mehr Paletten auf einer Bodenfl\u00e4che lagern und so Ihre Lagerkosten pro Palette senken.<\/li>\n<\/ul>\n<h3>Produktivit\u00e4t erh\u00f6hen<\/h3>\n<ul>\n<li>Da bei VNA-Regalen schnellere Spezialstapler zum Einsatz kommen, k\u00f6nnen Kommissionier- und Ladevorg\u00e4nge sicher und effizient durchgef\u00fchrt werden.<\/li>\n<li>Da der Gabelstapler ohne manuelle Lenkung durch den Gang gef\u00fchrt wird, verringert sich die Gefahr einer Regalbesch\u00e4digung erheblich, was wiederum die Wahrscheinlichkeit einer Kollision reduziert;<\/li>\n<li>Ausgefeilte Handhabung und die \u201eHeads-up\u201c-Funktion der Schmalgangstapler erh\u00f6hen die Sicherheit der Arbeiter beim Transport von Lasten.<\/li>\n<\/ul>\n<h2>Welchen Gabelstapler soll ich verwenden?<\/h2>\n<div class=\"flex flex-grow flex-col gap-3\">\n<div class=\"min-h-[20px] flex flex-col items-start gap-4 whitespace-pre-wrap\">\n<div class=\"markdown prose w-full break-words dark:prose-invert light\">\n<p>In einem Schmalgang-Palettenregalsystem werden spezielle Gabelstapler eingesetzt, um in den schmalen G\u00e4ngen zu arbeiten und den Platz optimal zu nutzen. Es gibt zwei Haupttypen von Gabelstaplern, die \u00fcblicherweise in Schmalgang-Palettenregalsystemen verwendet werden:<\/p>\n<h3>Hochregal-LKW<\/h3>\n<p>Diese Gabelstapler verf\u00fcgen \u00fcber einen drehbaren Mast, der es dem Bediener erm\u00f6glicht, Paletten in beide Richtungen aufzunehmen und abzulegen, sodass der Gabelstapler im schmalen Gang nicht mehr gewendet werden muss. Hochregalstapler sind ideal f\u00fcr sehr schmale G\u00e4nge und k\u00f6nnen in gro\u00dfen H\u00f6hen eingesetzt werden.<\/p>\n<h3>Schwenk-Schubmaststapler<\/h3>\n<p>Diese Gabelstapler verf\u00fcgen \u00fcber einen Greifmechanismus, der in das Palettenregal hineinragen kann, um Paletten aus tieferen Positionen aufzunehmen und abzulegen. Der Schwenkgreifmechanismus erm\u00f6glicht es dem Bediener, Paletten in verschiedenen Positionen abzulegen und ist ideal f\u00fcr Lager mit unterschiedlichen Palettengr\u00f6\u00dfen.<\/p>\n<p>Bei der Auswahl eines Gabelstaplers f\u00fcr ein Schmalgang-Palettenregalsystem m\u00fcssen Faktoren wie Gangbreite, Deckenh\u00f6he, Palettengr\u00f6\u00dfe und -gewicht sowie Bedienkomfort und Sicherheit ber\u00fccksichtigt werden. Es wird empfohlen, einen Gabelstaplerexperten oder -hersteller zu konsultieren, um den besten Gabelstapler f\u00fcr Ihre spezifischen Lageranforderungen zu bestimmen.<\/p>\n<\/div>\n<\/div>\n<\/div>\n<p>&nbsp;<\/p>","protected":false},"excerpt":{"rendered":"<ul>\n<li>Schmalgang<\/li>\n<li>Hohe Speicherdichte<\/li>\n<li>Spezialstapler erforderlich<\/li>\n<li>Hohe Rackh\u00f6he verf\u00fcgbar<\/li>\n<li>Gute Selektivit\u00e4t<\/li>\n<\/ul>","protected":false},"featured_media":2399,"comment_status":"open","ping_status":"closed","template":"","meta":{"_seopress_robots_primary_cat":"","_seopress_titles_title":"","_seopress_titles_desc":"","_seopress_robots_index":""},"product_brand":[],"product_cat":[30],"product_tag":[],"class_list":{"0":"post-189","1":"product","2":"type-product","3":"status-publish","4":"has-post-thumbnail","6":"product_cat-pallet-racking","8":"first","9":"instock","10":"shipping-taxable","11":"product-type-simple"},"yoast_head":"<!-- This site is optimized with the Yoast SEO plugin v26.5 - https:\/\/yoast.com\/wordpress\/plugins\/seo\/ -->\n<title>Narrow Aisle Pallet Racking - iWarehousing<\/title>\n<meta name=\"robots\" content=\"index, follow, max-snippet:-1, max-image-preview:large, max-video-preview:-1\" \/>\n<link rel=\"canonical\" href=\"https:\/\/www.iwarehousing.com\/de\/product\/narrow-aisle-pallet-racking\/\" \/>\n<meta property=\"og:locale\" content=\"de_DE\" \/>\n<meta property=\"og:type\" content=\"article\" \/>\n<meta property=\"og:title\" content=\"Narrow Aisle Pallet Racking - iWarehousing\" \/>\n<meta property=\"og:description\" content=\"Narrow aisle  High storage density  Specialized lift trucks required  High rack height available  Good selectivity\" \/>\n<meta property=\"og:url\" content=\"https:\/\/www.iwarehousing.com\/de\/product\/narrow-aisle-pallet-racking\/\" \/>\n<meta property=\"og:site_name\" content=\"iWarehousing\" \/>\n<meta property=\"article:modified_time\" content=\"2023-03-30T08:16:54+00:00\" \/>\n<meta property=\"og:image\" content=\"https:\/\/www.iwarehousing.com\/wp-content\/uploads\/2022\/06\/narrow-aisle-pallet-racking.jpg\" \/>\n\t<meta property=\"og:image:width\" content=\"2000\" \/>\n\t<meta property=\"og:image:height\" content=\"1333\" \/>\n\t<meta property=\"og:image:type\" content=\"image\/jpeg\" \/>\n<meta name=\"twitter:card\" content=\"summary_large_image\" \/>\n<meta name=\"twitter:label1\" content=\"Est. reading time\" \/>\n\t<meta name=\"twitter:data1\" content=\"3 minutes\" \/>\n<script type=\"application\/ld+json\" class=\"yoast-schema-graph\">{\"@context\":\"https:\/\/schema.org\",\"@graph\":[{\"@type\":\"WebPage\",\"@id\":\"https:\/\/www.iwarehousing.com\/product\/narrow-aisle-pallet-racking\/\",\"url\":\"https:\/\/www.iwarehousing.com\/product\/narrow-aisle-pallet-racking\/\",\"name\":\"Narrow Aisle Pallet Racking - iWarehousing\",\"isPartOf\":{\"@id\":\"https:\/\/www.iwarehousing.com\/#website\"},\"primaryImageOfPage\":{\"@id\":\"https:\/\/www.iwarehousing.com\/product\/narrow-aisle-pallet-racking\/#primaryimage\"},\"image\":{\"@id\":\"https:\/\/www.iwarehousing.com\/product\/narrow-aisle-pallet-racking\/#primaryimage\"},\"thumbnailUrl\":\"https:\/\/www.iwarehousing.com\/wp-content\/uploads\/2022\/06\/narrow-aisle-pallet-racking.jpg\",\"datePublished\":\"2022-06-27T08:10:44+00:00\",\"dateModified\":\"2023-03-30T08:16:54+00:00\",\"breadcrumb\":{\"@id\":\"https:\/\/www.iwarehousing.com\/product\/narrow-aisle-pallet-racking\/#breadcrumb\"},\"inLanguage\":\"de-DE\",\"potentialAction\":[{\"@type\":\"ReadAction\",\"target\":[\"https:\/\/www.iwarehousing.com\/product\/narrow-aisle-pallet-racking\/\"]}]},{\"@type\":\"ImageObject\",\"inLanguage\":\"de-DE\",\"@id\":\"https:\/\/www.iwarehousing.com\/product\/narrow-aisle-pallet-racking\/#primaryimage\",\"url\":\"https:\/\/www.iwarehousing.com\/wp-content\/uploads\/2022\/06\/narrow-aisle-pallet-racking.jpg\",\"contentUrl\":\"https:\/\/www.iwarehousing.com\/wp-content\/uploads\/2022\/06\/narrow-aisle-pallet-racking.jpg\",\"width\":2000,\"height\":1333,\"caption\":\"narrow aisle pallet racking\"},{\"@type\":\"BreadcrumbList\",\"@id\":\"https:\/\/www.iwarehousing.com\/product\/narrow-aisle-pallet-racking\/#breadcrumb\",\"itemListElement\":[{\"@type\":\"ListItem\",\"position\":1,\"name\":\"Home\",\"item\":\"https:\/\/www.iwarehousing.com\/\"},{\"@type\":\"ListItem\",\"position\":2,\"name\":\"Product\",\"item\":\"https:\/\/www.iwarehousing.com\/product\/\"},{\"@type\":\"ListItem\",\"position\":3,\"name\":\"Narrow Aisle Pallet Racking\"}]},{\"@type\":\"WebSite\",\"@id\":\"https:\/\/www.iwarehousing.com\/#website\",\"url\":\"https:\/\/www.iwarehousing.com\/\",\"name\":\"iWarehousing\",\"description\":\"Focus on warehousing equipments\",\"publisher\":{\"@id\":\"https:\/\/www.iwarehousing.com\/#organization\"},\"potentialAction\":[{\"@type\":\"SearchAction\",\"target\":{\"@type\":\"EntryPoint\",\"urlTemplate\":\"https:\/\/www.iwarehousing.com\/?s={search_term_string}\"},\"query-input\":{\"@type\":\"PropertyValueSpecification\",\"valueRequired\":true,\"valueName\":\"search_term_string\"}}],\"inLanguage\":\"de-DE\"},{\"@type\":\"Organization\",\"@id\":\"https:\/\/www.iwarehousing.com\/#organization\",\"name\":\"iWarehousing\",\"url\":\"https:\/\/www.iwarehousing.com\/\",\"logo\":{\"@type\":\"ImageObject\",\"inLanguage\":\"de-DE\",\"@id\":\"https:\/\/www.iwarehousing.com\/#\/schema\/logo\/image\/\",\"url\":\"https:\/\/www.iwarehousing.com\/wp-content\/uploads\/2022\/05\/iW-logo-no-tag-800pxREV2.png\",\"contentUrl\":\"https:\/\/www.iwarehousing.com\/wp-content\/uploads\/2022\/05\/iW-logo-no-tag-800pxREV2.png\",\"width\":1753,\"height\":490,\"caption\":\"iWarehousing\"},\"image\":{\"@id\":\"https:\/\/www.iwarehousing.com\/#\/schema\/logo\/image\/\"}}]}<\/script>\n<!-- \/ Yoast SEO plugin. -->","yoast_head_json":{"title":"Narrow Aisle Pallet Racking - iWarehousing","robots":{"index":"index","follow":"follow","max-snippet":"max-snippet:-1","max-image-preview":"max-image-preview:large","max-video-preview":"max-video-preview:-1"},"canonical":"https:\/\/www.iwarehousing.com\/de\/product\/narrow-aisle-pallet-racking\/","og_locale":"de_DE","og_type":"article","og_title":"Narrow Aisle Pallet Racking - iWarehousing","og_description":"Narrow aisle  High storage density  Specialized lift trucks required  High rack height available  Good selectivity","og_url":"https:\/\/www.iwarehousing.com\/de\/product\/narrow-aisle-pallet-racking\/","og_site_name":"iWarehousing","article_modified_time":"2023-03-30T08:16:54+00:00","og_image":[{"width":2000,"height":1333,"url":"https:\/\/www.iwarehousing.com\/wp-content\/uploads\/2022\/06\/narrow-aisle-pallet-racking.jpg","type":"image\/jpeg"}],"twitter_card":"summary_large_image","twitter_misc":{"Est. reading time":"3 minutes"},"schema":{"@context":"https:\/\/schema.org","@graph":[{"@type":"WebPage","@id":"https:\/\/www.iwarehousing.com\/product\/narrow-aisle-pallet-racking\/","url":"https:\/\/www.iwarehousing.com\/product\/narrow-aisle-pallet-racking\/","name":"Narrow Aisle Pallet Racking - iWarehousing","isPartOf":{"@id":"https:\/\/www.iwarehousing.com\/#website"},"primaryImageOfPage":{"@id":"https:\/\/www.iwarehousing.com\/product\/narrow-aisle-pallet-racking\/#primaryimage"},"image":{"@id":"https:\/\/www.iwarehousing.com\/product\/narrow-aisle-pallet-racking\/#primaryimage"},"thumbnailUrl":"https:\/\/www.iwarehousing.com\/wp-content\/uploads\/2022\/06\/narrow-aisle-pallet-racking.jpg","datePublished":"2022-06-27T08:10:44+00:00","dateModified":"2023-03-30T08:16:54+00:00","breadcrumb":{"@id":"https:\/\/www.iwarehousing.com\/product\/narrow-aisle-pallet-racking\/#breadcrumb"},"inLanguage":"de-DE","potentialAction":[{"@type":"ReadAction","target":["https:\/\/www.iwarehousing.com\/product\/narrow-aisle-pallet-racking\/"]}]},{"@type":"ImageObject","inLanguage":"de-DE","@id":"https:\/\/www.iwarehousing.com\/product\/narrow-aisle-pallet-racking\/#primaryimage","url":"https:\/\/www.iwarehousing.com\/wp-content\/uploads\/2022\/06\/narrow-aisle-pallet-racking.jpg","contentUrl":"https:\/\/www.iwarehousing.com\/wp-content\/uploads\/2022\/06\/narrow-aisle-pallet-racking.jpg","width":2000,"height":1333,"caption":"narrow aisle pallet racking"},{"@type":"BreadcrumbList","@id":"https:\/\/www.iwarehousing.com\/product\/narrow-aisle-pallet-racking\/#breadcrumb","itemListElement":[{"@type":"ListItem","position":1,"name":"Home","item":"https:\/\/www.iwarehousing.com\/"},{"@type":"ListItem","position":2,"name":"Product","item":"https:\/\/www.iwarehousing.com\/product\/"},{"@type":"ListItem","position":3,"name":"Narrow Aisle Pallet Racking"}]},{"@type":"WebSite","@id":"https:\/\/www.iwarehousing.com\/#website","url":"https:\/\/www.iwarehousing.com\/","name":"iWarehousing","description":"Focus on warehousing equipments","publisher":{"@id":"https:\/\/www.iwarehousing.com\/#organization"},"potentialAction":[{"@type":"SearchAction","target":{"@type":"EntryPoint","urlTemplate":"https:\/\/www.iwarehousing.com\/?s={search_term_string}"},"query-input":{"@type":"PropertyValueSpecification","valueRequired":true,"valueName":"search_term_string"}}],"inLanguage":"de-DE"},{"@type":"Organization","@id":"https:\/\/www.iwarehousing.com\/#organization","name":"iWarehousing","url":"https:\/\/www.iwarehousing.com\/","logo":{"@type":"ImageObject","inLanguage":"de-DE","@id":"https:\/\/www.iwarehousing.com\/#\/schema\/logo\/image\/","url":"https:\/\/www.iwarehousing.com\/wp-content\/uploads\/2022\/05\/iW-logo-no-tag-800pxREV2.png","contentUrl":"https:\/\/www.iwarehousing.com\/wp-content\/uploads\/2022\/05\/iW-logo-no-tag-800pxREV2.png","width":1753,"height":490,"caption":"iWarehousing"},"image":{"@id":"https:\/\/www.iwarehousing.com\/#\/schema\/logo\/image\/"}}]}},"_links":{"self":[{"href":"https:\/\/www.iwarehousing.com\/de\/wp-json\/wp\/v2\/product\/189","targetHints":{"allow":["GET"]}}],"collection":[{"href":"https:\/\/www.iwarehousing.com\/de\/wp-json\/wp\/v2\/product"}],"about":[{"href":"https:\/\/www.iwarehousing.com\/de\/wp-json\/wp\/v2\/types\/product"}],"replies":[{"embeddable":true,"href":"https:\/\/www.iwarehousing.com\/de\/wp-json\/wp\/v2\/comments?post=189"}],"wp:featuredmedia":[{"embeddable":true,"href":"https:\/\/www.iwarehousing.com\/de\/wp-json\/wp\/v2\/media\/2399"}],"wp:attachment":[{"href":"https:\/\/www.iwarehousing.com\/de\/wp-json\/wp\/v2\/media?parent=189"}],"wp:term":[{"taxonomy":"product_brand","embeddable":true,"href":"https:\/\/www.iwarehousing.com\/de\/wp-json\/wp\/v2\/product_brand?post=189"},{"taxonomy":"product_cat","embeddable":true,"href":"https:\/\/www.iwarehousing.com\/de\/wp-json\/wp\/v2\/product_cat?post=189"},{"taxonomy":"product_tag","embeddable":true,"href":"https:\/\/www.iwarehousing.com\/de\/wp-json\/wp\/v2\/product_tag?post=189"}],"curies":[{"name":"wp","href":"https:\/\/api.w.org\/{rel}","templated":true}]}}