{"id":184,"date":"2022-06-27T16:07:55","date_gmt":"2022-06-27T08:07:55","guid":{"rendered":"https:\/\/imm31ev9mx.onrocket.site\/?post_type=product&#038;p=184"},"modified":"2023-03-30T16:51:04","modified_gmt":"2023-03-30T08:51:04","slug":"schaefer-racking","status":"publish","type":"product","link":"https:\/\/www.iwarehousing.com\/de\/product\/schaefer-racking\/","title":{"rendered":"Sch\u00e4fer Regale"},"content":{"rendered":"<h2>Merkmale der Sch\u00e4fer Palettenregale<\/h2>\n<h3>Modulares Design<\/h3>\n<p>Bei den Palettenregalen von Sch\u00e4fer handelt es sich um ein modulares System, das an die speziellen Anforderungen Ihres Lagers oder Vertriebszentrums angepasst werden kann.<\/p>\n<h3>Haltbarkeit<\/h3>\n<p>Die Palettenregale von Sch\u00e4fer sind aus hochwertigem Stahl gefertigt, der hohen Belastungen und rauer Handhabung standh\u00e4lt.<\/p>\n<h3>Flexibilit\u00e4t<\/h3>\n<p>Die Palettenregale von Sch\u00e4fer sind \u00e4u\u00dferst flexibel und k\u00f6nnen problemlos angepasst oder neu konfiguriert werden, um \u00c4nderungen Ihres Bestands- oder Lagerbedarfs gerecht zu werden.<\/p>\n<h3>Sicherheit<\/h3>\n<p>Bei der Konstruktion der Palettenregale von Sch\u00e4fer stand die Sicherheit im Vordergrund. Sie sind mit Verriegelungsbolzen, Sicherheitsklammern und Laststoppern ausgestattet, um Unf\u00e4lle zu vermeiden.<\/p>\n<h3>Raumnutzung<\/h3>\n<p>Mit den Palettenregalen von Sch\u00e4fer optimieren Sie die Raumausnutzung Ihres Lagers, indem Sie Waren vertikal lagern und so wertvolle Bodenfl\u00e4che freigeben.<\/p>\n<h3>Einfache Installation<\/h3>\n<p>Die Palettenregale von Sch\u00e4fer lassen sich leicht installieren und st\u00f6ren Ihren Lagerbetrieb nur minimal.<\/p>\n<h3>Kompatibilit\u00e4t<\/h3>\n<p>Die Palettenregale von Sch\u00e4fer sind mit einer Vielzahl von Materialtransportger\u00e4ten kompatibel, darunter Gabelstapler und Palettenwagen.<\/p>\n<p>&nbsp;<\/p>","protected":false},"excerpt":{"rendered":"<p>Die Palettenregale von Sch\u00e4fer sind eine langlebige, flexible und sichere Lagerl\u00f6sung, mit der Sie die Raumnutzung Ihres Lagers optimieren und Ihre Betriebsabl\u00e4ufe rationalisieren k\u00f6nnen.<\/p>","protected":false},"featured_media":2397,"comment_status":"open","ping_status":"closed","template":"","meta":{"_seopress_robots_primary_cat":"","_seopress_titles_title":"","_seopress_titles_desc":"","_seopress_robots_index":""},"product_brand":[],"product_cat":[30],"product_tag":[],"class_list":{"0":"post-184","1":"product","2":"type-product","3":"status-publish","4":"has-post-thumbnail","6":"product_cat-pallet-racking","8":"first","9":"instock","10":"shipping-taxable","11":"product-type-simple"},"yoast_head":"<!-- This site is optimized with the Yoast SEO plugin v26.5 - https:\/\/yoast.com\/wordpress\/plugins\/seo\/ -->\n<title>Schaefer Racking - iWarehousing<\/title>\n<meta name=\"robots\" content=\"index, follow, max-snippet:-1, max-image-preview:large, max-video-preview:-1\" \/>\n<link rel=\"canonical\" href=\"https:\/\/www.iwarehousing.com\/de\/product\/schaefer-racking\/\" \/>\n<meta property=\"og:locale\" content=\"de_DE\" \/>\n<meta property=\"og:type\" content=\"article\" \/>\n<meta property=\"og:title\" content=\"Schaefer Racking - iWarehousing\" \/>\n<meta property=\"og:description\" content=\"Schaefer pallet racking is a durable, flexible, and safe storage solution that can help you optimize your warehouse space utilization and streamline your operations.\" \/>\n<meta property=\"og:url\" content=\"https:\/\/www.iwarehousing.com\/de\/product\/schaefer-racking\/\" \/>\n<meta property=\"og:site_name\" content=\"iWarehousing\" \/>\n<meta property=\"article:modified_time\" content=\"2023-03-30T08:51:04+00:00\" \/>\n<meta property=\"og:image\" content=\"https:\/\/www.iwarehousing.com\/wp-content\/uploads\/2022\/06\/industrial-pallet-racking-2.jpg\" \/>\n\t<meta property=\"og:image:width\" content=\"2000\" \/>\n\t<meta property=\"og:image:height\" content=\"1339\" \/>\n\t<meta property=\"og:image:type\" content=\"image\/jpeg\" \/>\n<meta name=\"twitter:card\" content=\"summary_large_image\" \/>\n<meta name=\"twitter:label1\" content=\"Est. reading time\" \/>\n\t<meta name=\"twitter:data1\" content=\"1 minute\" \/>\n<script type=\"application\/ld+json\" class=\"yoast-schema-graph\">{\"@context\":\"https:\/\/schema.org\",\"@graph\":[{\"@type\":\"WebPage\",\"@id\":\"https:\/\/www.iwarehousing.com\/product\/schaefer-racking\/\",\"url\":\"https:\/\/www.iwarehousing.com\/product\/schaefer-racking\/\",\"name\":\"Schaefer Racking - iWarehousing\",\"isPartOf\":{\"@id\":\"https:\/\/www.iwarehousing.com\/#website\"},\"primaryImageOfPage\":{\"@id\":\"https:\/\/www.iwarehousing.com\/product\/schaefer-racking\/#primaryimage\"},\"image\":{\"@id\":\"https:\/\/www.iwarehousing.com\/product\/schaefer-racking\/#primaryimage\"},\"thumbnailUrl\":\"https:\/\/www.iwarehousing.com\/wp-content\/uploads\/2022\/06\/industrial-pallet-racking-2.jpg\",\"datePublished\":\"2022-06-27T08:07:55+00:00\",\"dateModified\":\"2023-03-30T08:51:04+00:00\",\"breadcrumb\":{\"@id\":\"https:\/\/www.iwarehousing.com\/product\/schaefer-racking\/#breadcrumb\"},\"inLanguage\":\"de-DE\",\"potentialAction\":[{\"@type\":\"ReadAction\",\"target\":[\"https:\/\/www.iwarehousing.com\/product\/schaefer-racking\/\"]}]},{\"@type\":\"ImageObject\",\"inLanguage\":\"de-DE\",\"@id\":\"https:\/\/www.iwarehousing.com\/product\/schaefer-racking\/#primaryimage\",\"url\":\"https:\/\/www.iwarehousing.com\/wp-content\/uploads\/2022\/06\/industrial-pallet-racking-2.jpg\",\"contentUrl\":\"https:\/\/www.iwarehousing.com\/wp-content\/uploads\/2022\/06\/industrial-pallet-racking-2.jpg\",\"width\":2000,\"height\":1339,\"caption\":\"industrial pallet racking 2\"},{\"@type\":\"BreadcrumbList\",\"@id\":\"https:\/\/www.iwarehousing.com\/product\/schaefer-racking\/#breadcrumb\",\"itemListElement\":[{\"@type\":\"ListItem\",\"position\":1,\"name\":\"Home\",\"item\":\"https:\/\/www.iwarehousing.com\/\"},{\"@type\":\"ListItem\",\"position\":2,\"name\":\"Product\",\"item\":\"https:\/\/www.iwarehousing.com\/product\/\"},{\"@type\":\"ListItem\",\"position\":3,\"name\":\"Schaefer Racking\"}]},{\"@type\":\"WebSite\",\"@id\":\"https:\/\/www.iwarehousing.com\/#website\",\"url\":\"https:\/\/www.iwarehousing.com\/\",\"name\":\"iWarehousing\",\"description\":\"Focus on warehousing equipments\",\"publisher\":{\"@id\":\"https:\/\/www.iwarehousing.com\/#organization\"},\"potentialAction\":[{\"@type\":\"SearchAction\",\"target\":{\"@type\":\"EntryPoint\",\"urlTemplate\":\"https:\/\/www.iwarehousing.com\/?s={search_term_string}\"},\"query-input\":{\"@type\":\"PropertyValueSpecification\",\"valueRequired\":true,\"valueName\":\"search_term_string\"}}],\"inLanguage\":\"de-DE\"},{\"@type\":\"Organization\",\"@id\":\"https:\/\/www.iwarehousing.com\/#organization\",\"name\":\"iWarehousing\",\"url\":\"https:\/\/www.iwarehousing.com\/\",\"logo\":{\"@type\":\"ImageObject\",\"inLanguage\":\"de-DE\",\"@id\":\"https:\/\/www.iwarehousing.com\/#\/schema\/logo\/image\/\",\"url\":\"https:\/\/www.iwarehousing.com\/wp-content\/uploads\/2022\/05\/iW-logo-no-tag-800pxREV2.png\",\"contentUrl\":\"https:\/\/www.iwarehousing.com\/wp-content\/uploads\/2022\/05\/iW-logo-no-tag-800pxREV2.png\",\"width\":1753,\"height\":490,\"caption\":\"iWarehousing\"},\"image\":{\"@id\":\"https:\/\/www.iwarehousing.com\/#\/schema\/logo\/image\/\"}}]}<\/script>\n<!-- \/ Yoast SEO plugin. -->","yoast_head_json":{"title":"Schaefer Racking - iWarehousing","robots":{"index":"index","follow":"follow","max-snippet":"max-snippet:-1","max-image-preview":"max-image-preview:large","max-video-preview":"max-video-preview:-1"},"canonical":"https:\/\/www.iwarehousing.com\/de\/product\/schaefer-racking\/","og_locale":"de_DE","og_type":"article","og_title":"Schaefer Racking - iWarehousing","og_description":"Schaefer pallet racking is a durable, flexible, and safe storage solution that can help you optimize your warehouse space utilization and streamline your operations.","og_url":"https:\/\/www.iwarehousing.com\/de\/product\/schaefer-racking\/","og_site_name":"iWarehousing","article_modified_time":"2023-03-30T08:51:04+00:00","og_image":[{"width":2000,"height":1339,"url":"https:\/\/www.iwarehousing.com\/wp-content\/uploads\/2022\/06\/industrial-pallet-racking-2.jpg","type":"image\/jpeg"}],"twitter_card":"summary_large_image","twitter_misc":{"Est. reading time":"1 minute"},"schema":{"@context":"https:\/\/schema.org","@graph":[{"@type":"WebPage","@id":"https:\/\/www.iwarehousing.com\/product\/schaefer-racking\/","url":"https:\/\/www.iwarehousing.com\/product\/schaefer-racking\/","name":"Schaefer Racking - iWarehousing","isPartOf":{"@id":"https:\/\/www.iwarehousing.com\/#website"},"primaryImageOfPage":{"@id":"https:\/\/www.iwarehousing.com\/product\/schaefer-racking\/#primaryimage"},"image":{"@id":"https:\/\/www.iwarehousing.com\/product\/schaefer-racking\/#primaryimage"},"thumbnailUrl":"https:\/\/www.iwarehousing.com\/wp-content\/uploads\/2022\/06\/industrial-pallet-racking-2.jpg","datePublished":"2022-06-27T08:07:55+00:00","dateModified":"2023-03-30T08:51:04+00:00","breadcrumb":{"@id":"https:\/\/www.iwarehousing.com\/product\/schaefer-racking\/#breadcrumb"},"inLanguage":"de-DE","potentialAction":[{"@type":"ReadAction","target":["https:\/\/www.iwarehousing.com\/product\/schaefer-racking\/"]}]},{"@type":"ImageObject","inLanguage":"de-DE","@id":"https:\/\/www.iwarehousing.com\/product\/schaefer-racking\/#primaryimage","url":"https:\/\/www.iwarehousing.com\/wp-content\/uploads\/2022\/06\/industrial-pallet-racking-2.jpg","contentUrl":"https:\/\/www.iwarehousing.com\/wp-content\/uploads\/2022\/06\/industrial-pallet-racking-2.jpg","width":2000,"height":1339,"caption":"industrial pallet racking 2"},{"@type":"BreadcrumbList","@id":"https:\/\/www.iwarehousing.com\/product\/schaefer-racking\/#breadcrumb","itemListElement":[{"@type":"ListItem","position":1,"name":"Home","item":"https:\/\/www.iwarehousing.com\/"},{"@type":"ListItem","position":2,"name":"Product","item":"https:\/\/www.iwarehousing.com\/product\/"},{"@type":"ListItem","position":3,"name":"Schaefer Racking"}]},{"@type":"WebSite","@id":"https:\/\/www.iwarehousing.com\/#website","url":"https:\/\/www.iwarehousing.com\/","name":"iWarehousing","description":"Focus on warehousing equipments","publisher":{"@id":"https:\/\/www.iwarehousing.com\/#organization"},"potentialAction":[{"@type":"SearchAction","target":{"@type":"EntryPoint","urlTemplate":"https:\/\/www.iwarehousing.com\/?s={search_term_string}"},"query-input":{"@type":"PropertyValueSpecification","valueRequired":true,"valueName":"search_term_string"}}],"inLanguage":"de-DE"},{"@type":"Organization","@id":"https:\/\/www.iwarehousing.com\/#organization","name":"iWarehousing","url":"https:\/\/www.iwarehousing.com\/","logo":{"@type":"ImageObject","inLanguage":"de-DE","@id":"https:\/\/www.iwarehousing.com\/#\/schema\/logo\/image\/","url":"https:\/\/www.iwarehousing.com\/wp-content\/uploads\/2022\/05\/iW-logo-no-tag-800pxREV2.png","contentUrl":"https:\/\/www.iwarehousing.com\/wp-content\/uploads\/2022\/05\/iW-logo-no-tag-800pxREV2.png","width":1753,"height":490,"caption":"iWarehousing"},"image":{"@id":"https:\/\/www.iwarehousing.com\/#\/schema\/logo\/image\/"}}]}},"_links":{"self":[{"href":"https:\/\/www.iwarehousing.com\/de\/wp-json\/wp\/v2\/product\/184","targetHints":{"allow":["GET"]}}],"collection":[{"href":"https:\/\/www.iwarehousing.com\/de\/wp-json\/wp\/v2\/product"}],"about":[{"href":"https:\/\/www.iwarehousing.com\/de\/wp-json\/wp\/v2\/types\/product"}],"replies":[{"embeddable":true,"href":"https:\/\/www.iwarehousing.com\/de\/wp-json\/wp\/v2\/comments?post=184"}],"wp:featuredmedia":[{"embeddable":true,"href":"https:\/\/www.iwarehousing.com\/de\/wp-json\/wp\/v2\/media\/2397"}],"wp:attachment":[{"href":"https:\/\/www.iwarehousing.com\/de\/wp-json\/wp\/v2\/media?parent=184"}],"wp:term":[{"taxonomy":"product_brand","embeddable":true,"href":"https:\/\/www.iwarehousing.com\/de\/wp-json\/wp\/v2\/product_brand?post=184"},{"taxonomy":"product_cat","embeddable":true,"href":"https:\/\/www.iwarehousing.com\/de\/wp-json\/wp\/v2\/product_cat?post=184"},{"taxonomy":"product_tag","embeddable":true,"href":"https:\/\/www.iwarehousing.com\/de\/wp-json\/wp\/v2\/product_tag?post=184"}],"curies":[{"name":"wp","href":"https:\/\/api.w.org\/{rel}","templated":true}]}}