{"id":183,"date":"2022-06-27T16:06:53","date_gmt":"2022-06-27T08:06:53","guid":{"rendered":"https:\/\/imm31ev9mx.onrocket.site\/?post_type=product&#038;p=183"},"modified":"2023-03-30T15:41:18","modified_gmt":"2023-03-30T07:41:18","slug":"industrial-pallet-racking","status":"publish","type":"product","link":"https:\/\/www.iwarehousing.com\/de\/product\/industrial-pallet-racking\/","title":{"rendered":"Industrielle Palettenregale"},"content":{"rendered":"<p>Industrielle Palettenregale sind Lagersysteme, die f\u00fcr die Lagerung von Paletten mit Waren oder Materialien in einem Lager oder einer industriellen Umgebung konzipiert sind. Sie bestehen normalerweise aus aufrechten S\u00e4ulen, horizontalen Balken und diagonalen Streben, die zu einer Regalstruktur zusammengebaut werden. Paletten werden auf die horizontalen Balken gelegt, die an verschiedene Palettengr\u00f6\u00dfen und -gewichte angepasst werden k\u00f6nnen. Industrielle Palettenregale sind eine beliebte L\u00f6sung zur Optimierung des Lagerraums, zur Verbesserung der Bestandsverwaltung und zur Steigerung der Produktivit\u00e4t in industriellen Umgebungen.<\/p>\n<h2>Die drei beliebtesten Arten industrieller Palettenregale<\/h2>\n<p><a href=\"https:\/\/www.iwarehousing.com\/de\/product\/adjustable-pallet-racking\/\">Verstellbare Palettenregale<\/a><\/p>\n<p><a href=\"https:\/\/www.iwarehousing.com\/de\/product\/drive-in-pallet-racking\/\">Einfahr-Palettenregale<\/a><\/p>\n<p><a href=\"https:\/\/www.iwarehousing.com\/de\/product\/pallet-shuttle-racking-system\/\">Paletten-Shuttle-Regalsystem<\/a><\/p>\n<h3>Verstellbare Palettenregale sind aus mehreren Gr\u00fcnden am beliebtesten<\/h3>\n<ol>\n<li>Vielseitigkeit: Verstellbare Palettenregale sind eine vielseitige Lagerl\u00f6sung, die unterschiedliche Palettengr\u00f6\u00dfen und -gewichte aufnehmen kann und sich daher f\u00fcr eine breite Palette von Branchen und Produkttypen eignet.<\/li>\n<li>Zug\u00e4nglichkeit: Bei verstellbaren Palettenregalen ist jede Palette vom Gang aus zug\u00e4nglich, was eine einfache und effiziente Kommissionierung und Auff\u00fcllung der Waren erm\u00f6glicht. Dies macht sie zur idealen Wahl f\u00fcr Unternehmen, die eine gro\u00dfe Anzahl verschiedener Produkte mit unterschiedlichen SKU-Nummern verwalten m\u00fcssen.<\/li>\n<li>Kosteneffizienz: Im Vergleich zu anderen Regalsystemen sind verstellbare Palettenregale im Allgemeinen kosteng\u00fcnstiger zu installieren und zu warten. Sie erfordern nur minimale Spezialausr\u00fcstung und k\u00f6nnen leicht zusammengebaut oder neu konfiguriert werden, um sich an ver\u00e4nderte Lageranforderungen anzupassen.<\/li>\n<li>Raumnutzung: Verstellbare Palettenregale sind darauf ausgelegt, den vertikalen Raum in einem Lager oder einer Lagereinrichtung optimal zu nutzen, sodass Unternehmen mehr Lagerbest\u00e4nde auf kleinerem Raum lagern k\u00f6nnen.<\/li>\n<\/ol>","protected":false},"excerpt":{"rendered":"<ul>\n<li>Gro\u00dfe Tragkraft \u2013 Handhabung schwerer G\u00fcter<\/li>\n<li>Anpassbar an unterschiedliche Palettengr\u00f6\u00dfen und -gewichte<\/li>\n<li>Robuste Stahlkonstruktion und robuste Verbindungen sorgen f\u00fcr Stabilit\u00e4t und Sicherheit<\/li>\n<li>Maximieren Sie die Nutzung des verf\u00fcgbaren Platzes \u2013 eine effiziente und kosteng\u00fcnstige Speicherl\u00f6sung<\/li>\n<\/ul>","protected":false},"featured_media":2395,"comment_status":"open","ping_status":"closed","template":"","meta":{"_seopress_robots_primary_cat":"","_seopress_titles_title":"","_seopress_titles_desc":"","_seopress_robots_index":""},"product_brand":[],"product_cat":[30],"product_tag":[],"class_list":{"0":"post-183","1":"product","2":"type-product","3":"status-publish","4":"has-post-thumbnail","6":"product_cat-pallet-racking","8":"first","9":"instock","10":"shipping-taxable","11":"product-type-simple"},"yoast_head":"<!-- This site is optimized with the Yoast SEO plugin v26.5 - https:\/\/yoast.com\/wordpress\/plugins\/seo\/ -->\n<title>Industrial Pallet Racking - iWarehousing<\/title>\n<meta name=\"robots\" content=\"index, follow, max-snippet:-1, max-image-preview:large, max-video-preview:-1\" \/>\n<link rel=\"canonical\" href=\"https:\/\/www.iwarehousing.com\/de\/product\/industrial-pallet-racking\/\" \/>\n<meta property=\"og:locale\" content=\"de_DE\" \/>\n<meta property=\"og:type\" content=\"article\" \/>\n<meta property=\"og:title\" content=\"Industrial Pallet Racking - iWarehousing\" \/>\n<meta property=\"og:description\" content=\"Large load capacity - handling heavy goods  Be adjustable to accommodate different pallet sizes and weights  Heavy-duty steel construction and robust connections that ensure stability and safety  Maximize the use of available space - an efficient and cost-effective storage solution\" \/>\n<meta property=\"og:url\" content=\"https:\/\/www.iwarehousing.com\/de\/product\/industrial-pallet-racking\/\" \/>\n<meta property=\"og:site_name\" content=\"iWarehousing\" \/>\n<meta property=\"article:modified_time\" content=\"2023-03-30T07:41:18+00:00\" \/>\n<meta property=\"og:image\" content=\"https:\/\/www.iwarehousing.com\/wp-content\/uploads\/2022\/06\/industrial-pallet-racking-0.jpg\" \/>\n\t<meta property=\"og:image:width\" content=\"2000\" \/>\n\t<meta property=\"og:image:height\" content=\"1333\" \/>\n\t<meta property=\"og:image:type\" content=\"image\/jpeg\" \/>\n<meta name=\"twitter:card\" content=\"summary_large_image\" \/>\n<meta name=\"twitter:label1\" content=\"Est. reading time\" \/>\n\t<meta name=\"twitter:data1\" content=\"1 minute\" \/>\n<script type=\"application\/ld+json\" class=\"yoast-schema-graph\">{\"@context\":\"https:\/\/schema.org\",\"@graph\":[{\"@type\":\"WebPage\",\"@id\":\"https:\/\/www.iwarehousing.com\/product\/industrial-pallet-racking\/\",\"url\":\"https:\/\/www.iwarehousing.com\/product\/industrial-pallet-racking\/\",\"name\":\"Industrial Pallet Racking - iWarehousing\",\"isPartOf\":{\"@id\":\"https:\/\/www.iwarehousing.com\/#website\"},\"primaryImageOfPage\":{\"@id\":\"https:\/\/www.iwarehousing.com\/product\/industrial-pallet-racking\/#primaryimage\"},\"image\":{\"@id\":\"https:\/\/www.iwarehousing.com\/product\/industrial-pallet-racking\/#primaryimage\"},\"thumbnailUrl\":\"https:\/\/www.iwarehousing.com\/wp-content\/uploads\/2022\/06\/industrial-pallet-racking-0.jpg\",\"datePublished\":\"2022-06-27T08:06:53+00:00\",\"dateModified\":\"2023-03-30T07:41:18+00:00\",\"breadcrumb\":{\"@id\":\"https:\/\/www.iwarehousing.com\/product\/industrial-pallet-racking\/#breadcrumb\"},\"inLanguage\":\"de-DE\",\"potentialAction\":[{\"@type\":\"ReadAction\",\"target\":[\"https:\/\/www.iwarehousing.com\/product\/industrial-pallet-racking\/\"]}]},{\"@type\":\"ImageObject\",\"inLanguage\":\"de-DE\",\"@id\":\"https:\/\/www.iwarehousing.com\/product\/industrial-pallet-racking\/#primaryimage\",\"url\":\"https:\/\/www.iwarehousing.com\/wp-content\/uploads\/2022\/06\/industrial-pallet-racking-0.jpg\",\"contentUrl\":\"https:\/\/www.iwarehousing.com\/wp-content\/uploads\/2022\/06\/industrial-pallet-racking-0.jpg\",\"width\":2000,\"height\":1333,\"caption\":\"industrial pallet racking\"},{\"@type\":\"BreadcrumbList\",\"@id\":\"https:\/\/www.iwarehousing.com\/product\/industrial-pallet-racking\/#breadcrumb\",\"itemListElement\":[{\"@type\":\"ListItem\",\"position\":1,\"name\":\"Home\",\"item\":\"https:\/\/www.iwarehousing.com\/\"},{\"@type\":\"ListItem\",\"position\":2,\"name\":\"Product\",\"item\":\"https:\/\/www.iwarehousing.com\/product\/\"},{\"@type\":\"ListItem\",\"position\":3,\"name\":\"Industrial Pallet Racking\"}]},{\"@type\":\"WebSite\",\"@id\":\"https:\/\/www.iwarehousing.com\/#website\",\"url\":\"https:\/\/www.iwarehousing.com\/\",\"name\":\"iWarehousing\",\"description\":\"Focus on warehousing equipments\",\"publisher\":{\"@id\":\"https:\/\/www.iwarehousing.com\/#organization\"},\"potentialAction\":[{\"@type\":\"SearchAction\",\"target\":{\"@type\":\"EntryPoint\",\"urlTemplate\":\"https:\/\/www.iwarehousing.com\/?s={search_term_string}\"},\"query-input\":{\"@type\":\"PropertyValueSpecification\",\"valueRequired\":true,\"valueName\":\"search_term_string\"}}],\"inLanguage\":\"de-DE\"},{\"@type\":\"Organization\",\"@id\":\"https:\/\/www.iwarehousing.com\/#organization\",\"name\":\"iWarehousing\",\"url\":\"https:\/\/www.iwarehousing.com\/\",\"logo\":{\"@type\":\"ImageObject\",\"inLanguage\":\"de-DE\",\"@id\":\"https:\/\/www.iwarehousing.com\/#\/schema\/logo\/image\/\",\"url\":\"https:\/\/www.iwarehousing.com\/wp-content\/uploads\/2022\/05\/iW-logo-no-tag-800pxREV2.png\",\"contentUrl\":\"https:\/\/www.iwarehousing.com\/wp-content\/uploads\/2022\/05\/iW-logo-no-tag-800pxREV2.png\",\"width\":1753,\"height\":490,\"caption\":\"iWarehousing\"},\"image\":{\"@id\":\"https:\/\/www.iwarehousing.com\/#\/schema\/logo\/image\/\"}}]}<\/script>\n<!-- \/ Yoast SEO plugin. -->","yoast_head_json":{"title":"Industrial Pallet Racking - iWarehousing","robots":{"index":"index","follow":"follow","max-snippet":"max-snippet:-1","max-image-preview":"max-image-preview:large","max-video-preview":"max-video-preview:-1"},"canonical":"https:\/\/www.iwarehousing.com\/de\/product\/industrial-pallet-racking\/","og_locale":"de_DE","og_type":"article","og_title":"Industrial Pallet Racking - iWarehousing","og_description":"Large load capacity - handling heavy goods  Be adjustable to accommodate different pallet sizes and weights  Heavy-duty steel construction and robust connections that ensure stability and safety  Maximize the use of available space - an efficient and cost-effective storage solution","og_url":"https:\/\/www.iwarehousing.com\/de\/product\/industrial-pallet-racking\/","og_site_name":"iWarehousing","article_modified_time":"2023-03-30T07:41:18+00:00","og_image":[{"width":2000,"height":1333,"url":"https:\/\/www.iwarehousing.com\/wp-content\/uploads\/2022\/06\/industrial-pallet-racking-0.jpg","type":"image\/jpeg"}],"twitter_card":"summary_large_image","twitter_misc":{"Est. reading time":"1 minute"},"schema":{"@context":"https:\/\/schema.org","@graph":[{"@type":"WebPage","@id":"https:\/\/www.iwarehousing.com\/product\/industrial-pallet-racking\/","url":"https:\/\/www.iwarehousing.com\/product\/industrial-pallet-racking\/","name":"Industrial Pallet Racking - iWarehousing","isPartOf":{"@id":"https:\/\/www.iwarehousing.com\/#website"},"primaryImageOfPage":{"@id":"https:\/\/www.iwarehousing.com\/product\/industrial-pallet-racking\/#primaryimage"},"image":{"@id":"https:\/\/www.iwarehousing.com\/product\/industrial-pallet-racking\/#primaryimage"},"thumbnailUrl":"https:\/\/www.iwarehousing.com\/wp-content\/uploads\/2022\/06\/industrial-pallet-racking-0.jpg","datePublished":"2022-06-27T08:06:53+00:00","dateModified":"2023-03-30T07:41:18+00:00","breadcrumb":{"@id":"https:\/\/www.iwarehousing.com\/product\/industrial-pallet-racking\/#breadcrumb"},"inLanguage":"de-DE","potentialAction":[{"@type":"ReadAction","target":["https:\/\/www.iwarehousing.com\/product\/industrial-pallet-racking\/"]}]},{"@type":"ImageObject","inLanguage":"de-DE","@id":"https:\/\/www.iwarehousing.com\/product\/industrial-pallet-racking\/#primaryimage","url":"https:\/\/www.iwarehousing.com\/wp-content\/uploads\/2022\/06\/industrial-pallet-racking-0.jpg","contentUrl":"https:\/\/www.iwarehousing.com\/wp-content\/uploads\/2022\/06\/industrial-pallet-racking-0.jpg","width":2000,"height":1333,"caption":"industrial pallet racking"},{"@type":"BreadcrumbList","@id":"https:\/\/www.iwarehousing.com\/product\/industrial-pallet-racking\/#breadcrumb","itemListElement":[{"@type":"ListItem","position":1,"name":"Home","item":"https:\/\/www.iwarehousing.com\/"},{"@type":"ListItem","position":2,"name":"Product","item":"https:\/\/www.iwarehousing.com\/product\/"},{"@type":"ListItem","position":3,"name":"Industrial Pallet Racking"}]},{"@type":"WebSite","@id":"https:\/\/www.iwarehousing.com\/#website","url":"https:\/\/www.iwarehousing.com\/","name":"iWarehousing","description":"Focus on warehousing equipments","publisher":{"@id":"https:\/\/www.iwarehousing.com\/#organization"},"potentialAction":[{"@type":"SearchAction","target":{"@type":"EntryPoint","urlTemplate":"https:\/\/www.iwarehousing.com\/?s={search_term_string}"},"query-input":{"@type":"PropertyValueSpecification","valueRequired":true,"valueName":"search_term_string"}}],"inLanguage":"de-DE"},{"@type":"Organization","@id":"https:\/\/www.iwarehousing.com\/#organization","name":"iWarehousing","url":"https:\/\/www.iwarehousing.com\/","logo":{"@type":"ImageObject","inLanguage":"de-DE","@id":"https:\/\/www.iwarehousing.com\/#\/schema\/logo\/image\/","url":"https:\/\/www.iwarehousing.com\/wp-content\/uploads\/2022\/05\/iW-logo-no-tag-800pxREV2.png","contentUrl":"https:\/\/www.iwarehousing.com\/wp-content\/uploads\/2022\/05\/iW-logo-no-tag-800pxREV2.png","width":1753,"height":490,"caption":"iWarehousing"},"image":{"@id":"https:\/\/www.iwarehousing.com\/#\/schema\/logo\/image\/"}}]}},"_links":{"self":[{"href":"https:\/\/www.iwarehousing.com\/de\/wp-json\/wp\/v2\/product\/183","targetHints":{"allow":["GET"]}}],"collection":[{"href":"https:\/\/www.iwarehousing.com\/de\/wp-json\/wp\/v2\/product"}],"about":[{"href":"https:\/\/www.iwarehousing.com\/de\/wp-json\/wp\/v2\/types\/product"}],"replies":[{"embeddable":true,"href":"https:\/\/www.iwarehousing.com\/de\/wp-json\/wp\/v2\/comments?post=183"}],"wp:featuredmedia":[{"embeddable":true,"href":"https:\/\/www.iwarehousing.com\/de\/wp-json\/wp\/v2\/media\/2395"}],"wp:attachment":[{"href":"https:\/\/www.iwarehousing.com\/de\/wp-json\/wp\/v2\/media?parent=183"}],"wp:term":[{"taxonomy":"product_brand","embeddable":true,"href":"https:\/\/www.iwarehousing.com\/de\/wp-json\/wp\/v2\/product_brand?post=183"},{"taxonomy":"product_cat","embeddable":true,"href":"https:\/\/www.iwarehousing.com\/de\/wp-json\/wp\/v2\/product_cat?post=183"},{"taxonomy":"product_tag","embeddable":true,"href":"https:\/\/www.iwarehousing.com\/de\/wp-json\/wp\/v2\/product_tag?post=183"}],"curies":[{"name":"wp","href":"https:\/\/api.w.org\/{rel}","templated":true}]}}