{"id":181,"date":"2022-06-27T16:04:49","date_gmt":"2022-06-27T08:04:49","guid":{"rendered":"https:\/\/imm31ev9mx.onrocket.site\/?post_type=product&#038;p=181"},"modified":"2022-09-20T09:37:13","modified_gmt":"2022-09-20T01:37:13","slug":"warehouse-pallet-racking","status":"publish","type":"product","link":"https:\/\/www.iwarehousing.com\/de\/product\/warehouse-pallet-racking\/","title":{"rendered":"Palettenregale f\u00fcr Lager"},"content":{"rendered":"<p>Unter Palettenregalen versteht man ein System, bei dem Dinge auf Holz- oder Kunststoffpaletten gelagert werden. Von leichten bis zu besonders schweren Paletten sind Palettenregale die g\u00e4ngigste Lagerl\u00f6sung f\u00fcr alle palettierten Waren, da sie Ihre Lagerkapazit\u00e4ten erh\u00f6hen. Palettenregale erm\u00f6glichen au\u00dferdem den Zugriff auf jede Palette im System, um eine schnelle Palettenentnahme zu erm\u00f6glichen, und k\u00f6nnen mit jedem Gabelstaplertyp verwendet werden, einschlie\u00dflich Gegengewichts- und Schubmaststaplern.<\/p>\n<p>Wir bieten die meisten Arten und Konfigurationen von Lagerpalettenregalen an, die h\u00e4ufig in Lagern verwendet werden, w\u00e4hrend <a href=\"https:\/\/www.iwarehousing.com\/de\/product\/selective-pallet-racking\/\">selektive Palettenregale<\/a> ist das am h\u00e4ufigsten verwendete System. Sie sind normalerweise in einer \u201erollgeformten\u201c oder \u201estrukturellen\u201c Konfiguration. Sie bestehen normalerweise aus Pfosten und einem Paar Balken, um Regale zu bilden, die f\u00fcr die Lagerung von Paletten ausgelegt sind. Diese Art von System erfordert oft geringere Investitionen und bietet eine gute Zug\u00e4nglichkeit unter allen Lagerpalettenregalsystemen.<\/p>\n<h2>Vorteile von Palettenregalen<\/h2>\n<ul>\n<li>Geringe Kosten pro Palettenposition<\/li>\n<\/ul>\n<p>Selektive Palettenregale sind die am weitesten verbreitete Art von Palettenregalen und weisen im Vergleich zu anderen Palettenregalsystemen die niedrigsten Anschaffungskosten pro Palette auf. Aufgrund der niedrigen Anschaffungskosten sind selektive Palettenregale die ideale Wahl f\u00fcr die Lagerung einer Vielzahl von Waren im Lager.<\/p>\n<ul>\n<li>Volle Selektivit\u00e4t und direkter Zugriff auf jede Palette<\/li>\n<\/ul>\n<p>Selektive Palettenregale verwenden FIFO-Lagerverwaltung und bieten zeitnahen Zugriff auf Palettenpositionen. Gabelstapler k\u00f6nnen auf eine gro\u00dfe Anzahl von Lagereinheiten zugreifen, die sich an die sich \u00e4ndernden Marktanforderungen und Anforderungen an die Lagerverwaltung anpasst. Durch die vollst\u00e4ndige Selektivit\u00e4t kann das Vertriebszentrum mit den \u00c4nderungen der Verbrauchernachfrage Schritt halten.<\/p>\n<ul>\n<li>Einfache Konfiguration f\u00fcr jede Lastgr\u00f6\u00dfe<\/li>\n<\/ul>\n<p>In einem Lager m\u00fcssen die SKU-Typen h\u00e4ufig wechseln, und selektive Palettenregale bieten die M\u00f6glichkeit, sich an Ver\u00e4nderungen hinsichtlich der Markt- und Produktnachfrage anzupassen.<\/p>\n<ul>\n<li>Speicherplatz maximieren<\/li>\n<\/ul>\n<p>Mithilfe selektiver Palettenregallagersysteme k\u00f6nnen Sie daf\u00fcr sorgen, dass Sie Ihren Lagerraum so effizient wie m\u00f6glich nutzen k\u00f6nnen.<\/p>\n<h2>Wie entwirft man ein Lagerpalettenregalsystem?<\/h2>\n<ol>\n<li>Bestimmen Sie Strahlbreite und maximale Kapazit\u00e4t.<\/li>\n<\/ol>\n<p>Wenn Sie die Breite der ben\u00f6tigten Palettenregaltr\u00e4ger berechnen, sollten Sie am besten etwas Platz zwischen den Palettenregalpfosten und den Paletten einplanen. Dadurch haben die Gabelstaplerfahrer etwas Platz, wenn sie Waren in das Palettenregalsystem hinein- und herausbewegen. Dies kann Sch\u00e4den am Palettenregal verringern und die Effizienz der Bediener steigern, da sie nicht langsamer fahren m\u00fcssen. Ein Konstrukteur muss auch die Tragf\u00e4higkeit einer Palette kennen, damit er das Profil des Tr\u00e4gers f\u00fcr das Palettenregalsystem ausw\u00e4hlen kann.<\/p>\n<ol start=\"2\">\n<li>Bestimmen Sie, wie tief Ihr Palettenregalst\u00e4nder sein muss.<\/li>\n<\/ol>\n<p>Der n\u00e4chste Schritt besteht darin, die im ersten Schritt berechnete Tiefe der Waren, die Sie lagern m\u00f6chten, zu nehmen und auf beiden Seiten zwei Zoll hinzuzuf\u00fcgen.<\/p>\n<ol start=\"3\">\n<li>Bestimmen Sie die Abmessungen Ihres Palettenregals.<\/li>\n<\/ol>\n<p>Nach Schritt 1 und 2 k\u00f6nnen Sie Tiefe, Breite und H\u00f6he des Palettenregals festlegen. Anschlie\u00dfend kann der Ingenieur das Regallayout entsprechend der Lagersituation erstellen.<\/p>\n<p>Was bei der Konstruktion eines Palettenregalsystems f\u00fcr Lager zu beachten ist<\/p>\n<h2>Ber\u00fccksichtigen Sie beim Entwurf eines Palettenregalsystems unbedingt Folgendes:<\/h2>\n<ul>\n<li>Erforderliche Speicherdichte.<\/li>\n<li>Grundfl\u00e4che ist vorhanden.<\/li>\n<li>Geb\u00e4udeh\u00f6he<\/li>\n<li>Inventarzugriff<\/li>\n<li>Rotationsanforderungen<\/li>\n<li>Palettenladegr\u00f6\u00dfe und -gewicht<\/li>\n<li>Material- und Montagekosten<\/li>\n<\/ul>","protected":false},"excerpt":{"rendered":"<p>Warehouse pallet racking system can make efficient use of the storage space of warehouse to lay palletized goods. Pallet racking offers an effective pallet storage system which is compatible with all types and sizes of pallets. It can be adjusted easily and offers the most comprehensive components of the system. With 100% accessibility of your goods, you will have proper stock rotation and quick picking to increase work efficiency.<\/p>\n<p>If you are looking to use warehouse storage space more efficiently, a warehouse racking system maybe your best choice. Selective Pallet Racking Systems are industry standard and are currently most frequently used. It\u2019s compatible with all pallet types and sizes and can be used with any type of handling system. Its advantages are flexibility and versatility.<\/p>","protected":false},"featured_media":262,"comment_status":"open","ping_status":"closed","template":"","meta":{"_seopress_robots_primary_cat":"","_seopress_titles_title":"","_seopress_titles_desc":"","_seopress_robots_index":""},"product_brand":[],"product_cat":[30],"product_tag":[],"class_list":{"0":"post-181","1":"product","2":"type-product","3":"status-publish","4":"has-post-thumbnail","6":"product_cat-pallet-racking","8":"first","9":"instock","10":"shipping-taxable","11":"product-type-simple"},"yoast_head":"<!-- This site is optimized with the Yoast SEO plugin v26.5 - https:\/\/yoast.com\/wordpress\/plugins\/seo\/ -->\n<title>Warehouse Pallet Racking - iWarehousing<\/title>\n<meta name=\"robots\" content=\"index, follow, max-snippet:-1, max-image-preview:large, max-video-preview:-1\" \/>\n<link rel=\"canonical\" href=\"https:\/\/www.iwarehousing.com\/de\/product\/warehouse-pallet-racking\/\" \/>\n<meta property=\"og:locale\" content=\"de_DE\" \/>\n<meta property=\"og:type\" content=\"article\" \/>\n<meta property=\"og:title\" content=\"Warehouse Pallet Racking - iWarehousing\" \/>\n<meta property=\"og:description\" content=\"Warehouse pallet racking system can make efficient use of the storage space of warehouse to lay palletized goods. Pallet racking offers an effective pallet storage system which is compatible with all types and sizes of pallets. It can be adjusted easily and offers the most comprehensive components of the system. With 100% accessibility of your goods, you will have proper stock rotation and quick picking to increase work efficiency.  If you are looking to use warehouse storage space more efficiently, a warehouse racking system maybe your best choice. Selective Pallet Racking Systems are industry standard and are currently most frequently used. It\u2019s compatible with all pallet types and sizes and can be used with any type of handling system. Its advantages are flexibility and versatility.\" \/>\n<meta property=\"og:url\" content=\"https:\/\/www.iwarehousing.com\/de\/product\/warehouse-pallet-racking\/\" \/>\n<meta property=\"og:site_name\" content=\"iWarehousing\" \/>\n<meta property=\"article:modified_time\" content=\"2022-09-20T01:37:13+00:00\" \/>\n<meta property=\"og:image\" content=\"https:\/\/www.iwarehousing.com\/wp-content\/uploads\/2022\/06\/Warehouse-Pallet-Racking-3.jpg\" \/>\n\t<meta property=\"og:image:width\" content=\"600\" \/>\n\t<meta property=\"og:image:height\" content=\"600\" \/>\n\t<meta property=\"og:image:type\" content=\"image\/jpeg\" \/>\n<meta name=\"twitter:card\" content=\"summary_large_image\" \/>\n<meta name=\"twitter:label1\" content=\"Est. reading time\" \/>\n\t<meta name=\"twitter:data1\" content=\"3 minutes\" \/>\n<script type=\"application\/ld+json\" class=\"yoast-schema-graph\">{\"@context\":\"https:\/\/schema.org\",\"@graph\":[{\"@type\":\"WebPage\",\"@id\":\"https:\/\/www.iwarehousing.com\/product\/warehouse-pallet-racking\/\",\"url\":\"https:\/\/www.iwarehousing.com\/product\/warehouse-pallet-racking\/\",\"name\":\"Warehouse Pallet Racking - iWarehousing\",\"isPartOf\":{\"@id\":\"https:\/\/www.iwarehousing.com\/#website\"},\"primaryImageOfPage\":{\"@id\":\"https:\/\/www.iwarehousing.com\/product\/warehouse-pallet-racking\/#primaryimage\"},\"image\":{\"@id\":\"https:\/\/www.iwarehousing.com\/product\/warehouse-pallet-racking\/#primaryimage\"},\"thumbnailUrl\":\"https:\/\/www.iwarehousing.com\/wp-content\/uploads\/2022\/06\/Warehouse-Pallet-Racking-3.jpg\",\"datePublished\":\"2022-06-27T08:04:49+00:00\",\"dateModified\":\"2022-09-20T01:37:13+00:00\",\"breadcrumb\":{\"@id\":\"https:\/\/www.iwarehousing.com\/product\/warehouse-pallet-racking\/#breadcrumb\"},\"inLanguage\":\"de-DE\",\"potentialAction\":[{\"@type\":\"ReadAction\",\"target\":[\"https:\/\/www.iwarehousing.com\/product\/warehouse-pallet-racking\/\"]}]},{\"@type\":\"ImageObject\",\"inLanguage\":\"de-DE\",\"@id\":\"https:\/\/www.iwarehousing.com\/product\/warehouse-pallet-racking\/#primaryimage\",\"url\":\"https:\/\/www.iwarehousing.com\/wp-content\/uploads\/2022\/06\/Warehouse-Pallet-Racking-3.jpg\",\"contentUrl\":\"https:\/\/www.iwarehousing.com\/wp-content\/uploads\/2022\/06\/Warehouse-Pallet-Racking-3.jpg\",\"width\":600,\"height\":600,\"caption\":\"warehouse pallet racking 3\"},{\"@type\":\"BreadcrumbList\",\"@id\":\"https:\/\/www.iwarehousing.com\/product\/warehouse-pallet-racking\/#breadcrumb\",\"itemListElement\":[{\"@type\":\"ListItem\",\"position\":1,\"name\":\"Home\",\"item\":\"https:\/\/www.iwarehousing.com\/\"},{\"@type\":\"ListItem\",\"position\":2,\"name\":\"Product\",\"item\":\"https:\/\/www.iwarehousing.com\/product\/\"},{\"@type\":\"ListItem\",\"position\":3,\"name\":\"Warehouse Pallet Racking\"}]},{\"@type\":\"WebSite\",\"@id\":\"https:\/\/www.iwarehousing.com\/#website\",\"url\":\"https:\/\/www.iwarehousing.com\/\",\"name\":\"iWarehousing\",\"description\":\"Focus on warehousing equipments\",\"publisher\":{\"@id\":\"https:\/\/www.iwarehousing.com\/#organization\"},\"potentialAction\":[{\"@type\":\"SearchAction\",\"target\":{\"@type\":\"EntryPoint\",\"urlTemplate\":\"https:\/\/www.iwarehousing.com\/?s={search_term_string}\"},\"query-input\":{\"@type\":\"PropertyValueSpecification\",\"valueRequired\":true,\"valueName\":\"search_term_string\"}}],\"inLanguage\":\"de-DE\"},{\"@type\":\"Organization\",\"@id\":\"https:\/\/www.iwarehousing.com\/#organization\",\"name\":\"iWarehousing\",\"url\":\"https:\/\/www.iwarehousing.com\/\",\"logo\":{\"@type\":\"ImageObject\",\"inLanguage\":\"de-DE\",\"@id\":\"https:\/\/www.iwarehousing.com\/#\/schema\/logo\/image\/\",\"url\":\"https:\/\/www.iwarehousing.com\/wp-content\/uploads\/2022\/05\/iW-logo-no-tag-800pxREV2.png\",\"contentUrl\":\"https:\/\/www.iwarehousing.com\/wp-content\/uploads\/2022\/05\/iW-logo-no-tag-800pxREV2.png\",\"width\":1753,\"height\":490,\"caption\":\"iWarehousing\"},\"image\":{\"@id\":\"https:\/\/www.iwarehousing.com\/#\/schema\/logo\/image\/\"}}]}<\/script>\n<!-- \/ Yoast SEO plugin. -->","yoast_head_json":{"title":"Warehouse Pallet Racking - iWarehousing","robots":{"index":"index","follow":"follow","max-snippet":"max-snippet:-1","max-image-preview":"max-image-preview:large","max-video-preview":"max-video-preview:-1"},"canonical":"https:\/\/www.iwarehousing.com\/de\/product\/warehouse-pallet-racking\/","og_locale":"de_DE","og_type":"article","og_title":"Warehouse Pallet Racking - iWarehousing","og_description":"Warehouse pallet racking system can make efficient use of the storage space of warehouse to lay palletized goods. Pallet racking offers an effective pallet storage system which is compatible with all types and sizes of pallets. It can be adjusted easily and offers the most comprehensive components of the system. With 100% accessibility of your goods, you will have proper stock rotation and quick picking to increase work efficiency.  If you are looking to use warehouse storage space more efficiently, a warehouse racking system maybe your best choice. Selective Pallet Racking Systems are industry standard and are currently most frequently used. It\u2019s compatible with all pallet types and sizes and can be used with any type of handling system. Its advantages are flexibility and versatility.","og_url":"https:\/\/www.iwarehousing.com\/de\/product\/warehouse-pallet-racking\/","og_site_name":"iWarehousing","article_modified_time":"2022-09-20T01:37:13+00:00","og_image":[{"width":600,"height":600,"url":"https:\/\/www.iwarehousing.com\/wp-content\/uploads\/2022\/06\/Warehouse-Pallet-Racking-3.jpg","type":"image\/jpeg"}],"twitter_card":"summary_large_image","twitter_misc":{"Est. reading time":"3 minutes"},"schema":{"@context":"https:\/\/schema.org","@graph":[{"@type":"WebPage","@id":"https:\/\/www.iwarehousing.com\/product\/warehouse-pallet-racking\/","url":"https:\/\/www.iwarehousing.com\/product\/warehouse-pallet-racking\/","name":"Warehouse Pallet Racking - iWarehousing","isPartOf":{"@id":"https:\/\/www.iwarehousing.com\/#website"},"primaryImageOfPage":{"@id":"https:\/\/www.iwarehousing.com\/product\/warehouse-pallet-racking\/#primaryimage"},"image":{"@id":"https:\/\/www.iwarehousing.com\/product\/warehouse-pallet-racking\/#primaryimage"},"thumbnailUrl":"https:\/\/www.iwarehousing.com\/wp-content\/uploads\/2022\/06\/Warehouse-Pallet-Racking-3.jpg","datePublished":"2022-06-27T08:04:49+00:00","dateModified":"2022-09-20T01:37:13+00:00","breadcrumb":{"@id":"https:\/\/www.iwarehousing.com\/product\/warehouse-pallet-racking\/#breadcrumb"},"inLanguage":"de-DE","potentialAction":[{"@type":"ReadAction","target":["https:\/\/www.iwarehousing.com\/product\/warehouse-pallet-racking\/"]}]},{"@type":"ImageObject","inLanguage":"de-DE","@id":"https:\/\/www.iwarehousing.com\/product\/warehouse-pallet-racking\/#primaryimage","url":"https:\/\/www.iwarehousing.com\/wp-content\/uploads\/2022\/06\/Warehouse-Pallet-Racking-3.jpg","contentUrl":"https:\/\/www.iwarehousing.com\/wp-content\/uploads\/2022\/06\/Warehouse-Pallet-Racking-3.jpg","width":600,"height":600,"caption":"warehouse pallet racking 3"},{"@type":"BreadcrumbList","@id":"https:\/\/www.iwarehousing.com\/product\/warehouse-pallet-racking\/#breadcrumb","itemListElement":[{"@type":"ListItem","position":1,"name":"Home","item":"https:\/\/www.iwarehousing.com\/"},{"@type":"ListItem","position":2,"name":"Product","item":"https:\/\/www.iwarehousing.com\/product\/"},{"@type":"ListItem","position":3,"name":"Warehouse Pallet Racking"}]},{"@type":"WebSite","@id":"https:\/\/www.iwarehousing.com\/#website","url":"https:\/\/www.iwarehousing.com\/","name":"iWarehousing","description":"Focus on warehousing equipments","publisher":{"@id":"https:\/\/www.iwarehousing.com\/#organization"},"potentialAction":[{"@type":"SearchAction","target":{"@type":"EntryPoint","urlTemplate":"https:\/\/www.iwarehousing.com\/?s={search_term_string}"},"query-input":{"@type":"PropertyValueSpecification","valueRequired":true,"valueName":"search_term_string"}}],"inLanguage":"de-DE"},{"@type":"Organization","@id":"https:\/\/www.iwarehousing.com\/#organization","name":"iWarehousing","url":"https:\/\/www.iwarehousing.com\/","logo":{"@type":"ImageObject","inLanguage":"de-DE","@id":"https:\/\/www.iwarehousing.com\/#\/schema\/logo\/image\/","url":"https:\/\/www.iwarehousing.com\/wp-content\/uploads\/2022\/05\/iW-logo-no-tag-800pxREV2.png","contentUrl":"https:\/\/www.iwarehousing.com\/wp-content\/uploads\/2022\/05\/iW-logo-no-tag-800pxREV2.png","width":1753,"height":490,"caption":"iWarehousing"},"image":{"@id":"https:\/\/www.iwarehousing.com\/#\/schema\/logo\/image\/"}}]}},"_links":{"self":[{"href":"https:\/\/www.iwarehousing.com\/de\/wp-json\/wp\/v2\/product\/181","targetHints":{"allow":["GET"]}}],"collection":[{"href":"https:\/\/www.iwarehousing.com\/de\/wp-json\/wp\/v2\/product"}],"about":[{"href":"https:\/\/www.iwarehousing.com\/de\/wp-json\/wp\/v2\/types\/product"}],"replies":[{"embeddable":true,"href":"https:\/\/www.iwarehousing.com\/de\/wp-json\/wp\/v2\/comments?post=181"}],"wp:featuredmedia":[{"embeddable":true,"href":"https:\/\/www.iwarehousing.com\/de\/wp-json\/wp\/v2\/media\/262"}],"wp:attachment":[{"href":"https:\/\/www.iwarehousing.com\/de\/wp-json\/wp\/v2\/media?parent=181"}],"wp:term":[{"taxonomy":"product_brand","embeddable":true,"href":"https:\/\/www.iwarehousing.com\/de\/wp-json\/wp\/v2\/product_brand?post=181"},{"taxonomy":"product_cat","embeddable":true,"href":"https:\/\/www.iwarehousing.com\/de\/wp-json\/wp\/v2\/product_cat?post=181"},{"taxonomy":"product_tag","embeddable":true,"href":"https:\/\/www.iwarehousing.com\/de\/wp-json\/wp\/v2\/product_tag?post=181"}],"curies":[{"name":"wp","href":"https:\/\/api.w.org\/{rel}","templated":true}]}}