{"id":180,"date":"2022-06-27T16:04:07","date_gmt":"2022-06-27T08:04:07","guid":{"rendered":"https:\/\/imm31ev9mx.onrocket.site\/?post_type=product&#038;p=180"},"modified":"2022-12-15T16:21:19","modified_gmt":"2022-12-15T08:21:19","slug":"dexion-pallet-racking","status":"publish","type":"product","link":"https:\/\/www.iwarehousing.com\/de\/product\/dexion-pallet-racking\/","title":{"rendered":"Dexion Palettenregale"},"content":{"rendered":"<p>Mit \u00fcber 15 Jahren Erfahrung in der Lagerbranche sind wir ein f\u00fchrender Anbieter von Palettenregalsystemen in China. Wir sind bestrebt, die neuesten Innovationen anzubieten, um sicherzustellen, dass unsere Kunden unterschiedliche Erfahrungen machen. Wir k\u00f6nnen Ihre Anforderungen nicht nur bei der Verbesserung der Sicherheitsstandards erf\u00fcllen, indem wir alle Branchenvorschriften einhalten, sondern auch bei der Schaffung vereinfachter Verfahren zur Steigerung der Produktivit\u00e4t der Mitarbeiter.<\/p>\n<p>Wir bieten die meisten Typen und Konfigurationen an, die h\u00e4ufig in Lagern verwendet werden, wobei das Dexion-Palettenregalsystem das am h\u00e4ufigsten verwendete System ist. Sie sind normalerweise in einer \u201erollgeformten\u201c oder \u201estrukturellen\u201c Konfiguration. Sie bestehen normalerweise aus Pfosten und einem Paar Tr\u00e4gern, um Regale zu bilden, die f\u00fcr die Lagerung von Paletten ausgelegt sind. Diese Art von System erfordert oft geringere Investitionen und ist gut zug\u00e4nglich.<\/p>\n<h2>Was wir tun k\u00f6nnen<\/h2>\n<p>Wir entwerfen eine Palettenregall\u00f6sung, die Ihren Gesch\u00e4ftsanforderungen entspricht und Ihren Lagerraum optimiert, um eine maximale Lagerkapazit\u00e4t zu erreichen.<\/p>\n<h3>Design-Merkmale<\/h3>\n<p>Durch unsere Produktentwicklung verf\u00fcgen unsere Produkte \u00fcber viele f\u00fchrende Produktmerkmale, beispielsweise die schraubenlose Verbindung. Unser einzigartiger Verbinder kann sich an jedes Gewicht anpassen und gleichzeitig ein H\u00f6chstma\u00df an Stabilit\u00e4t gew\u00e4hrleisten.<\/p>\n<h3>Flexible Palettenregale<\/h3>\n<p>Im Rahmen der Erstberatung erfassen wir die Anforderungen der Kunden, die uns bei der ersten Planung helfen. So k\u00f6nnen wir flexible Palettenregalsysteme anbieten, die Ihren Anforderungen entsprechen. Dazu geh\u00f6rt die Palette unserer Rahmen und Tr\u00e4ger, die je nach H\u00f6he und Belastung angepasst werden k\u00f6nnen.<\/p>\n<h3>Regalschutz<\/h3>\n<p>Wir f\u00fcgen einen Regalschutz hinzu, um die Sicherheit Ihrer Investition zu gew\u00e4hrleisten. Regalschutz tr\u00e4gt dazu bei, die Lebensdauer Ihres Regalsystems zu verl\u00e4ngern. Wir bieten viele Arten von Schutz, um Ihren Anforderungen gerecht zu werden.<\/p>\n<h3>Layout<\/h3>\n<p>Die Palettenregale von Dexion haben nur eine Palettentiefe, es k\u00f6nnen jedoch zwei Regale R\u00fccken an R\u00fccken aufgestellt werden.<\/p>\n<h3>Palettenzugriff<\/h3>\n<p>Dexion-Palettenregale bieten direkten Zugriff auf jede Palette im Lager. F\u00fcr Produktlinien mit geringem Umschlagsvolumen ist dieser Regaltyp eine gute Wahl.<\/p>\n<h3>Gangbreite<\/h3>\n<p>Die Gangbreite ist ein wichtiger Faktor f\u00fcr die Lagerkapazit\u00e4t eines Palettenregalsystems. Die Lagerkapazit\u00e4t kann je nach Art des gew\u00e4hlten Palettenregals angepasst werden. Schmale G\u00e4nge bedeuten nicht immer geringere Lagerkosten, w\u00e4hrend sie zu l\u00e4ngeren Handhabungszeiten f\u00fchren k\u00f6nnen, die die Vorteile einer gr\u00f6\u00dferen Lagerfl\u00e4che \u00fcberwiegen k\u00f6nnen.<\/p>","protected":false},"excerpt":{"rendered":"<p>Palettenregale sind ein weit verbreitetes Lagersystem, das f\u00fcr die Lagerung von Waren auf Paletten konzipiert ist. Es gibt viele verschiedene Arten von Palettenregalsystemen, die alle die Lagerung von palettiertem Material in horizontalen Reihen auf mehreren Ebenen erm\u00f6glichen. Wenn Sie Lagerraum effizienter nutzen m\u00f6chten, ist das Palettenregalsystem von Dexion m\u00f6glicherweise die beste Wahl. Das Palettenregalsystem von Dexion ist Industriestandard und wird derzeit am h\u00e4ufigsten verwendet. Es ist mit allen Palettenarten und -gr\u00f6\u00dfen kompatibel und kann mit jeder Art von Handhabungssystem verwendet werden. Seine Vorteile sind Flexibilit\u00e4t und Vielseitigkeit.<\/p>","protected":false},"featured_media":269,"comment_status":"open","ping_status":"closed","template":"","meta":{"_seopress_robots_primary_cat":"","_seopress_titles_title":"","_seopress_titles_desc":"","_seopress_robots_index":""},"product_brand":[],"product_cat":[30],"product_tag":[],"class_list":{"0":"post-180","1":"product","2":"type-product","3":"status-publish","4":"has-post-thumbnail","6":"product_cat-pallet-racking","8":"first","9":"instock","10":"shipping-taxable","11":"product-type-simple"},"yoast_head":"<!-- This site is optimized with the Yoast SEO plugin v26.5 - https:\/\/yoast.com\/wordpress\/plugins\/seo\/ -->\n<title>Dexion Pallet Racking - iWarehousing<\/title>\n<meta name=\"robots\" content=\"index, follow, max-snippet:-1, max-image-preview:large, max-video-preview:-1\" \/>\n<link rel=\"canonical\" href=\"https:\/\/www.iwarehousing.com\/de\/product\/dexion-pallet-racking\/\" \/>\n<meta property=\"og:locale\" content=\"de_DE\" \/>\n<meta property=\"og:type\" content=\"article\" \/>\n<meta property=\"og:title\" content=\"Dexion Pallet Racking - iWarehousing\" \/>\n<meta property=\"og:description\" content=\"Pallet racking is a widely used handling storage system designed to store goods on pallets. There are many different types of pallet racking systems, all of which allow storage of palletized material in horizontal rows at multiple levels. If you\u2019re looking to use storage space more efficiently, Dexion Pallet Racking System maybe your best choice. Dexion pallet racking is industry standard and is currently most frequently used. It\u2019s compatible with all pallet types and sizes and can be used with any type of handling system. Its advantages are flexibility and versatility.\" \/>\n<meta property=\"og:url\" content=\"https:\/\/www.iwarehousing.com\/de\/product\/dexion-pallet-racking\/\" \/>\n<meta property=\"og:site_name\" content=\"iWarehousing\" \/>\n<meta property=\"article:modified_time\" content=\"2022-12-15T08:21:19+00:00\" \/>\n<meta property=\"og:image\" content=\"https:\/\/www.iwarehousing.com\/wp-content\/uploads\/2022\/06\/dexion-pallet-racking.png\" \/>\n\t<meta property=\"og:image:width\" content=\"800\" \/>\n\t<meta property=\"og:image:height\" content=\"600\" \/>\n\t<meta property=\"og:image:type\" content=\"image\/png\" \/>\n<meta name=\"twitter:card\" content=\"summary_large_image\" \/>\n<meta name=\"twitter:label1\" content=\"Est. reading time\" \/>\n\t<meta name=\"twitter:data1\" content=\"2 minutes\" \/>\n<script type=\"application\/ld+json\" class=\"yoast-schema-graph\">{\"@context\":\"https:\/\/schema.org\",\"@graph\":[{\"@type\":\"WebPage\",\"@id\":\"https:\/\/www.iwarehousing.com\/product\/dexion-pallet-racking\/\",\"url\":\"https:\/\/www.iwarehousing.com\/product\/dexion-pallet-racking\/\",\"name\":\"Dexion Pallet Racking - iWarehousing\",\"isPartOf\":{\"@id\":\"https:\/\/www.iwarehousing.com\/#website\"},\"primaryImageOfPage\":{\"@id\":\"https:\/\/www.iwarehousing.com\/product\/dexion-pallet-racking\/#primaryimage\"},\"image\":{\"@id\":\"https:\/\/www.iwarehousing.com\/product\/dexion-pallet-racking\/#primaryimage\"},\"thumbnailUrl\":\"https:\/\/www.iwarehousing.com\/wp-content\/uploads\/2022\/06\/dexion-pallet-racking.png\",\"datePublished\":\"2022-06-27T08:04:07+00:00\",\"dateModified\":\"2022-12-15T08:21:19+00:00\",\"breadcrumb\":{\"@id\":\"https:\/\/www.iwarehousing.com\/product\/dexion-pallet-racking\/#breadcrumb\"},\"inLanguage\":\"de-DE\",\"potentialAction\":[{\"@type\":\"ReadAction\",\"target\":[\"https:\/\/www.iwarehousing.com\/product\/dexion-pallet-racking\/\"]}]},{\"@type\":\"ImageObject\",\"inLanguage\":\"de-DE\",\"@id\":\"https:\/\/www.iwarehousing.com\/product\/dexion-pallet-racking\/#primaryimage\",\"url\":\"https:\/\/www.iwarehousing.com\/wp-content\/uploads\/2022\/06\/dexion-pallet-racking.png\",\"contentUrl\":\"https:\/\/www.iwarehousing.com\/wp-content\/uploads\/2022\/06\/dexion-pallet-racking.png\",\"width\":800,\"height\":600,\"caption\":\"dexion pallet racking\"},{\"@type\":\"BreadcrumbList\",\"@id\":\"https:\/\/www.iwarehousing.com\/product\/dexion-pallet-racking\/#breadcrumb\",\"itemListElement\":[{\"@type\":\"ListItem\",\"position\":1,\"name\":\"Home\",\"item\":\"https:\/\/www.iwarehousing.com\/\"},{\"@type\":\"ListItem\",\"position\":2,\"name\":\"Product\",\"item\":\"https:\/\/www.iwarehousing.com\/product\/\"},{\"@type\":\"ListItem\",\"position\":3,\"name\":\"Dexion Pallet Racking\"}]},{\"@type\":\"WebSite\",\"@id\":\"https:\/\/www.iwarehousing.com\/#website\",\"url\":\"https:\/\/www.iwarehousing.com\/\",\"name\":\"iWarehousing\",\"description\":\"Focus on warehousing equipments\",\"publisher\":{\"@id\":\"https:\/\/www.iwarehousing.com\/#organization\"},\"potentialAction\":[{\"@type\":\"SearchAction\",\"target\":{\"@type\":\"EntryPoint\",\"urlTemplate\":\"https:\/\/www.iwarehousing.com\/?s={search_term_string}\"},\"query-input\":{\"@type\":\"PropertyValueSpecification\",\"valueRequired\":true,\"valueName\":\"search_term_string\"}}],\"inLanguage\":\"de-DE\"},{\"@type\":\"Organization\",\"@id\":\"https:\/\/www.iwarehousing.com\/#organization\",\"name\":\"iWarehousing\",\"url\":\"https:\/\/www.iwarehousing.com\/\",\"logo\":{\"@type\":\"ImageObject\",\"inLanguage\":\"de-DE\",\"@id\":\"https:\/\/www.iwarehousing.com\/#\/schema\/logo\/image\/\",\"url\":\"https:\/\/www.iwarehousing.com\/wp-content\/uploads\/2022\/05\/iW-logo-no-tag-800pxREV2.png\",\"contentUrl\":\"https:\/\/www.iwarehousing.com\/wp-content\/uploads\/2022\/05\/iW-logo-no-tag-800pxREV2.png\",\"width\":1753,\"height\":490,\"caption\":\"iWarehousing\"},\"image\":{\"@id\":\"https:\/\/www.iwarehousing.com\/#\/schema\/logo\/image\/\"}}]}<\/script>\n<!-- \/ Yoast SEO plugin. -->","yoast_head_json":{"title":"Dexion Pallet Racking - iWarehousing","robots":{"index":"index","follow":"follow","max-snippet":"max-snippet:-1","max-image-preview":"max-image-preview:large","max-video-preview":"max-video-preview:-1"},"canonical":"https:\/\/www.iwarehousing.com\/de\/product\/dexion-pallet-racking\/","og_locale":"de_DE","og_type":"article","og_title":"Dexion Pallet Racking - iWarehousing","og_description":"Pallet racking is a widely used handling storage system designed to store goods on pallets. There are many different types of pallet racking systems, all of which allow storage of palletized material in horizontal rows at multiple levels. If you\u2019re looking to use storage space more efficiently, Dexion Pallet Racking System maybe your best choice. Dexion pallet racking is industry standard and is currently most frequently used. It\u2019s compatible with all pallet types and sizes and can be used with any type of handling system. Its advantages are flexibility and versatility.","og_url":"https:\/\/www.iwarehousing.com\/de\/product\/dexion-pallet-racking\/","og_site_name":"iWarehousing","article_modified_time":"2022-12-15T08:21:19+00:00","og_image":[{"width":800,"height":600,"url":"https:\/\/www.iwarehousing.com\/wp-content\/uploads\/2022\/06\/dexion-pallet-racking.png","type":"image\/png"}],"twitter_card":"summary_large_image","twitter_misc":{"Est. reading time":"2 minutes"},"schema":{"@context":"https:\/\/schema.org","@graph":[{"@type":"WebPage","@id":"https:\/\/www.iwarehousing.com\/product\/dexion-pallet-racking\/","url":"https:\/\/www.iwarehousing.com\/product\/dexion-pallet-racking\/","name":"Dexion Pallet Racking - iWarehousing","isPartOf":{"@id":"https:\/\/www.iwarehousing.com\/#website"},"primaryImageOfPage":{"@id":"https:\/\/www.iwarehousing.com\/product\/dexion-pallet-racking\/#primaryimage"},"image":{"@id":"https:\/\/www.iwarehousing.com\/product\/dexion-pallet-racking\/#primaryimage"},"thumbnailUrl":"https:\/\/www.iwarehousing.com\/wp-content\/uploads\/2022\/06\/dexion-pallet-racking.png","datePublished":"2022-06-27T08:04:07+00:00","dateModified":"2022-12-15T08:21:19+00:00","breadcrumb":{"@id":"https:\/\/www.iwarehousing.com\/product\/dexion-pallet-racking\/#breadcrumb"},"inLanguage":"de-DE","potentialAction":[{"@type":"ReadAction","target":["https:\/\/www.iwarehousing.com\/product\/dexion-pallet-racking\/"]}]},{"@type":"ImageObject","inLanguage":"de-DE","@id":"https:\/\/www.iwarehousing.com\/product\/dexion-pallet-racking\/#primaryimage","url":"https:\/\/www.iwarehousing.com\/wp-content\/uploads\/2022\/06\/dexion-pallet-racking.png","contentUrl":"https:\/\/www.iwarehousing.com\/wp-content\/uploads\/2022\/06\/dexion-pallet-racking.png","width":800,"height":600,"caption":"dexion pallet racking"},{"@type":"BreadcrumbList","@id":"https:\/\/www.iwarehousing.com\/product\/dexion-pallet-racking\/#breadcrumb","itemListElement":[{"@type":"ListItem","position":1,"name":"Home","item":"https:\/\/www.iwarehousing.com\/"},{"@type":"ListItem","position":2,"name":"Product","item":"https:\/\/www.iwarehousing.com\/product\/"},{"@type":"ListItem","position":3,"name":"Dexion Pallet Racking"}]},{"@type":"WebSite","@id":"https:\/\/www.iwarehousing.com\/#website","url":"https:\/\/www.iwarehousing.com\/","name":"iWarehousing","description":"Focus on warehousing equipments","publisher":{"@id":"https:\/\/www.iwarehousing.com\/#organization"},"potentialAction":[{"@type":"SearchAction","target":{"@type":"EntryPoint","urlTemplate":"https:\/\/www.iwarehousing.com\/?s={search_term_string}"},"query-input":{"@type":"PropertyValueSpecification","valueRequired":true,"valueName":"search_term_string"}}],"inLanguage":"de-DE"},{"@type":"Organization","@id":"https:\/\/www.iwarehousing.com\/#organization","name":"iWarehousing","url":"https:\/\/www.iwarehousing.com\/","logo":{"@type":"ImageObject","inLanguage":"de-DE","@id":"https:\/\/www.iwarehousing.com\/#\/schema\/logo\/image\/","url":"https:\/\/www.iwarehousing.com\/wp-content\/uploads\/2022\/05\/iW-logo-no-tag-800pxREV2.png","contentUrl":"https:\/\/www.iwarehousing.com\/wp-content\/uploads\/2022\/05\/iW-logo-no-tag-800pxREV2.png","width":1753,"height":490,"caption":"iWarehousing"},"image":{"@id":"https:\/\/www.iwarehousing.com\/#\/schema\/logo\/image\/"}}]}},"_links":{"self":[{"href":"https:\/\/www.iwarehousing.com\/de\/wp-json\/wp\/v2\/product\/180","targetHints":{"allow":["GET"]}}],"collection":[{"href":"https:\/\/www.iwarehousing.com\/de\/wp-json\/wp\/v2\/product"}],"about":[{"href":"https:\/\/www.iwarehousing.com\/de\/wp-json\/wp\/v2\/types\/product"}],"replies":[{"embeddable":true,"href":"https:\/\/www.iwarehousing.com\/de\/wp-json\/wp\/v2\/comments?post=180"}],"wp:featuredmedia":[{"embeddable":true,"href":"https:\/\/www.iwarehousing.com\/de\/wp-json\/wp\/v2\/media\/269"}],"wp:attachment":[{"href":"https:\/\/www.iwarehousing.com\/de\/wp-json\/wp\/v2\/media?parent=180"}],"wp:term":[{"taxonomy":"product_brand","embeddable":true,"href":"https:\/\/www.iwarehousing.com\/de\/wp-json\/wp\/v2\/product_brand?post=180"},{"taxonomy":"product_cat","embeddable":true,"href":"https:\/\/www.iwarehousing.com\/de\/wp-json\/wp\/v2\/product_cat?post=180"},{"taxonomy":"product_tag","embeddable":true,"href":"https:\/\/www.iwarehousing.com\/de\/wp-json\/wp\/v2\/product_tag?post=180"}],"curies":[{"name":"wp","href":"https:\/\/api.w.org\/{rel}","templated":true}]}}