{"id":173,"date":"2022-06-27T16:01:11","date_gmt":"2022-06-27T08:01:11","guid":{"rendered":"https:\/\/imm31ev9mx.onrocket.site\/?post_type=product&#038;p=173"},"modified":"2022-09-19T16:32:14","modified_gmt":"2022-09-19T08:32:14","slug":"selective-pallet-racking","status":"publish","type":"product","link":"https:\/\/www.iwarehousing.com\/de\/product\/selective-pallet-racking\/","title":{"rendered":"Selektive Palettenregale"},"content":{"rendered":"<h2>Eigenschaften und Vorteile<\/h2>\n<ul>\n<li>Robustes, sto\u00dffestes und effizientes Regal f\u00fcr schwere Lasten.<\/li>\n<li>Bietet jederzeit Zugriff auf jede Palette auf beiden Seiten des Regals<\/li>\n<li>Beliebt bei Lagerbest\u00e4nden mit schnellem Umschlag. Unterst\u00fctzt First-In First-Out (FIFO).<\/li>\n<li>Erm\u00f6glicht Gabelstaplern und Palettenwagen unterschiedlicher Gr\u00f6\u00dfe den Zugriff auf die Artikel von jedem Punkt im Regal aus.<\/li>\n<li>Hohe Auslastung \u2013 maximiert die Nutzung des vertikalen Lagerraums.<\/li>\n<li>Verwenden Sie robusten warmgewalzten Stahl Q235B. Langlebiges, starkes und schlagfestes Regalsystem.<\/li>\n<\/ul>\n<h2>Allgemeine Verwendung und Anwendungen<\/h2>\n<ul>\n<li>Palettierte Waren, die mit Gabelstaplern transportiert werden m\u00fcssen<\/li>\n<li>Wenn Sie jederzeit vollst\u00e4ndigen Zugriff auf jede Palette ben\u00f6tigen<\/li>\n<li>Wenn Sie ein flexibleres Regalsystem w\u00fcnschen<\/li>\n<\/ul>\n<h2>Wichtige Teile und Komponenten<\/h2>\n<p>Ein selektives Palettenregal besteht aus drei Hauptteilen: aufrechtem Rahmen, horizontalen Balken und Deckbrett.<\/p>\n<p>Ein <strong>aufrechter Rahmen<\/strong> enth\u00e4lt ein Paar vertikaler Pfosten (oder St\u00e4nder), 2 horizontale Streben und einen Satz diagonaler Streben. Es ist mit vorgestanzten Montagel\u00f6chern versehen, an denen horizontale Balken in 3-Zoll-Abst\u00e4nden eingeh\u00e4ngt werden.<\/p>\n<p><strong>Horizontale Balken<\/strong> werden in vorgestanzte L\u00f6cher an den Pfosten eingesetzt, um eine Regalebene zu bilden. Diese werden zur Stabilisierung mit Haken an den Pfosten befestigt. Die Balkenh\u00f6he kann in festen Abst\u00e4nden eingestellt werden, um unterschiedliche Warengr\u00f6\u00dfen aufzunehmen.<\/p>\n<p><strong>Drahtgitterrost<\/strong>, aus geschwei\u00dftem Stahldraht, wird auf die Tr\u00e4ger gelegt, um Waren zu halten. Au\u00dferdem dient es als Sicherheitsma\u00dfnahme, um zu verhindern, dass Gegenst\u00e4nde durch das Regal fallen. Es wird auch von Brandinspektoren empfohlen, da Spritzwasser durch das Gitterrost in die unteren Ebenen gelangen kann.<\/p>\n<p><strong>Sonderzubeh\u00f6r<\/strong> sind auch zur Sicherheit und zum Hinzuf\u00fcgen von Modulen zu vorhandenen Regalen erh\u00e4ltlich. Sicherheits- und Anpassungszubeh\u00f6r umfasst Fu\u00dfplatten, Unterlegscheiben, Rahmenschutz (sch\u00fctzt den Rahmen vor Besch\u00e4digungen durch bewegliche Ger\u00e4te) und Reihenabstandshalter (wenn Sie 2 Module einer Palettenregaleinheit R\u00fccken an R\u00fccken platzieren m\u00fcssen).<\/p>\n<h2>Diese Elemente sind zur Bewertung eines Palettenregalsystems notwendig:<\/h2>\n<ul>\n<li>Regalgr\u00f6\u00dfe (L*B*H)<\/li>\n<li>Regalebenen<\/li>\n<li>Erforderliche Tragkraft pro Ebene<\/li>\n<li>Grundrisszeichnung des Lagers<\/li>\n<\/ul>","protected":false},"excerpt":{"rendered":"<p><strong>Selektive Palettenregale<\/strong>, or to say conventional pallet racking, is the most popular and most hassle-free racking system. It is designed for mechanical storage of palletized goods using forklifts. Forklifts and moving equipment access goods along aisles on both sides of the racking. As such, it maximizes use ceiling height and allows easy access to individual pallets.<\/p>\n<p>This type of warehouse racking can be adjusted to fit different item sizes. It also allows addition of racking modules if you need to expand. This adaptable and adjustable pallet racking gives you a high-density storage with full access to products at all times.<\/p>\n<p>Whether you are looking for a racking solution for warehouses or logistic centers, for normal or frozen storage, for indoors or outdoors, selective pallet racking is the answer.<\/p>","protected":false},"featured_media":174,"comment_status":"open","ping_status":"closed","template":"","meta":{"_seopress_robots_primary_cat":"","_seopress_titles_title":"","_seopress_titles_desc":"","_seopress_robots_index":""},"product_brand":[],"product_cat":[30],"product_tag":[],"class_list":{"0":"post-173","1":"product","2":"type-product","3":"status-publish","4":"has-post-thumbnail","6":"product_cat-pallet-racking","8":"first","9":"instock","10":"shipping-taxable","11":"product-type-simple"},"yoast_head":"<!-- This site is optimized with the Yoast SEO plugin v26.5 - https:\/\/yoast.com\/wordpress\/plugins\/seo\/ -->\n<title>Selective Pallet Racking - iWarehousing<\/title>\n<meta name=\"robots\" content=\"index, follow, max-snippet:-1, max-image-preview:large, max-video-preview:-1\" \/>\n<link rel=\"canonical\" href=\"https:\/\/www.iwarehousing.com\/de\/product\/selective-pallet-racking\/\" \/>\n<meta property=\"og:locale\" content=\"de_DE\" \/>\n<meta property=\"og:type\" content=\"article\" \/>\n<meta property=\"og:title\" content=\"Selective Pallet Racking - iWarehousing\" \/>\n<meta property=\"og:description\" content=\"Selective pallet racking, or to say conventional pallet racking, is the most popular and most hassle-free racking system. It is designed for mechanical storage of palletized goods using forklifts. Forklifts and moving equipment access goods along aisles on both sides of the racking. As such, it maximizes use ceiling height and allows easy access to individual pallets.  This type of warehouse racking can be adjusted to fit different item sizes. It also allows addition of racking modules if you need to expand. This adaptable and adjustable pallet racking gives you a high-density storage with full access to products at all times.  Whether you are looking for a racking solution for warehouses or logistic centers, for normal or frozen storage, for indoors or outdoors, selective pallet racking is the answer.\" \/>\n<meta property=\"og:url\" content=\"https:\/\/www.iwarehousing.com\/de\/product\/selective-pallet-racking\/\" \/>\n<meta property=\"og:site_name\" content=\"iWarehousing\" \/>\n<meta property=\"article:modified_time\" content=\"2022-09-19T08:32:14+00:00\" \/>\n<meta property=\"og:image\" content=\"https:\/\/www.iwarehousing.com\/wp-content\/uploads\/2022\/06\/pallet-racking-0.jpg\" \/>\n\t<meta property=\"og:image:width\" content=\"800\" \/>\n\t<meta property=\"og:image:height\" content=\"600\" \/>\n\t<meta property=\"og:image:type\" content=\"image\/jpeg\" \/>\n<meta name=\"twitter:card\" content=\"summary_large_image\" \/>\n<meta name=\"twitter:label1\" content=\"Est. reading time\" \/>\n\t<meta name=\"twitter:data1\" content=\"2 minutes\" \/>\n<script type=\"application\/ld+json\" class=\"yoast-schema-graph\">{\"@context\":\"https:\/\/schema.org\",\"@graph\":[{\"@type\":\"WebPage\",\"@id\":\"https:\/\/www.iwarehousing.com\/product\/selective-pallet-racking\/\",\"url\":\"https:\/\/www.iwarehousing.com\/product\/selective-pallet-racking\/\",\"name\":\"Selective Pallet Racking - iWarehousing\",\"isPartOf\":{\"@id\":\"https:\/\/www.iwarehousing.com\/#website\"},\"primaryImageOfPage\":{\"@id\":\"https:\/\/www.iwarehousing.com\/product\/selective-pallet-racking\/#primaryimage\"},\"image\":{\"@id\":\"https:\/\/www.iwarehousing.com\/product\/selective-pallet-racking\/#primaryimage\"},\"thumbnailUrl\":\"https:\/\/www.iwarehousing.com\/wp-content\/uploads\/2022\/06\/pallet-racking-0.jpg\",\"datePublished\":\"2022-06-27T08:01:11+00:00\",\"dateModified\":\"2022-09-19T08:32:14+00:00\",\"breadcrumb\":{\"@id\":\"https:\/\/www.iwarehousing.com\/product\/selective-pallet-racking\/#breadcrumb\"},\"inLanguage\":\"de-DE\",\"potentialAction\":[{\"@type\":\"ReadAction\",\"target\":[\"https:\/\/www.iwarehousing.com\/product\/selective-pallet-racking\/\"]}]},{\"@type\":\"ImageObject\",\"inLanguage\":\"de-DE\",\"@id\":\"https:\/\/www.iwarehousing.com\/product\/selective-pallet-racking\/#primaryimage\",\"url\":\"https:\/\/www.iwarehousing.com\/wp-content\/uploads\/2022\/06\/pallet-racking-0.jpg\",\"contentUrl\":\"https:\/\/www.iwarehousing.com\/wp-content\/uploads\/2022\/06\/pallet-racking-0.jpg\",\"width\":800,\"height\":600,\"caption\":\"pallet racking 0\"},{\"@type\":\"BreadcrumbList\",\"@id\":\"https:\/\/www.iwarehousing.com\/product\/selective-pallet-racking\/#breadcrumb\",\"itemListElement\":[{\"@type\":\"ListItem\",\"position\":1,\"name\":\"Home\",\"item\":\"https:\/\/www.iwarehousing.com\/\"},{\"@type\":\"ListItem\",\"position\":2,\"name\":\"Product\",\"item\":\"https:\/\/www.iwarehousing.com\/product\/\"},{\"@type\":\"ListItem\",\"position\":3,\"name\":\"Selective Pallet Racking\"}]},{\"@type\":\"WebSite\",\"@id\":\"https:\/\/www.iwarehousing.com\/#website\",\"url\":\"https:\/\/www.iwarehousing.com\/\",\"name\":\"iWarehousing\",\"description\":\"Focus on warehousing equipments\",\"publisher\":{\"@id\":\"https:\/\/www.iwarehousing.com\/#organization\"},\"potentialAction\":[{\"@type\":\"SearchAction\",\"target\":{\"@type\":\"EntryPoint\",\"urlTemplate\":\"https:\/\/www.iwarehousing.com\/?s={search_term_string}\"},\"query-input\":{\"@type\":\"PropertyValueSpecification\",\"valueRequired\":true,\"valueName\":\"search_term_string\"}}],\"inLanguage\":\"de-DE\"},{\"@type\":\"Organization\",\"@id\":\"https:\/\/www.iwarehousing.com\/#organization\",\"name\":\"iWarehousing\",\"url\":\"https:\/\/www.iwarehousing.com\/\",\"logo\":{\"@type\":\"ImageObject\",\"inLanguage\":\"de-DE\",\"@id\":\"https:\/\/www.iwarehousing.com\/#\/schema\/logo\/image\/\",\"url\":\"https:\/\/www.iwarehousing.com\/wp-content\/uploads\/2022\/05\/iW-logo-no-tag-800pxREV2.png\",\"contentUrl\":\"https:\/\/www.iwarehousing.com\/wp-content\/uploads\/2022\/05\/iW-logo-no-tag-800pxREV2.png\",\"width\":1753,\"height\":490,\"caption\":\"iWarehousing\"},\"image\":{\"@id\":\"https:\/\/www.iwarehousing.com\/#\/schema\/logo\/image\/\"}}]}<\/script>\n<!-- \/ Yoast SEO plugin. -->","yoast_head_json":{"title":"Selective Pallet Racking - iWarehousing","robots":{"index":"index","follow":"follow","max-snippet":"max-snippet:-1","max-image-preview":"max-image-preview:large","max-video-preview":"max-video-preview:-1"},"canonical":"https:\/\/www.iwarehousing.com\/de\/product\/selective-pallet-racking\/","og_locale":"de_DE","og_type":"article","og_title":"Selective Pallet Racking - iWarehousing","og_description":"Selective pallet racking, or to say conventional pallet racking, is the most popular and most hassle-free racking system. It is designed for mechanical storage of palletized goods using forklifts. Forklifts and moving equipment access goods along aisles on both sides of the racking. As such, it maximizes use ceiling height and allows easy access to individual pallets.  This type of warehouse racking can be adjusted to fit different item sizes. It also allows addition of racking modules if you need to expand. This adaptable and adjustable pallet racking gives you a high-density storage with full access to products at all times.  Whether you are looking for a racking solution for warehouses or logistic centers, for normal or frozen storage, for indoors or outdoors, selective pallet racking is the answer.","og_url":"https:\/\/www.iwarehousing.com\/de\/product\/selective-pallet-racking\/","og_site_name":"iWarehousing","article_modified_time":"2022-09-19T08:32:14+00:00","og_image":[{"width":800,"height":600,"url":"https:\/\/www.iwarehousing.com\/wp-content\/uploads\/2022\/06\/pallet-racking-0.jpg","type":"image\/jpeg"}],"twitter_card":"summary_large_image","twitter_misc":{"Est. reading time":"2 minutes"},"schema":{"@context":"https:\/\/schema.org","@graph":[{"@type":"WebPage","@id":"https:\/\/www.iwarehousing.com\/product\/selective-pallet-racking\/","url":"https:\/\/www.iwarehousing.com\/product\/selective-pallet-racking\/","name":"Selective Pallet Racking - iWarehousing","isPartOf":{"@id":"https:\/\/www.iwarehousing.com\/#website"},"primaryImageOfPage":{"@id":"https:\/\/www.iwarehousing.com\/product\/selective-pallet-racking\/#primaryimage"},"image":{"@id":"https:\/\/www.iwarehousing.com\/product\/selective-pallet-racking\/#primaryimage"},"thumbnailUrl":"https:\/\/www.iwarehousing.com\/wp-content\/uploads\/2022\/06\/pallet-racking-0.jpg","datePublished":"2022-06-27T08:01:11+00:00","dateModified":"2022-09-19T08:32:14+00:00","breadcrumb":{"@id":"https:\/\/www.iwarehousing.com\/product\/selective-pallet-racking\/#breadcrumb"},"inLanguage":"de-DE","potentialAction":[{"@type":"ReadAction","target":["https:\/\/www.iwarehousing.com\/product\/selective-pallet-racking\/"]}]},{"@type":"ImageObject","inLanguage":"de-DE","@id":"https:\/\/www.iwarehousing.com\/product\/selective-pallet-racking\/#primaryimage","url":"https:\/\/www.iwarehousing.com\/wp-content\/uploads\/2022\/06\/pallet-racking-0.jpg","contentUrl":"https:\/\/www.iwarehousing.com\/wp-content\/uploads\/2022\/06\/pallet-racking-0.jpg","width":800,"height":600,"caption":"pallet racking 0"},{"@type":"BreadcrumbList","@id":"https:\/\/www.iwarehousing.com\/product\/selective-pallet-racking\/#breadcrumb","itemListElement":[{"@type":"ListItem","position":1,"name":"Home","item":"https:\/\/www.iwarehousing.com\/"},{"@type":"ListItem","position":2,"name":"Product","item":"https:\/\/www.iwarehousing.com\/product\/"},{"@type":"ListItem","position":3,"name":"Selective Pallet Racking"}]},{"@type":"WebSite","@id":"https:\/\/www.iwarehousing.com\/#website","url":"https:\/\/www.iwarehousing.com\/","name":"iWarehousing","description":"Focus on warehousing equipments","publisher":{"@id":"https:\/\/www.iwarehousing.com\/#organization"},"potentialAction":[{"@type":"SearchAction","target":{"@type":"EntryPoint","urlTemplate":"https:\/\/www.iwarehousing.com\/?s={search_term_string}"},"query-input":{"@type":"PropertyValueSpecification","valueRequired":true,"valueName":"search_term_string"}}],"inLanguage":"de-DE"},{"@type":"Organization","@id":"https:\/\/www.iwarehousing.com\/#organization","name":"iWarehousing","url":"https:\/\/www.iwarehousing.com\/","logo":{"@type":"ImageObject","inLanguage":"de-DE","@id":"https:\/\/www.iwarehousing.com\/#\/schema\/logo\/image\/","url":"https:\/\/www.iwarehousing.com\/wp-content\/uploads\/2022\/05\/iW-logo-no-tag-800pxREV2.png","contentUrl":"https:\/\/www.iwarehousing.com\/wp-content\/uploads\/2022\/05\/iW-logo-no-tag-800pxREV2.png","width":1753,"height":490,"caption":"iWarehousing"},"image":{"@id":"https:\/\/www.iwarehousing.com\/#\/schema\/logo\/image\/"}}]}},"_links":{"self":[{"href":"https:\/\/www.iwarehousing.com\/de\/wp-json\/wp\/v2\/product\/173","targetHints":{"allow":["GET"]}}],"collection":[{"href":"https:\/\/www.iwarehousing.com\/de\/wp-json\/wp\/v2\/product"}],"about":[{"href":"https:\/\/www.iwarehousing.com\/de\/wp-json\/wp\/v2\/types\/product"}],"replies":[{"embeddable":true,"href":"https:\/\/www.iwarehousing.com\/de\/wp-json\/wp\/v2\/comments?post=173"}],"wp:featuredmedia":[{"embeddable":true,"href":"https:\/\/www.iwarehousing.com\/de\/wp-json\/wp\/v2\/media\/174"}],"wp:attachment":[{"href":"https:\/\/www.iwarehousing.com\/de\/wp-json\/wp\/v2\/media?parent=173"}],"wp:term":[{"taxonomy":"product_brand","embeddable":true,"href":"https:\/\/www.iwarehousing.com\/de\/wp-json\/wp\/v2\/product_brand?post=173"},{"taxonomy":"product_cat","embeddable":true,"href":"https:\/\/www.iwarehousing.com\/de\/wp-json\/wp\/v2\/product_cat?post=173"},{"taxonomy":"product_tag","embeddable":true,"href":"https:\/\/www.iwarehousing.com\/de\/wp-json\/wp\/v2\/product_tag?post=173"}],"curies":[{"name":"wp","href":"https:\/\/api.w.org\/{rel}","templated":true}]}}